{"id":79,"date":"2025-08-16T10:23:58","date_gmt":"2025-08-16T08:23:58","guid":{"rendered":"http:\/\/domigoo.pl\/?page_id=79"},"modified":"2025-08-26T21:16:55","modified_gmt":"2025-08-26T19:16:55","slug":"polityka-zwrotow","status":"publish","type":"page","link":"https:\/\/domigoo.pl\/index.php\/polityka-zwrotow\/","title":{"rendered":"Polityka zwrot\u00f3w"},"content":{"rendered":"\t\t<div data-elementor-type=\"wp-page\" data-elementor-id=\"79\" class=\"elementor elementor-79\">\n\t\t\t\t<div class=\"elementor-element elementor-element-e0aadad e-flex e-con-boxed e-con e-parent\" data-id=\"e0aadad\" data-element_type=\"container\">\n\t\t\t\t\t<div class=\"e-con-inner\">\n\t\t\t\t<div class=\"elementor-element elementor-element-d8b7509 elementor-widget elementor-widget-text-editor\" data-id=\"d8b7509\" data-element_type=\"widget\" data-widget_type=\"text-editor.default\">\n\t\t\t\t\t\t\t\t\t<h1 data-start=\"300\" data-end=\"318\">Polityka zwrot\u00f3w<\/h1><h2 data-start=\"320\" data-end=\"355\">1. Prawo do odst\u0105pienia od umowy<\/h2><ol data-start=\"356\" data-end=\"898\"><li data-start=\"356\" data-end=\"564\"><p data-start=\"359\" data-end=\"564\">Zgodnie z ustaw\u0105 z dnia 30 maja 2014 r. o prawach konsumenta, Konsument ma prawo odst\u0105pi\u0107 od umowy zawartej na odleg\u0142o\u015b\u0107 w terminie 14 dni kalendarzowych od dnia otrzymania towaru, bez podania przyczyny.<\/p><\/li><li data-start=\"565\" data-end=\"762\"><p data-start=\"568\" data-end=\"762\">Aby skorzysta\u0107 z prawa odst\u0105pienia, Konsument powinien z\u0142o\u017cy\u0107 jednoznaczne o\u015bwiadczenie o odst\u0105pieniu od umowy, wysy\u0142aj\u0105c je na adres e-mail: <strong>kontakt@domigoo.pl<\/strong> lub poczt\u0105 na adres:\u00a0<span style=\"font-variant-ligatures: normal; font-variant-caps: normal; font-family: Roboto, sans-serif; font-size: 14px; font-style: normal; font-weight: 600;\">11-100 Lidzbark Warmi\u0144ski ul. Powsta\u0144c\u00f3w Warszawy 8\/7<\/span>.<\/p><\/li><\/ol><h2 data-start=\"900\" data-end=\"918\">2. Zwrot towaru<\/h2><ol data-start=\"919\" data-end=\"1447\"><li data-start=\"919\" data-end=\"1087\"><p data-start=\"922\" data-end=\"1087\">Konsument zobowi\u0105zany jest odes\u0142a\u0107 zwracany towar na adres:\u00a0<span style=\"font-family: Roboto, sans-serif; font-size: 14px; font-style: normal; font-variant-ligatures: normal; font-variant-caps: normal; font-weight: 600;\">11-100 Lidzbark Warmi\u0144ski ul. Powsta\u0144c\u00f3w Warszawy 8\/7<\/span><span style=\"font-size: 14px;\">, nie p\u00f3\u017aniej ni\u017c 14 dni od dnia, w kt\u00f3rym poinformowa\u0142 Sprzedawc\u0119 o odst\u0105pieniu od umowy.<\/span><\/p><\/li><li data-start=\"1088\" data-end=\"1163\"><p data-start=\"1091\" data-end=\"1163\">Konsument ponosi bezpo\u015brednie koszty zwrotu towaru (koszty przesy\u0142ki).<\/p><\/li><li data-start=\"1164\" data-end=\"1264\"><p data-start=\"1167\" data-end=\"1264\">Zwracany towar powinien by\u0107 odpowiednio zabezpieczony, aby nie uleg\u0142 uszkodzeniu w transporcie.<\/p><\/li><li data-start=\"1265\" data-end=\"1447\"><p data-start=\"1268\" data-end=\"1447\">Konsument odpowiada za zmniejszenie warto\u015bci towaru wynikaj\u0105ce z korzystania z niego w spos\u00f3b wykraczaj\u0105cy poza konieczny do stwierdzenia charakteru, cech i funkcjonowania rzeczy.<\/p><\/li><\/ol><h2 data-start=\"1449\" data-end=\"1470\">3. Zwrot p\u0142atno\u015bci<\/h2><ol data-start=\"1471\" data-end=\"2255\"><li data-start=\"1471\" data-end=\"1706\"><p data-start=\"1474\" data-end=\"1706\">Sprzedawca zwraca Konsumentowi wszystkie otrzymane p\u0142atno\u015bci, w tym koszty dostarczenia towaru (z wyj\u0105tkiem dodatkowych koszt\u00f3w wynikaj\u0105cych z wyboru przez Konsumenta innego sposobu dostarczenia ni\u017c najta\u0144szy oferowany w sklepie).<\/p><\/li><li data-start=\"1707\" data-end=\"1849\"><p data-start=\"1710\" data-end=\"1849\">Zwrot p\u0142atno\u015bci nast\u0119puje niezw\u0142ocznie, nie p\u00f3\u017aniej ni\u017c 14 dni od dnia, w kt\u00f3rym Sprzedawca otrzyma\u0142 o\u015bwiadczenie o odst\u0105pieniu od umowy.<\/p><\/li><li data-start=\"1850\" data-end=\"2046\"><p data-start=\"1853\" data-end=\"2046\">Sprzedawca mo\u017ce wstrzyma\u0107 si\u0119 ze zwrotem p\u0142atno\u015bci do chwili otrzymania towaru z powrotem lub dostarczenia przez Konsumenta dowodu jego odes\u0142ania \u2013 w zale\u017cno\u015bci od tego, co nast\u0105pi wcze\u015bniej.<\/p><\/li><li data-start=\"2047\" data-end=\"2255\"><p data-start=\"2050\" data-end=\"2255\">Zwrot p\u0142atno\u015bci zostanie dokonany przy u\u017cyciu tego samego sposobu p\u0142atno\u015bci, jakiego u\u017cy\u0142 Konsument, chyba \u017ce Konsument wyra\u017anie zgodzi si\u0119 na inny spos\u00f3b, kt\u00f3ry nie wi\u0105\u017ce si\u0119 dla niego z \u017cadnymi kosztami.<\/p><\/li><\/ol><h2 data-start=\"2257\" data-end=\"2291\">4. Wyj\u0105tki od prawa odst\u0105pienia<\/h2><p data-start=\"2292\" data-end=\"2375\">Prawo do odst\u0105pienia od umowy nie przys\u0142uguje Konsumentowi w odniesieniu do um\u00f3w:<\/p><ul data-start=\"2376\" data-end=\"3187\"><li data-start=\"2376\" data-end=\"2470\"><p data-start=\"2378\" data-end=\"2470\">o \u015bwiadczenie us\u0142ug, je\u017celi Sprzedawca wykona\u0142 w pe\u0142ni us\u0142ug\u0119 za wyra\u017an\u0105 zgod\u0105 Konsumenta,<\/p><\/li><li data-start=\"2471\" data-end=\"2643\"><p data-start=\"2473\" data-end=\"2643\">w kt\u00f3rych przedmiotem \u015bwiadczenia jest rzecz nieprefabrykowana, wyprodukowana wed\u0142ug specyfikacji Konsumenta lub s\u0142u\u017c\u0105ca zaspokojeniu jego zindywidualizowanych potrzeb,<\/p><\/li><li data-start=\"2644\" data-end=\"2832\"><p data-start=\"2646\" data-end=\"2832\">w kt\u00f3rych przedmiotem \u015bwiadczenia jest rzecz dostarczana w zapiecz\u0119towanym opakowaniu, kt\u00f3rej po otwarciu nie mo\u017cna zwr\u00f3ci\u0107 ze wzgl\u0119du na ochron\u0119 zdrowia lub ze wzgl\u0119d\u00f3w higienicznych,<\/p><\/li><li data-start=\"2833\" data-end=\"2986\"><p data-start=\"2835\" data-end=\"2986\">w kt\u00f3rych przedmiotem \u015bwiadczenia s\u0105 nagrania d\u017awi\u0119kowe, wizualne lub programy komputerowe dostarczane w zapiecz\u0119towanym opakowaniu po jego otwarciu,<\/p><\/li><li data-start=\"2987\" data-end=\"3187\"><p data-start=\"2989\" data-end=\"3187\">o dostarczenie tre\u015bci cyfrowych, kt\u00f3re nie s\u0105 zapisane na no\u015bniku materialnym, je\u017celi spe\u0142nianie \u015bwiadczenia rozpocz\u0119\u0142o si\u0119 za wyra\u017an\u0105 zgod\u0105 Konsumenta przed up\u0142ywem terminu do odst\u0105pienia od umowy.<\/p><\/li><\/ul>\t\t\t\t\t\t\t\t<\/div>\n\t\t\t\t\t<\/div>\n\t\t\t\t<\/div>\n\t\t\t\t<\/div>\n\t\t","protected":false},"excerpt":{"rendered":"<p>Polityka zwrot\u00f3w 1. Prawo do odst\u0105pienia od umowy Zgodnie z ustaw\u0105 z dnia 30 maja 2014 r. o prawach konsumenta, Konsument ma prawo odst\u0105pi\u0107 od umowy zawartej na odleg\u0142o\u015b\u0107 w terminie 14 dni kalendarzowych od dnia otrzymania towaru, bez podania przyczyny. Aby skorzysta\u0107 z prawa odst\u0105pienia, Konsument powinien z\u0142o\u017cy\u0107 jednoznaczne o\u015bwiadczenie o odst\u0105pieniu od umowy, [&hellip;]<\/p>\n","protected":false},"author":1,"featured_media":0,"parent":0,"menu_order":0,"comment_status":"closed","ping_status":"closed","template":"","meta":{"ocean_post_layout":"","ocean_both_sidebars_style":"","ocean_both_sidebars_content_width":0,"ocean_both_sidebars_sidebars_width":0,"ocean_sidebar":"","ocean_second_sidebar":"","ocean_disable_margins":"enable","ocean_add_body_class":"","ocean_shortcode_before_top_bar":"","ocean_shortcode_after_top_bar":"","ocean_shortcode_before_header":"","ocean_shortcode_after_header":"","ocean_has_shortcode":"","ocean_shortcode_after_title":"","ocean_shortcode_before_footer_widgets":"","ocean_shortcode_after_footer_widgets":"","ocean_shortcode_before_footer_bottom":"","ocean_shortcode_after_footer_bottom":"","ocean_display_top_bar":"default","ocean_display_header":"default","ocean_header_style":"","ocean_center_header_left_menu":"","ocean_custom_header_template":"","ocean_custom_logo":0,"ocean_custom_retina_logo":0,"ocean_custom_logo_max_width":0,"ocean_custom_logo_tablet_max_width":0,"ocean_custom_logo_mobile_max_width":0,"ocean_custom_logo_max_height":0,"ocean_custom_logo_tablet_max_height":0,"ocean_custom_logo_mobile_max_height":0,"ocean_header_custom_menu":"","ocean_menu_typo_font_family":"","ocean_menu_typo_font_subset":"","ocean_menu_typo_font_size":0,"ocean_menu_typo_font_size_tablet":0,"ocean_menu_typo_font_size_mobile":0,"ocean_menu_typo_font_size_unit":"px","ocean_menu_typo_font_weight":"","ocean_menu_typo_font_weight_tablet":"","ocean_menu_typo_font_weight_mobile":"","ocean_menu_typo_transform":"","ocean_menu_typo_transform_tablet":"","ocean_menu_typo_transform_mobile":"","ocean_menu_typo_line_height":0,"ocean_menu_typo_line_height_tablet":0,"ocean_menu_typo_line_height_mobile":0,"ocean_menu_typo_line_height_unit":"","ocean_menu_typo_spacing":0,"ocean_menu_typo_spacing_tablet":0,"ocean_menu_typo_spacing_mobile":0,"ocean_menu_typo_spacing_unit":"","ocean_menu_link_color":"","ocean_menu_link_color_hover":"","ocean_menu_link_color_active":"","ocean_menu_link_background":"","ocean_menu_link_hover_background":"","ocean_menu_link_active_background":"","ocean_menu_social_links_bg":"","ocean_menu_social_hover_links_bg":"","ocean_menu_social_links_color":"","ocean_menu_social_hover_links_color":"","ocean_disable_title":"default","ocean_disable_heading":"default","ocean_post_title":"","ocean_post_subheading":"","ocean_post_title_style":"","ocean_post_title_background_color":"","ocean_post_title_background":0,"ocean_post_title_bg_image_position":"","ocean_post_title_bg_image_attachment":"","ocean_post_title_bg_image_repeat":"","ocean_post_title_bg_image_size":"","ocean_post_title_height":0,"ocean_post_title_bg_overlay":0.5,"ocean_post_title_bg_overlay_color":"","ocean_disable_breadcrumbs":"default","ocean_breadcrumbs_color":"","ocean_breadcrumbs_separator_color":"","ocean_breadcrumbs_links_color":"","ocean_breadcrumbs_links_hover_color":"","ocean_display_footer_widgets":"default","ocean_display_footer_bottom":"default","ocean_custom_footer_template":"","footnotes":""},"class_list":["post-79","page","type-page","status-publish","hentry","entry","owp-thumbs-layout-horizontal","owp-btn-normal","owp-tabs-layout-horizontal","has-no-thumbnails","has-product-nav"],"jetpack_sharing_enabled":true,"_links":{"self":[{"href":"https:\/\/domigoo.pl\/index.php\/wp-json\/wp\/v2\/pages\/79","targetHints":{"allow":["GET"]}}],"collection":[{"href":"https:\/\/domigoo.pl\/index.php\/wp-json\/wp\/v2\/pages"}],"about":[{"href":"https:\/\/domigoo.pl\/index.php\/wp-json\/wp\/v2\/types\/page"}],"author":[{"embeddable":true,"href":"https:\/\/domigoo.pl\/index.php\/wp-json\/wp\/v2\/users\/1"}],"replies":[{"embeddable":true,"href":"https:\/\/domigoo.pl\/index.php\/wp-json\/wp\/v2\/comments?post=79"}],"version-history":[{"count":10,"href":"https:\/\/domigoo.pl\/index.php\/wp-json\/wp\/v2\/pages\/79\/revisions"}],"predecessor-version":[{"id":537,"href":"https:\/\/domigoo.pl\/index.php\/wp-json\/wp\/v2\/pages\/79\/revisions\/537"}],"wp:attachment":[{"href":"https:\/\/domigoo.pl\/index.php\/wp-json\/wp\/v2\/media?parent=79"}],"curies":[{"name":"wp","href":"https:\/\/api.w.org\/{rel}","templated":true}]}}