{"id":83,"date":"2025-08-16T10:25:57","date_gmt":"2025-08-16T08:25:57","guid":{"rendered":"http:\/\/domigoo.pl\/?page_id=83"},"modified":"2025-08-26T21:00:53","modified_gmt":"2025-08-26T19:00:53","slug":"polityka-prywatnosci","status":"publish","type":"page","link":"https:\/\/domigoo.pl\/index.php\/polityka-prywatnosci\/","title":{"rendered":"Polityka prywatno\u015bci"},"content":{"rendered":"\t\t<div data-elementor-type=\"wp-page\" data-elementor-id=\"83\" class=\"elementor elementor-83\">\n\t\t\t\t<div class=\"elementor-element elementor-element-67c88aa e-flex e-con-boxed e-con e-parent\" data-id=\"67c88aa\" data-element_type=\"container\">\n\t\t\t\t\t<div class=\"e-con-inner\">\n\t\t\t\t<div class=\"elementor-element elementor-element-ecdbe81 elementor-widget elementor-widget-text-editor\" data-id=\"ecdbe81\" data-element_type=\"widget\" data-widget_type=\"text-editor.default\">\n\t\t\t\t\t\t\t\t\t<h1 data-start=\"209\" data-end=\"231\">Polityka prywatno\u015bci<\/h1><h2 data-start=\"233\" data-end=\"256\">1. Informacje og\u00f3lne<\/h2><ol data-start=\"257\" data-end=\"697\"><li data-start=\"257\" data-end=\"379\"><p data-start=\"260\" data-end=\"379\">Administratorem danych osobowych jest <strong>Domigoo<\/strong>\u00a0<strong>Gracjan \u0141azurkiewicz<\/strong>\u00a0z siedzib\u0105 w <strong>11-100 Lidzbark Warmi\u0144ski ul. Powsta\u0144c\u00f3w Warszawy 8\/7<\/strong>, NIP:\u00a0<strong><span style=\"color: #1a1a1a; font-family: Roboto, sans-serif; font-size: 16px; font-style: normal; font-variant-ligatures: normal; font-variant-caps: normal;\">7432054638<\/span><\/strong>, REGON:\u00a0<strong><span style=\"color: #1a1a1a; font-family: Roboto, sans-serif; font-size: 16px; font-style: normal; font-variant-ligatures: normal; font-variant-caps: normal;\">542530468<\/span><\/strong>.<\/p><\/li><li data-start=\"380\" data-end=\"516\"><p data-start=\"383\" data-end=\"516\">Kontakt z administratorem danych jest mo\u017cliwy poprzez adres e-mail: <strong>kontakt@domigoo.pl<\/strong> lub numer telefonu: <strong>607-211-887<\/strong>.<\/p><\/li><li data-start=\"517\" data-end=\"697\"><p data-start=\"520\" data-end=\"697\">Polityka prywatno\u015bci okre\u015bla zasady przetwarzania i ochrony danych osobowych U\u017cytkownik\u00f3w w zwi\u0105zku z korzystaniem z serwisu internetowego dost\u0119pnego pod adresem <strong>www.domigoo.pl<\/strong>.<\/p><\/li><\/ol><h2 data-start=\"699\" data-end=\"749\">2. Zakres i cele przetwarzania danych osobowych<\/h2><p data-start=\"750\" data-end=\"813\">Administrator przetwarza dane osobowe w nast\u0119puj\u0105cych celach:<\/p><ul data-start=\"814\" data-end=\"1230\"><li data-start=\"814\" data-end=\"873\"><p data-start=\"816\" data-end=\"873\">realizacja zam\u00f3wie\u0144 sk\u0142adanych przez sklep internetowy,<\/p><\/li><li data-start=\"874\" data-end=\"955\"><p data-start=\"876\" data-end=\"955\">obs\u0142uga zapyta\u0144 przesy\u0142anych poprzez formularze kontaktowe i kontakt mailowy,<\/p><\/li><li data-start=\"956\" data-end=\"1041\"><p data-start=\"958\" data-end=\"1041\">realizacja obowi\u0105zk\u00f3w prawnych (np. wystawianie faktur, prowadzenie ksi\u0119gowo\u015bci),<\/p><\/li><li data-start=\"1042\" data-end=\"1135\"><p data-start=\"1044\" data-end=\"1135\">marketing w\u0142asnych us\u0142ug i produkt\u00f3w (w tym newsletter \u2013 o ile u\u017cytkownik wyrazi\u0142 zgod\u0119),<\/p><\/li><li data-start=\"1136\" data-end=\"1230\"><p data-start=\"1138\" data-end=\"1230\">zapewnienie funkcjonowania i bezpiecze\u0144stwa strony internetowej (np. logi serwera, cookies).<\/p><\/li><\/ul><h2 data-start=\"1232\" data-end=\"1274\">3. Podstawy prawne przetwarzania danych<\/h2><p data-start=\"1275\" data-end=\"1446\">Dane osobowe przetwarzane s\u0105 zgodnie z Rozporz\u0105dzeniem Parlamentu Europejskiego i Rady (UE) 2016\/679 (RODO) oraz obowi\u0105zuj\u0105cymi przepisami prawa krajowego, na podstawie:<\/p><ul data-start=\"1447\" data-end=\"1718\"><li data-start=\"1447\" data-end=\"1510\"><p data-start=\"1449\" data-end=\"1510\">art. 6 ust. 1 lit. b RODO (niezb\u0119dno\u015b\u0107 do wykonania umowy),<\/p><\/li><li data-start=\"1511\" data-end=\"1575\"><p data-start=\"1513\" data-end=\"1575\">art. 6 ust. 1 lit. c RODO (wype\u0142nienie obowi\u0105zk\u00f3w prawnych),<\/p><\/li><li data-start=\"1576\" data-end=\"1651\"><p data-start=\"1578\" data-end=\"1651\">art. 6 ust. 1 lit. f RODO (prawnie uzasadniony interes administratora),<\/p><\/li><li data-start=\"1652\" data-end=\"1718\"><p data-start=\"1654\" data-end=\"1718\">art. 6 ust. 1 lit. a RODO (zgoda \u2013 w przypadku np. newslettera).<\/p><\/li><\/ul><h2 data-start=\"1720\" data-end=\"1751\">4. Odbiorcy danych osobowych<\/h2><p data-start=\"1752\" data-end=\"1781\">Dane mog\u0105 by\u0107 przekazywane:<\/p><ul data-start=\"1782\" data-end=\"2016\"><li data-start=\"1782\" data-end=\"1827\"><p data-start=\"1784\" data-end=\"1827\">firmom kurierskim i operatorom pocztowym,<\/p><\/li><li data-start=\"1828\" data-end=\"1853\"><p data-start=\"1830\" data-end=\"1853\">operatorom p\u0142atno\u015bci,<\/p><\/li><li data-start=\"1854\" data-end=\"1912\"><p data-start=\"1856\" data-end=\"1912\">dostawcom us\u0142ug IT wspieraj\u0105cym funkcjonowanie sklepu,<\/p><\/li><li data-start=\"1913\" data-end=\"2016\"><p data-start=\"1915\" data-end=\"2016\">podmiotom \u015bwiadcz\u0105cym us\u0142ugi ksi\u0119gowe, prawne i doradcze \u2013 w zakresie niezb\u0119dnym do realizacji us\u0142ug.<\/p><\/li><\/ul><h2 data-start=\"2018\" data-end=\"2051\">5. Okres przechowywania danych<\/h2><p data-start=\"2052\" data-end=\"2096\">Dane osobowe przechowywane s\u0105 przez okres:<\/p><ul data-start=\"2097\" data-end=\"2310\"><li data-start=\"2097\" data-end=\"2153\"><p data-start=\"2099\" data-end=\"2153\">wymagany przepisami prawa (np. ksi\u0119gowo\u015b\u0107, podatki),<\/p><\/li><li data-start=\"2154\" data-end=\"2188\"><p data-start=\"2156\" data-end=\"2188\">niezb\u0119dny do realizacji umowy,<\/p><\/li><li data-start=\"2189\" data-end=\"2273\"><p data-start=\"2191\" data-end=\"2273\">do czasu cofni\u0119cia zgody (w przypadku danych przetwarzanych na podstawie zgody),<\/p><\/li><li data-start=\"2274\" data-end=\"2310\"><p data-start=\"2276\" data-end=\"2310\">do momentu przedawnienia roszcze\u0144.<\/p><\/li><\/ul><h2 data-start=\"2312\" data-end=\"2350\">6. Prawa os\u00f3b, kt\u00f3rych dane dotycz\u0105<\/h2><p data-start=\"2351\" data-end=\"2396\">Ka\u017cdemu U\u017cytkownikowi przys\u0142uguje prawo do:<\/p><ul data-start=\"2397\" data-end=\"2701\"><li data-start=\"2397\" data-end=\"2426\"><p data-start=\"2399\" data-end=\"2426\">dost\u0119pu do swoich danych,<\/p><\/li><li data-start=\"2427\" data-end=\"2451\"><p data-start=\"2429\" data-end=\"2451\">sprostowania danych,<\/p><\/li><li data-start=\"2452\" data-end=\"2473\"><p data-start=\"2454\" data-end=\"2473\">usuni\u0119cia danych,<\/p><\/li><li data-start=\"2474\" data-end=\"2505\"><p data-start=\"2476\" data-end=\"2505\">ograniczenia przetwarzania,<\/p><\/li><li data-start=\"2506\" data-end=\"2530\"><p data-start=\"2508\" data-end=\"2530\">przenoszenia danych,<\/p><\/li><li data-start=\"2531\" data-end=\"2576\"><p data-start=\"2533\" data-end=\"2576\">wniesienia sprzeciwu wobec przetwarzania,<\/p><\/li><li data-start=\"2577\" data-end=\"2617\"><p data-start=\"2579\" data-end=\"2617\">cofni\u0119cia zgody w dowolnym momencie,<\/p><\/li><li data-start=\"2618\" data-end=\"2701\"><p data-start=\"2620\" data-end=\"2701\">wniesienia skargi do organu nadzorczego (Prezes Urz\u0119du Ochrony Danych Osobowych).<\/p><\/li><\/ul><h2 data-start=\"2703\" data-end=\"2722\">7. Pliki cookies<\/h2><ol data-start=\"2723\" data-end=\"3114\"><li data-start=\"2723\" data-end=\"2925\"><p data-start=\"2726\" data-end=\"2768\">Serwis korzysta z plik\u00f3w cookies w celu:<\/p><ul data-start=\"2772\" data-end=\"2925\"><li data-start=\"2772\" data-end=\"2818\"><p data-start=\"2774\" data-end=\"2818\">zapewnienia prawid\u0142owego dzia\u0142ania strony,<\/p><\/li><li data-start=\"2822\" data-end=\"2863\"><p data-start=\"2824\" data-end=\"2863\">cel\u00f3w analitycznych i statystycznych,<\/p><\/li><li data-start=\"2867\" data-end=\"2925\"><p data-start=\"2869\" data-end=\"2925\">cel\u00f3w marketingowych (je\u015bli u\u017cytkownik wyrazi\u0142 zgod\u0119).<\/p><\/li><\/ul><\/li><li data-start=\"2926\" data-end=\"3029\"><p data-start=\"2929\" data-end=\"3029\">U\u017cytkownik mo\u017ce samodzielnie zmieni\u0107 ustawienia plik\u00f3w cookies w swojej przegl\u0105darce internetowej.<\/p><\/li><li data-start=\"3030\" data-end=\"3114\"><p data-start=\"3033\" data-end=\"3114\">Ograniczenia stosowania cookies mog\u0105 wp\u0142yn\u0105\u0107 na niekt\u00f3re funkcjonalno\u015bci serwisu.<\/p><\/li><\/ol><h2 data-start=\"3116\" data-end=\"3143\">8. \u015arodki bezpiecze\u0144stwa<\/h2><p data-start=\"3144\" data-end=\"3356\">Administrator stosuje odpowiednie \u015brodki techniczne i organizacyjne, kt\u00f3re maj\u0105 zapewni\u0107 ochron\u0119 przetwarzanych danych osobowych, w szczeg\u00f3lno\u015bci zabezpieczenia system\u00f3w informatycznych oraz procedury wewn\u0119trzne.<\/p><h2 data-start=\"3358\" data-end=\"3385\">9. Postanowienia ko\u0144cowe<\/h2><ol data-start=\"3386\" data-end=\"3669\"><li data-start=\"3386\" data-end=\"3568\"><p data-start=\"3389\" data-end=\"3568\">Administrator zastrzega sobie prawo do wprowadzania zmian w Polityce prywatno\u015bci w przypadku, gdy b\u0119dzie to wymagane przez obowi\u0105zuj\u0105ce przepisy prawa lub zmiany technologiczne.<\/p><\/li><li data-start=\"3569\" data-end=\"3669\"><p data-start=\"3572\" data-end=\"3669\">Aktualna wersja Polityki prywatno\u015bci jest zawsze dost\u0119pna na stronie internetowej\u00a0<span style=\"font-variant-ligatures: normal; font-variant-caps: normal; font-family: Roboto, sans-serif; font-size: 14px; font-style: normal; font-weight: 600;\">kontakt@domigoo.pl<\/span>.<\/p><\/li><\/ol>\t\t\t\t\t\t\t\t<\/div>\n\t\t\t\t\t<\/div>\n\t\t\t\t<\/div>\n\t\t\t\t<\/div>\n\t\t","protected":false},"excerpt":{"rendered":"<p>Polityka prywatno\u015bci 1. Informacje og\u00f3lne Administratorem danych osobowych jest Domigoo\u00a0Gracjan \u0141azurkiewicz\u00a0z siedzib\u0105 w 11-100 Lidzbark Warmi\u0144ski ul. Powsta\u0144c\u00f3w Warszawy 8\/7, NIP:\u00a07432054638, REGON:\u00a0542530468. Kontakt z administratorem danych jest mo\u017cliwy poprzez adres e-mail: kontakt@domigoo.pl lub numer telefonu: 607-211-887. Polityka prywatno\u015bci okre\u015bla zasady przetwarzania i ochrony danych osobowych U\u017cytkownik\u00f3w w zwi\u0105zku z korzystaniem z serwisu internetowego dost\u0119pnego pod [&hellip;]<\/p>\n","protected":false},"author":1,"featured_media":0,"parent":0,"menu_order":0,"comment_status":"closed","ping_status":"closed","template":"","meta":{"ocean_post_layout":"","ocean_both_sidebars_style":"","ocean_both_sidebars_content_width":0,"ocean_both_sidebars_sidebars_width":0,"ocean_sidebar":"","ocean_second_sidebar":"","ocean_disable_margins":"enable","ocean_add_body_class":"","ocean_shortcode_before_top_bar":"","ocean_shortcode_after_top_bar":"","ocean_shortcode_before_header":"","ocean_shortcode_after_header":"","ocean_has_shortcode":"","ocean_shortcode_after_title":"","ocean_shortcode_before_footer_widgets":"","ocean_shortcode_after_footer_widgets":"","ocean_shortcode_before_footer_bottom":"","ocean_shortcode_after_footer_bottom":"","ocean_display_top_bar":"default","ocean_display_header":"default","ocean_header_style":"","ocean_center_header_left_menu":"","ocean_custom_header_template":"","ocean_custom_logo":0,"ocean_custom_retina_logo":0,"ocean_custom_logo_max_width":0,"ocean_custom_logo_tablet_max_width":0,"ocean_custom_logo_mobile_max_width":0,"ocean_custom_logo_max_height":0,"ocean_custom_logo_tablet_max_height":0,"ocean_custom_logo_mobile_max_height":0,"ocean_header_custom_menu":"","ocean_menu_typo_font_family":"","ocean_menu_typo_font_subset":"","ocean_menu_typo_font_size":0,"ocean_menu_typo_font_size_tablet":0,"ocean_menu_typo_font_size_mobile":0,"ocean_menu_typo_font_size_unit":"px","ocean_menu_typo_font_weight":"","ocean_menu_typo_font_weight_tablet":"","ocean_menu_typo_font_weight_mobile":"","ocean_menu_typo_transform":"","ocean_menu_typo_transform_tablet":"","ocean_menu_typo_transform_mobile":"","ocean_menu_typo_line_height":0,"ocean_menu_typo_line_height_tablet":0,"ocean_menu_typo_line_height_mobile":0,"ocean_menu_typo_line_height_unit":"","ocean_menu_typo_spacing":0,"ocean_menu_typo_spacing_tablet":0,"ocean_menu_typo_spacing_mobile":0,"ocean_menu_typo_spacing_unit":"","ocean_menu_link_color":"","ocean_menu_link_color_hover":"","ocean_menu_link_color_active":"","ocean_menu_link_background":"","ocean_menu_link_hover_background":"","ocean_menu_link_active_background":"","ocean_menu_social_links_bg":"","ocean_menu_social_hover_links_bg":"","ocean_menu_social_links_color":"","ocean_menu_social_hover_links_color":"","ocean_disable_title":"default","ocean_disable_heading":"default","ocean_post_title":"","ocean_post_subheading":"","ocean_post_title_style":"","ocean_post_title_background_color":"","ocean_post_title_background":0,"ocean_post_title_bg_image_position":"","ocean_post_title_bg_image_attachment":"","ocean_post_title_bg_image_repeat":"","ocean_post_title_bg_image_size":"","ocean_post_title_height":0,"ocean_post_title_bg_overlay":0.5,"ocean_post_title_bg_overlay_color":"","ocean_disable_breadcrumbs":"default","ocean_breadcrumbs_color":"","ocean_breadcrumbs_separator_color":"","ocean_breadcrumbs_links_color":"","ocean_breadcrumbs_links_hover_color":"","ocean_display_footer_widgets":"default","ocean_display_footer_bottom":"default","ocean_custom_footer_template":"","footnotes":""},"class_list":["post-83","page","type-page","status-publish","hentry","entry","owp-thumbs-layout-horizontal","owp-btn-normal","owp-tabs-layout-horizontal","has-no-thumbnails","has-product-nav"],"jetpack_sharing_enabled":true,"_links":{"self":[{"href":"https:\/\/domigoo.pl\/index.php\/wp-json\/wp\/v2\/pages\/83","targetHints":{"allow":["GET"]}}],"collection":[{"href":"https:\/\/domigoo.pl\/index.php\/wp-json\/wp\/v2\/pages"}],"about":[{"href":"https:\/\/domigoo.pl\/index.php\/wp-json\/wp\/v2\/types\/page"}],"author":[{"embeddable":true,"href":"https:\/\/domigoo.pl\/index.php\/wp-json\/wp\/v2\/users\/1"}],"replies":[{"embeddable":true,"href":"https:\/\/domigoo.pl\/index.php\/wp-json\/wp\/v2\/comments?post=83"}],"version-history":[{"count":16,"href":"https:\/\/domigoo.pl\/index.php\/wp-json\/wp\/v2\/pages\/83\/revisions"}],"predecessor-version":[{"id":528,"href":"https:\/\/domigoo.pl\/index.php\/wp-json\/wp\/v2\/pages\/83\/revisions\/528"}],"wp:attachment":[{"href":"https:\/\/domigoo.pl\/index.php\/wp-json\/wp\/v2\/media?parent=83"}],"curies":[{"name":"wp","href":"https:\/\/api.w.org\/{rel}","templated":true}]}}