{"id":5526,"date":"2025-09-01T10:55:05","date_gmt":"2025-09-01T08:55:05","guid":{"rendered":"https:\/\/domigoo.pl\/?post_type=product&#038;p=5526"},"modified":"2025-09-05T10:58:09","modified_gmt":"2025-09-05T08:58:09","slug":"gerlach-flow-zestaw-sztuccow-dla-6-osob","status":"publish","type":"product","link":"https:\/\/domigoo.pl\/index.php\/produkt\/gerlach-flow-zestaw-sztuccow-dla-6-osob\/","title":{"rendered":"Gerlach Flow \u2013 zestaw sztu\u0107c\u00f3w dla 6 os\u00f3b"},"content":{"rendered":"<h1 data-start=\"119\" data-end=\"164\">Gerlach Flow \u2013 zestaw sztu\u0107c\u00f3w dla 6 os\u00f3b<\/h1>\n<h2 data-start=\"166\" data-end=\"205\">Klasyka i elegancja na Twoim stole<\/h2>\n<p data-start=\"206\" data-end=\"475\">Zestaw sztu\u0107c\u00f3w <strong data-start=\"222\" data-end=\"238\">Gerlach Flow<\/strong> to po\u0142\u0105czenie ponadczasowej elegancji i funkcjonalno\u015bci. Wykonane z wysokiej jako\u015bci stali nierdzewnej, s\u0105 odporne na korozj\u0119, trwa\u0142e i nadaj\u0105 si\u0119 do mycia w zmywarce. To doskona\u0142y wyb\u00f3r zar\u00f3wno na co dzie\u0144, jak i na wyj\u0105tkowe okazje.<\/p>\n<h2 data-start=\"477\" data-end=\"533\">Dlaczego warto wybra\u0107 zestaw sztu\u0107c\u00f3w Gerlach Flow?<\/h2>\n<ul data-start=\"534\" data-end=\"993\">\n<li data-start=\"534\" data-end=\"613\">\n<p data-start=\"536\" data-end=\"613\"><strong data-start=\"539\" data-end=\"570\">Kompletny zestaw dla 6 os\u00f3b<\/strong> \u2013 idealny do domu, hoteli i restauracji.<\/p>\n<\/li>\n<li data-start=\"614\" data-end=\"683\">\n<p data-start=\"616\" data-end=\"683\">\u2728 <strong data-start=\"618\" data-end=\"637\">Stal nierdzewna<\/strong> \u2013 odporna na korozj\u0119 i \u0142atwa w piel\u0119gnacji.<\/p>\n<\/li>\n<li data-start=\"684\" data-end=\"777\">\n<p data-start=\"686\" data-end=\"777\">\u2696\ufe0f <strong data-start=\"689\" data-end=\"727\">Masywne, lecz precyzyjnie wywa\u017cone<\/strong> \u2013 zapewniaj\u0105 komfort i wygod\u0119 podczas posi\u0142k\u00f3w.<\/p>\n<\/li>\n<li data-start=\"778\" data-end=\"866\">\n<p data-start=\"780\" data-end=\"866\"><strong data-start=\"783\" data-end=\"806\">Ponadczasowy design<\/strong> \u2013 linia inspirowana klasyk\u0105, idealna na specjalne okazje.<\/p>\n<\/li>\n<li data-start=\"867\" data-end=\"993\">\n<p data-start=\"869\" data-end=\"993\"><strong data-start=\"872\" data-end=\"902\">Wszechstronne zastosowanie<\/strong> \u2013 elegancki komplet zar\u00f3wno do codziennego u\u017cytku, jak i od\u015bwi\u0119tnych spotka\u0144 przy stole.<\/p>\n<\/li>\n<\/ul>\n<h2 data-start=\"995\" data-end=\"1012\">Podsumowanie<\/h2>\n<p data-start=\"1013\" data-end=\"1236\">Zestaw sztu\u0107c\u00f3w <strong data-start=\"1029\" data-end=\"1045\">Gerlach Flow<\/strong> dla 6 os\u00f3b to wyb\u00f3r dla os\u00f3b, kt\u00f3re ceni\u0105 <strong data-start=\"1088\" data-end=\"1143\">klasyczny styl, wysok\u0105 jako\u015b\u0107 i komfort u\u017cytkowania<\/strong>. Dzi\u0119ki swojej trwa\u0142o\u015bci i elegancji b\u0119dzie ozdob\u0105 ka\u017cdego sto\u0142u \u2013 w domu i w restauracji.<\/p>\n","protected":false},"excerpt":{"rendered":"<p><strong data-start=\"98\" data-end=\"141\">Zestaw sztu\u0107c\u00f3w Gerlach Flow dla 6 os\u00f3b<\/strong> \u2013 klasyka i elegancja na ka\u017cdym stole. Wykonane z wysokiej jako\u015bci stali nierdzewnej, odporne na korozj\u0119 i przystosowane do mycia w zmywarce. Masywne, a jednocze\u015bnie precyzyjnie wywa\u017cone, gwarantuj\u0105 komfort podczas posi\u0142k\u00f3w.<\/p>\n","protected":false},"featured_media":5527,"comment_status":"open","ping_status":"closed","template":"","meta":{"ocean_post_layout":"","ocean_both_sidebars_style":"","ocean_both_sidebars_content_width":0,"ocean_both_sidebars_sidebars_width":0,"ocean_sidebar":"0","ocean_second_sidebar":"0","ocean_disable_margins":"enable","ocean_add_body_class":"","ocean_shortcode_before_top_bar":"","ocean_shortcode_after_top_bar":"","ocean_shortcode_before_header":"","ocean_shortcode_after_header":"","ocean_has_shortcode":"","ocean_shortcode_after_title":"","ocean_shortcode_before_footer_widgets":"","ocean_shortcode_after_footer_widgets":"","ocean_shortcode_before_footer_bottom":"","ocean_shortcode_after_footer_bottom":"","ocean_display_top_bar":"default","ocean_display_header":"default","ocean_header_style":"","ocean_center_header_left_menu":"0","ocean_custom_header_template":"0","ocean_custom_logo":0,"ocean_custom_retina_logo":0,"ocean_custom_logo_max_width":0,"ocean_custom_logo_tablet_max_width":0,"ocean_custom_logo_mobile_max_width":0,"ocean_custom_logo_max_height":0,"ocean_custom_logo_tablet_max_height":0,"ocean_custom_logo_mobile_max_height":0,"ocean_header_custom_menu":"0","ocean_menu_typo_font_family":"0","ocean_menu_typo_font_subset":"","ocean_menu_typo_font_size":0,"ocean_menu_typo_font_size_tablet":0,"ocean_menu_typo_font_size_mobile":0,"ocean_menu_typo_font_size_unit":"px","ocean_menu_typo_font_weight":"","ocean_menu_typo_font_weight_tablet":"","ocean_menu_typo_font_weight_mobile":"","ocean_menu_typo_transform":"","ocean_menu_typo_transform_tablet":"","ocean_menu_typo_transform_mobile":"","ocean_menu_typo_line_height":0,"ocean_menu_typo_line_height_tablet":0,"ocean_menu_typo_line_height_mobile":0,"ocean_menu_typo_line_height_unit":"","ocean_menu_typo_spacing":0,"ocean_menu_typo_spacing_tablet":0,"ocean_menu_typo_spacing_mobile":0,"ocean_menu_typo_spacing_unit":"","ocean_menu_link_color":"","ocean_menu_link_color_hover":"","ocean_menu_link_color_active":"","ocean_menu_link_background":"","ocean_menu_link_hover_background":"","ocean_menu_link_active_background":"","ocean_menu_social_links_bg":"","ocean_menu_social_hover_links_bg":"","ocean_menu_social_links_color":"","ocean_menu_social_hover_links_color":"","ocean_disable_title":"default","ocean_disable_heading":"default","ocean_post_title":"","ocean_post_subheading":"","ocean_post_title_style":"","ocean_post_title_background_color":"","ocean_post_title_background":0,"ocean_post_title_bg_image_position":"","ocean_post_title_bg_image_attachment":"","ocean_post_title_bg_image_repeat":"","ocean_post_title_bg_image_size":"","ocean_post_title_height":0,"ocean_post_title_bg_overlay":0.5,"ocean_post_title_bg_overlay_color":"","ocean_disable_breadcrumbs":"default","ocean_breadcrumbs_color":"","ocean_breadcrumbs_separator_color":"","ocean_breadcrumbs_links_color":"","ocean_breadcrumbs_links_hover_color":"","ocean_display_footer_widgets":"default","ocean_display_footer_bottom":"default","ocean_custom_footer_template":"0"},"product_brand":[],"product_cat":[56],"product_tag":[],"class_list":{"0":"post-5526","1":"product","2":"type-product","3":"status-publish","4":"has-post-thumbnail","6":"product_cat-sztucce","8":"entry","9":"has-media","11":"first","12":"instock","13":"shipping-taxable","14":"purchasable","15":"product-type-simple","16":"has-product-nav","17":"col","18":"span_1_of_4","19":"owp-content-center","20":"owp-thumbs-layout-horizontal","21":"owp-btn-normal","22":"owp-tabs-layout-horizontal"},"jetpack_sharing_enabled":true,"_links":{"self":[{"href":"https:\/\/domigoo.pl\/index.php\/wp-json\/wp\/v2\/product\/5526","targetHints":{"allow":["GET"]}}],"collection":[{"href":"https:\/\/domigoo.pl\/index.php\/wp-json\/wp\/v2\/product"}],"about":[{"href":"https:\/\/domigoo.pl\/index.php\/wp-json\/wp\/v2\/types\/product"}],"replies":[{"embeddable":true,"href":"https:\/\/domigoo.pl\/index.php\/wp-json\/wp\/v2\/comments?post=5526"}],"wp:featuredmedia":[{"embeddable":true,"href":"https:\/\/domigoo.pl\/index.php\/wp-json\/wp\/v2\/media\/5527"}],"wp:attachment":[{"href":"https:\/\/domigoo.pl\/index.php\/wp-json\/wp\/v2\/media?parent=5526"}],"wp:term":[{"taxonomy":"product_brand","embeddable":true,"href":"https:\/\/domigoo.pl\/index.php\/wp-json\/wp\/v2\/product_brand?post=5526"},{"taxonomy":"product_cat","embeddable":true,"href":"https:\/\/domigoo.pl\/index.php\/wp-json\/wp\/v2\/product_cat?post=5526"},{"taxonomy":"product_tag","embeddable":true,"href":"https:\/\/domigoo.pl\/index.php\/wp-json\/wp\/v2\/product_tag?post=5526"}],"curies":[{"name":"wp","href":"https:\/\/api.w.org\/{rel}","templated":true}]}}