{"id":5530,"date":"2025-09-01T11:01:59","date_gmt":"2025-09-01T09:01:59","guid":{"rendered":"https:\/\/domigoo.pl\/?post_type=product&#038;p=5530"},"modified":"2025-09-05T10:56:17","modified_gmt":"2025-09-05T08:56:17","slug":"bewos-zestaw-sztuccow-dla-6-osob-30-elementow-zlote","status":"publish","type":"product","link":"https:\/\/domigoo.pl\/index.php\/produkt\/bewos-zestaw-sztuccow-dla-6-osob-30-elementow-zlote\/","title":{"rendered":"BEWOS \u2013 zestaw sztu\u0107c\u00f3w dla 6 os\u00f3b, 30 element\u00f3w Z\u0142ote"},"content":{"rendered":"<h1 data-start=\"128\" data-end=\"205\">BEWOS \u2013 zestaw sztu\u0107c\u00f3w dla 6 os\u00f3b, 30 element\u00f3w (poz\u0142acany matowy z\u0142oty)<\/h1>\n<h2 data-start=\"207\" data-end=\"245\">Luksus i elegancja na Twoim stole<\/h2>\n<p data-start=\"246\" data-end=\"500\">Zestaw sztu\u0107c\u00f3w <strong data-start=\"262\" data-end=\"271\">BEWOS<\/strong> w matowym, poz\u0142acanym z\u0142otym wyko\u0144czeniu to po\u0142\u0105czenie elegancji, wysokiej jako\u015bci i funkcjonalno\u015bci. To idealny komplet dla 6 os\u00f3b, kt\u00f3ry nada wyj\u0105tkowego charakteru ka\u017cdemu posi\u0142kowi \u2013 zar\u00f3wno codziennemu, jak i uroczystemu.<\/p>\n<h2 data-start=\"502\" data-end=\"557\">Dlaczego warto wybra\u0107 zestaw sztu\u0107c\u00f3w BEWOS z\u0142oty?<\/h2>\n<ul data-start=\"558\" data-end=\"1197\">\n<li data-start=\"558\" data-end=\"684\">\n<p data-start=\"560\" data-end=\"684\"><strong data-start=\"563\" data-end=\"594\">Kompletny zestaw dla 6 os\u00f3b<\/strong> \u2013 6 no\u017cy, 6 widelc\u00f3w, 6 \u0142y\u017cek sto\u0142owych, 6 \u0142y\u017ceczek do herbaty i 6 widelc\u00f3w deserowych.<\/p>\n<\/li>\n<li data-start=\"685\" data-end=\"813\">\n<p data-start=\"687\" data-end=\"813\">\u2728 <strong data-start=\"689\" data-end=\"727\">Stal nierdzewna najwy\u017cszej jako\u015bci<\/strong> \u2013 nietoksyczna, wolna od niklu, odporna na korozj\u0119 i w 100% bezpieczna dla zdrowia.<\/p>\n<\/li>\n<li data-start=\"814\" data-end=\"936\">\n<p data-start=\"816\" data-end=\"936\"><strong data-start=\"819\" data-end=\"841\">Ekskluzywny design<\/strong> \u2013 matowe z\u0142ote wyko\u0144czenie, elegancki po\u0142ysk i wyj\u0105tkowy charakter, kt\u00f3ry ozdobi ka\u017cdy st\u00f3\u0142.<\/p>\n<\/li>\n<li data-start=\"937\" data-end=\"1078\">\n<p data-start=\"939\" data-end=\"1078\"><strong data-start=\"942\" data-end=\"970\">Komfort i funkcjonalno\u015b\u0107<\/strong> \u2013 odpowiednia waga i grubo\u015b\u0107 zapewniaj\u0105 wygodny chwyt, a solidna konstrukcja gwarantuje trwa\u0142o\u015b\u0107 na lata.<\/p>\n<\/li>\n<li data-start=\"1079\" data-end=\"1197\">\n<p data-start=\"1081\" data-end=\"1197\">\u200d\u200d\u200d <strong data-start=\"1093\" data-end=\"1110\">Uniwersalno\u015b\u0107<\/strong> \u2013 sztu\u0107ce odpowiednie zar\u00f3wno dla doros\u0142ych, jak i dla dzieci, bez ostrych kraw\u0119dzi.<\/p>\n<\/li>\n<\/ul>\n<h2 data-start=\"1199\" data-end=\"1219\">Dane techniczne<\/h2>\n<p data-start=\"1220\" data-end=\"1351\"><strong data-start=\"1223\" data-end=\"1245\">Zawarto\u015b\u0107 zestawu:<\/strong> 30 element\u00f3w (dla 6 os\u00f3b)<br data-start=\"1271\" data-end=\"1274\" \/><strong data-start=\"1277\" data-end=\"1290\">Materia\u0142:<\/strong> stal nierdzewna wysokiej jako\u015bci, poz\u0142acana matowym z\u0142otem<\/p>\n<h2 data-start=\"1353\" data-end=\"1370\">Podsumowanie<\/h2>\n<p data-start=\"1371\" data-end=\"1604\">Zestaw sztu\u0107c\u00f3w <strong data-start=\"1387\" data-end=\"1409\">BEWOS z\u0142oty matowy<\/strong> to propozycja dla os\u00f3b, kt\u00f3re ceni\u0105 <strong data-start=\"1446\" data-end=\"1489\">nowoczesny luksus, trwa\u0142o\u015b\u0107 i elegancj\u0119<\/strong>. To wyj\u0105tkowy komplet, kt\u00f3ry sprawdzi si\u0119 w ka\u017cdej kuchni i jadalni \u2013 idealny na co dzie\u0144 i na specjalne okazje.<\/p>\n","protected":false},"excerpt":{"rendered":"<p><strong data-start=\"101\" data-end=\"165\">Zestaw sztu\u0107c\u00f3w BEWOS 30 element\u00f3w dla 6 os\u00f3b (z\u0142oty matowy)<\/strong> \u2013 elegancki komplet wykonany z wysokiej jako\u015bci stali nierdzewnej poz\u0142acanej matowym z\u0142otem. Trwa\u0142e, odporne na korozj\u0119 i w pe\u0142ni bezpieczne dla zdrowia. Stylowy design i wygodny uchwyt sprawiaj\u0105, \u017ce zestaw idealnie nadaje si\u0119 na co dzie\u0144 i wyj\u0105tkowe okazje.<\/p>\n","protected":false},"featured_media":5531,"comment_status":"open","ping_status":"closed","template":"","meta":{"ocean_post_layout":"","ocean_both_sidebars_style":"","ocean_both_sidebars_content_width":0,"ocean_both_sidebars_sidebars_width":0,"ocean_sidebar":"0","ocean_second_sidebar":"0","ocean_disable_margins":"enable","ocean_add_body_class":"","ocean_shortcode_before_top_bar":"","ocean_shortcode_after_top_bar":"","ocean_shortcode_before_header":"","ocean_shortcode_after_header":"","ocean_has_shortcode":"","ocean_shortcode_after_title":"","ocean_shortcode_before_footer_widgets":"","ocean_shortcode_after_footer_widgets":"","ocean_shortcode_before_footer_bottom":"","ocean_shortcode_after_footer_bottom":"","ocean_display_top_bar":"default","ocean_display_header":"default","ocean_header_style":"","ocean_center_header_left_menu":"0","ocean_custom_header_template":"0","ocean_custom_logo":0,"ocean_custom_retina_logo":0,"ocean_custom_logo_max_width":0,"ocean_custom_logo_tablet_max_width":0,"ocean_custom_logo_mobile_max_width":0,"ocean_custom_logo_max_height":0,"ocean_custom_logo_tablet_max_height":0,"ocean_custom_logo_mobile_max_height":0,"ocean_header_custom_menu":"0","ocean_menu_typo_font_family":"0","ocean_menu_typo_font_subset":"","ocean_menu_typo_font_size":0,"ocean_menu_typo_font_size_tablet":0,"ocean_menu_typo_font_size_mobile":0,"ocean_menu_typo_font_size_unit":"px","ocean_menu_typo_font_weight":"","ocean_menu_typo_font_weight_tablet":"","ocean_menu_typo_font_weight_mobile":"","ocean_menu_typo_transform":"","ocean_menu_typo_transform_tablet":"","ocean_menu_typo_transform_mobile":"","ocean_menu_typo_line_height":0,"ocean_menu_typo_line_height_tablet":0,"ocean_menu_typo_line_height_mobile":0,"ocean_menu_typo_line_height_unit":"","ocean_menu_typo_spacing":0,"ocean_menu_typo_spacing_tablet":0,"ocean_menu_typo_spacing_mobile":0,"ocean_menu_typo_spacing_unit":"","ocean_menu_link_color":"","ocean_menu_link_color_hover":"","ocean_menu_link_color_active":"","ocean_menu_link_background":"","ocean_menu_link_hover_background":"","ocean_menu_link_active_background":"","ocean_menu_social_links_bg":"","ocean_menu_social_hover_links_bg":"","ocean_menu_social_links_color":"","ocean_menu_social_hover_links_color":"","ocean_disable_title":"default","ocean_disable_heading":"default","ocean_post_title":"","ocean_post_subheading":"","ocean_post_title_style":"","ocean_post_title_background_color":"","ocean_post_title_background":0,"ocean_post_title_bg_image_position":"","ocean_post_title_bg_image_attachment":"","ocean_post_title_bg_image_repeat":"","ocean_post_title_bg_image_size":"","ocean_post_title_height":0,"ocean_post_title_bg_overlay":0.5,"ocean_post_title_bg_overlay_color":"","ocean_disable_breadcrumbs":"default","ocean_breadcrumbs_color":"","ocean_breadcrumbs_separator_color":"","ocean_breadcrumbs_links_color":"","ocean_breadcrumbs_links_hover_color":"","ocean_display_footer_widgets":"default","ocean_display_footer_bottom":"default","ocean_custom_footer_template":"0"},"product_brand":[],"product_cat":[15,56],"product_tag":[],"class_list":{"0":"post-5530","1":"product","2":"type-product","3":"status-publish","4":"has-post-thumbnail","6":"product_cat-wszystkie-produkty","7":"product_cat-sztucce","9":"entry","10":"has-media","12":"first","13":"instock","14":"shipping-taxable","15":"purchasable","16":"product-type-simple","17":"has-product-nav","18":"col","19":"span_1_of_4","20":"owp-content-center","21":"owp-thumbs-layout-horizontal","22":"owp-btn-normal","23":"owp-tabs-layout-horizontal"},"jetpack_sharing_enabled":true,"_links":{"self":[{"href":"https:\/\/domigoo.pl\/index.php\/wp-json\/wp\/v2\/product\/5530","targetHints":{"allow":["GET"]}}],"collection":[{"href":"https:\/\/domigoo.pl\/index.php\/wp-json\/wp\/v2\/product"}],"about":[{"href":"https:\/\/domigoo.pl\/index.php\/wp-json\/wp\/v2\/types\/product"}],"replies":[{"embeddable":true,"href":"https:\/\/domigoo.pl\/index.php\/wp-json\/wp\/v2\/comments?post=5530"}],"wp:featuredmedia":[{"embeddable":true,"href":"https:\/\/domigoo.pl\/index.php\/wp-json\/wp\/v2\/media\/5531"}],"wp:attachment":[{"href":"https:\/\/domigoo.pl\/index.php\/wp-json\/wp\/v2\/media?parent=5530"}],"wp:term":[{"taxonomy":"product_brand","embeddable":true,"href":"https:\/\/domigoo.pl\/index.php\/wp-json\/wp\/v2\/product_brand?post=5530"},{"taxonomy":"product_cat","embeddable":true,"href":"https:\/\/domigoo.pl\/index.php\/wp-json\/wp\/v2\/product_cat?post=5530"},{"taxonomy":"product_tag","embeddable":true,"href":"https:\/\/domigoo.pl\/index.php\/wp-json\/wp\/v2\/product_tag?post=5530"}],"curies":[{"name":"wp","href":"https:\/\/api.w.org\/{rel}","templated":true}]}}