{"id":6332,"date":"2025-09-12T10:06:10","date_gmt":"2025-09-12T08:06:10","guid":{"rendered":"https:\/\/domigoo.pl\/index.php\/produkt\/air-fryer-frytkownica-beztluszczowa-5l-taupe-berlingerhaus-bh-9491\/"},"modified":"2026-01-11T15:23:16","modified_gmt":"2026-01-11T14:23:16","slug":"air-fryer-frytkownica-beztluszczowa-5l-taupe-berlingerhaus-bh-9491","status":"publish","type":"product","link":"https:\/\/domigoo.pl\/index.php\/produkt\/air-fryer-frytkownica-beztluszczowa-5l-taupe-berlingerhaus-bh-9491\/","title":{"rendered":"Air Fryer Frytkownica bezt\u0142uszczowa 5L Taupe BerlingerHaus BH-9491"},"content":{"rendered":"<h1 style=\"text-align: center;\" class=\"def\">Air Fryer <strong class=\"def\">Frytkownica bezt\u0142uszczowa &nbsp;5L <\/strong><strong class=\"def\">Taupe <\/strong><\/h1>\n<h1 style=\"text-align: center;\" class=\"def\"><strong class=\"def\">BerlingerHaus BH-9491<\/strong><\/h1>\n<hr class=\"def\">\n<p class=\"def\"><strong class=\"def\"><\/strong><\/p>\n<h1 style=\"text-align: center;\" class=\"def\"><strong class=\"def\"><img fetchpriority=\"high\" decoding=\"async\" src=\"https:\/\/berlingerhaus.com.pl\/images\/tn107\/3000-4000\/Frytkownica-beztluszczowa-1400W-BerlingerHaus-Taupe-BH-9491_[3455]_696.jpg\" width=\"764\" height=\"508\" alt=\"\" class=\"def\"><\/strong><\/h1>\n<p style=\"text-align: center;\" class=\"def\"><span style=\"font-size: 12pt; font-family: verdana, geneva, sans-serif;\" class=\"def\">&nbsp;Frytownica z budowanym okienkiem to idealne rozwi\u0105zanie dla mi\u0142o\u015bnik\u00f3w smacznych i zdrowych potraw, kt\u00f3rzy ceni\u0105 sobie mo\u017cliwo\u015b\u0107 podejrzenia etapu gotowania czy sma\u017cenia.<\/span><\/p>\n<p style=\"text-align: center;\" class=\"def\"><span style=\"font-size: 12pt; font-family: verdana, geneva, sans-serif;\" class=\"def\">Z&nbsp; moc\u0105 <strong class=\"def\">1400W<\/strong> i pojemno\u015bci\u0105 koszyczka a\u017c <strong class=\"def\">5L<\/strong>,&nbsp; frytkownica zapewnia wystarczaj\u0105c\u0105 przestrze\u0144 do przygotowania pysznych da\u0144 dla ca\u0142ej rodziny.<\/span><\/p>\n<p style=\"text-align: center;\" class=\"def\"><span style=\"font-size: 12pt; font-family: verdana, geneva, sans-serif;\" class=\"def\">Regulacja temperatury w zakresie <strong class=\"def\">400-200\u2103<\/strong> pozwala dostosowa\u0107 parametry gotowania do r\u00f3\u017cnych potraw.<\/span><\/p>\n<p style=\"text-align: center;\" class=\"def\">&nbsp;<img decoding=\"async\" src=\"https:\/\/berlingerhaus.com.pl\/images\/tn107\/3000-4000\/Frytkownica-beztluszczowa-1400W-BerlingerHaus-Taupe-BH-9491_[3613]_696.jpg\" width=\"696\" height=\"696\" alt=\"\" style=\"float: left;\" class=\"def\"><\/p>\n<p style=\"text-align: center;\" class=\"def\">&nbsp;<\/p>\n<h2 style=\"text-align: center;\" class=\"def\"><span style=\"font-size: 18pt;\" class=\"def\"><strong class=\"def\">Wymiary :&nbsp;<\/strong><\/span><\/h2>\n<p style=\"text-align: center;\" class=\"def\"><span style=\"font-size: 14pt;\" class=\"def\"><strong class=\"def\">Wysoko\u015b\u0107 28cm.<br class=\"def\"><br \/>\n Szeroko\u015b\u0107 24cm.&nbsp;<br class=\"def\"><br \/>\n G\u0142\u0119boko\u015b\u0107 24 cm.<\/strong><\/span><\/p>\n<p style=\"text-align: center;\" class=\"def\"><span style=\"font-size: 14pt;\" class=\"def\"><strong class=\"def\"><\/strong><\/span><\/p>\n<p style=\"text-align: center;\" class=\"def\"><span style=\"font-size: 12pt; font-family: verdana, geneva, sans-serif;\" class=\"def\">Urz\u0105dzenie jest wyposa\u017cone w cyfrowy wy\u015bwietlacz <strong class=\"def\">LED<\/strong> z ekranem dotykowym,&nbsp;<\/span><\/p>\n<p style=\"text-align: center;\" class=\"def\"><span style=\"font-size: 12pt; font-family: verdana, geneva, sans-serif;\" class=\"def\">Antypo\u015blizgowe n\u00f3\u017cki zapewniaj\u0105 stabilno\u015b\u0107 podczas u\u017cytkowania.<\/span><\/p>\n<p style=\"text-align: center;\" class=\"def\"><span style=\"font-size: 12pt; font-family: verdana, geneva, sans-serif;\" class=\"def\">Czasomierz do 60 min<\/span><\/p>\n<p style=\"text-align: center;\" class=\"def\"><span style=\"font-size: 12pt; font-family: verdana, geneva, sans-serif;\" class=\"def\">Regulacja temperatury: 40-200\u2103<\/span><\/p>\n<p style=\"text-align: center;\" class=\"def\"><span style=\"font-size: 12pt; font-family: verdana, geneva, sans-serif;\" class=\"def\">Ciesz si\u0119 smakiem ulubionych potraw bez nadmiernej ilo\u015bci t\u0142uszczu, dzi\u0119ki zdrowemu gotowaniu bez oleju.<\/span><\/p>\n<p style=\"text-align: center;\" class=\"def\"><span style=\"font-size: 12pt; font-family: verdana, geneva, sans-serif;\" class=\"def\">Frytkownica bezt\u0142uszczowa&nbsp;BerlingerHaus&nbsp;z najnowszej kolekcji Taupe&nbsp;to smaczne i zdrowe potrawy bez nadmiaru t\u0142uszczu.<\/span><\/p>\n<p style=\"text-align: center;\" class=\"def\"><span style=\"font-size: 12pt; font-family: verdana, geneva, sans-serif;\" class=\"def\">Odkryj smak zdrowego gotowania w \u0142atwy i szybki spos\u00f3b.<\/span><\/p>\n<p style=\"text-align: center;\" class=\"def\"><span style=\"font-size: 12pt;\" class=\"def\"><img decoding=\"async\" height=\"281\" width=\"500\" src=\"https:\/\/berlingerhaus.com.pl\/images\/tn107\/3000-4000\/Frytkownica-beztluszczowa-1400W-BerlingerHaus-Taupe-BH-9491_[3013]_695.jpg\" alt=\"image\" class=\"def\"><br class=\"def\"><br \/>\n <\/span><\/p>\n","protected":false},"excerpt":{"rendered":"<p>Materia\u0142: tworzywo sztuczne z pow\u0142ok\u0105 nieprzywieraj\u0105c\u0105<br \/>\nPojemno\u015b\u0107: 5 l<br \/>\nRodzaj wy\u015bwietlacza: LED<br \/>\nMoc: 1400W<br \/>\nNapi\u0119cie: 220-240V<br \/>\nKontrola temperatury 40-200\u2103<br \/>\nFunkcja automatycznego wy\u0142\u0105czenia<br \/>\nTimer do 60min<br \/>\nAntypo\u015blizgowe n\u00f3\u017cki<\/p>\n","protected":false},"featured_media":0,"comment_status":"open","ping_status":"closed","template":"","meta":{"ocean_post_layout":"","ocean_both_sidebars_style":"","ocean_both_sidebars_content_width":0,"ocean_both_sidebars_sidebars_width":0,"ocean_sidebar":"","ocean_second_sidebar":"","ocean_disable_margins":"enable","ocean_add_body_class":"","ocean_shortcode_before_top_bar":"","ocean_shortcode_after_top_bar":"","ocean_shortcode_before_header":"","ocean_shortcode_after_header":"","ocean_has_shortcode":"","ocean_shortcode_after_title":"","ocean_shortcode_before_footer_widgets":"","ocean_shortcode_after_footer_widgets":"","ocean_shortcode_before_footer_bottom":"","ocean_shortcode_after_footer_bottom":"","ocean_display_top_bar":"default","ocean_display_header":"default","ocean_header_style":"","ocean_center_header_left_menu":"","ocean_custom_header_template":"","ocean_custom_logo":0,"ocean_custom_retina_logo":0,"ocean_custom_logo_max_width":0,"ocean_custom_logo_tablet_max_width":0,"ocean_custom_logo_mobile_max_width":0,"ocean_custom_logo_max_height":0,"ocean_custom_logo_tablet_max_height":0,"ocean_custom_logo_mobile_max_height":0,"ocean_header_custom_menu":"","ocean_menu_typo_font_family":"","ocean_menu_typo_font_subset":"","ocean_menu_typo_font_size":0,"ocean_menu_typo_font_size_tablet":0,"ocean_menu_typo_font_size_mobile":0,"ocean_menu_typo_font_size_unit":"px","ocean_menu_typo_font_weight":"","ocean_menu_typo_font_weight_tablet":"","ocean_menu_typo_font_weight_mobile":"","ocean_menu_typo_transform":"","ocean_menu_typo_transform_tablet":"","ocean_menu_typo_transform_mobile":"","ocean_menu_typo_line_height":0,"ocean_menu_typo_line_height_tablet":0,"ocean_menu_typo_line_height_mobile":0,"ocean_menu_typo_line_height_unit":"","ocean_menu_typo_spacing":0,"ocean_menu_typo_spacing_tablet":0,"ocean_menu_typo_spacing_mobile":0,"ocean_menu_typo_spacing_unit":"","ocean_menu_link_color":"","ocean_menu_link_color_hover":"","ocean_menu_link_color_active":"","ocean_menu_link_background":"","ocean_menu_link_hover_background":"","ocean_menu_link_active_background":"","ocean_menu_social_links_bg":"","ocean_menu_social_hover_links_bg":"","ocean_menu_social_links_color":"","ocean_menu_social_hover_links_color":"","ocean_disable_title":"default","ocean_disable_heading":"default","ocean_post_title":"","ocean_post_subheading":"","ocean_post_title_style":"","ocean_post_title_background_color":"","ocean_post_title_background":0,"ocean_post_title_bg_image_position":"","ocean_post_title_bg_image_attachment":"","ocean_post_title_bg_image_repeat":"","ocean_post_title_bg_image_size":"","ocean_post_title_height":0,"ocean_post_title_bg_overlay":0.5,"ocean_post_title_bg_overlay_color":"","ocean_disable_breadcrumbs":"default","ocean_breadcrumbs_color":"","ocean_breadcrumbs_separator_color":"","ocean_breadcrumbs_links_color":"","ocean_breadcrumbs_links_hover_color":"","ocean_display_footer_widgets":"default","ocean_display_footer_bottom":"default","ocean_custom_footer_template":""},"product_brand":[],"product_cat":[15],"product_tag":[3896,3898,3897,3901],"class_list":{"0":"post-6332","1":"product","2":"type-product","3":"status-publish","5":"product_cat-wszystkie-produkty","6":"product_tag-3896","7":"product_tag-3898","8":"product_tag-berlinger-haus","9":"product_tag-bh-9491","11":"entry","13":"first","14":"outofstock","15":"shipping-taxable","16":"product-type-simple","17":"has-product-nav","18":"col","19":"span_1_of_4","20":"owp-content-center","21":"owp-thumbs-layout-horizontal","22":"owp-btn-normal","23":"owp-tabs-layout-horizontal","24":"has-no-thumbnails"},"jetpack_sharing_enabled":true,"_links":{"self":[{"href":"https:\/\/domigoo.pl\/index.php\/wp-json\/wp\/v2\/product\/6332","targetHints":{"allow":["GET"]}}],"collection":[{"href":"https:\/\/domigoo.pl\/index.php\/wp-json\/wp\/v2\/product"}],"about":[{"href":"https:\/\/domigoo.pl\/index.php\/wp-json\/wp\/v2\/types\/product"}],"replies":[{"embeddable":true,"href":"https:\/\/domigoo.pl\/index.php\/wp-json\/wp\/v2\/comments?post=6332"}],"wp:attachment":[{"href":"https:\/\/domigoo.pl\/index.php\/wp-json\/wp\/v2\/media?parent=6332"}],"wp:term":[{"taxonomy":"product_brand","embeddable":true,"href":"https:\/\/domigoo.pl\/index.php\/wp-json\/wp\/v2\/product_brand?post=6332"},{"taxonomy":"product_cat","embeddable":true,"href":"https:\/\/domigoo.pl\/index.php\/wp-json\/wp\/v2\/product_cat?post=6332"},{"taxonomy":"product_tag","embeddable":true,"href":"https:\/\/domigoo.pl\/index.php\/wp-json\/wp\/v2\/product_tag?post=6332"}],"curies":[{"name":"wp","href":"https:\/\/api.w.org\/{rel}","templated":true}]}}