{"id":6334,"date":"2025-09-12T10:06:10","date_gmt":"2025-09-12T08:06:10","guid":{"rendered":"https:\/\/domigoo.pl\/index.php\/produkt\/air-fryer-frytkownica-beztluszczowa-63-l-berlingerhaus-sahara-collection-bh-9546\/"},"modified":"2026-03-23T07:28:35","modified_gmt":"2026-03-23T06:28:35","slug":"air-fryer-frytkownica-beztluszczowa-63-l-berlingerhaus-sahara-collection-bh-9546","status":"publish","type":"product","link":"https:\/\/domigoo.pl\/index.php\/produkt\/air-fryer-frytkownica-beztluszczowa-63-l-berlingerhaus-sahara-collection-bh-9546\/","title":{"rendered":"Air Fryer Frytkownica bezt\u0142uszczowa 6,3 L BerlingerHaus Sahara Collection BH-9546"},"content":{"rendered":"<h1 style=\"text-align: center;\" class=\"def\"><span style=\"font-size: 24pt;\" class=\"def\">Air Fryer <span class=\"def\">Frytkownica 6,3L&nbsp; BerlingerHaus<\/span><\/span><\/h1>\n<h2 style=\"text-align: center;\" class=\"def\"><span style=\"font-size: 24pt;\" class=\"def\">&nbsp;Sahara Collection BH-9546<\/span><\/h2>\n<p style=\"text-align: center;\" class=\"def\"><span style=\"font-size: 14pt;\" class=\"def\">Frytkownica BerlingerHaus z kolekcji Sahara to doskona\u0142e rozwi\u0105zanie dla os\u00f3b, kt\u00f3re ceni\u0105 zdrowy styl \u017cycia, a jednocze\u015bnie nie chc\u0105 rezygnowa\u0107 z ulubionych sma\u017conych potraw. <\/span><\/p>\n<p style=\"text-align: center;\" class=\"def\"><span style=\"font-size: 14pt;\" class=\"def\">Dzi\u0119ki pojemno\u015bci XXL (6,3L), jest idealna do przygotowywania posi\u0142k\u00f3w dla ca\u0142ej rodziny.<\/span><\/p>\n<p style=\"text-align: center;\" class=\"def\"><strong class=\"def\">WYMIARY URZ\u0104DZENIA :<\/strong><\/p>\n<p style=\"text-align: center;\" class=\"def\"><strong class=\"def\">Wysoko\u015b\u0107 31 cm g\u0142\u0119boko\u015b\u0107 31 cm szeroko\u015b\u0107 29cm<\/strong><\/p>\n<p style=\"text-align: center;\" class=\"def\"><span style=\"color: rgb(224, 62, 45);\" class=\"def\">Uwaga: Kolor <em data-start=\"74\" data-end=\"82\" data-is-only-node=\"\" class=\"def\">Sahara<\/em> mo\u017ce wygl\u0105da\u0107 na \u017cywo nieco ciemniej ni\u017c na zdj\u0119ciach, <\/span><\/p>\n<p style=\"text-align: center;\" class=\"def\"><span style=\"color: rgb(224, 62, 45);\" class=\"def\">co wynika z r\u00f3\u017cnic w odwzorowaniu barw przy fotografii studyjnej.<\/span><\/p>\n<p class=\"def\"><span style=\"font-size: 24pt;\" class=\"def\"><img fetchpriority=\"high\" decoding=\"async\" src=\"https:\/\/berlingerhaus.com.pl\/images\/tn107\/5000-6000\/Air-Fryer-Frytkownica-beztluszczowa-6-3-L-BerlingerHaus-Sahara-Collection-BH-9546_[5894]_696.jpg\" width=\"764\" height=\"764\" alt=\"\" style=\"display: block; margin-left: auto; margin-right: auto;\" class=\"def\"><br class=\"def\"><br \/>\n<\/span><\/p>\n<p style=\"text-align: center;\" class=\"def\"><span style=\"font-size: 14pt;\" class=\"def\">Zaawansowana <strong class=\"def\">kontrola temperatury w zakresie od 80 do 200\u2103 <\/strong>pozwala na precyzyjne ustawienie odpowiednich parametr\u00f3w dla r\u00f3\u017cnych typ\u00f3w potraw.<\/span><\/p>\n<p style=\"text-align: center;\" class=\"def\"><span style=\"font-size: 14pt;\" class=\"def\">&nbsp;<strong class=\"def\">Cyfrowy wy\u015bwietlacz LED <\/strong>z ekranem dotykowym oraz <strong class=\"def\">timer do 60 minut<\/strong> u\u0142atwiaj\u0105 obs\u0142ug\u0119 urz\u0105dzenia, zapewniaj\u0105c komfort i precyzj\u0119 gotowania.<\/span><\/p>\n<p style=\"text-align: center;\" class=\"def\"><span style=\"font-size: 14pt;\" class=\"def\">Frytkownica wyposa\u017cona jest w <strong class=\"def\">widoczne okno<\/strong>, kt\u00f3re umo\u017cliwia kontrolowanie procesu gotowania bez konieczno\u015bci otwierania urz\u0105dzenia. <strong class=\"def\">Antypo\u015blizgowe n\u00f3\u017cki<\/strong> zapewniaj\u0105 stabilno\u015b\u0107, a ochrona przed przegrzaniem gwarantuje bezpiecze\u0144stwo u\u017cytkowania.<\/span><\/p>\n<p style=\"text-align: center;\" class=\"def\"><span style=\"font-size: 14pt;\" class=\"def\">Dodatkowo, taca z pow\u0142ok\u0105 nieprzywieraj\u0105c\u0105&nbsp; mo\u017cna my\u0107 w zmywarce, co znacznie u\u0142atwia utrzymanie urz\u0105dzenia w czysto\u015bci.<\/span><\/p>\n<p style=\"text-align: center;\" class=\"def\"><span style=\"font-size: 14pt;\" class=\"def\">Frytkownica BerlingerHaus Sahara to eleganckie i funkcjonalne urz\u0105dzenie, kt\u00f3re doskonale wpasuje si\u0119 w ka\u017cd\u0105 nowoczesn\u0105 kuchni\u0119, oferuj\u0105c zdrowe i smaczne potrawy przy minimalnym u\u017cyciu oleju.<\/span><\/p>\n<p class=\"def\"><img decoding=\"async\" src=\"https:\/\/berlingerhaus.com.pl\/images\/tn107\/5000-6000\/Air-Fryer-Frytkownica-beztluszczowa-6-3-L-BerlingerHaus-Sahara-Collection-BH-9546_[5893]_696.jpg\" width=\"696\" height=\"696\" alt=\"\" style=\"float: left;\" class=\"def\"><\/p>\n<p class=\"def\"><strong class=\"def\"><\/strong><\/p>\n<p class=\"def\"><strong class=\"def\"><\/strong><\/p>\n<h2 style=\"text-align: center;\" class=\"def\"><span style=\"font-size: 18pt;\" class=\"def\"><strong class=\"def\"><strong class=\"def\">Specyfikacja:<\/strong><\/strong><\/span><\/h2>\n<p style=\"text-align: center;\" class=\"def\"><span style=\"font-size: 14pt;\" class=\"def\"><strong class=\"def\">Moc:<\/strong> 220-240 V ~ 50 Hz, 1300 W<\/span><\/p>\n<p style=\"text-align: center;\" class=\"def\"><span style=\"font-size: 14pt;\" class=\"def\"><strong class=\"def\">Kontrola temperatury:<\/strong> 80-200\u2103<\/span><\/p>\n<p style=\"text-align: center;\" class=\"def\"><span style=\"font-size: 14pt;\" class=\"def\"><strong class=\"def\">Rozmiar XXL:<\/strong> Pojemno\u015b\u0107 6,3L<\/span><\/p>\n<p style=\"text-align: center;\" class=\"def\"><strong class=\"def\"><span style=\"font-size: 14pt;\" class=\"def\">Taca oraz wn\u0119trze kosza wykonana z nieprzywieraj\u0105cej pow\u0142oki.<\/span><\/strong><\/p>\n<p style=\"text-align: center;\" class=\"def\"><span style=\"font-size: 14pt;\" class=\"def\"><strong class=\"def\">Kolor:<\/strong> Matowy krem<\/span><\/p>\n<p style=\"text-align: center;\" class=\"def\"><span style=\"font-size: 14pt;\" class=\"def\"><strong class=\"def\">Cyfrowy wy\u015bwietlacz LED z ekranem dotykowym<\/strong><\/span><\/p>\n<p style=\"text-align: center;\" class=\"def\"><span style=\"font-size: 14pt;\" class=\"def\"><strong class=\"def\">Timer:<\/strong> Do 60 min<\/span><\/p>\n<p style=\"text-align: center;\" class=\"def\"><span style=\"font-size: 14pt;\" class=\"def\"><strong class=\"def\">Ochrona przed przegrzaniem<\/strong><\/span><\/p>\n<p style=\"text-align: center;\" class=\"def\"><span style=\"font-size: 14pt;\" class=\"def\"><strong class=\"def\">Widoczne okno<\/strong><\/span><\/p>\n<p style=\"text-align: center;\" class=\"def\"><span style=\"font-size: 14pt;\" class=\"def\"><strong class=\"def\">Antypo\u015blizgowe n\u00f3\u017cki<\/strong><\/span><\/p>\n<p style=\"text-align: center;\" class=\"def\"><span style=\"font-size: 14pt;\" class=\"def\"><strong class=\"def\"><\/strong><\/span><\/p>\n<p style=\"text-align: center;\" class=\"def\"><span style=\"font-size: 14pt;\" class=\"def\"><strong class=\"def\"><\/strong><\/span><\/p>\n<p style=\"text-align: center;\" class=\"def\"><span style=\"font-size: 14pt;\" class=\"def\"><strong class=\"def\"><\/strong><\/span><\/p>\n<p style=\"text-align: center;\" class=\"def\"><span style=\"font-size: 14pt;\" class=\"def\"><strong class=\"def\"><\/strong><\/span><\/p>\n<p style=\"text-align: center;\" class=\"def\"><span style=\"font-size: 14pt;\" class=\"def\"><strong class=\"def\"><\/strong><\/span><\/p>\n<p style=\"text-align: center;\" class=\"def\"><span style=\"font-size: 14pt;\" class=\"def\"><strong class=\"def\"><\/strong><\/span><\/p>\n<p style=\"text-align: center;\" class=\"def\"><span style=\"font-size: 14pt;\" class=\"def\"><strong class=\"def\"><img decoding=\"async\" src=\"https:\/\/berlingerhaus.com.pl\/images\/tn107\/4000-5000\/Frytkownica-beztluszczowa-6-3-L-BerlingerHaus-Sahara-Collection-BH-9546_[4221]_696.jpg\" width=\"696\" height=\"696\" alt=\"\" class=\"def\"><\/strong><\/span><\/p>\n<p class=\"def\">\n","protected":false},"excerpt":{"rendered":"<p>Uwaga: Kolor Sahara mo\u017ce wygl\u0105da\u0107 na \u017cywo nieco ciemniej ni\u017c na zdj\u0119ciach, co wynika z r\u00f3\u017cnic w odwzorowaniu barw przy fotografii studyjnej.<br \/>\nMoc: 220-240 V ~ 50 Hz, 1300 W<br \/>\nTemperatura: 80-200\u2103<br \/>\nPojemno\u015b\u0107: 6,3L<br \/>\nKolor: Matowy krem<\/p>\n","protected":false},"featured_media":0,"comment_status":"open","ping_status":"closed","template":"","meta":{"ocean_post_layout":"","ocean_both_sidebars_style":"","ocean_both_sidebars_content_width":0,"ocean_both_sidebars_sidebars_width":0,"ocean_sidebar":"","ocean_second_sidebar":"","ocean_disable_margins":"enable","ocean_add_body_class":"","ocean_shortcode_before_top_bar":"","ocean_shortcode_after_top_bar":"","ocean_shortcode_before_header":"","ocean_shortcode_after_header":"","ocean_has_shortcode":"","ocean_shortcode_after_title":"","ocean_shortcode_before_footer_widgets":"","ocean_shortcode_after_footer_widgets":"","ocean_shortcode_before_footer_bottom":"","ocean_shortcode_after_footer_bottom":"","ocean_display_top_bar":"default","ocean_display_header":"default","ocean_header_style":"","ocean_center_header_left_menu":"","ocean_custom_header_template":"","ocean_custom_logo":0,"ocean_custom_retina_logo":0,"ocean_custom_logo_max_width":0,"ocean_custom_logo_tablet_max_width":0,"ocean_custom_logo_mobile_max_width":0,"ocean_custom_logo_max_height":0,"ocean_custom_logo_tablet_max_height":0,"ocean_custom_logo_mobile_max_height":0,"ocean_header_custom_menu":"","ocean_menu_typo_font_family":"","ocean_menu_typo_font_subset":"","ocean_menu_typo_font_size":0,"ocean_menu_typo_font_size_tablet":0,"ocean_menu_typo_font_size_mobile":0,"ocean_menu_typo_font_size_unit":"px","ocean_menu_typo_font_weight":"","ocean_menu_typo_font_weight_tablet":"","ocean_menu_typo_font_weight_mobile":"","ocean_menu_typo_transform":"","ocean_menu_typo_transform_tablet":"","ocean_menu_typo_transform_mobile":"","ocean_menu_typo_line_height":0,"ocean_menu_typo_line_height_tablet":0,"ocean_menu_typo_line_height_mobile":0,"ocean_menu_typo_line_height_unit":"","ocean_menu_typo_spacing":0,"ocean_menu_typo_spacing_tablet":0,"ocean_menu_typo_spacing_mobile":0,"ocean_menu_typo_spacing_unit":"","ocean_menu_link_color":"","ocean_menu_link_color_hover":"","ocean_menu_link_color_active":"","ocean_menu_link_background":"","ocean_menu_link_hover_background":"","ocean_menu_link_active_background":"","ocean_menu_social_links_bg":"","ocean_menu_social_hover_links_bg":"","ocean_menu_social_links_color":"","ocean_menu_social_hover_links_color":"","ocean_disable_title":"default","ocean_disable_heading":"default","ocean_post_title":"","ocean_post_subheading":"","ocean_post_title_style":"","ocean_post_title_background_color":"","ocean_post_title_background":0,"ocean_post_title_bg_image_position":"","ocean_post_title_bg_image_attachment":"","ocean_post_title_bg_image_repeat":"","ocean_post_title_bg_image_size":"","ocean_post_title_height":0,"ocean_post_title_bg_overlay":0.5,"ocean_post_title_bg_overlay_color":"","ocean_disable_breadcrumbs":"default","ocean_breadcrumbs_color":"","ocean_breadcrumbs_separator_color":"","ocean_breadcrumbs_links_color":"","ocean_breadcrumbs_links_hover_color":"","ocean_display_footer_widgets":"default","ocean_display_footer_bottom":"default","ocean_custom_footer_template":""},"product_brand":[],"product_cat":[15],"product_tag":[3898,4140,3897,3903],"class_list":{"0":"post-6334","1":"product","2":"type-product","3":"status-publish","5":"product_cat-wszystkie-produkty","6":"product_tag-3898","7":"product_tag-4140","8":"product_tag-berlinger-haus","9":"product_tag-bh-9546","11":"entry","13":"first","14":"instock","15":"shipping-taxable","16":"product-type-simple","17":"has-product-nav","18":"col","19":"span_1_of_4","20":"owp-content-center","21":"owp-thumbs-layout-horizontal","22":"owp-btn-normal","23":"owp-tabs-layout-horizontal","24":"has-no-thumbnails"},"jetpack_sharing_enabled":true,"_links":{"self":[{"href":"https:\/\/domigoo.pl\/index.php\/wp-json\/wp\/v2\/product\/6334","targetHints":{"allow":["GET"]}}],"collection":[{"href":"https:\/\/domigoo.pl\/index.php\/wp-json\/wp\/v2\/product"}],"about":[{"href":"https:\/\/domigoo.pl\/index.php\/wp-json\/wp\/v2\/types\/product"}],"replies":[{"embeddable":true,"href":"https:\/\/domigoo.pl\/index.php\/wp-json\/wp\/v2\/comments?post=6334"}],"wp:attachment":[{"href":"https:\/\/domigoo.pl\/index.php\/wp-json\/wp\/v2\/media?parent=6334"}],"wp:term":[{"taxonomy":"product_brand","embeddable":true,"href":"https:\/\/domigoo.pl\/index.php\/wp-json\/wp\/v2\/product_brand?post=6334"},{"taxonomy":"product_cat","embeddable":true,"href":"https:\/\/domigoo.pl\/index.php\/wp-json\/wp\/v2\/product_cat?post=6334"},{"taxonomy":"product_tag","embeddable":true,"href":"https:\/\/domigoo.pl\/index.php\/wp-json\/wp\/v2\/product_tag?post=6334"}],"curies":[{"name":"wp","href":"https:\/\/api.w.org\/{rel}","templated":true}]}}