{"id":6335,"date":"2025-09-12T10:06:10","date_gmt":"2025-09-12T08:06:10","guid":{"rendered":"https:\/\/domigoo.pl\/index.php\/produkt\/air-fryer-frytkownica-beztluszczowa-63l-taupe-berlingerhaus-bh-9547\/"},"modified":"2025-12-28T11:29:43","modified_gmt":"2025-12-28T10:29:43","slug":"air-fryer-frytkownica-beztluszczowa-63l-taupe-berlingerhaus-bh-9547","status":"publish","type":"product","link":"https:\/\/domigoo.pl\/index.php\/produkt\/air-fryer-frytkownica-beztluszczowa-63l-taupe-berlingerhaus-bh-9547\/","title":{"rendered":"Air Fryer Frytkownica bezt\u0142uszczowa 6,3l Taupe BerlingerHaus BH-9547"},"content":{"rendered":"<h1 style=\"text-align: center;\" class=\"def\">Air Fryer <span style=\"font-size: 24pt;\" class=\"def\">Frytkownica bezt\u0142uszczowa 6,3l<\/span><\/h1>\n<h2 style=\"text-align: center;\" class=\"def\"><span style=\"font-size: 24pt;\" class=\"def\">&nbsp;Taupe BerlingerHaus BH-9547<\/span><\/h2>\n<p style=\"text-align: center;\" class=\"def\"><span style=\"font-size: 14pt;\" class=\"def\">Frytkownica bezt\u0142uszczowa taupe BerlingerHaus BH-9547 to idealne urz\u0105dzenie dla os\u00f3b ceni\u0105cych zdrowe i wygodne gotowanie.<\/span><\/p>\n<p style=\"text-align: center;\" class=\"def\"><span style=\"font-size: 14pt;\" class=\"def\">&nbsp;Dzi\u0119ki du\u017cej pojemno\u015bci <strong class=\"def\">6,3L<\/strong> i mocy <strong class=\"def\">1300 W <\/strong>frytkownica pozwala na przygotowanie chrupi\u0105cych i smacznych potraw dla ca\u0142ej rodziny, zu\u017cywaj\u0105c do <strong class=\"def\">80%<\/strong> mniej t\u0142uszczu ni\u017c tradycyjne metody sma\u017cenia.<\/span><\/p>\n<p class=\"def\"><span style=\"font-size: 24pt;\" class=\"def\"><img fetchpriority=\"high\" decoding=\"async\" src=\"https:\/\/berlingerhaus.com.pl\/images\/tn107\/4000-5000\/Frytkownica-beztluszczowa-6-3l-Taupe-BerlingerHaus-BH-9547_[4844]_696.jpg\" width=\"696\" height=\"696\" alt=\"\" style=\"display: block; margin-left: auto; margin-right: auto;\" class=\"def\"><\/span><\/p>\n<p style=\"text-align: center;\" class=\"def\"><span style=\"font-size: 14pt;\" class=\"def\">Wyposa\u017cona w cyfrowy wy\u015bwietlacz LED z ekranem dotykowym, frytkownica oferuje intuicyjn\u0105 obs\u0142ug\u0119 i precyzyjn\u0105 kontrol\u0119 temperatury od <strong class=\"def\">80 do 200\u2103<\/strong>, co umo\u017cliwia dostosowanie parametr\u00f3w do r\u00f3\u017cnych potraw.<\/span><\/p>\n<p style=\"text-align: center;\" class=\"def\"><span style=\"font-size: 14pt;\" class=\"def\">&nbsp;Timer do 60 minut pozwala na wygodne planowanie czasu przygotowania, a funkcja ochrony przed przegrzaniem zapewnia bezpiecze\u0144stwo u\u017cytkowania.<\/span><\/p>\n<p style=\"text-align: center;\" class=\"def\"><span style=\"font-size: 14pt;\" class=\"def\"><img decoding=\"async\" src=\"https:\/\/berlingerhaus.com.pl\/images\/tn107\/4000-5000\/Frytkownica-beztluszczowa-6-3l-Taupe-BerlingerHaus-BH-9547_[4841]_696.jpg\" width=\"537\" height=\"537\" alt=\"\" style=\"float: left;\" class=\"def\"><\/span><\/p>\n<p style=\"text-align: center;\" class=\"def\"><span style=\"font-size: 18pt;\" class=\"def\"><strong class=\"def\">Kluczowe cechy produktu:<\/strong><\/span><\/p>\n<p style=\"text-align: center;\" class=\"def\"><strong class=\"def\">Moc<\/strong>: 1300 W (220-240 V ~ 50 Hz)<\/p>\n<p style=\"text-align: center;\" class=\"def\"><strong class=\"def\">Pojemno\u015b\u0107<\/strong>: 6,3L (rozmiar XXL)<\/p>\n<p style=\"text-align: center;\" class=\"def\"><strong class=\"def\">Kontrola temperatury<\/strong>: Zakres od 80 do 200\u2103<\/p>\n<p style=\"text-align: center;\" class=\"def\"><strong class=\"def\">Timer<\/strong>: Do 60 minut<\/p>\n<p style=\"text-align: center;\" class=\"def\"><strong class=\"def\">Funkcje<\/strong>: Cyfrowy wy\u015bwietlacz LED, ekran dotykowy, widoczne okno, ochrona przed przegrzaniem<\/p>\n<p style=\"text-align: center;\" class=\"def\"><strong class=\"def\">Kolor<\/strong>: szaro \/ be\u017cowy&nbsp;<\/p>\n<p style=\"text-align: center;\" class=\"def\"><strong class=\"def\">Dodatki<\/strong>: Antypo\u015blizgowe n\u00f3\u017cki, taca na olej i kosz na \u017cywno\u015b\u0107 z pow\u0142ok\u0105 nieprzywieraj\u0105c\u0105 (mo\u017cna my\u0107 w zmywarce)<\/p>\n<p style=\"text-align: center;\" class=\"def\"><strong class=\"def\">Zdrowe gotowanie<\/strong>: Ograniczenie t\u0142uszczu do 80%<\/p>\n<p style=\"text-align: center;\" class=\"def\"><span style=\"font-size: 24pt;\" class=\"def\"><\/span><span style=\"font-size: 18pt;\" class=\"def\"><strong class=\"def\">Wymiary:&nbsp;<\/strong><\/span><\/p>\n<p style=\"text-align: center;\" class=\"def\"><span style=\"font-size: 14pt;\" class=\"def\">Wysoko\u015b\u0107 31cm.<\/span><br class=\"def\"><br \/>\n<span style=\"font-size: 14pt;\" class=\"def\">Szeroko\u015b\u0107 29cm.<\/span><br class=\"def\"><br \/>\n<span style=\"font-size: 14pt;\" class=\"def\">G\u0142\u0119boko\u015b\u0107 27cm.<\/span><\/p>\n<p style=\"text-align: center;\" class=\"def\"><span style=\"font-size: 24pt;\" class=\"def\"><\/span><\/p>\n<p style=\"text-align: center;\" class=\"def\"><span style=\"font-size: 24pt;\" class=\"def\"><\/span><\/p>\n<p style=\"text-align: center;\" class=\"def\"><span style=\"font-size: 24pt;\" class=\"def\"><\/span><\/p>\n<p style=\"text-align: center;\" class=\"def\"><span style=\"font-size: 14pt;\" class=\"def\">Frytkownica bezt\u0142uszczowa BerlingerHaus BH-9547 \u0142\u0105czy nowoczesn\u0105 technologi\u0119 z eleganckim designem, umo\u017cliwiaj\u0105c szybkie, smaczne i zdrowe przygotowywanie potraw przy minimalnym wysi\u0142ku.<\/span><\/p>\n","protected":false},"excerpt":{"rendered":"<p>Moc: 1300 W (220-240 V ~ 50 Hz)<br \/>\nPojemno\u015b\u0107: 6,3L (rozmiar XXL)<br \/>\nKontrola temperatury: Zakres od 80 do 200\u2103<br \/>\nTimer: Do 60 minut<\/p>\n","protected":false},"featured_media":0,"comment_status":"open","ping_status":"closed","template":"","meta":{"ocean_post_layout":"","ocean_both_sidebars_style":"","ocean_both_sidebars_content_width":0,"ocean_both_sidebars_sidebars_width":0,"ocean_sidebar":"","ocean_second_sidebar":"","ocean_disable_margins":"enable","ocean_add_body_class":"","ocean_shortcode_before_top_bar":"","ocean_shortcode_after_top_bar":"","ocean_shortcode_before_header":"","ocean_shortcode_after_header":"","ocean_has_shortcode":"","ocean_shortcode_after_title":"","ocean_shortcode_before_footer_widgets":"","ocean_shortcode_after_footer_widgets":"","ocean_shortcode_before_footer_bottom":"","ocean_shortcode_after_footer_bottom":"","ocean_display_top_bar":"default","ocean_display_header":"default","ocean_header_style":"","ocean_center_header_left_menu":"","ocean_custom_header_template":"","ocean_custom_logo":0,"ocean_custom_retina_logo":0,"ocean_custom_logo_max_width":0,"ocean_custom_logo_tablet_max_width":0,"ocean_custom_logo_mobile_max_width":0,"ocean_custom_logo_max_height":0,"ocean_custom_logo_tablet_max_height":0,"ocean_custom_logo_mobile_max_height":0,"ocean_header_custom_menu":"","ocean_menu_typo_font_family":"","ocean_menu_typo_font_subset":"","ocean_menu_typo_font_size":0,"ocean_menu_typo_font_size_tablet":0,"ocean_menu_typo_font_size_mobile":0,"ocean_menu_typo_font_size_unit":"px","ocean_menu_typo_font_weight":"","ocean_menu_typo_font_weight_tablet":"","ocean_menu_typo_font_weight_mobile":"","ocean_menu_typo_transform":"","ocean_menu_typo_transform_tablet":"","ocean_menu_typo_transform_mobile":"","ocean_menu_typo_line_height":0,"ocean_menu_typo_line_height_tablet":0,"ocean_menu_typo_line_height_mobile":0,"ocean_menu_typo_line_height_unit":"","ocean_menu_typo_spacing":0,"ocean_menu_typo_spacing_tablet":0,"ocean_menu_typo_spacing_mobile":0,"ocean_menu_typo_spacing_unit":"","ocean_menu_link_color":"","ocean_menu_link_color_hover":"","ocean_menu_link_color_active":"","ocean_menu_link_background":"","ocean_menu_link_hover_background":"","ocean_menu_link_active_background":"","ocean_menu_social_links_bg":"","ocean_menu_social_hover_links_bg":"","ocean_menu_social_links_color":"","ocean_menu_social_hover_links_color":"","ocean_disable_title":"default","ocean_disable_heading":"default","ocean_post_title":"","ocean_post_subheading":"","ocean_post_title_style":"","ocean_post_title_background_color":"","ocean_post_title_background":0,"ocean_post_title_bg_image_position":"","ocean_post_title_bg_image_attachment":"","ocean_post_title_bg_image_repeat":"","ocean_post_title_bg_image_size":"","ocean_post_title_height":0,"ocean_post_title_bg_overlay":0.5,"ocean_post_title_bg_overlay_color":"","ocean_disable_breadcrumbs":"default","ocean_breadcrumbs_color":"","ocean_breadcrumbs_separator_color":"","ocean_breadcrumbs_links_color":"","ocean_breadcrumbs_links_hover_color":"","ocean_display_footer_widgets":"default","ocean_display_footer_bottom":"default","ocean_custom_footer_template":""},"product_brand":[],"product_cat":[15],"product_tag":[3896,3898,3897,3904],"class_list":{"0":"post-6335","1":"product","2":"type-product","3":"status-publish","5":"product_cat-wszystkie-produkty","6":"product_tag-3896","7":"product_tag-3898","8":"product_tag-berlinger-haus","9":"product_tag-bh-9547","11":"entry","13":"first","14":"outofstock","15":"shipping-taxable","16":"product-type-simple","17":"has-product-nav","18":"col","19":"span_1_of_4","20":"owp-content-center","21":"owp-thumbs-layout-horizontal","22":"owp-btn-normal","23":"owp-tabs-layout-horizontal","24":"has-no-thumbnails"},"jetpack_sharing_enabled":true,"_links":{"self":[{"href":"https:\/\/domigoo.pl\/index.php\/wp-json\/wp\/v2\/product\/6335","targetHints":{"allow":["GET"]}}],"collection":[{"href":"https:\/\/domigoo.pl\/index.php\/wp-json\/wp\/v2\/product"}],"about":[{"href":"https:\/\/domigoo.pl\/index.php\/wp-json\/wp\/v2\/types\/product"}],"replies":[{"embeddable":true,"href":"https:\/\/domigoo.pl\/index.php\/wp-json\/wp\/v2\/comments?post=6335"}],"wp:attachment":[{"href":"https:\/\/domigoo.pl\/index.php\/wp-json\/wp\/v2\/media?parent=6335"}],"wp:term":[{"taxonomy":"product_brand","embeddable":true,"href":"https:\/\/domigoo.pl\/index.php\/wp-json\/wp\/v2\/product_brand?post=6335"},{"taxonomy":"product_cat","embeddable":true,"href":"https:\/\/domigoo.pl\/index.php\/wp-json\/wp\/v2\/product_cat?post=6335"},{"taxonomy":"product_tag","embeddable":true,"href":"https:\/\/domigoo.pl\/index.php\/wp-json\/wp\/v2\/product_tag?post=6335"}],"curies":[{"name":"wp","href":"https:\/\/api.w.org\/{rel}","templated":true}]}}