{"id":6337,"date":"2025-09-12T10:06:11","date_gmt":"2025-09-12T08:06:11","guid":{"rendered":"https:\/\/domigoo.pl\/index.php\/produkt\/air-fryer-frytkownica-beztluszczowa-72-l-berlingerhaus-bh-9750-taupe-collection\/"},"modified":"2026-03-09T04:09:06","modified_gmt":"2026-03-09T03:09:06","slug":"air-fryer-frytkownica-beztluszczowa-72-l-berlingerhaus-bh-9750-taupe-collection","status":"publish","type":"product","link":"https:\/\/domigoo.pl\/index.php\/produkt\/air-fryer-frytkownica-beztluszczowa-72-l-berlingerhaus-bh-9750-taupe-collection\/","title":{"rendered":"Air Fryer Frytkownica bezt\u0142uszczowa 7,2 L BerlingerHaus BH-9750 Taupe Collection"},"content":{"rendered":"<h1 style=\"text-align: center;\" class=\"def\">Air Fryer <span style=\"font-size: 24pt;\" class=\"def\"><strong class=\"def\">Frytkownica bezt\u0142uszczowa 7,2 L BerlingerHaus<\/strong><\/span><\/h1>\n<h1 style=\"text-align: center;\" class=\"def\"><span style=\"font-size: 24pt;\" class=\"def\"><strong class=\"def\">&nbsp;BH-9750 Taupe Collectio<\/strong><strong class=\"def\">n<\/strong><\/span><\/h1>\n<hr class=\"def\">\n<p class=\"def\">\n<p style=\"text-align: center;\" class=\"def\"><span style=\"font-size: 14pt;\" class=\"def\">Odkryj nowy wymiar zdrowego gotowania z frytkownic\u0105 bezt\u0142uszczow\u0105 BerlingerHaus z kolekcji Taupe!<\/span><\/p>\n<p style=\"text-align: center;\" class=\"def\"><span style=\"font-size: 14pt;\" class=\"def\">&nbsp;Dzi\u0119ki pojemno\u015bci <strong data-start=\"220\" data-end=\"228\" class=\"def\">7,2L<\/strong> w rozmiarze XXL przygotujesz posi\u0142ki dla ca\u0142ej rodziny, zachowuj\u0105c wyj\u0105tkowy smak i chrupko\u015b\u0107 \u2013 bez konieczno\u015bci u\u017cycia t\u0142uszczu.<\/span><\/p>\n<p class=\"def\"><img fetchpriority=\"high\" decoding=\"async\" src=\"https:\/\/berlingerhaus.com.pl\/images\/tn107\/5000-6000\/Frytkownica-beztluszczowa-7-2-L-BerlingerHaus-BH-9750-Taupe-Collection_[5474]_696.jpg\" width=\"613\" height=\"613\" alt=\"\" style=\"display: block; margin-left: auto; margin-right: auto;\" class=\"def\"><\/p>\n<h2 data-start=\"362\" data-end=\"415\" style=\"text-align: center;\" class=\"def\"><strong data-start=\"366\" data-end=\"413\" class=\"def\">Nowoczesna Technologia i Wygoda U\u017cytkowania<\/strong><\/h2>\n<p style=\"text-align: center;\" class=\"def\"><span style=\"font-size: 14pt;\" class=\"def\">&nbsp;<strong data-start=\"418\" data-end=\"432\" class=\"def\">Moc 1650 W<\/strong> zapewnia szybkie i r\u00f3wnomierne nagrzewanie<\/span><\/p>\n<p style=\"text-align: center;\" class=\"def\"><br data-start=\"475\" data-end=\"478\" class=\"def\"><br \/>\n <span style=\"font-size: 14pt;\" class=\"def\"><strong data-start=\"480\" data-end=\"513\" class=\"def\">Regulacja temperatury 80-200\u2103<\/strong> pozwala na idealne dopasowanie do r\u00f3\u017cnych potraw<\/span><\/p>\n<p style=\"text-align: center;\" class=\"def\"><br data-start=\"562\" data-end=\"565\" class=\"def\"><br \/>\n <span style=\"font-size: 14pt;\" class=\"def\">&nbsp;<strong data-start=\"567\" data-end=\"597\" class=\"def\">Cyfrowy panel dotykowy LED<\/strong> u\u0142atwia obs\u0142ug\u0119<\/span><\/p>\n<p style=\"text-align: center;\" class=\"def\"><br data-start=\"613\" data-end=\"616\" class=\"def\"><br \/>\n <span style=\"font-size: 14pt;\" class=\"def\">&nbsp;<strong data-start=\"618\" data-end=\"644\" class=\"def\">11 program\u00f3w gotowania<\/strong> \u2013 idealne ustawienia dla r\u00f3\u017cnych rodzaj\u00f3w \u017cywno\u015bci<\/span><\/p>\n<p style=\"text-align: center;\" class=\"def\"><br data-start=\"695\" data-end=\"698\" class=\"def\"><br \/>\n <span style=\"font-size: 14pt;\" class=\"def\">&nbsp;<strong data-start=\"700\" data-end=\"751\" class=\"def\">Funkcja utrzymywania ciep\u0142a i op\u00f3\u017anienia startu<\/strong> dla pe\u0142nej wygody<\/span><\/p>\n<h2 style=\"text-align: center;\" class=\"def\"><span style=\"font-size: 18pt;\" class=\"def\"><img decoding=\"async\" src=\"https:\/\/berlingerhaus.com.pl\/images\/tn107\/5000-6000\/Frytkownica-beztluszczowa-7-2-L-BerlingerHaus-BH-9750-Taupe-Collection_[5473]_696.jpg\" width=\"544\" height=\"544\" alt=\"\" style=\"float: left;\" class=\"def\">Specyfikacja :&nbsp;<\/span><\/h2>\n<p style=\"text-align: center;\" class=\"def\"><span style=\"font-size: 14pt;\" class=\"def\"><strong data-start=\"94\" data-end=\"102\" class=\"def\">Moc:<\/strong> 1650 W (220-240 V ~ 50 Hz)<\/span><\/p>\n<p style=\"text-align: center;\" class=\"def\"><span style=\"font-size: 14pt;\" class=\"def\"><strong data-start=\"134\" data-end=\"148\" class=\"def\">Pojemno\u015b\u0107:<\/strong> 7,2 L (rozmiar XXL)<\/span><\/p>\n<p style=\"text-align: center;\" class=\"def\"><span style=\"font-size: 14pt;\" class=\"def\"><strong data-start=\"173\" data-end=\"196\" class=\"def\">Zakres temperatury:<\/strong> 80-200\u2103<\/span><\/p>\n<p style=\"text-align: center;\" class=\"def\"><span style=\"font-size: 14pt;\" class=\"def\"><strong class=\"def\">Kolor <\/strong>: matowy szary-be\u017c<\/span><\/p>\n<p style=\"text-align: center;\" class=\"def\"><span style=\"font-size: 14pt;\" class=\"def\"><strong data-start=\"209\" data-end=\"230\" class=\"def\">Panel sterowania:<\/strong> Cyfrowy, dotykowy wy\u015bwietlacz LED<\/span><\/p>\n<p style=\"text-align: center;\" class=\"def\"><span style=\"font-size: 14pt;\" class=\"def\"><strong data-start=\"269\" data-end=\"292\" class=\"def\">Programy gotowania:<\/strong> 11 tryb\u00f3w&nbsp; dla r\u00f3\u017cnych rodzaj\u00f3w potraw<\/span><\/p>\n<p style=\"text-align: center;\" class=\"def\"><span style=\"font-size: 14pt;\" class=\"def\"><strong data-start=\"357\" data-end=\"379\" class=\"def\">Dodatkowe funkcje:<\/strong><\/span><\/p>\n<p style=\"text-align: center;\" class=\"def\"><span style=\"font-size: 14pt;\" class=\"def\">Utrzymywanie ciep\u0142a<\/span><\/p>\n<p style=\"text-align: center;\" class=\"def\"><span style=\"font-size: 14pt;\" class=\"def\">Op\u00f3\u017anienie startu<\/span><\/p>\n<p style=\"text-align: center;\" class=\"def\"><span style=\"font-size: 14pt;\" class=\"def\">Timer do 60 minut<\/span><\/p>\n<p style=\"text-align: center;\" class=\"def\"><span style=\"font-size: 14pt;\" class=\"def\"><\/span><\/p>\n","protected":false},"excerpt":{"rendered":"<p>Moc: 1650 W (220-240 V ~ 50 Hz)<br \/>\nPojemno\u015b\u0107: 7,2 L (rozmiar XXL)<br \/>\nZakres temperatury: 80-200\u2103<br \/>\nKolor : matowy szary-be\u017c<\/p>\n","protected":false},"featured_media":0,"comment_status":"open","ping_status":"closed","template":"","meta":{"ocean_post_layout":"","ocean_both_sidebars_style":"","ocean_both_sidebars_content_width":0,"ocean_both_sidebars_sidebars_width":0,"ocean_sidebar":"","ocean_second_sidebar":"","ocean_disable_margins":"enable","ocean_add_body_class":"","ocean_shortcode_before_top_bar":"","ocean_shortcode_after_top_bar":"","ocean_shortcode_before_header":"","ocean_shortcode_after_header":"","ocean_has_shortcode":"","ocean_shortcode_after_title":"","ocean_shortcode_before_footer_widgets":"","ocean_shortcode_after_footer_widgets":"","ocean_shortcode_before_footer_bottom":"","ocean_shortcode_after_footer_bottom":"","ocean_display_top_bar":"default","ocean_display_header":"default","ocean_header_style":"","ocean_center_header_left_menu":"","ocean_custom_header_template":"","ocean_custom_logo":0,"ocean_custom_retina_logo":0,"ocean_custom_logo_max_width":0,"ocean_custom_logo_tablet_max_width":0,"ocean_custom_logo_mobile_max_width":0,"ocean_custom_logo_max_height":0,"ocean_custom_logo_tablet_max_height":0,"ocean_custom_logo_mobile_max_height":0,"ocean_header_custom_menu":"","ocean_menu_typo_font_family":"","ocean_menu_typo_font_subset":"","ocean_menu_typo_font_size":0,"ocean_menu_typo_font_size_tablet":0,"ocean_menu_typo_font_size_mobile":0,"ocean_menu_typo_font_size_unit":"px","ocean_menu_typo_font_weight":"","ocean_menu_typo_font_weight_tablet":"","ocean_menu_typo_font_weight_mobile":"","ocean_menu_typo_transform":"","ocean_menu_typo_transform_tablet":"","ocean_menu_typo_transform_mobile":"","ocean_menu_typo_line_height":0,"ocean_menu_typo_line_height_tablet":0,"ocean_menu_typo_line_height_mobile":0,"ocean_menu_typo_line_height_unit":"","ocean_menu_typo_spacing":0,"ocean_menu_typo_spacing_tablet":0,"ocean_menu_typo_spacing_mobile":0,"ocean_menu_typo_spacing_unit":"","ocean_menu_link_color":"","ocean_menu_link_color_hover":"","ocean_menu_link_color_active":"","ocean_menu_link_background":"","ocean_menu_link_hover_background":"","ocean_menu_link_active_background":"","ocean_menu_social_links_bg":"","ocean_menu_social_hover_links_bg":"","ocean_menu_social_links_color":"","ocean_menu_social_hover_links_color":"","ocean_disable_title":"default","ocean_disable_heading":"default","ocean_post_title":"","ocean_post_subheading":"","ocean_post_title_style":"","ocean_post_title_background_color":"","ocean_post_title_background":0,"ocean_post_title_bg_image_position":"","ocean_post_title_bg_image_attachment":"","ocean_post_title_bg_image_repeat":"","ocean_post_title_bg_image_size":"","ocean_post_title_height":0,"ocean_post_title_bg_overlay":0.5,"ocean_post_title_bg_overlay_color":"","ocean_disable_breadcrumbs":"default","ocean_breadcrumbs_color":"","ocean_breadcrumbs_separator_color":"","ocean_breadcrumbs_links_color":"","ocean_breadcrumbs_links_hover_color":"","ocean_display_footer_widgets":"default","ocean_display_footer_bottom":"default","ocean_custom_footer_template":""},"product_brand":[],"product_cat":[15],"product_tag":[3898,4140,3897,3906],"class_list":{"0":"post-6337","1":"product","2":"type-product","3":"status-publish","5":"product_cat-wszystkie-produkty","6":"product_tag-3898","7":"product_tag-4140","8":"product_tag-berlinger-haus","9":"product_tag-bh-9750","11":"entry","13":"first","14":"instock","15":"shipping-taxable","16":"product-type-simple","17":"has-product-nav","18":"col","19":"span_1_of_4","20":"owp-content-center","21":"owp-thumbs-layout-horizontal","22":"owp-btn-normal","23":"owp-tabs-layout-horizontal","24":"has-no-thumbnails"},"jetpack_sharing_enabled":true,"_links":{"self":[{"href":"https:\/\/domigoo.pl\/index.php\/wp-json\/wp\/v2\/product\/6337","targetHints":{"allow":["GET"]}}],"collection":[{"href":"https:\/\/domigoo.pl\/index.php\/wp-json\/wp\/v2\/product"}],"about":[{"href":"https:\/\/domigoo.pl\/index.php\/wp-json\/wp\/v2\/types\/product"}],"replies":[{"embeddable":true,"href":"https:\/\/domigoo.pl\/index.php\/wp-json\/wp\/v2\/comments?post=6337"}],"wp:attachment":[{"href":"https:\/\/domigoo.pl\/index.php\/wp-json\/wp\/v2\/media?parent=6337"}],"wp:term":[{"taxonomy":"product_brand","embeddable":true,"href":"https:\/\/domigoo.pl\/index.php\/wp-json\/wp\/v2\/product_brand?post=6337"},{"taxonomy":"product_cat","embeddable":true,"href":"https:\/\/domigoo.pl\/index.php\/wp-json\/wp\/v2\/product_cat?post=6337"},{"taxonomy":"product_tag","embeddable":true,"href":"https:\/\/domigoo.pl\/index.php\/wp-json\/wp\/v2\/product_tag?post=6337"}],"curies":[{"name":"wp","href":"https:\/\/api.w.org\/{rel}","templated":true}]}}