{"id":6344,"date":"2025-09-12T10:06:12","date_gmt":"2025-09-12T08:06:12","guid":{"rendered":"https:\/\/domigoo.pl\/index.php\/produkt\/air-fryer-frytkownica-beztluszczowa-z-podwojnym-koszem-41l41l-berlingerhaus-bh-9469-black-rose\/"},"modified":"2026-04-06T11:12:14","modified_gmt":"2026-04-06T09:12:14","slug":"air-fryer-frytkownica-beztluszczowa-z-podwojnym-koszem-41l41l-berlingerhaus-bh-9469-black-rose","status":"publish","type":"product","link":"https:\/\/domigoo.pl\/index.php\/produkt\/air-fryer-frytkownica-beztluszczowa-z-podwojnym-koszem-41l41l-berlingerhaus-bh-9469-black-rose\/","title":{"rendered":"Air Fryer Frytkownica bezt\u0142uszczowa z podw\u00f3jnym koszem 4,1L+4,1L BerlingerHaus BH-9469 Black Rose"},"content":{"rendered":"<p><!-- x-tinymce\/html --><\/p>\n<h1 style=\"text-align: center;\" class=\"def\">Air Fryer Frytkownica bezt\u0142uszczowa z podw\u00f3jnym koszem<\/h1>\n<h1 style=\"text-align: center;\" class=\"def\">4,1L+4,1L BerlingerHaus&nbsp; BH-9469 Black Rose<\/h1>\n<hr class=\"def\">\n<p style=\"text-align: center;\" class=\"def\"><span style=\"font-size: 14pt;\" class=\"def\">Frytkownica bezt\u0142uszczowa<span class=\"def\">&nbsp;<\/span><strong class=\"def\">BerlingerHaus<\/strong><span class=\"def\">&nbsp;<\/span>to doskona\u0142e rozwi\u0105zanie dla os\u00f3b, kt\u00f3re pragn\u0105 cieszy\u0107 si\u0119 pysznymi potrawami w zdrowej wersji.<\/span><\/p>\n<p style=\"text-align: center;\" class=\"def\"><span style=\"font-size: 14pt;\" class=\"def\">&nbsp;Dzi\u0119ki technologii gor\u0105cego powietrza, umo\u017cliwia sma\u017cenie bez u\u017cycia t\u0142uszczu, co pozwala na przygotowanie da\u0144<span class=\"def\">&nbsp;<\/span><strong class=\"def\">o nawet 80% mniej t\u0142uszczu<\/strong><span class=\"def\">&nbsp;<\/span>w por\u00f3wnaniu do tradycyjnych metod.<\/span><\/p>\n<p style=\"text-align: center;\" class=\"def\"><span style=\"font-size: 14pt;\" class=\"def\">&nbsp;Frytkownica o du\u017cej pojemno\u015bci<span class=\"def\">&nbsp;<\/span><strong class=\"def\">8,2L<\/strong><span class=\"def\">&nbsp;<\/span>(2 x 4,1L) pozwala na przygotowanie wi\u0119kszych porcji, idealnych dla ca\u0142ej rodziny lub go\u015bci.<\/span><\/p>\n<p style=\"text-align: center;\" class=\"def\"><span style=\"font-size: 14pt;\" class=\"def\"><img decoding=\"async\" src=\"https:\/\/berlingerhaus.com.pl\/images\/tn107\/6000-7000\/Air-Fryer-Frytkownica-beztluszczowa-z-podwojnym-koszem-4-1L-4-1L-BerlingerHaus-BH-9469-Black-Rose_[6560]_696.jpg\" alt=\"\" class=\"def\"><\/span><\/p>\n<p style=\"text-align: center;\" class=\"def\"><span style=\"font-size: 14pt;\" class=\"def\">Urz\u0105dzenie oferuje pe\u0142n\u0105 kontrol\u0119 nad procesem sma\u017cenia dzi\u0119ki regulowanej temperaturze w zakresie<span class=\"def\">&nbsp;<\/span><strong class=\"def\">od 80 do 200\u2103<\/strong><span class=\"def\">&nbsp;<\/span>oraz timerowi, kt\u00f3ry umo\u017cliwia ustawienie czasu pracy<strong class=\"def\"><span class=\"def\">&nbsp;<\/span>do 60 minut<\/strong>.<\/span><\/p>\n<p style=\"text-align: center;\" class=\"def\"><span style=\"font-size: 14pt;\" class=\"def\">&nbsp;Dzi\u0119ki cyfrowemu wy\u015bwietlaczowi LED z ekranem dotykowym, obs\u0142uga frytkownicy jest wyj\u0105tkowo prosta i wygodna. Dodatkowo, widoczne okna pozwalaj\u0105 na \u0142atwe monitorowanie post\u0119pu gotowania.<\/span><\/p>\n<p class=\"def\"><img fetchpriority=\"high\" decoding=\"async\" src=\"https:\/\/berlingerhaus.com.pl\/images\/tn107\/5000-6000\/Frytkownica-beztluszczowa-z-podwojnym-koszem-4-1L-4-1L-BerlingerHaus-BH-9469-Black-Rose_[5282]_696.jpg\" width=\"500\" height=\"500\" alt=\"\" style=\"display: block; margin-left: auto; margin-right: auto;\" class=\"def\"><\/p>\n<p class=\"def\">\n<p style=\"text-align: center;\" class=\"def\"><span style=\"font-size: 18pt;\" class=\"def\"><strong class=\"def\"><img decoding=\"async\" src=\"https:\/\/berlingerhaus.com.pl\/images\/tn107\/5000-6000\/Frytkownica-beztluszczowa-z-podwojnym-koszem-4-1L-4-1L-BerlingerHaus-BH-9469-Black-Rose_[5281]_696.jpg\" width=\"595\" height=\"595\" alt=\"\" style=\"float: left;\" class=\"def\">Cechy produktu<\/strong><\/span><\/p>\n<p style=\"text-align: center;\" class=\"def\">&nbsp;<\/p>\n<p style=\"text-align: center;\" class=\"def\"><span style=\"font-size: 14pt;\" class=\"def\">Moc:&nbsp;220-240V ~ 50Hz 2700W<br class=\"def\"><br \/>\n <\/span><\/p>\n<p style=\"text-align: center;\" class=\"def\"><span style=\"font-size: 14pt;\" class=\"def\">Regulacja temperatury:&nbsp;80-200\u2103<br class=\"def\"><br \/>\n <\/span><\/p>\n<p style=\"text-align: center;\" class=\"def\"><span style=\"font-size: 14pt;\" class=\"def\">Pojemno\u015b\u0107:&nbsp;8,2L = 4,1L + 4,1L (XXXL rozmiar)<br class=\"def\"><br \/>\n <\/span><\/p>\n<p style=\"text-align: center;\" class=\"def\"><span style=\"font-size: 14pt;\" class=\"def\">Taca na olej i koszyk na jedzenie&nbsp;<\/span><\/p>\n<p style=\"text-align: center;\" class=\"def\"><span style=\"font-size: 14pt;\" class=\"def\">&nbsp;Ochrona przed przegrzaniem<br class=\"def\"><br \/>\n <\/span><\/p>\n<p style=\"text-align: center;\" class=\"def\"><span style=\"font-size: 14pt;\" class=\"def\">Wy\u015bwietlacz LED z ekranem dotykowym<br class=\"def\"><br \/>\n <\/span><\/p>\n<p style=\"text-align: center;\" class=\"def\"><span style=\"font-size: 14pt;\" class=\"def\">Okienka widokowe<br class=\"def\"><br \/>\n <\/span><\/p>\n<p style=\"text-align: center;\" class=\"def\"><span style=\"font-size: 14pt;\" class=\"def\">Antypo\u015blizgowe n\u00f3\u017cki<br class=\"def\"><br \/>\n <\/span><\/p>\n<p style=\"text-align: center;\" class=\"def\"><span style=\"font-size: 14pt;\" class=\"def\">Timer do 60 minut<br class=\"def\"><br \/>\n <\/span><\/p>\n<p style=\"text-align: center;\" class=\"def\"><span style=\"font-size: 14pt;\" class=\"def\">Zdrowy spos\u00f3b gotowania bez oleju i t\u0142uszczu<br class=\"def\"><br \/>\n <\/span><\/p>\n<p style=\"text-align: center;\" class=\"def\"><span style=\"font-size: 14pt;\" class=\"def\">Do 80% mniej t\u0142uszczu<\/span><\/p>\n<p style=\"text-align: center;\" class=\"def\"><span style=\"font-size: 14pt;\" class=\"def\">Kolor:&nbsp;Czarny z r\u00f3\u017cowo- z\u0142otymi akcentami<br class=\"def\"><br \/>\n <\/span><\/p>\n<p style=\"text-align: center;\" class=\"def\"><strong class=\"def\"><span style=\"font-size: 14pt;\" class=\"def\">Kolekcja:&nbsp;Black Rose Collection<\/span><\/strong><\/p>\n<p class=\"def\"><span style=\"font-size: 18pt;\" class=\"def\"><strong class=\"def\"><\/strong><\/span><\/p>\n","protected":false},"excerpt":{"rendered":"<p>Moc: 220-240V ~ 50Hz 2700W<br \/>\nRegulacja temperatury: 80-200\u2103<br \/>\nPojemno\u015b\u0107: 8,2L = 4,1L + 4,1L (XXXL rozmiar)<br \/>\nTaca na olej i koszyk na jedzenie<br \/>\nEkran: Cyfrowy<br \/>\nKolor: Czarny z r\u00f3\u017cowo- z\u0142otymi akcentami<br \/>\nKolekcja: Black Rose Collection<\/p>\n","protected":false},"featured_media":0,"comment_status":"open","ping_status":"closed","template":"","meta":{"ocean_post_layout":"","ocean_both_sidebars_style":"","ocean_both_sidebars_content_width":0,"ocean_both_sidebars_sidebars_width":0,"ocean_sidebar":"","ocean_second_sidebar":"","ocean_disable_margins":"enable","ocean_add_body_class":"","ocean_shortcode_before_top_bar":"","ocean_shortcode_after_top_bar":"","ocean_shortcode_before_header":"","ocean_shortcode_after_header":"","ocean_has_shortcode":"","ocean_shortcode_after_title":"","ocean_shortcode_before_footer_widgets":"","ocean_shortcode_after_footer_widgets":"","ocean_shortcode_before_footer_bottom":"","ocean_shortcode_after_footer_bottom":"","ocean_display_top_bar":"default","ocean_display_header":"default","ocean_header_style":"","ocean_center_header_left_menu":"","ocean_custom_header_template":"","ocean_custom_logo":0,"ocean_custom_retina_logo":0,"ocean_custom_logo_max_width":0,"ocean_custom_logo_tablet_max_width":0,"ocean_custom_logo_mobile_max_width":0,"ocean_custom_logo_max_height":0,"ocean_custom_logo_tablet_max_height":0,"ocean_custom_logo_mobile_max_height":0,"ocean_header_custom_menu":"","ocean_menu_typo_font_family":"","ocean_menu_typo_font_subset":"","ocean_menu_typo_font_size":0,"ocean_menu_typo_font_size_tablet":0,"ocean_menu_typo_font_size_mobile":0,"ocean_menu_typo_font_size_unit":"px","ocean_menu_typo_font_weight":"","ocean_menu_typo_font_weight_tablet":"","ocean_menu_typo_font_weight_mobile":"","ocean_menu_typo_transform":"","ocean_menu_typo_transform_tablet":"","ocean_menu_typo_transform_mobile":"","ocean_menu_typo_line_height":0,"ocean_menu_typo_line_height_tablet":0,"ocean_menu_typo_line_height_mobile":0,"ocean_menu_typo_line_height_unit":"","ocean_menu_typo_spacing":0,"ocean_menu_typo_spacing_tablet":0,"ocean_menu_typo_spacing_mobile":0,"ocean_menu_typo_spacing_unit":"","ocean_menu_link_color":"","ocean_menu_link_color_hover":"","ocean_menu_link_color_active":"","ocean_menu_link_background":"","ocean_menu_link_hover_background":"","ocean_menu_link_active_background":"","ocean_menu_social_links_bg":"","ocean_menu_social_hover_links_bg":"","ocean_menu_social_links_color":"","ocean_menu_social_hover_links_color":"","ocean_disable_title":"default","ocean_disable_heading":"default","ocean_post_title":"","ocean_post_subheading":"","ocean_post_title_style":"","ocean_post_title_background_color":"","ocean_post_title_background":0,"ocean_post_title_bg_image_position":"","ocean_post_title_bg_image_attachment":"","ocean_post_title_bg_image_repeat":"","ocean_post_title_bg_image_size":"","ocean_post_title_height":0,"ocean_post_title_bg_overlay":0.5,"ocean_post_title_bg_overlay_color":"","ocean_disable_breadcrumbs":"default","ocean_breadcrumbs_color":"","ocean_breadcrumbs_separator_color":"","ocean_breadcrumbs_links_color":"","ocean_breadcrumbs_links_hover_color":"","ocean_display_footer_widgets":"default","ocean_display_footer_bottom":"default","ocean_custom_footer_template":""},"product_brand":[],"product_cat":[15],"product_tag":[4454,3898,3897,3913],"class_list":{"0":"post-6344","1":"product","2":"type-product","3":"status-publish","5":"product_cat-wszystkie-produkty","6":"product_tag-4454","7":"product_tag-3898","8":"product_tag-berlinger-haus","9":"product_tag-bh-9469","11":"entry","13":"first","14":"instock","15":"shipping-taxable","16":"product-type-simple","17":"has-product-nav","18":"col","19":"span_1_of_4","20":"owp-content-center","21":"owp-thumbs-layout-horizontal","22":"owp-btn-normal","23":"owp-tabs-layout-horizontal","24":"has-no-thumbnails"},"jetpack_sharing_enabled":true,"_links":{"self":[{"href":"https:\/\/domigoo.pl\/index.php\/wp-json\/wp\/v2\/product\/6344","targetHints":{"allow":["GET"]}}],"collection":[{"href":"https:\/\/domigoo.pl\/index.php\/wp-json\/wp\/v2\/product"}],"about":[{"href":"https:\/\/domigoo.pl\/index.php\/wp-json\/wp\/v2\/types\/product"}],"replies":[{"embeddable":true,"href":"https:\/\/domigoo.pl\/index.php\/wp-json\/wp\/v2\/comments?post=6344"}],"wp:attachment":[{"href":"https:\/\/domigoo.pl\/index.php\/wp-json\/wp\/v2\/media?parent=6344"}],"wp:term":[{"taxonomy":"product_brand","embeddable":true,"href":"https:\/\/domigoo.pl\/index.php\/wp-json\/wp\/v2\/product_brand?post=6344"},{"taxonomy":"product_cat","embeddable":true,"href":"https:\/\/domigoo.pl\/index.php\/wp-json\/wp\/v2\/product_cat?post=6344"},{"taxonomy":"product_tag","embeddable":true,"href":"https:\/\/domigoo.pl\/index.php\/wp-json\/wp\/v2\/product_tag?post=6344"}],"curies":[{"name":"wp","href":"https:\/\/api.w.org\/{rel}","templated":true}]}}