{"id":6346,"date":"2025-09-12T10:06:13","date_gmt":"2025-09-12T08:06:13","guid":{"rendered":"https:\/\/domigoo.pl\/index.php\/produkt\/air-fryer-frytkownica-z-podwojnym-koszem-55l35l-berlingerhaus-black-rose-bh-9467\/"},"modified":"2026-04-06T11:12:14","modified_gmt":"2026-04-06T09:12:14","slug":"air-fryer-frytkownica-z-podwojnym-koszem-55l35l-berlingerhaus-black-rose-bh-9467","status":"publish","type":"product","link":"https:\/\/domigoo.pl\/index.php\/produkt\/air-fryer-frytkownica-z-podwojnym-koszem-55l35l-berlingerhaus-black-rose-bh-9467\/","title":{"rendered":"Air Fryer Frytkownica z podw\u00f3jnym koszem 5,5l+3,5l BerlingerHaus Black Rose BH-9467"},"content":{"rendered":"<p><!-- x-tinymce\/html --><\/p>\n<h1 style=\"text-align: center;\" class=\"def\"><span style=\"font-family: Montserrat;\" class=\"def\">Air Fryer&nbsp;<\/span><strong style=\"font-size: 24pt;\" class=\"def\"><span class=\"def\">Frytkownica z podw\u00f3jnym koszem 5,5l+3,5l<\/span><\/strong><\/h1>\n<p style=\"text-align: center;\" class=\"def\"><span style=\"font-family: Montserrat; font-size: 24pt;\" class=\"def\"><strong class=\"def\"><span class=\"def\">&nbsp;BerlingerHaus <\/span><\/strong><strong class=\"def\"><span class=\"def\">Black Rose <\/span><\/strong><strong class=\"def\"><span class=\"def\">BH-9467<\/span><\/strong><\/span><\/p>\n<p style=\"text-align: center;\" class=\"def\"><strong class=\"def\"><span style=\"font-family: verdana, geneva, sans-serif; font-size: 18pt;\" class=\"def\"><img fetchpriority=\"high\" decoding=\"async\" src=\"https:\/\/berlingerhaus.com.pl\/images\/tn107\/4000-5000\/Frytkownica-z-podwojnym-koszem-5-5l-3-5l-BerlingerHaus-Black-Rose-BH-9467_[4004]_696.jpg\" width=\"665\" height=\"665\" alt=\"\" class=\"def\"><\/span><\/strong><\/p>\n<p style=\"text-align: center;\" class=\"def\"><span style=\"font-family: verdana, geneva, sans-serif; font-size: 12pt;\" class=\"def\">Je\u015bli szukasz zaawansowanej frytkownicy, kt\u00f3ra spe\u0142ni oczekiwania nawet najbardziej wymagaj\u0105cych kucharzy, to Frytkownica z podw\u00f3jnym koszem 5,5L+3,5L BerlingerHaus Black Rose BH-9467 jest idealnym wyborem.<\/span><\/p>\n<p style=\"text-align: center;\" class=\"def\"><span style=\"font-family: verdana, geneva, sans-serif; font-size: 12pt;\" class=\"def\">&nbsp;Dzi\u0119ki eleganckiemu designowi w kolorze czarno-r\u00f3\u017cowego z\u0142ota, doskonale wpasuje si\u0119 w ka\u017cd\u0105 nowoczesn\u0105 kuchni\u0119.<\/span><\/p>\n<p style=\"text-align: center;\" class=\"def\"><span style=\"font-family: verdana, geneva, sans-serif; font-size: 12pt;\" class=\"def\"><\/span><\/p>\n<p style=\"text-align: center;\" class=\"def\"><span style=\"font-family: verdana, geneva, sans-serif; font-size: 12pt;\" class=\"def\"><img decoding=\"async\" src=\"https:\/\/berlingerhaus.com.pl\/images\/tn107\/4000-5000\/Frytkownica-z-podwojnym-koszem-5-5l-3-5l-BerlingerHaus-Black-Rose-BH-9467_[4005]_696.jpg\" width=\"616\" height=\"616\" alt=\"\" style=\"float: left;\" class=\"def\"><\/span><\/p>\n<h2 style=\"text-align: center;\" class=\"def\">Specyfikacja techniczna:<\/h2>\n<p class=\"def\"><strong class=\"def\">Moc:<\/strong> 220-240V \/ 2700W, co zapewnia szybkie i efektywne sma\u017cenie.<\/p>\n<p class=\"def\"><strong class=\"def\">Kontrola temperatury:<\/strong> Zakres od 80\u00b0C do 200\u00b0C, umo\u017cliwiaj\u0105cy precyzyjne dopasowanie temperatury do przygotowywanej potrawy.<\/p>\n<p class=\"def\"><strong class=\"def\">Pojemno\u015b\u0107:<\/strong> \u0141\u0105czna pojemno\u015b\u0107 9 litr\u00f3w, podzielona na dwa kosze: 5,5L i 3,5L, co pozwala na jednoczesne sma\u017cenie r\u00f3\u017cnych produkt\u00f3w<\/p>\n<p class=\"def\"><strong class=\"def\">Taca na olej:<\/strong> Wyposa\u017cona w pow\u0142ok\u0119 nieprzywieraj\u0105c\u0105, u\u0142atwiaj\u0105c\u0105 czyszczenie i zachowanie higieny.<\/p>\n<p class=\"def\"><strong class=\"def\">Kolor:<\/strong> Elegancka kombinacja czarnego z r\u00f3\u017cowym z\u0142otem.<\/p>\n<p class=\"def\">\n<p class=\"def\">\n<p class=\"def\">\n<h3 style=\"text-align: center;\" class=\"def\"><\/h3>\n<h3 style=\"text-align: center;\" class=\"def\"><\/h3>\n<h3 style=\"text-align: center;\" class=\"def\"><\/h3>\n<h3 style=\"text-align: center;\" class=\"def\"><\/h3>\n<hr class=\"def\">\n<h2 style=\"text-align: center;\" class=\"def\">Dodatkowe funkcje:<\/h2>\n<p style=\"text-align: center;\" class=\"def\"><strong class=\"def\">Ochrona przed przegrzaniem:<\/strong> Zapewnia bezpieczne u\u017cytkowanie, chroni\u0105c urz\u0105dzenie przed uszkodzeniem.<\/p>\n<p style=\"text-align: center;\" class=\"def\"><strong class=\"def\">Wy\u015bwietlacz LED z ekranem dotykowym:<\/strong> Intuicyjny i \u0142atwy w obs\u0142udze, pozwala na szybkie ustawienie wszystkich parametr\u00f3w sma\u017cenia.<\/p>\n<p style=\"text-align: center;\" class=\"def\"><strong class=\"def\">Antypo\u015blizgowe n\u00f3\u017cki:<\/strong> Gwarantuj\u0105 stabilno\u015b\u0107 urz\u0105dzenia podczas pracy.<\/p>\n<p style=\"text-align: center;\" class=\"def\"><strong class=\"def\">Timer do 60 minut:<\/strong> Umo\u017cliwia precyzyjne kontrolowanie czasu sma\u017cenia, co pozwala na idealne przygotowanie ka\u017cdej potrawy.<\/p>\n","protected":false},"excerpt":{"rendered":"<p>Moc: 220-240V \/ 2700W<br \/>\nKontrola temperatury 80-200C<br \/>\nPojemno\u015b\u0107 9L: 5,5L+3,5L<br \/>\nTaca na olej z pow\u0142ok\u0105 nieprzywieraj\u0105c\u0105<br \/>\nKolor: czarno-r\u00f3\u017cowe z\u0142oto<br \/>\nOchrona przed przegrzaniem<br \/>\nWy\u015bwietlacz LED z ekranem dotykowym<br \/>\nAntypo\u015blizgowe n\u00f3\u017cki<br \/>\nTimer do 60 min<\/p>\n","protected":false},"featured_media":0,"comment_status":"open","ping_status":"closed","template":"","meta":{"ocean_post_layout":"","ocean_both_sidebars_style":"","ocean_both_sidebars_content_width":0,"ocean_both_sidebars_sidebars_width":0,"ocean_sidebar":"","ocean_second_sidebar":"","ocean_disable_margins":"enable","ocean_add_body_class":"","ocean_shortcode_before_top_bar":"","ocean_shortcode_after_top_bar":"","ocean_shortcode_before_header":"","ocean_shortcode_after_header":"","ocean_has_shortcode":"","ocean_shortcode_after_title":"","ocean_shortcode_before_footer_widgets":"","ocean_shortcode_after_footer_widgets":"","ocean_shortcode_before_footer_bottom":"","ocean_shortcode_after_footer_bottom":"","ocean_display_top_bar":"default","ocean_display_header":"default","ocean_header_style":"","ocean_center_header_left_menu":"","ocean_custom_header_template":"","ocean_custom_logo":0,"ocean_custom_retina_logo":0,"ocean_custom_logo_max_width":0,"ocean_custom_logo_tablet_max_width":0,"ocean_custom_logo_mobile_max_width":0,"ocean_custom_logo_max_height":0,"ocean_custom_logo_tablet_max_height":0,"ocean_custom_logo_mobile_max_height":0,"ocean_header_custom_menu":"","ocean_menu_typo_font_family":"","ocean_menu_typo_font_subset":"","ocean_menu_typo_font_size":0,"ocean_menu_typo_font_size_tablet":0,"ocean_menu_typo_font_size_mobile":0,"ocean_menu_typo_font_size_unit":"px","ocean_menu_typo_font_weight":"","ocean_menu_typo_font_weight_tablet":"","ocean_menu_typo_font_weight_mobile":"","ocean_menu_typo_transform":"","ocean_menu_typo_transform_tablet":"","ocean_menu_typo_transform_mobile":"","ocean_menu_typo_line_height":0,"ocean_menu_typo_line_height_tablet":0,"ocean_menu_typo_line_height_mobile":0,"ocean_menu_typo_line_height_unit":"","ocean_menu_typo_spacing":0,"ocean_menu_typo_spacing_tablet":0,"ocean_menu_typo_spacing_mobile":0,"ocean_menu_typo_spacing_unit":"","ocean_menu_link_color":"","ocean_menu_link_color_hover":"","ocean_menu_link_color_active":"","ocean_menu_link_background":"","ocean_menu_link_hover_background":"","ocean_menu_link_active_background":"","ocean_menu_social_links_bg":"","ocean_menu_social_hover_links_bg":"","ocean_menu_social_links_color":"","ocean_menu_social_hover_links_color":"","ocean_disable_title":"default","ocean_disable_heading":"default","ocean_post_title":"","ocean_post_subheading":"","ocean_post_title_style":"","ocean_post_title_background_color":"","ocean_post_title_background":0,"ocean_post_title_bg_image_position":"","ocean_post_title_bg_image_attachment":"","ocean_post_title_bg_image_repeat":"","ocean_post_title_bg_image_size":"","ocean_post_title_height":0,"ocean_post_title_bg_overlay":0.5,"ocean_post_title_bg_overlay_color":"","ocean_disable_breadcrumbs":"default","ocean_breadcrumbs_color":"","ocean_breadcrumbs_separator_color":"","ocean_breadcrumbs_links_color":"","ocean_breadcrumbs_links_hover_color":"","ocean_display_footer_widgets":"default","ocean_display_footer_bottom":"default","ocean_custom_footer_template":""},"product_brand":[],"product_cat":[15],"product_tag":[4454,3898,3897,3915],"class_list":{"0":"post-6346","1":"product","2":"type-product","3":"status-publish","5":"product_cat-wszystkie-produkty","6":"product_tag-4454","7":"product_tag-3898","8":"product_tag-berlinger-haus","9":"product_tag-bh-9467","11":"entry","13":"first","14":"instock","15":"shipping-taxable","16":"product-type-simple","17":"has-product-nav","18":"col","19":"span_1_of_4","20":"owp-content-center","21":"owp-thumbs-layout-horizontal","22":"owp-btn-normal","23":"owp-tabs-layout-horizontal","24":"has-no-thumbnails"},"jetpack_sharing_enabled":true,"_links":{"self":[{"href":"https:\/\/domigoo.pl\/index.php\/wp-json\/wp\/v2\/product\/6346","targetHints":{"allow":["GET"]}}],"collection":[{"href":"https:\/\/domigoo.pl\/index.php\/wp-json\/wp\/v2\/product"}],"about":[{"href":"https:\/\/domigoo.pl\/index.php\/wp-json\/wp\/v2\/types\/product"}],"replies":[{"embeddable":true,"href":"https:\/\/domigoo.pl\/index.php\/wp-json\/wp\/v2\/comments?post=6346"}],"wp:attachment":[{"href":"https:\/\/domigoo.pl\/index.php\/wp-json\/wp\/v2\/media?parent=6346"}],"wp:term":[{"taxonomy":"product_brand","embeddable":true,"href":"https:\/\/domigoo.pl\/index.php\/wp-json\/wp\/v2\/product_brand?post=6346"},{"taxonomy":"product_cat","embeddable":true,"href":"https:\/\/domigoo.pl\/index.php\/wp-json\/wp\/v2\/product_cat?post=6346"},{"taxonomy":"product_tag","embeddable":true,"href":"https:\/\/domigoo.pl\/index.php\/wp-json\/wp\/v2\/product_tag?post=6346"}],"curies":[{"name":"wp","href":"https:\/\/api.w.org\/{rel}","templated":true}]}}