{"id":6351,"date":"2025-09-12T10:06:14","date_gmt":"2025-09-12T08:06:14","guid":{"rendered":"https:\/\/domigoo.pl\/index.php\/produkt\/blender-kielichowy-berlingerhaus-sahara-collection-bh-9598\/"},"modified":"2025-11-01T10:02:03","modified_gmt":"2025-11-01T09:02:03","slug":"blender-kielichowy-berlingerhaus-sahara-collection-bh-9598","status":"publish","type":"product","link":"https:\/\/domigoo.pl\/index.php\/produkt\/blender-kielichowy-berlingerhaus-sahara-collection-bh-9598\/","title":{"rendered":"Blender kielichowy BerlingerHaus Sahara Collection BH- 9598"},"content":{"rendered":"<p class=\"def\"><strong class=\"def\"><\/strong><\/p>\n<h1 style=\"text-align: center;\" class=\"def\"><strong class=\"def\"><span style=\"font-size: 24pt;\" class=\"def\">Blender kielichowy BerlingerHaus<\/span><\/strong><\/h1>\n<h1 style=\"text-align: center;\" class=\"def\"><strong class=\"def\"><span style=\"font-size: 24pt;\" class=\"def\">&nbsp;Sahara Collection BH- 9598<\/span><\/strong><\/h1>\n<hr class=\"def\">\n<p class=\"def\"><strong class=\"def\">&nbsp;<\/strong><\/p>\n<p style=\"text-align: center;\" class=\"def\"><strong class=\"def\"><img fetchpriority=\"high\" decoding=\"async\" src=\"https:\/\/berlingerhaus.com.pl\/images\/tn107\/4000-5000\/Blender-kielichowy-BerlingerHaus-Sahara-Collection-BH-9598_[4153]_696.jpg\" width=\"546\" height=\"546\" alt=\"\" style=\"float: left;\" class=\"def\"><span style=\"font-size: 14pt;\" class=\"def\">Blender kielichowy <strong class=\"def\">BerlingerHaus<\/strong> z kolekcji Sahara to eleganckie i funkcjonalne urz\u0105dzenie kuchenne.<\/span><\/strong><\/p>\n<p style=\"text-align: center;\" class=\"def\"><strong class=\"def\"><span style=\"font-size: 14pt;\" class=\"def\">&nbsp;Wykonany z wysokiej jako\u015bci <strong class=\"def\">stali nierdzewnej<\/strong> i tworzywa sztucznego, oferuje <strong class=\"def\">moc 300 W<\/strong>, co zapewnia skuteczne miksowanie i kruszenie lodu.<\/span><\/strong><\/p>\n<p style=\"text-align: center;\" class=\"def\"><strong class=\"def\"><span style=\"font-size: 14pt;\" class=\"def\">&nbsp;Urz\u0105dzenie dzia\u0142a na napi\u0119ciu <strong class=\"def\">220-240 V <\/strong>przy cz\u0119stotliwo\u015bci <strong class=\"def\">50\/60 Hz.<\/strong><\/span><\/strong><\/p>\n<p style=\"text-align: center;\" class=\"def\"><strong class=\"def\"><span style=\"font-size: 14pt;\" class=\"def\">Blender wyposa\u017cony jest w butelke&nbsp; na wynos o pojemno\u015bci <strong class=\"def\">570 ml<\/strong>, z pokrywk\u0105, co u\u0142atwia przenoszenie napoj\u00f3w.<\/span><\/strong><\/p>\n<p style=\"text-align: center;\" class=\"def\"><strong class=\"def\"><span style=\"font-size: 14pt;\" class=\"def\">&nbsp;Jego stalowy korpus ma kolor kremowego matu, co dodaje mu stylowego wygl\u0105du.<\/span><\/strong><\/p>\n<p style=\"text-align: center;\" class=\"def\"><strong class=\"def\"><span style=\"font-size: 14pt;\" class=\"def\"><strong class=\"def\">Ostrza 18\/10<\/strong> gwarantuj\u0105 trwa\u0142o\u015b\u0107 i efektywno\u015b\u0107. <\/span><\/strong><\/p>\n<p style=\"text-align: center;\" class=\"def\"><strong class=\"def\"><span style=\"font-size: 14pt;\" class=\"def\">Blender posiada prosty w\u0142\u0105cznik\/wy\u0142\u0105cznik oraz sportow\u0105 butelk\u0119 z silikonowym uchwytem, kt\u00f3ry zapobiega poparzeniom i zapewnia antypo\u015blizgowo\u015b\u0107.<\/span><\/strong><\/p>\n<p style=\"text-align: center;\" class=\"def\"><span style=\"color: rgb(224, 62, 45);\" class=\"def\"><strong class=\"def\"><span style=\"font-size: 14pt;\" class=\"def\"><strong data-start=\"57\" data-end=\"67\" class=\"def\">Uwaga:<\/strong> Kolor <em data-start=\"74\" data-end=\"82\" data-is-only-node=\"\" class=\"def\">Sahara<\/em> mo\u017ce wygl\u0105da\u0107 na \u017cywo nieco ciemniej ni\u017c na zdj\u0119ciach, co wynika z r\u00f3\u017cnic w odwzorowaniu barw przy fotografii studyjnej.<\/span><\/strong><\/span><\/p>\n<p style=\"text-align: center;\" class=\"def\"><strong class=\"def\"><span lang=\"EN-GB\" style=\"mso-ansi-language: EN-GB;\" class=\"def\">&nbsp;<\/span><\/strong><\/p>\n<p style=\"text-align: center;\" class=\"def\"><strong class=\"def\">&nbsp;<\/strong><\/p>\n<p style=\"text-align: center;\" class=\"def\"><strong class=\"def\"><img decoding=\"async\" src=\"https:\/\/berlingerhaus.com.pl\/images\/tn107\/4000-5000\/Blender-kielichowy-BerlingerHaus-Sahara-Collection-BH-9598_[4152]_696.jpg\" width=\"696\" height=\"696\" alt=\"\" style=\"float: right;\" class=\"def\"><\/strong><\/p>\n<p style=\"text-align: center;\" class=\"def\"><strong class=\"def\"><span style=\"font-size: 14pt;\" class=\"def\"><strong class=\"def\">Specyfikacja :&nbsp;<\/strong><\/span><\/strong><\/p>\n<p style=\"text-align: center;\" class=\"def\"><strong class=\"def\"><span style=\"font-size: 14pt;\" class=\"def\">Materia\u0142: stal nierdzewna, tworzywo sztuczne<\/span><\/strong><\/p>\n<p style=\"text-align: center;\" class=\"def\"><strong class=\"def\"><span style=\"font-size: 14pt;\" class=\"def\">\u2022 Moc: 300 W<\/span><\/strong><\/p>\n<p style=\"text-align: center;\" class=\"def\"><strong class=\"def\"><span style=\"font-size: 14pt;\" class=\"def\">\u2022 220-240 V 50\/60 Hz<\/span><\/strong><\/p>\n<p style=\"text-align: center;\" class=\"def\"><strong class=\"def\"><span style=\"font-size: 14pt;\" class=\"def\">\u2022 Butelka&nbsp; na wynos z pokrywk\u0105: 570 ml<\/span><\/strong><\/p>\n<p style=\"text-align: center;\" class=\"def\"><strong class=\"def\"><span style=\"font-size: 14pt;\" class=\"def\">\u2022 Kolor:&nbsp; kremowy mat<\/span><\/strong><\/p>\n<p style=\"text-align: center;\" class=\"def\"><strong class=\"def\"><span style=\"font-size: 14pt;\" class=\"def\">Ostrza ze stali nierdzewnej 18\/10 z funkcj\u0105 kruszenia lodu<\/span><\/strong><\/p>\n<p style=\"text-align: center;\" class=\"def\"><strong class=\"def\"><span style=\"font-size: 14pt;\" class=\"def\">\u2022 W\u0142\u0105cznik \/ wy\u0142\u0105cznik<\/span><\/strong><\/p>\n<p style=\"text-align: center;\" class=\"def\"><strong class=\"def\"><span style=\"font-size: 14pt;\" class=\"def\">\u2022 Butelka sportowa z silikonowym uchwytem zapobiegaj\u0105cym poparzeniom i antypo\u015blizgowym<\/span><\/strong><\/p>\n<p style=\"text-align: left;\" class=\"def\"><strong class=\"def\"><img decoding=\"async\" src=\"https:\/\/berlingerhaus.com.pl\/images\/tn107\/4000-5000\/Blender-kielichowy-BerlingerHaus-Sahara-Collection-BH-9598_[4151]_696.jpg\" width=\"612\" height=\"612\" alt=\"\" style=\"display: block; margin-left: auto; margin-right: auto;\" class=\"def\"><\/strong><\/p>\n<p class=\"def\">\n","protected":false},"excerpt":{"rendered":"<p>Uwaga: Kolor Sahara mo\u017ce wygl\u0105da\u0107 na \u017cywo nieco ciemniej ni\u017c na zdj\u0119ciach, co wynika z r\u00f3\u017cnic w odwzorowaniu barw przy fotografii studyjnej.<br \/>\nMateria\u0142: stal nierdzewna, tworzywo sztuczne<br \/>\n\u2022 Moc: 300 W<br \/>\n\u2022 220-240 V 50\/60 Hz<br \/>\n\u2022 Butelka na wynos z pokrywk\u0105: 570 ml<br \/>\n\u2022 Kolor: stal nierdzewna \u2013 kremowy mat<br \/>\nKij ze stali nierdzewnej i ostrza 18\/10 z funkcj\u0105 kruszenia lodu<br \/>\n\u2022 W\u0142\u0105cznik \/ wy\u0142\u0105cznik<br \/>\n\u2022 Butelka sportowa z silikonowym uchwytem zapobiegaj\u0105cym poparzeniom i antypo\u015blizgowym<\/p>\n","protected":false},"featured_media":0,"comment_status":"open","ping_status":"closed","template":"","meta":{"ocean_post_layout":"","ocean_both_sidebars_style":"","ocean_both_sidebars_content_width":0,"ocean_both_sidebars_sidebars_width":0,"ocean_sidebar":"","ocean_second_sidebar":"","ocean_disable_margins":"enable","ocean_add_body_class":"","ocean_shortcode_before_top_bar":"","ocean_shortcode_after_top_bar":"","ocean_shortcode_before_header":"","ocean_shortcode_after_header":"","ocean_has_shortcode":"","ocean_shortcode_after_title":"","ocean_shortcode_before_footer_widgets":"","ocean_shortcode_after_footer_widgets":"","ocean_shortcode_before_footer_bottom":"","ocean_shortcode_after_footer_bottom":"","ocean_display_top_bar":"default","ocean_display_header":"default","ocean_header_style":"","ocean_center_header_left_menu":"","ocean_custom_header_template":"","ocean_custom_logo":0,"ocean_custom_retina_logo":0,"ocean_custom_logo_max_width":0,"ocean_custom_logo_tablet_max_width":0,"ocean_custom_logo_mobile_max_width":0,"ocean_custom_logo_max_height":0,"ocean_custom_logo_tablet_max_height":0,"ocean_custom_logo_mobile_max_height":0,"ocean_header_custom_menu":"","ocean_menu_typo_font_family":"","ocean_menu_typo_font_subset":"","ocean_menu_typo_font_size":0,"ocean_menu_typo_font_size_tablet":0,"ocean_menu_typo_font_size_mobile":0,"ocean_menu_typo_font_size_unit":"px","ocean_menu_typo_font_weight":"","ocean_menu_typo_font_weight_tablet":"","ocean_menu_typo_font_weight_mobile":"","ocean_menu_typo_transform":"","ocean_menu_typo_transform_tablet":"","ocean_menu_typo_transform_mobile":"","ocean_menu_typo_line_height":0,"ocean_menu_typo_line_height_tablet":0,"ocean_menu_typo_line_height_mobile":0,"ocean_menu_typo_line_height_unit":"","ocean_menu_typo_spacing":0,"ocean_menu_typo_spacing_tablet":0,"ocean_menu_typo_spacing_mobile":0,"ocean_menu_typo_spacing_unit":"","ocean_menu_link_color":"","ocean_menu_link_color_hover":"","ocean_menu_link_color_active":"","ocean_menu_link_background":"","ocean_menu_link_hover_background":"","ocean_menu_link_active_background":"","ocean_menu_social_links_bg":"","ocean_menu_social_hover_links_bg":"","ocean_menu_social_links_color":"","ocean_menu_social_hover_links_color":"","ocean_disable_title":"default","ocean_disable_heading":"default","ocean_post_title":"","ocean_post_subheading":"","ocean_post_title_style":"","ocean_post_title_background_color":"","ocean_post_title_background":0,"ocean_post_title_bg_image_position":"","ocean_post_title_bg_image_attachment":"","ocean_post_title_bg_image_repeat":"","ocean_post_title_bg_image_size":"","ocean_post_title_height":0,"ocean_post_title_bg_overlay":0.5,"ocean_post_title_bg_overlay_color":"","ocean_disable_breadcrumbs":"default","ocean_breadcrumbs_color":"","ocean_breadcrumbs_separator_color":"","ocean_breadcrumbs_links_color":"","ocean_breadcrumbs_links_hover_color":"","ocean_display_footer_widgets":"default","ocean_display_footer_bottom":"default","ocean_custom_footer_template":""},"product_brand":[],"product_cat":[15],"product_tag":[3896,3898,3897,3922],"class_list":{"0":"post-6351","1":"product","2":"type-product","3":"status-publish","5":"product_cat-wszystkie-produkty","6":"product_tag-3896","7":"product_tag-3898","8":"product_tag-berlinger-haus","9":"product_tag-bh-9598","11":"entry","13":"first","14":"instock","15":"shipping-taxable","16":"product-type-simple","17":"has-product-nav","18":"col","19":"span_1_of_4","20":"owp-content-center","21":"owp-thumbs-layout-horizontal","22":"owp-btn-normal","23":"owp-tabs-layout-horizontal","24":"has-no-thumbnails"},"jetpack_sharing_enabled":true,"_links":{"self":[{"href":"https:\/\/domigoo.pl\/index.php\/wp-json\/wp\/v2\/product\/6351","targetHints":{"allow":["GET"]}}],"collection":[{"href":"https:\/\/domigoo.pl\/index.php\/wp-json\/wp\/v2\/product"}],"about":[{"href":"https:\/\/domigoo.pl\/index.php\/wp-json\/wp\/v2\/types\/product"}],"replies":[{"embeddable":true,"href":"https:\/\/domigoo.pl\/index.php\/wp-json\/wp\/v2\/comments?post=6351"}],"wp:attachment":[{"href":"https:\/\/domigoo.pl\/index.php\/wp-json\/wp\/v2\/media?parent=6351"}],"wp:term":[{"taxonomy":"product_brand","embeddable":true,"href":"https:\/\/domigoo.pl\/index.php\/wp-json\/wp\/v2\/product_brand?post=6351"},{"taxonomy":"product_cat","embeddable":true,"href":"https:\/\/domigoo.pl\/index.php\/wp-json\/wp\/v2\/product_cat?post=6351"},{"taxonomy":"product_tag","embeddable":true,"href":"https:\/\/domigoo.pl\/index.php\/wp-json\/wp\/v2\/product_tag?post=6351"}],"curies":[{"name":"wp","href":"https:\/\/api.w.org\/{rel}","templated":true}]}}