{"id":6353,"date":"2025-09-12T10:06:14","date_gmt":"2025-09-12T08:06:14","guid":{"rendered":"https:\/\/domigoo.pl\/index.php\/produkt\/blender-na-usb-berlingerhaus-bh-9507-black-rose-collection\/"},"modified":"2026-04-06T11:12:15","modified_gmt":"2026-04-06T09:12:15","slug":"blender-na-usb-berlingerhaus-bh-9507-black-rose-collection","status":"publish","type":"product","link":"https:\/\/domigoo.pl\/index.php\/produkt\/blender-na-usb-berlingerhaus-bh-9507-black-rose-collection\/","title":{"rendered":"Blender na USB BerlingerHaus BH-9507 Black Rose Collection"},"content":{"rendered":"<h2 style=\"text-align: center;\" class=\"def\">Blender na USB-C BerlingerHaus<\/h2>\n<h2 style=\"text-align: center;\" class=\"def\">&nbsp;BH-9507 Black Rose Collection<\/h2>\n<hr class=\"def\">\n<p style=\"text-align: center;\" class=\"def\"><br class=\"def\"><br \/>\n <span style=\"font-size: 14pt;\" class=\"def\">Blenduj bez wysi\u0142ku, gdziekolwiek jeste\u015b, z blenderem Berlinger Haus BH9507 Black Rose z funkcj\u0105 \u0142adowania USB-C !<\/span><\/p>\n<p style=\"text-align: center;\" class=\"def\"><span style=\"font-size: 14pt;\" class=\"def\">Idealny dla os\u00f3b aktywnych lub&nbsp; w podr\u00f3\u017cy dbaj\u0105cych o styl \u017cycia, blender BerlingerHaus&nbsp; to niezast\u0105piony pomocnik w ka\u017cdej kuchni i poza ni\u0105 szczeg\u00f3lnie dzi\u0119ki funkcji \u0142adowania przez kabel USB-C . <\/span><\/p>\n<p style=\"text-align: center;\" class=\"def\"><img fetchpriority=\"high\" decoding=\"async\" src=\"https:\/\/berlingerhaus.com.pl\/images\/tn107\/4000-5000\/Blender-na-USB-BerlingerHaus-BH-9507-Black-Rose-Collection_[4546]_696.jpg\" width=\"516\" height=\"516\" alt=\"\" class=\"def\"><\/p>\n<p class=\"def\">\n<h2 style=\"text-align: center;\" class=\"def\"><span style=\"font-size: 14pt;\" class=\"def\">Wydajno\u015b\u0107 na miar\u0119 Twoich potrzeb<\/span><\/h2>\n<p style=\"text-align: center;\" class=\"def\">Z moc\u0105 <strong class=\"def\">120-130 W<\/strong> i napi\u0119ciem <strong class=\"def\">7,4 V<\/strong> blender skutecznie miksuje r\u00f3\u017cnorodne sk\u0142adniki<strong class=\"def\"><\/strong><\/p>\n<p style=\"text-align: center;\" class=\"def\"><span style=\"font-size: 14pt;\" class=\"def\"><strong class=\"def\">\u0141adowanie USB-C&nbsp; \u2013 pe\u0142na mobilno\u015b\u0107<\/strong><\/span><\/p>\n<p style=\"text-align: center;\" class=\"def\">Dzi\u0119ki \u0142adowaniu przez <strong class=\"def\">USB-C<\/strong>, mo\u017cesz zasila\u0107 sw\u00f3j blender niemal wsz\u0119dzie \u2013 w domu, pracy czy na wakacjach.&nbsp;<\/p>\n<p style=\"text-align: center;\" class=\"def\">Kabel <strong class=\"def\">USB-C <\/strong>zapewnia wygodne i szybkie \u0142adowanie, dzi\u0119ki czemu blender jest zawsze gotowy do dzia\u0142ania, kiedy tego potrzebujesz.<\/p>\n<p style=\"text-align: center;\" class=\"def\"><img decoding=\"async\" src=\"https:\/\/berlingerhaus.com.pl\/images\/tn107\/4000-5000\/Blender-na-USB-BerlingerHaus-BH-9507-Black-Rose-Collection_[4542]_696.jpg\" width=\"661\" height=\"661\" alt=\"\" class=\"def\"><\/p>\n<p style=\"text-align: center;\" class=\"def\"><span style=\"font-size: 14pt;\" class=\"def\"><strong class=\"def\">Zaprojektowany do przenoszenia<\/strong><\/span><\/p>\n<p style=\"text-align: center;\" class=\"def\">Wyposa\u017cony w pokrywk\u0119 z uchwytem i silikonowy pasek, blender jest idealny do zabrania na si\u0142owni\u0119, do biura lub na spacer.<\/p>\n<p style=\"text-align: center;\" class=\"def\"><span style=\"font-size: 14pt;\" class=\"def\"><strong class=\"def\">Intuicyjna obs\u0142uga z LED<\/strong><\/span><\/p>\n<p style=\"text-align: center;\" class=\"def\">Dzi\u0119ki wska\u017anikowi <strong class=\"def\">LED<\/strong> masz pe\u0142n\u0105 kontrol\u0119 nad dzia\u0142aniem urz\u0105dzenia. B\u0142yskawicznie dowiesz si\u0119, kiedy jest na\u0142adowany lub gotowy do u\u017cycia.<\/p>\n<p style=\"text-align: center;\" class=\"def\"><span style=\"font-size: 14pt;\" class=\"def\"><strong class=\"def\">&nbsp;Ostrza ze stali nierdzewnej<\/strong><\/span><span style=\"font-size: 14pt;\" class=\"def\"><strong class=\"def\"><\/strong><\/span><span style=\"font-size: 14pt;\" class=\"def\"><strong class=\"def\"><\/strong><\/span><\/p>\n<p style=\"text-align: center;\" class=\"def\"><span style=\"font-size: 14pt;\" class=\"def\">Trzy pary precyzyjnych ostrzy ze stali nierdzewnej <strong class=\"def\">18\/10 <\/strong>gwarantuj\u0105 idealne blendowanie sk\u0142adnik\u00f3w, niezale\u017cnie od tego, czy miksujesz owoce, warzywa, czy orzechy.<\/span><\/p>\n<p style=\"text-align: center;\" class=\"def\"><span style=\"font-size: 14pt;\" class=\"def\"><img decoding=\"async\" src=\"https:\/\/berlingerhaus.com.pl\/images\/tn107\/4000-5000\/Blender-na-USB-BerlingerHaus-BH-9507-Black-Rose-Collection_[4547]_696.jpg\" width=\"696\" height=\"696\" alt=\"\" class=\"def\"><\/span><\/p>\n<p style=\"text-align: center;\" class=\"def\"><span style=\"font-size: 14pt;\" class=\"def\"><\/span><\/p>\n<p style=\"text-align: center;\" class=\"def\"><span style=\"font-size: 14pt;\" class=\"def\"><strong class=\"def\"><\/strong><\/span><\/p>\n<p style=\"text-align: center;\" class=\"def\"><span style=\"font-size: 14pt;\" class=\"def\"><strong class=\"def\"><\/strong><\/span><\/p>\n<p style=\"text-align: center;\" class=\"def\">\n<p style=\"text-align: center;\" class=\"def\">\n<p style=\"text-align: center;\" class=\"def\">\n<p style=\"text-align: center;\" class=\"def\">\n<p style=\"text-align: center;\" class=\"def\">\n<p class=\"def\">\n","protected":false},"excerpt":{"rendered":"<p>Materia\u0142: tworzywo sztuczne<br \/>\n\u2022 Moc: 120-130 W<br \/>\n7,4 V<br \/>\n\u2022 \u0141adowanie za pomoc\u0105 kabla USB<\/p>\n","protected":false},"featured_media":0,"comment_status":"open","ping_status":"closed","template":"","meta":{"ocean_post_layout":"","ocean_both_sidebars_style":"","ocean_both_sidebars_content_width":0,"ocean_both_sidebars_sidebars_width":0,"ocean_sidebar":"","ocean_second_sidebar":"","ocean_disable_margins":"enable","ocean_add_body_class":"","ocean_shortcode_before_top_bar":"","ocean_shortcode_after_top_bar":"","ocean_shortcode_before_header":"","ocean_shortcode_after_header":"","ocean_has_shortcode":"","ocean_shortcode_after_title":"","ocean_shortcode_before_footer_widgets":"","ocean_shortcode_after_footer_widgets":"","ocean_shortcode_before_footer_bottom":"","ocean_shortcode_after_footer_bottom":"","ocean_display_top_bar":"default","ocean_display_header":"default","ocean_header_style":"","ocean_center_header_left_menu":"","ocean_custom_header_template":"","ocean_custom_logo":0,"ocean_custom_retina_logo":0,"ocean_custom_logo_max_width":0,"ocean_custom_logo_tablet_max_width":0,"ocean_custom_logo_mobile_max_width":0,"ocean_custom_logo_max_height":0,"ocean_custom_logo_tablet_max_height":0,"ocean_custom_logo_mobile_max_height":0,"ocean_header_custom_menu":"","ocean_menu_typo_font_family":"","ocean_menu_typo_font_subset":"","ocean_menu_typo_font_size":0,"ocean_menu_typo_font_size_tablet":0,"ocean_menu_typo_font_size_mobile":0,"ocean_menu_typo_font_size_unit":"px","ocean_menu_typo_font_weight":"","ocean_menu_typo_font_weight_tablet":"","ocean_menu_typo_font_weight_mobile":"","ocean_menu_typo_transform":"","ocean_menu_typo_transform_tablet":"","ocean_menu_typo_transform_mobile":"","ocean_menu_typo_line_height":0,"ocean_menu_typo_line_height_tablet":0,"ocean_menu_typo_line_height_mobile":0,"ocean_menu_typo_line_height_unit":"","ocean_menu_typo_spacing":0,"ocean_menu_typo_spacing_tablet":0,"ocean_menu_typo_spacing_mobile":0,"ocean_menu_typo_spacing_unit":"","ocean_menu_link_color":"","ocean_menu_link_color_hover":"","ocean_menu_link_color_active":"","ocean_menu_link_background":"","ocean_menu_link_hover_background":"","ocean_menu_link_active_background":"","ocean_menu_social_links_bg":"","ocean_menu_social_hover_links_bg":"","ocean_menu_social_links_color":"","ocean_menu_social_hover_links_color":"","ocean_disable_title":"default","ocean_disable_heading":"default","ocean_post_title":"","ocean_post_subheading":"","ocean_post_title_style":"","ocean_post_title_background_color":"","ocean_post_title_background":0,"ocean_post_title_bg_image_position":"","ocean_post_title_bg_image_attachment":"","ocean_post_title_bg_image_repeat":"","ocean_post_title_bg_image_size":"","ocean_post_title_height":0,"ocean_post_title_bg_overlay":0.5,"ocean_post_title_bg_overlay_color":"","ocean_disable_breadcrumbs":"default","ocean_breadcrumbs_color":"","ocean_breadcrumbs_separator_color":"","ocean_breadcrumbs_links_color":"","ocean_breadcrumbs_links_hover_color":"","ocean_display_footer_widgets":"default","ocean_display_footer_bottom":"default","ocean_custom_footer_template":""},"product_brand":[],"product_cat":[15],"product_tag":[3954,3898,3897,3924],"class_list":{"0":"post-6353","1":"product","2":"type-product","3":"status-publish","5":"product_cat-wszystkie-produkty","6":"product_tag-3954","7":"product_tag-3898","8":"product_tag-berlinger-haus","9":"product_tag-bh-9507","11":"entry","13":"first","14":"instock","15":"shipping-taxable","16":"product-type-simple","17":"has-product-nav","18":"col","19":"span_1_of_4","20":"owp-content-center","21":"owp-thumbs-layout-horizontal","22":"owp-btn-normal","23":"owp-tabs-layout-horizontal","24":"has-no-thumbnails"},"jetpack_sharing_enabled":true,"_links":{"self":[{"href":"https:\/\/domigoo.pl\/index.php\/wp-json\/wp\/v2\/product\/6353","targetHints":{"allow":["GET"]}}],"collection":[{"href":"https:\/\/domigoo.pl\/index.php\/wp-json\/wp\/v2\/product"}],"about":[{"href":"https:\/\/domigoo.pl\/index.php\/wp-json\/wp\/v2\/types\/product"}],"replies":[{"embeddable":true,"href":"https:\/\/domigoo.pl\/index.php\/wp-json\/wp\/v2\/comments?post=6353"}],"wp:attachment":[{"href":"https:\/\/domigoo.pl\/index.php\/wp-json\/wp\/v2\/media?parent=6353"}],"wp:term":[{"taxonomy":"product_brand","embeddable":true,"href":"https:\/\/domigoo.pl\/index.php\/wp-json\/wp\/v2\/product_brand?post=6353"},{"taxonomy":"product_cat","embeddable":true,"href":"https:\/\/domigoo.pl\/index.php\/wp-json\/wp\/v2\/product_cat?post=6353"},{"taxonomy":"product_tag","embeddable":true,"href":"https:\/\/domigoo.pl\/index.php\/wp-json\/wp\/v2\/product_tag?post=6353"}],"curies":[{"name":"wp","href":"https:\/\/api.w.org\/{rel}","templated":true}]}}