{"id":6358,"date":"2025-09-12T10:06:15","date_gmt":"2025-09-12T08:06:15","guid":{"rendered":"https:\/\/domigoo.pl\/index.php\/produkt\/brytfanna-forma-do-pieczenia-40cm-berlinger-haus-burgundy-collection-bh-1541\/"},"modified":"2025-12-28T11:29:59","modified_gmt":"2025-12-28T10:29:59","slug":"brytfanna-forma-do-pieczenia-40cm-berlinger-haus-burgundy-collection-bh-1541","status":"publish","type":"product","link":"https:\/\/domigoo.pl\/index.php\/produkt\/brytfanna-forma-do-pieczenia-40cm-berlinger-haus-burgundy-collection-bh-1541\/","title":{"rendered":"Brytfanna &#8211; Forma do pieczenia 40cm Berlinger Haus Burgundy Collection BH-1541"},"content":{"rendered":"<h2 style=\"text-align: center;\" class=\"def\">Brytfanna 40cm &#8211; prostok\u0105tna forma do pieczenia Berlinger Haus<\/h2>\n<h2 style=\"text-align: center;\" class=\"def\">BH-1541<\/h2>\n<h2 style=\"text-align: center;\" class=\"def\">&nbsp;Metallic Line Burgundy&nbsp;<\/h2>\n<h2 style=\"text-align: center;\" class=\"def\"><img fetchpriority=\"high\" decoding=\"async\" src=\"https:\/\/berlingerhaus.com.pl\/images\/tn107\/1000-2000\/Brytfanna-Forma-do-pieczenia-40cm-Berlinger-Haus-BH-1541_[1631]_696.jpg\" width=\"696\" height=\"696\" alt=\"\" class=\"def\">&nbsp;<\/h2>\n<p style=\"text-align: center;\" class=\"def\"><span style=\"font-size: 14pt;\" class=\"def\">Kolor:<strong class=\"def\">&nbsp;Burgundowy \/ Czarny<\/strong><\/span><\/p>\n<p style=\"text-align: center;\" class=\"def\"><span style=\"font-size: 14pt;\" class=\"def\">Materia\u0142:&nbsp;<strong class=\"def\">Stal w\u0119glowa<\/strong><\/span><\/p>\n<p style=\"text-align: center;\" class=\"def\"><span style=\"font-size: 14pt;\" class=\"def\">Pow\u0142oka wewn\u0119trzna:&nbsp;<strong class=\"def\">Tytanowa<\/strong><\/span><br class=\"def\"><br \/>\n<span style=\"font-size: 14pt;\" class=\"def\"><em class=\"def\">nie przywiera, odporna na uszkodzenia, \u0142atwa w czyszczeniu<\/em><\/span><\/p>\n<p style=\"text-align: center;\" class=\"def\"><span style=\"font-size: 14pt;\" class=\"def\">Mo\u017cliwo\u015b\u0107 mycia w zmywarce:&nbsp;<strong class=\"def\">Tak<\/strong><\/span><\/p>\n<p style=\"text-align: center;\" class=\"def\"><span style=\"font-size: 14pt;\" class=\"def\">Optymalna &#8211; bezpieczna temperatura u\u017cytkowania:&nbsp;<strong class=\"def\">220\u00b0C<\/strong><\/span><\/p>\n<p style=\"text-align: center;\" class=\"def\"><span style=\"font-size: 14pt;\" class=\"def\">Wymiary: <strong class=\"def\">40&nbsp;x&nbsp;28,5 x 7cm&nbsp;<\/strong><\/span><\/p>\n<p style=\"text-align: center;\" class=\"def\"><span style=\"font-size: 14pt;\" class=\"def\">&nbsp;<\/span><\/p>\n<p style=\"text-align: center;\" class=\"def\"><span style=\"font-size: 12pt;\" class=\"def\"><strong class=\"def\"><img decoding=\"async\" src=\"https:\/\/berlingerhaus.com.pl\/images\/tn107\/1000-2000\/Brytfanna-Forma-do-pieczenia-40cm-Berlinger-Haus-BH-1541_[1633]_696.jpg\" width=\"696\" height=\"696\" alt=\"\" class=\"def\"><\/strong><\/span><\/p>\n<p style=\"text-align: center;\" class=\"def\"><span style=\"font-size: 12pt;\" class=\"def\"><strong class=\"def\"><\/strong><\/span><\/p>\n<p style=\"text-align: center;\" class=\"def\"><span style=\"font-size: 12pt;\" class=\"def\">Produkty&nbsp;<em class=\"def\">Berlinger Haus<\/em>&nbsp;<strong class=\"def\"><em class=\"def\">nie posiadaj\u0105<\/em><\/strong>&nbsp;w swoim sk\u0142adzie metali ci\u0119\u017ckich, PTFE i niklu, kt\u00f3re podczas obr\u00f3bki termicznej wnikaj\u0105 w potrawy i zmieniaj\u0105 ich smak.<\/span><\/p>\n","protected":false},"excerpt":{"rendered":"<p>Wykonanie:\u00a0Stal w\u0119glowa\u00a0Pow\u0142oka wewn\u0119trzna:\u00a0TytanowaKolor:\u00a0Burgundowy \/ CzarnyMycie w zmywarce:\u00a0Tak\u00a0Wymiary: 40 x 28,5 x 7 cmKolekcja:\u00a0Metallic Line Burgundy<\/p>\n","protected":false},"featured_media":0,"comment_status":"open","ping_status":"closed","template":"","meta":{"ocean_post_layout":"","ocean_both_sidebars_style":"","ocean_both_sidebars_content_width":0,"ocean_both_sidebars_sidebars_width":0,"ocean_sidebar":"","ocean_second_sidebar":"","ocean_disable_margins":"enable","ocean_add_body_class":"","ocean_shortcode_before_top_bar":"","ocean_shortcode_after_top_bar":"","ocean_shortcode_before_header":"","ocean_shortcode_after_header":"","ocean_has_shortcode":"","ocean_shortcode_after_title":"","ocean_shortcode_before_footer_widgets":"","ocean_shortcode_after_footer_widgets":"","ocean_shortcode_before_footer_bottom":"","ocean_shortcode_after_footer_bottom":"","ocean_display_top_bar":"default","ocean_display_header":"default","ocean_header_style":"","ocean_center_header_left_menu":"","ocean_custom_header_template":"","ocean_custom_logo":0,"ocean_custom_retina_logo":0,"ocean_custom_logo_max_width":0,"ocean_custom_logo_tablet_max_width":0,"ocean_custom_logo_mobile_max_width":0,"ocean_custom_logo_max_height":0,"ocean_custom_logo_tablet_max_height":0,"ocean_custom_logo_mobile_max_height":0,"ocean_header_custom_menu":"","ocean_menu_typo_font_family":"","ocean_menu_typo_font_subset":"","ocean_menu_typo_font_size":0,"ocean_menu_typo_font_size_tablet":0,"ocean_menu_typo_font_size_mobile":0,"ocean_menu_typo_font_size_unit":"px","ocean_menu_typo_font_weight":"","ocean_menu_typo_font_weight_tablet":"","ocean_menu_typo_font_weight_mobile":"","ocean_menu_typo_transform":"","ocean_menu_typo_transform_tablet":"","ocean_menu_typo_transform_mobile":"","ocean_menu_typo_line_height":0,"ocean_menu_typo_line_height_tablet":0,"ocean_menu_typo_line_height_mobile":0,"ocean_menu_typo_line_height_unit":"","ocean_menu_typo_spacing":0,"ocean_menu_typo_spacing_tablet":0,"ocean_menu_typo_spacing_mobile":0,"ocean_menu_typo_spacing_unit":"","ocean_menu_link_color":"","ocean_menu_link_color_hover":"","ocean_menu_link_color_active":"","ocean_menu_link_background":"","ocean_menu_link_hover_background":"","ocean_menu_link_active_background":"","ocean_menu_social_links_bg":"","ocean_menu_social_hover_links_bg":"","ocean_menu_social_links_color":"","ocean_menu_social_hover_links_color":"","ocean_disable_title":"default","ocean_disable_heading":"default","ocean_post_title":"","ocean_post_subheading":"","ocean_post_title_style":"","ocean_post_title_background_color":"","ocean_post_title_background":0,"ocean_post_title_bg_image_position":"","ocean_post_title_bg_image_attachment":"","ocean_post_title_bg_image_repeat":"","ocean_post_title_bg_image_size":"","ocean_post_title_height":0,"ocean_post_title_bg_overlay":0.5,"ocean_post_title_bg_overlay_color":"","ocean_disable_breadcrumbs":"default","ocean_breadcrumbs_color":"","ocean_breadcrumbs_separator_color":"","ocean_breadcrumbs_links_color":"","ocean_breadcrumbs_links_hover_color":"","ocean_display_footer_widgets":"default","ocean_display_footer_bottom":"default","ocean_custom_footer_template":""},"product_brand":[],"product_cat":[15],"product_tag":[3930,3898,3897,3929],"class_list":{"0":"post-6358","1":"product","2":"type-product","3":"status-publish","5":"product_cat-wszystkie-produkty","6":"product_tag-3930","7":"product_tag-3898","8":"product_tag-berlinger-haus","9":"product_tag-bh-1541","11":"entry","13":"first","14":"outofstock","15":"shipping-taxable","16":"product-type-simple","17":"has-product-nav","18":"col","19":"span_1_of_4","20":"owp-content-center","21":"owp-thumbs-layout-horizontal","22":"owp-btn-normal","23":"owp-tabs-layout-horizontal","24":"has-no-thumbnails"},"jetpack_sharing_enabled":true,"_links":{"self":[{"href":"https:\/\/domigoo.pl\/index.php\/wp-json\/wp\/v2\/product\/6358","targetHints":{"allow":["GET"]}}],"collection":[{"href":"https:\/\/domigoo.pl\/index.php\/wp-json\/wp\/v2\/product"}],"about":[{"href":"https:\/\/domigoo.pl\/index.php\/wp-json\/wp\/v2\/types\/product"}],"replies":[{"embeddable":true,"href":"https:\/\/domigoo.pl\/index.php\/wp-json\/wp\/v2\/comments?post=6358"}],"wp:attachment":[{"href":"https:\/\/domigoo.pl\/index.php\/wp-json\/wp\/v2\/media?parent=6358"}],"wp:term":[{"taxonomy":"product_brand","embeddable":true,"href":"https:\/\/domigoo.pl\/index.php\/wp-json\/wp\/v2\/product_brand?post=6358"},{"taxonomy":"product_cat","embeddable":true,"href":"https:\/\/domigoo.pl\/index.php\/wp-json\/wp\/v2\/product_cat?post=6358"},{"taxonomy":"product_tag","embeddable":true,"href":"https:\/\/domigoo.pl\/index.php\/wp-json\/wp\/v2\/product_tag?post=6358"}],"curies":[{"name":"wp","href":"https:\/\/api.w.org\/{rel}","templated":true}]}}