{"id":6364,"date":"2025-09-12T10:07:33","date_gmt":"2025-09-12T08:07:33","guid":{"rendered":"https:\/\/domigoo.pl\/index.php\/produkt\/brytfanna-do-pieczenia-35-x-27-cm-berlingerhaus-bh-7911-leonardo-collection\/"},"modified":"2026-04-06T11:12:16","modified_gmt":"2026-04-06T09:12:16","slug":"brytfanna-do-pieczenia-35-x-27-cm-berlingerhaus-bh-7911-leonardo-collection","status":"publish","type":"product","link":"https:\/\/domigoo.pl\/index.php\/produkt\/brytfanna-do-pieczenia-35-x-27-cm-berlingerhaus-bh-7911-leonardo-collection\/","title":{"rendered":"Brytfanna do pieczenia 35 x 27 cm BerlingerHaus BH- 7911 Leonardo Collection"},"content":{"rendered":"<h1 style=\"text-align: center;\" class=\"def\"><span style=\"font-size: 24pt;\" class=\"def\"><strong class=\"def\">Brytfanna do pieczenia 35 x 27 cm BerlingerHaus BH- 7911<\/strong><\/span><\/h1>\n<h1 style=\"text-align: center;\" class=\"def\"><span style=\"font-size: 24pt;\" class=\"def\"><strong class=\"def\">&nbsp;Leonardo Collection<\/strong><\/span><\/h1>\n<hr class=\"def\">\n<p style=\"text-align: center;\" class=\"def\"><span style=\"font-size: 14pt;\" class=\"def\"><strong class=\"def\">Brytfanna prostok\u0105tna Leonardo \u2013 funkcjonalno\u015b\u0107 i styl w eleganckim wydaniu<\/strong><\/span><\/p>\n<p style=\"text-align: center;\" class=\"def\"><span style=\"font-size: 14pt;\" class=\"def\"><strong class=\"def\">Brytfanna prostok\u0105tna z kolekcji Leonardo<\/strong>&nbsp;to doskona\u0142e naczynie do pieczenia, zapiekania i przygotowywania codziennych lub od\u015bwi\u0119tnych potraw. Wykonana z wysokiej jako\u015bci stali w\u0119glowej i pokryta potr\u00f3jn\u0105 pow\u0142ok\u0105 nieprzywieraj\u0105c\u0105&nbsp;<strong class=\"def\">titanPro<\/strong>, zapewnia niezawodno\u015b\u0107, trwa\u0142o\u015b\u0107 i komfort u\u017cytkowania. Jej&nbsp;<strong class=\"def\">elegancki matowy bordowy kolor<\/strong>&nbsp;sprawia, \u017ce b\u0119dzie stylowym dodatkiem w ka\u017cdej kuchni \u2013 zar\u00f3wno nowoczesnej, jak i klasycznej.<\/span><\/p>\n<p style=\"text-align: center;\" class=\"def\"><span style=\"font-size: 14pt;\" class=\"def\">Z wymiarami&nbsp;<strong class=\"def\">35&nbsp;\u00d7&nbsp;27 cm<\/strong>, brytfanna oferuje odpowiedni\u0105 przestrze\u0144 do przygotowania obfitych porcji potraw dla ca\u0142ej rodziny. Doskonale sprawdzi si\u0119 do pieczenia mi\u0119s, warzyw, zapiekanek czy ciast, a dzi\u0119ki nieprzywieraj\u0105cej pow\u0142oce titanPro pozwala gotowa\u0107 z minimaln\u0105 ilo\u015bci\u0105 t\u0142uszczu, co czyni j\u0105 zdrowsz\u0105 i \u0142atwiejsz\u0105 w czyszczeniu alternatyw\u0105 dla tradycyjnych naczy\u0144.<\/span><\/p>\n<p style=\"text-align: center;\" class=\"def\"><span style=\"font-size: 14pt;\" class=\"def\"><img fetchpriority=\"high\" decoding=\"async\" src=\"https:\/\/berlingerhaus.com.pl\/images\/tn107\/6000-7000\/Brytfanna-do-pieczenia-35-27-cm-BerlingerHaus-BH-7911-Leonardo-Collection_[6285]_696.jpg\" width=\"838\" height=\"837\" alt=\"\" class=\"def\"><\/span><\/p>\n<h2 style=\"text-align: center;\" class=\"def\"><span style=\"font-size: 18pt;\" class=\"def\"><strong class=\"def\"><strong class=\"def\">Specyfikacja techniczna:<\/strong><\/strong><\/span><\/h2>\n<h2 style=\"text-align: center;\" class=\"def\"><span style=\"font-size: 18pt;\" class=\"def\"><strong class=\"def\"><strong class=\"def\"><br class=\"def\"><br \/>\n <\/strong><\/strong><\/span><span style=\"font-size: 14pt;\" class=\"def\"><strong class=\"def\">Model:<\/strong>&nbsp;Brytfanna prostok\u0105tna<\/span><\/h2>\n<p style=\"text-align: center;\" class=\"def\"><span style=\"font-size: 14pt;\" class=\"def\"><strong class=\"def\">Materia\u0142:<\/strong>&nbsp;Stal w\u0119glowa z pow\u0142ok\u0105 titanPro<\/span><\/p>\n<p style=\"text-align: center;\" class=\"def\"><span style=\"font-size: 14pt;\" class=\"def\"><strong class=\"def\">Wymiary:<\/strong>&nbsp;35 \u00d7&nbsp;27 \u00d7 6,5 cm<\/span><\/p>\n<p style=\"text-align: center;\" class=\"def\"><span style=\"font-size: 14pt;\" class=\"def\"><strong class=\"def\">Kolor:<\/strong>&nbsp;Matowy bordowy<\/span><\/p>\n<p style=\"text-align: center;\" class=\"def\"><span style=\"font-size: 14pt;\" class=\"def\"><strong class=\"def\">Pow\u0142oka:<\/strong>&nbsp;Potr\u00f3jna, nieprzywieraj\u0105ca titanPro<\/span><\/p>\n<p style=\"text-align: center;\" class=\"def\"><span style=\"font-size: 14pt;\" class=\"def\"><strong class=\"def\">Bezpiecze\u0144stwo:<\/strong>&nbsp;Bez PFOA, o\u0142owiu i kadmu<\/span><\/p>\n<p style=\"text-align: center;\" class=\"def\"><span style=\"font-size: 14pt;\" class=\"def\"><strong class=\"def\">Czyszczenie:<\/strong>&nbsp;Zalecane mycie r\u0119czne dla zachowania pow\u0142oki<\/span><\/p>\n<p style=\"text-align: center;\" class=\"def\"><span style=\"font-size: 14pt;\" class=\"def\"><strong class=\"def\">Kolekcja:<\/strong>&nbsp;Leonardo Collection<\/span><\/p>\n<p style=\"text-align: center;\" class=\"def\"><span style=\"font-size: 14pt;\" class=\"def\"><img decoding=\"async\" src=\"https:\/\/berlingerhaus.com.pl\/images\/tn107\/6000-7000\/Brytfanna-do-pieczenia-35-27-cm-BerlingerHaus-BH-7911-Leonardo-Collection_[6284]_696.jpg\" width=\"774\" height=\"774\" alt=\"\" class=\"def\"><\/span><\/p>\n","protected":false},"excerpt":{"rendered":"<p>Model:\u00a0Brytfanna prostok\u0105tna<br \/>\nMateria\u0142:\u00a0Stal w\u0119glowa z pow\u0142ok\u0105 titanPro<br \/>\nWymiary:\u00a035 \u00d7\u00a027 \u00d7 6,5 cm<br \/>\nKolor:\u00a0Matowy bordowy<br \/>\nPow\u0142oka:\u00a0Potr\u00f3jna, nieprzywieraj\u0105ca titanPro<br \/>\nBezpiecze\u0144stwo:\u00a0Bez PFOA, o\u0142owiu i kadmu<br \/>\nCzyszczenie:\u00a0Zalecane mycie r\u0119czne dla zachowania pow\u0142oki<br \/>\nKolekcja:\u00a0Leonardo Collection<\/p>\n","protected":false},"featured_media":0,"comment_status":"open","ping_status":"closed","template":"","meta":{"ocean_post_layout":"","ocean_both_sidebars_style":"","ocean_both_sidebars_content_width":0,"ocean_both_sidebars_sidebars_width":0,"ocean_sidebar":"","ocean_second_sidebar":"","ocean_disable_margins":"enable","ocean_add_body_class":"","ocean_shortcode_before_top_bar":"","ocean_shortcode_after_top_bar":"","ocean_shortcode_before_header":"","ocean_shortcode_after_header":"","ocean_has_shortcode":"","ocean_shortcode_after_title":"","ocean_shortcode_before_footer_widgets":"","ocean_shortcode_after_footer_widgets":"","ocean_shortcode_before_footer_bottom":"","ocean_shortcode_after_footer_bottom":"","ocean_display_top_bar":"default","ocean_display_header":"default","ocean_header_style":"","ocean_center_header_left_menu":"","ocean_custom_header_template":"","ocean_custom_logo":0,"ocean_custom_retina_logo":0,"ocean_custom_logo_max_width":0,"ocean_custom_logo_tablet_max_width":0,"ocean_custom_logo_mobile_max_width":0,"ocean_custom_logo_max_height":0,"ocean_custom_logo_tablet_max_height":0,"ocean_custom_logo_mobile_max_height":0,"ocean_header_custom_menu":"","ocean_menu_typo_font_family":"","ocean_menu_typo_font_subset":"","ocean_menu_typo_font_size":0,"ocean_menu_typo_font_size_tablet":0,"ocean_menu_typo_font_size_mobile":0,"ocean_menu_typo_font_size_unit":"px","ocean_menu_typo_font_weight":"","ocean_menu_typo_font_weight_tablet":"","ocean_menu_typo_font_weight_mobile":"","ocean_menu_typo_transform":"","ocean_menu_typo_transform_tablet":"","ocean_menu_typo_transform_mobile":"","ocean_menu_typo_line_height":0,"ocean_menu_typo_line_height_tablet":0,"ocean_menu_typo_line_height_mobile":0,"ocean_menu_typo_line_height_unit":"","ocean_menu_typo_spacing":0,"ocean_menu_typo_spacing_tablet":0,"ocean_menu_typo_spacing_mobile":0,"ocean_menu_typo_spacing_unit":"","ocean_menu_link_color":"","ocean_menu_link_color_hover":"","ocean_menu_link_color_active":"","ocean_menu_link_background":"","ocean_menu_link_hover_background":"","ocean_menu_link_active_background":"","ocean_menu_social_links_bg":"","ocean_menu_social_hover_links_bg":"","ocean_menu_social_links_color":"","ocean_menu_social_hover_links_color":"","ocean_disable_title":"default","ocean_disable_heading":"default","ocean_post_title":"","ocean_post_subheading":"","ocean_post_title_style":"","ocean_post_title_background_color":"","ocean_post_title_background":0,"ocean_post_title_bg_image_position":"","ocean_post_title_bg_image_attachment":"","ocean_post_title_bg_image_repeat":"","ocean_post_title_bg_image_size":"","ocean_post_title_height":0,"ocean_post_title_bg_overlay":0.5,"ocean_post_title_bg_overlay_color":"","ocean_disable_breadcrumbs":"default","ocean_breadcrumbs_color":"","ocean_breadcrumbs_separator_color":"","ocean_breadcrumbs_links_color":"","ocean_breadcrumbs_links_hover_color":"","ocean_display_footer_widgets":"default","ocean_display_footer_bottom":"default","ocean_custom_footer_template":""},"product_brand":[],"product_cat":[15],"product_tag":[3930,3898,3897,3936],"class_list":{"0":"post-6364","1":"product","2":"type-product","3":"status-publish","5":"product_cat-wszystkie-produkty","6":"product_tag-3930","7":"product_tag-3898","8":"product_tag-berlinger-haus","9":"product_tag-bh-7911","11":"entry","13":"first","14":"instock","15":"shipping-taxable","16":"product-type-simple","17":"has-product-nav","18":"col","19":"span_1_of_4","20":"owp-content-center","21":"owp-thumbs-layout-horizontal","22":"owp-btn-normal","23":"owp-tabs-layout-horizontal","24":"has-no-thumbnails"},"jetpack_sharing_enabled":true,"_links":{"self":[{"href":"https:\/\/domigoo.pl\/index.php\/wp-json\/wp\/v2\/product\/6364","targetHints":{"allow":["GET"]}}],"collection":[{"href":"https:\/\/domigoo.pl\/index.php\/wp-json\/wp\/v2\/product"}],"about":[{"href":"https:\/\/domigoo.pl\/index.php\/wp-json\/wp\/v2\/types\/product"}],"replies":[{"embeddable":true,"href":"https:\/\/domigoo.pl\/index.php\/wp-json\/wp\/v2\/comments?post=6364"}],"wp:attachment":[{"href":"https:\/\/domigoo.pl\/index.php\/wp-json\/wp\/v2\/media?parent=6364"}],"wp:term":[{"taxonomy":"product_brand","embeddable":true,"href":"https:\/\/domigoo.pl\/index.php\/wp-json\/wp\/v2\/product_brand?post=6364"},{"taxonomy":"product_cat","embeddable":true,"href":"https:\/\/domigoo.pl\/index.php\/wp-json\/wp\/v2\/product_cat?post=6364"},{"taxonomy":"product_tag","embeddable":true,"href":"https:\/\/domigoo.pl\/index.php\/wp-json\/wp\/v2\/product_tag?post=6364"}],"curies":[{"name":"wp","href":"https:\/\/api.w.org\/{rel}","templated":true}]}}