{"id":6365,"date":"2025-09-12T10:07:33","date_gmt":"2025-09-12T08:07:33","guid":{"rendered":"https:\/\/domigoo.pl\/index.php\/produkt\/brytfanna-do-pieczenia-40-x-285-cm-berlingerhaus-bh-7905-leonardo-collection\/"},"modified":"2026-04-06T11:12:16","modified_gmt":"2026-04-06T09:12:16","slug":"brytfanna-do-pieczenia-40-x-285-cm-berlingerhaus-bh-7905-leonardo-collection","status":"publish","type":"product","link":"https:\/\/domigoo.pl\/index.php\/produkt\/brytfanna-do-pieczenia-40-x-285-cm-berlingerhaus-bh-7905-leonardo-collection\/","title":{"rendered":"Brytfanna do pieczenia 40 x 28,5 cm BerlingerHaus BH- 7905 Leonardo Collection"},"content":{"rendered":"<h1 style=\"text-align: center;\" class=\"def\"><span style=\"font-size: 24pt;\" class=\"def\"><strong class=\"def\">Brytfanna do pieczenia 40 x 28,5 cm BerlingerHaus<\/strong><\/span><\/h1>\n<h1 style=\"text-align: center;\" class=\"def\"><span style=\"font-size: 24pt;\" class=\"def\"><strong class=\"def\">&nbsp;BH- 7905 Leonardo Collection<\/strong><\/span><\/h1>\n<hr class=\"def\">\n<p class=\"def\">\n<p class=\"def\"><img fetchpriority=\"high\" decoding=\"async\" src=\"https:\/\/berlingerhaus.com.pl\/images\/tn107\/6000-7000\/Brytfanna-do-pieczenia-40-28-5-cm-BerlingerHaus-BH-7905-Leonardo-Collection_[6283]_696.jpg\" width=\"696\" height=\"695\" alt=\"\" style=\"display: block; margin-left: auto; margin-right: auto;\" class=\"def\"><\/p>\n<p style=\"text-align: center;\" class=\"def\"><span style=\"font-size: 14pt;\" class=\"def\"><strong class=\"def\">Wytrzyma\u0142a konstrukcja: <\/strong>Brytfanna wykonana z <strong class=\"def\">stali w\u0119glowej<\/strong> zapewnia wyj\u0105tkow\u0105 trwa\u0142o\u015b\u0107 oraz r\u00f3wnomierne rozprowadzanie ciep\u0142a, dzi\u0119ki czemu Twoje potrawy b\u0119d\u0105 zawsze idealnie wypieczone.<\/span><\/p>\n<p style=\"text-align: center;\" class=\"def\"><span style=\"font-size: 14pt;\" class=\"def\"><strong class=\"def\">Tr\u00f3jwarstwowa pow\u0142oka TitanPro:<\/strong> Innowacyjna pow\u0142oka <strong class=\"def\">nieprzywieraj\u0105ca <\/strong>u\u0142atwia pieczenie i czyszczenie, gwarantuj\u0105c doskona\u0142e rezultaty bez przypalania.<\/span><\/p>\n<p style=\"text-align: center;\" class=\"def\"><span style=\"font-size: 14pt;\" class=\"def\"><strong class=\"def\">Stylowy design: <\/strong>Matowy bordowy kolor i elegancki wygl\u0105d dodaj\u0105 uroku ka\u017cdej kuchni, czyni\u0105c form\u0119 nie tylko praktycznym, ale tak\u017ce estetycznym dodatkiem.<\/span><\/p>\n<p style=\"text-align: center;\" class=\"def\"><span style=\"font-size: 14pt;\" class=\"def\"><strong class=\"def\">Du\u017cy rozmiar: <\/strong>Wymiary 40 x 28,5 x 7 cm sprawiaj\u0105, \u017ce brytfanna idealnie nadaje si\u0119 do przygotowania wi\u0119kszych porcji dla ca\u0142ej rodziny lub na specjalne okazje.<\/span><\/p>\n<p style=\"text-align: center;\" class=\"def\"><span style=\"font-size: 14pt;\" class=\"def\"><strong class=\"def\">Bezpiecze\u0144stwo i ekologia:<\/strong> Produkt wolny od szkodliwych substancji, takich jak PFOA.<\/span><\/p>\n<p style=\"text-align: center;\" class=\"def\"><span style=\"font-size: 14pt;\" class=\"def\"><\/span><\/p>\n<p style=\"text-align: center;\" class=\"def\"><span style=\"font-size: 14pt;\" class=\"def\"><img decoding=\"async\" src=\"https:\/\/berlingerhaus.com.pl\/images\/tn107\/6000-7000\/Brytfanna-do-pieczenia-40-28-5-cm-BerlingerHaus-BH-7905-Leonardo-Collection_[6282]_696.jpg\" width=\"696\" height=\"696\" alt=\"\" style=\"float: left;\" class=\"def\"><\/span><\/p>\n<p style=\"text-align: center;\" class=\"def\"><span style=\"font-size: 14pt;\" class=\"def\"><\/span><\/p>\n<p style=\"text-align: center;\" class=\"def\"><span style=\"font-size: 14pt;\" class=\"def\"><\/span><\/p>\n<p style=\"text-align: center;\" class=\"def\"><span style=\"font-size: 14pt;\" class=\"def\"><\/span><\/p>\n<p style=\"text-align: center;\" class=\"def\"><span style=\"font-size: 14pt;\" class=\"def\"><\/span><\/p>\n<p style=\"text-align: center;\" class=\"def\"><span style=\"font-size: 18pt;\" class=\"def\">Prostok\u0105tna forma do pieczenie ze stali w\u0119glowej o d\u0142ugo\u015bci 40cm. 40*28,5*7 cm<\/span><\/p>\n<p style=\"text-align: center;\" class=\"def\"><span style=\"font-size: 18pt;\" class=\"def\">&nbsp;<br class=\"def\"><br \/>\n Posiada tytanow\u0105 pow\u0142ok\u0119 wewn\u0119trzn\u0105, dzi\u0119ki czemu blacha zyskuje dodatkow\u0105 odporno\u015b\u0107.<\/span><\/p>\n<p style=\"text-align: center;\" class=\"def\"><span style=\"font-size: 18pt;\" class=\"def\"><br class=\"def\"><br \/>\n &nbsp;Wymiary wewn\u0119trzne: 33.3 x 26.1 x 6.7 cm.<\/span><\/p>\n","protected":false},"excerpt":{"rendered":"<p>Prostok\u0105tna forma do pieczenie ze stali w\u0119glowej o d\u0142ugo\u015bci 40cm. 40*28,5*7 cm\u00a0<br \/>\nPosiada tytanow\u0105 pow\u0142ok\u0119 wewn\u0119trzn\u0105, dzi\u0119ki czemu blacha zyskuje dodatkow\u0105 odporno\u015b\u0107.<br \/>\n\u00a0Wymiary wewn\u0119trzne: 33.3 x 26.1 x 6.7 cm.<\/p>\n","protected":false},"featured_media":0,"comment_status":"open","ping_status":"closed","template":"","meta":{"ocean_post_layout":"","ocean_both_sidebars_style":"","ocean_both_sidebars_content_width":0,"ocean_both_sidebars_sidebars_width":0,"ocean_sidebar":"","ocean_second_sidebar":"","ocean_disable_margins":"enable","ocean_add_body_class":"","ocean_shortcode_before_top_bar":"","ocean_shortcode_after_top_bar":"","ocean_shortcode_before_header":"","ocean_shortcode_after_header":"","ocean_has_shortcode":"","ocean_shortcode_after_title":"","ocean_shortcode_before_footer_widgets":"","ocean_shortcode_after_footer_widgets":"","ocean_shortcode_before_footer_bottom":"","ocean_shortcode_after_footer_bottom":"","ocean_display_top_bar":"default","ocean_display_header":"default","ocean_header_style":"","ocean_center_header_left_menu":"","ocean_custom_header_template":"","ocean_custom_logo":0,"ocean_custom_retina_logo":0,"ocean_custom_logo_max_width":0,"ocean_custom_logo_tablet_max_width":0,"ocean_custom_logo_mobile_max_width":0,"ocean_custom_logo_max_height":0,"ocean_custom_logo_tablet_max_height":0,"ocean_custom_logo_mobile_max_height":0,"ocean_header_custom_menu":"","ocean_menu_typo_font_family":"","ocean_menu_typo_font_subset":"","ocean_menu_typo_font_size":0,"ocean_menu_typo_font_size_tablet":0,"ocean_menu_typo_font_size_mobile":0,"ocean_menu_typo_font_size_unit":"px","ocean_menu_typo_font_weight":"","ocean_menu_typo_font_weight_tablet":"","ocean_menu_typo_font_weight_mobile":"","ocean_menu_typo_transform":"","ocean_menu_typo_transform_tablet":"","ocean_menu_typo_transform_mobile":"","ocean_menu_typo_line_height":0,"ocean_menu_typo_line_height_tablet":0,"ocean_menu_typo_line_height_mobile":0,"ocean_menu_typo_line_height_unit":"","ocean_menu_typo_spacing":0,"ocean_menu_typo_spacing_tablet":0,"ocean_menu_typo_spacing_mobile":0,"ocean_menu_typo_spacing_unit":"","ocean_menu_link_color":"","ocean_menu_link_color_hover":"","ocean_menu_link_color_active":"","ocean_menu_link_background":"","ocean_menu_link_hover_background":"","ocean_menu_link_active_background":"","ocean_menu_social_links_bg":"","ocean_menu_social_hover_links_bg":"","ocean_menu_social_links_color":"","ocean_menu_social_hover_links_color":"","ocean_disable_title":"default","ocean_disable_heading":"default","ocean_post_title":"","ocean_post_subheading":"","ocean_post_title_style":"","ocean_post_title_background_color":"","ocean_post_title_background":0,"ocean_post_title_bg_image_position":"","ocean_post_title_bg_image_attachment":"","ocean_post_title_bg_image_repeat":"","ocean_post_title_bg_image_size":"","ocean_post_title_height":0,"ocean_post_title_bg_overlay":0.5,"ocean_post_title_bg_overlay_color":"","ocean_disable_breadcrumbs":"default","ocean_breadcrumbs_color":"","ocean_breadcrumbs_separator_color":"","ocean_breadcrumbs_links_color":"","ocean_breadcrumbs_links_hover_color":"","ocean_display_footer_widgets":"default","ocean_display_footer_bottom":"default","ocean_custom_footer_template":""},"product_brand":[],"product_cat":[15],"product_tag":[3930,3898,3897,3937],"class_list":{"0":"post-6365","1":"product","2":"type-product","3":"status-publish","5":"product_cat-wszystkie-produkty","6":"product_tag-3930","7":"product_tag-3898","8":"product_tag-berlinger-haus","9":"product_tag-bh-7905","11":"entry","13":"first","14":"instock","15":"shipping-taxable","16":"product-type-simple","17":"has-product-nav","18":"col","19":"span_1_of_4","20":"owp-content-center","21":"owp-thumbs-layout-horizontal","22":"owp-btn-normal","23":"owp-tabs-layout-horizontal","24":"has-no-thumbnails"},"jetpack_sharing_enabled":true,"_links":{"self":[{"href":"https:\/\/domigoo.pl\/index.php\/wp-json\/wp\/v2\/product\/6365","targetHints":{"allow":["GET"]}}],"collection":[{"href":"https:\/\/domigoo.pl\/index.php\/wp-json\/wp\/v2\/product"}],"about":[{"href":"https:\/\/domigoo.pl\/index.php\/wp-json\/wp\/v2\/types\/product"}],"replies":[{"embeddable":true,"href":"https:\/\/domigoo.pl\/index.php\/wp-json\/wp\/v2\/comments?post=6365"}],"wp:attachment":[{"href":"https:\/\/domigoo.pl\/index.php\/wp-json\/wp\/v2\/media?parent=6365"}],"wp:term":[{"taxonomy":"product_brand","embeddable":true,"href":"https:\/\/domigoo.pl\/index.php\/wp-json\/wp\/v2\/product_brand?post=6365"},{"taxonomy":"product_cat","embeddable":true,"href":"https:\/\/domigoo.pl\/index.php\/wp-json\/wp\/v2\/product_cat?post=6365"},{"taxonomy":"product_tag","embeddable":true,"href":"https:\/\/domigoo.pl\/index.php\/wp-json\/wp\/v2\/product_tag?post=6365"}],"curies":[{"name":"wp","href":"https:\/\/api.w.org\/{rel}","templated":true}]}}