{"id":6370,"date":"2025-09-12T10:07:34","date_gmt":"2025-09-12T08:07:34","guid":{"rendered":"https:\/\/domigoo.pl\/index.php\/produkt\/butelka-05-l-do-saturatora-sodamaker-berlingerhaus-bh-8819\/"},"modified":"2026-04-06T11:12:17","modified_gmt":"2026-04-06T09:12:17","slug":"butelka-05-l-do-saturatora-sodamaker-berlingerhaus-bh-8819","status":"publish","type":"product","link":"https:\/\/domigoo.pl\/index.php\/produkt\/butelka-05-l-do-saturatora-sodamaker-berlingerhaus-bh-8819\/","title":{"rendered":"Butelka 0,5 L do saturatora SodaMaker BerlingerHaus BH-8819"},"content":{"rendered":"<h1 style=\"text-align: center;\" class=\"def\"><span style=\"font-size: 24pt;\" class=\"def\"><strong class=\"def\">Butelka 0,5 L do saturatora SodaMaker<\/strong><\/span><\/h1>\n<h1 style=\"text-align: center;\" class=\"def\"><span style=\"font-size: 24pt;\" class=\"def\"><strong class=\"def\">&nbsp;BerlingerHaus BH-8819.<\/strong><\/span><\/h1>\n<hr class=\"def\">\n<p style=\"text-align: center;\" class=\"def\"><br data-start=\"113\" data-end=\"116\" class=\"def\"><br \/>\n <span style=\"font-size: 14pt;\" class=\"def\">Por\u0119czna i stylowa butelka o pojemno\u015bci 0,5 litra, stworzona z my\u015bl\u0105 o <strong class=\"def\">saturatorach marki Berlinger Haus.<\/strong><\/span><\/p>\n<p style=\"text-align: center;\" class=\"def\"><span style=\"font-size: 14pt;\" class=\"def\">&nbsp;Idealna jako <strong data-start=\"235\" data-end=\"270\" class=\"def\">dodatkowa butelka do dokupienia<\/strong> \u2013 \u015bwietna na drog\u0119, do pracy czy szko\u0142y.<\/span><\/p>\n<p style=\"text-align: center;\" class=\"def\"><img fetchpriority=\"high\" decoding=\"async\" src=\"https:\/\/berlingerhaus.com.pl\/images\/tn107\/6000-7000\/Butelka-0-5-L-do-saturatora-SodaMaker-BerlingerHaus-BH-8819_[6716]_696.jpg\" width=\"568\" height=\"568\" alt=\"\" class=\"def\"><\/p>\n<h2 data-start=\"313\" data-end=\"334\" style=\"text-align: center;\" class=\"def\"><span style=\"font-size: 18pt;\" class=\"def\"><strong data-start=\"313\" data-end=\"332\" class=\"def\"><strong class=\"def\">Cechy produktu:<\/strong><\/strong><\/span><\/h2>\n<p style=\"text-align: center;\" class=\"def\"><span style=\"font-size: 14pt;\" class=\"def\"><strong data-start=\"337\" data-end=\"351\" class=\"def\">Pojemno\u015b\u0107:<\/strong> 0,5 L<\/span><\/p>\n<p style=\"text-align: center;\" class=\"def\"><span style=\"font-size: 14pt;\" class=\"def\"><strong data-start=\"362\" data-end=\"375\" class=\"def\">Materia\u0142:<\/strong> Wysokiej jako\u015bci tworzywo PET \u2013 lekkie, trwa\u0142e i bezpieczne w kontakcie z \u017cywno\u015bci\u0105<\/span><\/p>\n<p style=\"text-align: center;\" class=\"def\"><span style=\"font-size: 14pt;\" class=\"def\"><strong data-start=\"464\" data-end=\"476\" class=\"def\">Wymiary:<\/strong> 21,4 x 7,2 cm<\/span><\/p>\n<p style=\"text-align: center;\" class=\"def\"><span style=\"font-size: 14pt;\" class=\"def\"><strong data-start=\"495\" data-end=\"505\" class=\"def\">Kolor:<\/strong> Elegancka czer\u0144<\/span><\/p>\n<p style=\"text-align: center;\" class=\"def\"><span style=\"font-size: 14pt;\" class=\"def\"><strong data-start=\"526\" data-end=\"545\" class=\"def\">Kompatybilno\u015b\u0107:<\/strong> Przeznaczona do u\u017cytku z urz\u0105dzeniami SodaMaker marki Berlinger Haus<\/span><\/p>\n<p style=\"text-align: center;\" class=\"def\"><span style=\"font-size: 14pt;\" class=\"def\"><strong data-start=\"619\" data-end=\"636\" class=\"def\">Zastosowanie:<\/strong> Osobna butelka na gazowan\u0105 wod\u0119 \u2013 idealna jako <strong data-start=\"684\" data-end=\"708\" class=\"def\">dodatkowe akcesorium<\/strong> do Twojego saturatora<\/span><\/p>\n<p style=\"text-align: center;\" class=\"def\"><span style=\"font-size: 14pt;\" class=\"def\"><img decoding=\"async\" src=\"https:\/\/berlingerhaus.com.pl\/images\/tn107\/5000-6000\/Butelka-0-5-L-do-saturatora-SodaMaker-BerlingerHaus-BH-8819_[5563]_696.jpg\" width=\"525\" height=\"525\" alt=\"\" style=\"float: left;\" class=\"def\"><img decoding=\"async\" src=\"https:\/\/berlingerhaus.com.pl\/images\/tn107\/5000-6000\/Butelka-0-5-L-do-saturatora-SodaMaker-BerlingerHaus-BH-8819_[5561]_696.jpg\" width=\"526\" height=\"526\" alt=\"\" style=\"float: right;\" class=\"def\"><\/span><\/p>\n","protected":false},"excerpt":{"rendered":"<p>Pojemno\u015b\u0107: 0,5 L<br \/>\nMateria\u0142: Wysokiej jako\u015bci tworzywo PET \u2013 lekkie, trwa\u0142e i bezpieczne w kontakcie z \u017cywno\u015bci\u0105<br \/>\nWymiary: 21,4 x 7,2 cm<br \/>\nKolor: Elegancka czer\u0144<\/p>\n","protected":false},"featured_media":0,"comment_status":"open","ping_status":"closed","template":"","meta":{"ocean_post_layout":"","ocean_both_sidebars_style":"","ocean_both_sidebars_content_width":0,"ocean_both_sidebars_sidebars_width":0,"ocean_sidebar":"","ocean_second_sidebar":"","ocean_disable_margins":"enable","ocean_add_body_class":"","ocean_shortcode_before_top_bar":"","ocean_shortcode_after_top_bar":"","ocean_shortcode_before_header":"","ocean_shortcode_after_header":"","ocean_has_shortcode":"","ocean_shortcode_after_title":"","ocean_shortcode_before_footer_widgets":"","ocean_shortcode_after_footer_widgets":"","ocean_shortcode_before_footer_bottom":"","ocean_shortcode_after_footer_bottom":"","ocean_display_top_bar":"default","ocean_display_header":"default","ocean_header_style":"","ocean_center_header_left_menu":"","ocean_custom_header_template":"","ocean_custom_logo":0,"ocean_custom_retina_logo":0,"ocean_custom_logo_max_width":0,"ocean_custom_logo_tablet_max_width":0,"ocean_custom_logo_mobile_max_width":0,"ocean_custom_logo_max_height":0,"ocean_custom_logo_tablet_max_height":0,"ocean_custom_logo_mobile_max_height":0,"ocean_header_custom_menu":"","ocean_menu_typo_font_family":"","ocean_menu_typo_font_subset":"","ocean_menu_typo_font_size":0,"ocean_menu_typo_font_size_tablet":0,"ocean_menu_typo_font_size_mobile":0,"ocean_menu_typo_font_size_unit":"px","ocean_menu_typo_font_weight":"","ocean_menu_typo_font_weight_tablet":"","ocean_menu_typo_font_weight_mobile":"","ocean_menu_typo_transform":"","ocean_menu_typo_transform_tablet":"","ocean_menu_typo_transform_mobile":"","ocean_menu_typo_line_height":0,"ocean_menu_typo_line_height_tablet":0,"ocean_menu_typo_line_height_mobile":0,"ocean_menu_typo_line_height_unit":"","ocean_menu_typo_spacing":0,"ocean_menu_typo_spacing_tablet":0,"ocean_menu_typo_spacing_mobile":0,"ocean_menu_typo_spacing_unit":"","ocean_menu_link_color":"","ocean_menu_link_color_hover":"","ocean_menu_link_color_active":"","ocean_menu_link_background":"","ocean_menu_link_hover_background":"","ocean_menu_link_active_background":"","ocean_menu_social_links_bg":"","ocean_menu_social_hover_links_bg":"","ocean_menu_social_links_color":"","ocean_menu_social_hover_links_color":"","ocean_disable_title":"default","ocean_disable_heading":"default","ocean_post_title":"","ocean_post_subheading":"","ocean_post_title_style":"","ocean_post_title_background_color":"","ocean_post_title_background":0,"ocean_post_title_bg_image_position":"","ocean_post_title_bg_image_attachment":"","ocean_post_title_bg_image_repeat":"","ocean_post_title_bg_image_size":"","ocean_post_title_height":0,"ocean_post_title_bg_overlay":0.5,"ocean_post_title_bg_overlay_color":"","ocean_disable_breadcrumbs":"default","ocean_breadcrumbs_color":"","ocean_breadcrumbs_separator_color":"","ocean_breadcrumbs_links_color":"","ocean_breadcrumbs_links_hover_color":"","ocean_display_footer_widgets":"default","ocean_display_footer_bottom":"default","ocean_custom_footer_template":""},"product_brand":[],"product_cat":[15],"product_tag":[3954,3898,3897,3942],"class_list":{"0":"post-6370","1":"product","2":"type-product","3":"status-publish","5":"product_cat-wszystkie-produkty","6":"product_tag-3954","7":"product_tag-3898","8":"product_tag-berlinger-haus","9":"product_tag-bh-8819","11":"entry","13":"first","14":"instock","15":"shipping-taxable","16":"product-type-simple","17":"has-product-nav","18":"col","19":"span_1_of_4","20":"owp-content-center","21":"owp-thumbs-layout-horizontal","22":"owp-btn-normal","23":"owp-tabs-layout-horizontal","24":"has-no-thumbnails"},"jetpack_sharing_enabled":true,"_links":{"self":[{"href":"https:\/\/domigoo.pl\/index.php\/wp-json\/wp\/v2\/product\/6370","targetHints":{"allow":["GET"]}}],"collection":[{"href":"https:\/\/domigoo.pl\/index.php\/wp-json\/wp\/v2\/product"}],"about":[{"href":"https:\/\/domigoo.pl\/index.php\/wp-json\/wp\/v2\/types\/product"}],"replies":[{"embeddable":true,"href":"https:\/\/domigoo.pl\/index.php\/wp-json\/wp\/v2\/comments?post=6370"}],"wp:attachment":[{"href":"https:\/\/domigoo.pl\/index.php\/wp-json\/wp\/v2\/media?parent=6370"}],"wp:term":[{"taxonomy":"product_brand","embeddable":true,"href":"https:\/\/domigoo.pl\/index.php\/wp-json\/wp\/v2\/product_brand?post=6370"},{"taxonomy":"product_cat","embeddable":true,"href":"https:\/\/domigoo.pl\/index.php\/wp-json\/wp\/v2\/product_cat?post=6370"},{"taxonomy":"product_tag","embeddable":true,"href":"https:\/\/domigoo.pl\/index.php\/wp-json\/wp\/v2\/product_tag?post=6370"}],"curies":[{"name":"wp","href":"https:\/\/api.w.org\/{rel}","templated":true}]}}