{"id":6373,"date":"2025-09-12T10:07:34","date_gmt":"2025-09-12T08:07:34","guid":{"rendered":"https:\/\/domigoo.pl\/index.php\/produkt\/cyfrowa-waga-lazienkowa-z-analiza-skladu-ciala-berlingerhaus-bh-9755-sahara-collection\/"},"modified":"2026-04-06T11:17:27","modified_gmt":"2026-04-06T09:17:27","slug":"cyfrowa-waga-lazienkowa-z-analiza-skladu-ciala-berlingerhaus-bh-9755-sahara-collection","status":"publish","type":"product","link":"https:\/\/domigoo.pl\/index.php\/produkt\/cyfrowa-waga-lazienkowa-z-analiza-skladu-ciala-berlingerhaus-bh-9755-sahara-collection\/","title":{"rendered":"Cyfrowa Waga \u0142azienkowa z analiz\u0105 sk\u0142adu cia\u0142a BerlingerHaus BH-9755 Sahara Collection"},"content":{"rendered":"<h1 style=\"text-align: center;\" class=\"def\"><span style=\"font-size: 24pt;\" class=\"def\"><strong class=\"def\">Cyfrowa Waga \u0142azienkowa z analiz\u0105 sk\u0142adu cia\u0142a<\/strong><\/span><\/h1>\n<h1 style=\"text-align: center;\" class=\"def\"><span style=\"font-size: 24pt;\" class=\"def\"><strong class=\"def\">&nbsp;BerlingerHaus BH-9755 Sahara Collection<\/strong><\/span><\/h1>\n<hr class=\"def\">\n<p style=\"text-align: center;\" class=\"def\"><span style=\"font-size: 14pt;\" class=\"def\">Nowoczesna <strong data-start=\"192\" data-end=\"242\" class=\"def\">cyfrowa waga \u0142azienkowa z analiz\u0105 sk\u0142adu cia\u0142a<\/strong> to idealne narz\u0119dzie do codziennego monitorowania zdrowia i kondycji.<\/span><\/p>\n<p style=\"text-align: center;\" class=\"def\"><span style=\"font-size: 14pt;\" class=\"def\">&nbsp;Dzi\u0119ki eleganckiej obudowie z hartowanego szk\u0142a w kolorze kremowym oraz zaawansowanym funkcjom pomiarowym, doskonale sprawdzi si\u0119 w ka\u017cdej \u0142azience.<\/span><span style=\"font-size: 14pt;\" class=\"def\"><\/span><\/p>\n<p class=\"def\"><img fetchpriority=\"high\" decoding=\"async\" src=\"https:\/\/berlingerhaus.com.pl\/images\/tn107\/6000-7000\/Cyfrowa-Waga-lazienkowa-z-analiza-skladu-ciala-BerlingerHaus-BH-9528-Sahara-Collection_[6143]_696.jpg\" width=\"737\" height=\"737\" alt=\"\" style=\"display: block; margin-left: auto; margin-right: auto;\" class=\"def\"><\/p>\n<h2 style=\"text-align: center;\" class=\"def\"><span style=\"font-size: 18pt;\" class=\"def\"><strong class=\"def\">G\u0142\u00f3wne cechy:<\/strong><\/span><\/h2>\n<p data-start=\"483\" data-end=\"534\" style=\"text-align: center;\" class=\"def\"><span style=\"font-size: 14pt;\" class=\"def\"><strong data-start=\"483\" data-end=\"504\" class=\"def\">Pomiar masy cia\u0142a<\/strong> do 180 kg z wysok\u0105 precyzj\u0105<\/span><\/p>\n<p data-start=\"537\" data-end=\"617\" style=\"text-align: center;\" class=\"def\"><span style=\"font-size: 14pt;\" class=\"def\">Analiza sk\u0142adu cia\u0142a: <strong data-start=\"559\" data-end=\"615\" class=\"def\">tkanka t\u0142uszczowa, woda, masa mi\u0119\u015bniowa, masa kostna<\/strong><\/span><\/p>\n<p data-start=\"620\" data-end=\"640\" style=\"text-align: center;\" class=\"def\"><span style=\"font-size: 14pt;\" class=\"def\"><strong data-start=\"620\" data-end=\"638\" class=\"def\">Obliczanie BMI<\/strong><\/span><\/p>\n<p data-start=\"643\" data-end=\"703\" style=\"text-align: center;\" class=\"def\"><span style=\"font-size: 14pt;\" class=\"def\"><strong data-start=\"643\" data-end=\"673\" class=\"def\">Pami\u0119\u0107 dla 10 u\u017cytkownik\u00f3w<\/strong> \u2013 idealna dla ca\u0142ej rodziny<\/span><\/p>\n<p data-start=\"706\" data-end=\"740\" style=\"text-align: center;\" class=\"def\"><span style=\"font-size: 14pt;\" class=\"def\"><strong data-start=\"706\" data-end=\"725\" class=\"def\">Jednostki wagi:<\/strong> kg \/ lb \/ st<\/span><\/p>\n<p data-start=\"743\" data-end=\"792\" style=\"text-align: center;\" class=\"def\"><span style=\"font-size: 14pt;\" class=\"def\"><strong data-start=\"743\" data-end=\"762\" class=\"def\">Wy\u015bwietlacz LED<\/strong> z niebieskim pod\u015bwietleniem<\/span><\/p>\n<p data-start=\"795\" data-end=\"826\" style=\"text-align: center;\" class=\"def\"><span style=\"font-size: 14pt;\" class=\"def\"><strong data-start=\"795\" data-end=\"824\" class=\"def\">Dotykowy panel sterowania<\/strong><\/span><\/p>\n<p data-start=\"829\" data-end=\"894\" style=\"text-align: center;\" class=\"def\"><span style=\"font-size: 14pt;\" class=\"def\">Wska\u017aniki: <strong data-start=\"840\" data-end=\"869\" class=\"def\">niski poziom baterii (LO)<\/strong>, <strong data-start=\"871\" data-end=\"892\" class=\"def\">przeci\u0105\u017cenie (OL)<\/strong><\/span><\/p>\n<p data-start=\"897\" data-end=\"938\" style=\"text-align: center;\" class=\"def\"><span style=\"font-size: 14pt;\" class=\"def\"><strong data-start=\"897\" data-end=\"936\" class=\"def\">Automatyczne w\u0142\u0105czanie i wy\u0142\u0105czanie<\/strong><\/span><\/p>\n<p data-start=\"941\" data-end=\"978\" style=\"text-align: center;\" class=\"def\"><span style=\"font-size: 14pt;\" class=\"def\"><strong data-start=\"941\" data-end=\"955\" class=\"def\">Zasilanie:<\/strong> 2 \u00d7 AAA (w zestawie)<\/span><\/p>\n<p data-start=\"981\" data-end=\"1031\" style=\"text-align: center;\" class=\"def\"><span style=\"font-size: 14pt;\" class=\"def\"><strong data-start=\"981\" data-end=\"991\" class=\"def\">Kolor:<\/strong> kremowy \u2013 stylowy i nowoczesny wygl\u0105d<\/span><\/p>\n<p data-start=\"981\" data-end=\"1031\" style=\"text-align: center;\" class=\"def\"><span style=\"font-size: 14pt;\" class=\"def\"><img decoding=\"async\" src=\"https:\/\/berlingerhaus.com.pl\/images\/tn107\/6000-7000\/Cyfrowa-Waga-lazienkowa-z-analiza-skladu-ciala-BerlingerHaus-BH-9528-Sahara-Collection_[6142]_696.jpg\" width=\"590\" height=\"590\" alt=\"\" style=\"float: left;\" class=\"def\"><\/span><\/p>\n<h2 data-start=\"1038\" data-end=\"1066\" style=\"text-align: center;\" class=\"def\"><span style=\"font-size: 18pt;\" class=\"def\"><strong data-start=\"1038\" data-end=\"1066\" class=\"def\"><strong class=\"def\">Specyfikacja techniczna:<\/strong><\/strong><\/span><\/h2>\n<p style=\"text-align: center;\" class=\"def\"><strong data-start=\"1070\" data-end=\"1083\" class=\"def\">M<span style=\"font-size: 14pt;\" class=\"def\">ateria\u0142:<\/span><\/strong><span style=\"font-size: 14pt;\" class=\"def\"> hartowane szk\u0142o + tworzywo sztuczne<\/span><\/p>\n<p style=\"text-align: center;\" class=\"def\"><span style=\"font-size: 14pt;\" class=\"def\"><strong data-start=\"1124\" data-end=\"1136\" class=\"def\">Wymiary:<\/strong> 30 \u00d7 30 cm<\/span><\/p>\n<p style=\"text-align: center;\" class=\"def\"><span style=\"font-size: 14pt;\" class=\"def\"><strong data-start=\"1152\" data-end=\"1178\" class=\"def\">Maksymalne obci\u0105\u017cenie:<\/strong> 180 kg<\/span><\/p>\n<p style=\"text-align: center;\" class=\"def\"><span style=\"font-size: 14pt;\" class=\"def\"><strong data-start=\"1190\" data-end=\"1210\" class=\"def\">Jednostki miary:<\/strong> kg \/ lb \/ st<\/span><\/p>\n<p style=\"text-align: center;\" class=\"def\"><span style=\"font-size: 14pt;\" class=\"def\"><strong data-start=\"1228\" data-end=\"1242\" class=\"def\">Zasilanie:<\/strong> 2 \u00d7 AAA (w zestawie)<\/span><\/p>\n<p style=\"text-align: center;\" class=\"def\"><span style=\"font-size: 14pt;\" class=\"def\"><strong data-start=\"1268\" data-end=\"1280\" class=\"def\">Funkcje:<\/strong><\/span><\/p>\n<p style=\"text-align: center;\" class=\"def\"><span style=\"font-size: 14pt;\" class=\"def\">Analiza: t\u0142uszcz, woda, mi\u0119\u015bnie, ko\u015bci<\/span><\/p>\n<p style=\"text-align: center;\" class=\"def\"><span style=\"font-size: 14pt;\" class=\"def\">Obliczanie BMI<\/span><\/p>\n<p style=\"text-align: center;\" class=\"def\"><span style=\"font-size: 14pt;\" class=\"def\">Pami\u0119\u0107: 10 u\u017cytkownik\u00f3w<\/span><\/p>\n<p style=\"text-align: center;\" class=\"def\"><span style=\"font-size: 14pt;\" class=\"def\">Wska\u017anik LO\/OL<\/span><\/p>\n<p style=\"text-align: center;\" class=\"def\"><span style=\"font-size: 14pt;\" class=\"def\">Automatyczne zerowanie i wy\u0142\u0105czanie<\/span><\/p>\n<p style=\"text-align: center;\" class=\"def\"><span style=\"font-size: 14pt;\" class=\"def\">LED z niebieskim pod\u015bwietleniem<\/span><\/p>\n<p style=\"text-align: center;\" class=\"def\"><span style=\"font-size: 14pt;\" class=\"def\">Dotykowe przyciski<\/span><\/p>\n","protected":false},"excerpt":{"rendered":"<p>No\u015bno\u015b\u0107: 180 kg<br \/>\nMateria\u0142: hartowane szk\u0142o + plastik<br \/>\nWymiary: 30 \u00d7 30 cm<br \/>\nJednostki miary: kg \/ lb \/ st<br \/>\nFunkcje: analiza t\u0142uszczu, wody, mi\u0119\u015bni, ko\u015bci, BMI<br \/>\nPami\u0119\u0107: do 10 u\u017cytkownik\u00f3w<br \/>\nZasilanie: 2 \u00d7 AAA (w zestawie)<br \/>\nWy\u015bwietlacz: LED z niebieskim pod\u015bwietleniem<br \/>\nDodatkowe funkcje: auto ON\/OFF, dotykowy panel, wska\u017anik niskiego poziomu baterii i przeci\u0105\u017cenia<br \/>\nKolor: kremowy<\/p>\n","protected":false},"featured_media":0,"comment_status":"open","ping_status":"closed","template":"","meta":{"ocean_post_layout":"","ocean_both_sidebars_style":"","ocean_both_sidebars_content_width":0,"ocean_both_sidebars_sidebars_width":0,"ocean_sidebar":"","ocean_second_sidebar":"","ocean_disable_margins":"enable","ocean_add_body_class":"","ocean_shortcode_before_top_bar":"","ocean_shortcode_after_top_bar":"","ocean_shortcode_before_header":"","ocean_shortcode_after_header":"","ocean_has_shortcode":"","ocean_shortcode_after_title":"","ocean_shortcode_before_footer_widgets":"","ocean_shortcode_after_footer_widgets":"","ocean_shortcode_before_footer_bottom":"","ocean_shortcode_after_footer_bottom":"","ocean_display_top_bar":"default","ocean_display_header":"default","ocean_header_style":"","ocean_center_header_left_menu":"","ocean_custom_header_template":"","ocean_custom_logo":0,"ocean_custom_retina_logo":0,"ocean_custom_logo_max_width":0,"ocean_custom_logo_tablet_max_width":0,"ocean_custom_logo_mobile_max_width":0,"ocean_custom_logo_max_height":0,"ocean_custom_logo_tablet_max_height":0,"ocean_custom_logo_mobile_max_height":0,"ocean_header_custom_menu":"","ocean_menu_typo_font_family":"","ocean_menu_typo_font_subset":"","ocean_menu_typo_font_size":0,"ocean_menu_typo_font_size_tablet":0,"ocean_menu_typo_font_size_mobile":0,"ocean_menu_typo_font_size_unit":"px","ocean_menu_typo_font_weight":"","ocean_menu_typo_font_weight_tablet":"","ocean_menu_typo_font_weight_mobile":"","ocean_menu_typo_transform":"","ocean_menu_typo_transform_tablet":"","ocean_menu_typo_transform_mobile":"","ocean_menu_typo_line_height":0,"ocean_menu_typo_line_height_tablet":0,"ocean_menu_typo_line_height_mobile":0,"ocean_menu_typo_line_height_unit":"","ocean_menu_typo_spacing":0,"ocean_menu_typo_spacing_tablet":0,"ocean_menu_typo_spacing_mobile":0,"ocean_menu_typo_spacing_unit":"","ocean_menu_link_color":"","ocean_menu_link_color_hover":"","ocean_menu_link_color_active":"","ocean_menu_link_background":"","ocean_menu_link_hover_background":"","ocean_menu_link_active_background":"","ocean_menu_social_links_bg":"","ocean_menu_social_hover_links_bg":"","ocean_menu_social_links_color":"","ocean_menu_social_hover_links_color":"","ocean_disable_title":"default","ocean_disable_heading":"default","ocean_post_title":"","ocean_post_subheading":"","ocean_post_title_style":"","ocean_post_title_background_color":"","ocean_post_title_background":0,"ocean_post_title_bg_image_position":"","ocean_post_title_bg_image_attachment":"","ocean_post_title_bg_image_repeat":"","ocean_post_title_bg_image_size":"","ocean_post_title_height":0,"ocean_post_title_bg_overlay":0.5,"ocean_post_title_bg_overlay_color":"","ocean_disable_breadcrumbs":"default","ocean_breadcrumbs_color":"","ocean_breadcrumbs_separator_color":"","ocean_breadcrumbs_links_color":"","ocean_breadcrumbs_links_hover_color":"","ocean_display_footer_widgets":"default","ocean_display_footer_bottom":"default","ocean_custom_footer_template":""},"product_brand":[],"product_cat":[15],"product_tag":[3954,3898,3897,3945],"class_list":{"0":"post-6373","1":"product","2":"type-product","3":"status-publish","5":"product_cat-wszystkie-produkty","6":"product_tag-3954","7":"product_tag-3898","8":"product_tag-berlinger-haus","9":"product_tag-bh-9755","11":"entry","13":"first","14":"instock","15":"shipping-taxable","16":"product-type-simple","17":"has-product-nav","18":"col","19":"span_1_of_4","20":"owp-content-center","21":"owp-thumbs-layout-horizontal","22":"owp-btn-normal","23":"owp-tabs-layout-horizontal","24":"has-no-thumbnails"},"jetpack_sharing_enabled":true,"_links":{"self":[{"href":"https:\/\/domigoo.pl\/index.php\/wp-json\/wp\/v2\/product\/6373","targetHints":{"allow":["GET"]}}],"collection":[{"href":"https:\/\/domigoo.pl\/index.php\/wp-json\/wp\/v2\/product"}],"about":[{"href":"https:\/\/domigoo.pl\/index.php\/wp-json\/wp\/v2\/types\/product"}],"replies":[{"embeddable":true,"href":"https:\/\/domigoo.pl\/index.php\/wp-json\/wp\/v2\/comments?post=6373"}],"wp:attachment":[{"href":"https:\/\/domigoo.pl\/index.php\/wp-json\/wp\/v2\/media?parent=6373"}],"wp:term":[{"taxonomy":"product_brand","embeddable":true,"href":"https:\/\/domigoo.pl\/index.php\/wp-json\/wp\/v2\/product_brand?post=6373"},{"taxonomy":"product_cat","embeddable":true,"href":"https:\/\/domigoo.pl\/index.php\/wp-json\/wp\/v2\/product_cat?post=6373"},{"taxonomy":"product_tag","embeddable":true,"href":"https:\/\/domigoo.pl\/index.php\/wp-json\/wp\/v2\/product_tag?post=6373"}],"curies":[{"name":"wp","href":"https:\/\/api.w.org\/{rel}","templated":true}]}}