{"id":6378,"date":"2025-09-12T10:07:35","date_gmt":"2025-09-12T08:07:35","guid":{"rendered":"https:\/\/domigoo.pl\/index.php\/produkt\/cyfrowy-czajnik-elektryczny-berlingerhaus-matte-black-bh-9675\/"},"modified":"2026-04-06T11:17:28","modified_gmt":"2026-04-06T09:17:28","slug":"cyfrowy-czajnik-elektryczny-berlingerhaus-matte-black-bh-9675","status":"publish","type":"product","link":"https:\/\/domigoo.pl\/index.php\/produkt\/cyfrowy-czajnik-elektryczny-berlingerhaus-matte-black-bh-9675\/","title":{"rendered":"Cyfrowy czajnik elektryczny BerlingerHaus Matte Black BH-9675"},"content":{"rendered":"<h1 style=\"text-align: center;\" class=\"def\"><span style=\"font-size: 24pt;\" class=\"def\"><strong class=\"def\">Cyfrowy czajnik elektryczny BerlingerHaus<\/strong><\/span><\/h1>\n<h1 style=\"text-align: center;\" class=\"def\"><span style=\"font-size: 24pt;\" class=\"def\"><strong class=\"def\">&nbsp;Matte Black BH-9675<\/strong><\/span><\/h1>\n<hr class=\"def\">\n<p style=\"text-align: center;\" class=\"def\"><span style=\"font-family: verdana, geneva, sans-serif; font-size: 14pt;\" class=\"def\">Nowoczesny i stylowy czajnik cyfrowy <strong data-start=\"107\" data-end=\"146\" class=\"def\">BerlingerHaus Matte Black Collection<\/strong> to idealne po\u0142\u0105czenie elegancji i funkcjonalno\u015bci.<\/span><\/p>\n<p style=\"text-align: center;\" class=\"def\"><span style=\"font-family: verdana, geneva, sans-serif; font-size: 14pt;\" class=\"def\">&nbsp;Dzi\u0119ki <strong data-start=\"205\" data-end=\"219\" class=\"def\">mocy 2200W<\/strong> zagotujesz wod\u0119 w kr\u00f3tkim czasie, a <strong data-start=\"256\" data-end=\"306\" class=\"def\">4 poziomy temperatury (40\u00b0C, 70\u00b0C, 80\u00b0C, 90\u00b0C)<\/strong> pozwol\u0105 Ci dostosowa\u0107 ustawienia do r\u00f3\u017cnych rodzaj\u00f3w napoj\u00f3w.<\/span><\/p>\n<p style=\"text-align: center;\" class=\"def\"><span style=\"font-family: verdana, geneva, sans-serif; font-size: 14pt;\" class=\"def\"><img fetchpriority=\"high\" decoding=\"async\" src=\"https:\/\/berlingerhaus.com.pl\/images\/tn107\/6000-7000\/Cyfrowy-czajnik-elektryczny-BerlingerHaus-Matte-Black-BH-9675_[6134]_696.jpg\" width=\"738\" height=\"738\" alt=\"\" class=\"def\"><\/span><\/p>\n<p style=\"text-align: center;\" class=\"def\"><span style=\"font-family: verdana, geneva, sans-serif; font-size: 14pt;\" class=\"def\"><strong data-start=\"374\" data-end=\"392\" class=\"def\">Pojemno\u015b\u0107 1,7L<\/strong> \u2013 idealna do codziennego u\u017cytku<\/span><\/p>\n<p style=\"text-align: center;\" class=\"def\"><span style=\"font-family: verdana, geneva, sans-serif; font-size: 14pt;\" class=\"def\"><br data-start=\"424\" data-end=\"427\" class=\"def\"><br \/>\n <strong data-start=\"429\" data-end=\"464\" class=\"def\">Cyfrowy ekran<\/strong>&nbsp;\u2013 nowoczesny i czytelny wy\u015bwietlacz<\/span><\/p>\n<p style=\"text-align: center;\" class=\"def\"><span style=\"font-family: verdana, geneva, sans-serif; font-size: 14pt;\" class=\"def\"><br data-start=\"500\" data-end=\"503\" class=\"def\"><br \/>\n <strong data-start=\"505\" data-end=\"532\" class=\"def\">8&nbsp; przycisk\u00f3w<\/strong> \u2013 \u0142atwa i intuicyjna obs\u0142uga<\/span><\/p>\n<p style=\"text-align: center;\" class=\"def\"><span style=\"font-family: verdana, geneva, sans-serif; font-size: 14pt;\" class=\"def\"><br data-start=\"561\" data-end=\"564\" class=\"def\"><br \/>\n <strong data-start=\"566\" data-end=\"597\" data-is-only-node=\"\" class=\"def\">Funkcja utrzymywania ciep\u0142a<\/strong> \u2013 d\u0142u\u017csza \u015bwie\u017co\u015b\u0107 wody<\/span><\/p>\n<p style=\"text-align: center;\" class=\"def\"><span style=\"font-size: 14pt;\" class=\"def\"><span style=\"font-family: verdana, geneva, sans-serif;\" class=\"def\"><br data-start=\"621\" data-end=\"624\" class=\"def\"><br \/>\n <strong data-start=\"626\" data-end=\"653\" class=\"def\">Automatyczne wy\u0142\u0105czanie<\/strong> \u2013 bezpieczna praca urz\u0105dzenia<\/span><span style=\"font-family: verdana, geneva, sans-serif;\" class=\"def\"><strong data-start=\"691\" data-end=\"730\" class=\"def\"><strong class=\"def\"><\/strong><\/strong><\/span><\/span><\/p>\n<h2 style=\"text-align: center;\" class=\"def\"><span style=\"font-family: verdana, geneva, sans-serif; font-size: 14pt;\" class=\"def\"><strong data-start=\"691\" data-end=\"730\" class=\"def\"><strong class=\"def\">Wysoka jako\u015b\u0107 i komfort u\u017cytkowania<\/strong><\/strong><\/span><\/h2>\n<p style=\"text-align: center;\" class=\"def\"><span style=\"font-family: verdana, geneva, sans-serif; font-size: 14pt;\" class=\"def\"><strong data-start=\"735\" data-end=\"755\" class=\"def\">Podw\u00f3jne \u015bcianki<\/strong> \u2013 korpus nie nagrzewa si\u0119 na zewn\u0105trz<\/span><\/p>\n<p style=\"text-align: center;\" class=\"def\"><span style=\"font-family: verdana, geneva, sans-serif; font-size: 14pt;\" class=\"def\"><strong data-start=\"798\" data-end=\"824\" class=\"def\">Obrotowa podstawa 360\u00b0<\/strong> \u2013 wygodne u\u017cytkowanie dla prawo- i lewor\u0119cznych<\/span><\/p>\n<p style=\"text-align: center;\" class=\"def\"><span style=\"font-family: verdana, geneva, sans-serif; font-size: 14pt;\" class=\"def\"><strong data-start=\"950\" data-end=\"987\" class=\"def\">Ochrona przed gotowaniem na sucho<\/strong><\/span><\/p>\n<p style=\"text-align: center;\" class=\"def\"><span style=\"font-family: verdana, geneva, sans-serif; font-size: 14pt;\" class=\"def\"><strong data-start=\"950\" data-end=\"987\" class=\"def\"><img decoding=\"async\" src=\"https:\/\/berlingerhaus.com.pl\/images\/tn107\/6000-7000\/Cyfrowy-czajnik-elektryczny-BerlingerHaus-Matte-Black-BH-9675_[6135]_696.jpg\" width=\"591\" height=\"591\" alt=\"\" style=\"float: left;\" class=\"def\"><\/strong><\/span><\/p>\n<h2 style=\"text-align: center;\" class=\"def\"><span style=\"font-family: verdana, geneva, sans-serif; font-size: 18pt;\" class=\"def\"><strong data-start=\"950\" data-end=\"987\" class=\"def\"><strong class=\"def\">Specyfikacja :&nbsp;<\/strong><\/strong><\/span><\/h2>\n<p data-start=\"1145\" data-end=\"1285\" style=\"text-align: center;\" class=\"def\"><span style=\"font-family: verdana, geneva, sans-serif; font-size: 14pt;\" class=\"def\"><strong data-start=\"1148\" data-end=\"1156\" class=\"def\">Moc:<\/strong> 2200W<\/span><\/p>\n<p data-start=\"1145\" data-end=\"1285\" style=\"text-align: center;\" class=\"def\"><span style=\"font-family: verdana, geneva, sans-serif; font-size: 14pt;\" class=\"def\"><strong class=\"def\">Kolor :<\/strong> Czarny mat z elementami srebra<\/span><\/p>\n<p data-start=\"1145\" data-end=\"1285\" style=\"text-align: center;\" class=\"def\"><span style=\"font-family: verdana, geneva, sans-serif; font-size: 14pt;\" class=\"def\"><strong data-start=\"1168\" data-end=\"1181\" class=\"def\">Napi\u0119cie:<\/strong> 220-240V, 50\/60Hz<\/span><\/p>\n<p data-start=\"1145\" data-end=\"1285\" style=\"text-align: center;\" class=\"def\"><span style=\"font-family: verdana, geneva, sans-serif; font-size: 14pt;\" class=\"def\"><strong data-start=\"1205\" data-end=\"1218\" class=\"def\">Materia\u0142:<\/strong> Wn\u0119trze ze stali nierdzewnej, wysokiej jako\u015bci tworzywo sztuczne<\/span><\/p>\n","protected":false},"excerpt":{"rendered":"<p>Moc: 2200W<br \/>\nKolor : Czarny mat z elementami srebra<br \/>\nNapi\u0119cie: 220-240V, 50\/60Hz<\/p>\n","protected":false},"featured_media":0,"comment_status":"open","ping_status":"closed","template":"","meta":{"ocean_post_layout":"","ocean_both_sidebars_style":"","ocean_both_sidebars_content_width":0,"ocean_both_sidebars_sidebars_width":0,"ocean_sidebar":"","ocean_second_sidebar":"","ocean_disable_margins":"enable","ocean_add_body_class":"","ocean_shortcode_before_top_bar":"","ocean_shortcode_after_top_bar":"","ocean_shortcode_before_header":"","ocean_shortcode_after_header":"","ocean_has_shortcode":"","ocean_shortcode_after_title":"","ocean_shortcode_before_footer_widgets":"","ocean_shortcode_after_footer_widgets":"","ocean_shortcode_before_footer_bottom":"","ocean_shortcode_after_footer_bottom":"","ocean_display_top_bar":"default","ocean_display_header":"default","ocean_header_style":"","ocean_center_header_left_menu":"","ocean_custom_header_template":"","ocean_custom_logo":0,"ocean_custom_retina_logo":0,"ocean_custom_logo_max_width":0,"ocean_custom_logo_tablet_max_width":0,"ocean_custom_logo_mobile_max_width":0,"ocean_custom_logo_max_height":0,"ocean_custom_logo_tablet_max_height":0,"ocean_custom_logo_mobile_max_height":0,"ocean_header_custom_menu":"","ocean_menu_typo_font_family":"","ocean_menu_typo_font_subset":"","ocean_menu_typo_font_size":0,"ocean_menu_typo_font_size_tablet":0,"ocean_menu_typo_font_size_mobile":0,"ocean_menu_typo_font_size_unit":"px","ocean_menu_typo_font_weight":"","ocean_menu_typo_font_weight_tablet":"","ocean_menu_typo_font_weight_mobile":"","ocean_menu_typo_transform":"","ocean_menu_typo_transform_tablet":"","ocean_menu_typo_transform_mobile":"","ocean_menu_typo_line_height":0,"ocean_menu_typo_line_height_tablet":0,"ocean_menu_typo_line_height_mobile":0,"ocean_menu_typo_line_height_unit":"","ocean_menu_typo_spacing":0,"ocean_menu_typo_spacing_tablet":0,"ocean_menu_typo_spacing_mobile":0,"ocean_menu_typo_spacing_unit":"","ocean_menu_link_color":"","ocean_menu_link_color_hover":"","ocean_menu_link_color_active":"","ocean_menu_link_background":"","ocean_menu_link_hover_background":"","ocean_menu_link_active_background":"","ocean_menu_social_links_bg":"","ocean_menu_social_hover_links_bg":"","ocean_menu_social_links_color":"","ocean_menu_social_hover_links_color":"","ocean_disable_title":"default","ocean_disable_heading":"default","ocean_post_title":"","ocean_post_subheading":"","ocean_post_title_style":"","ocean_post_title_background_color":"","ocean_post_title_background":0,"ocean_post_title_bg_image_position":"","ocean_post_title_bg_image_attachment":"","ocean_post_title_bg_image_repeat":"","ocean_post_title_bg_image_size":"","ocean_post_title_height":0,"ocean_post_title_bg_overlay":0.5,"ocean_post_title_bg_overlay_color":"","ocean_disable_breadcrumbs":"default","ocean_breadcrumbs_color":"","ocean_breadcrumbs_separator_color":"","ocean_breadcrumbs_links_color":"","ocean_breadcrumbs_links_hover_color":"","ocean_display_footer_widgets":"default","ocean_display_footer_bottom":"default","ocean_custom_footer_template":""},"product_brand":[],"product_cat":[15],"product_tag":[3954,3898,3897,3951],"class_list":{"0":"post-6378","1":"product","2":"type-product","3":"status-publish","5":"product_cat-wszystkie-produkty","6":"product_tag-3954","7":"product_tag-3898","8":"product_tag-berlinger-haus","9":"product_tag-bh-9675","11":"entry","13":"first","14":"instock","15":"shipping-taxable","16":"product-type-simple","17":"has-product-nav","18":"col","19":"span_1_of_4","20":"owp-content-center","21":"owp-thumbs-layout-horizontal","22":"owp-btn-normal","23":"owp-tabs-layout-horizontal","24":"has-no-thumbnails"},"jetpack_sharing_enabled":true,"_links":{"self":[{"href":"https:\/\/domigoo.pl\/index.php\/wp-json\/wp\/v2\/product\/6378","targetHints":{"allow":["GET"]}}],"collection":[{"href":"https:\/\/domigoo.pl\/index.php\/wp-json\/wp\/v2\/product"}],"about":[{"href":"https:\/\/domigoo.pl\/index.php\/wp-json\/wp\/v2\/types\/product"}],"replies":[{"embeddable":true,"href":"https:\/\/domigoo.pl\/index.php\/wp-json\/wp\/v2\/comments?post=6378"}],"wp:attachment":[{"href":"https:\/\/domigoo.pl\/index.php\/wp-json\/wp\/v2\/media?parent=6378"}],"wp:term":[{"taxonomy":"product_brand","embeddable":true,"href":"https:\/\/domigoo.pl\/index.php\/wp-json\/wp\/v2\/product_brand?post=6378"},{"taxonomy":"product_cat","embeddable":true,"href":"https:\/\/domigoo.pl\/index.php\/wp-json\/wp\/v2\/product_cat?post=6378"},{"taxonomy":"product_tag","embeddable":true,"href":"https:\/\/domigoo.pl\/index.php\/wp-json\/wp\/v2\/product_tag?post=6378"}],"curies":[{"name":"wp","href":"https:\/\/api.w.org\/{rel}","templated":true}]}}