{"id":6382,"date":"2025-09-12T10:07:35","date_gmt":"2025-09-12T08:07:35","guid":{"rendered":"https:\/\/domigoo.pl\/index.php\/produkt\/cyfrowy-toster-berlingerhaus-matte-black-collection-bh-9660\/"},"modified":"2026-04-06T11:17:29","modified_gmt":"2026-04-06T09:17:29","slug":"cyfrowy-toster-berlingerhaus-matte-black-collection-bh-9660","status":"publish","type":"product","link":"https:\/\/domigoo.pl\/index.php\/produkt\/cyfrowy-toster-berlingerhaus-matte-black-collection-bh-9660\/","title":{"rendered":"Cyfrowy toster BerlingerHaus Matte Black Collection BH-9660"},"content":{"rendered":"<h1 style=\"text-align: center;\" class=\"def\"><span style=\"font-size: 24pt;\" class=\"def\"><strong class=\"def\">Cyfrowy toster BerlingerHaus Matte Black Collection BH-9660<\/strong><\/span><\/h1>\n<hr class=\"def\">\n<p style=\"text-align: center;\" class=\"def\"><span style=\"font-size: 14pt;\" class=\"def\">Elegancja w nowoczesnym wydaniu i funkcjonalno\u015b\u0107, kt\u00f3ra usprawni Twoje codzienne \u015bniadania \u2013 cyfrowy toster to praktyczne urz\u0105dzenie, kt\u00f3re idealnie wpasuje si\u0119 w wystr\u00f3j ka\u017cdej kuchni.<\/span><\/p>\n<p style=\"text-align: center;\" class=\"def\"><span style=\"font-size: 14pt;\" class=\"def\">&nbsp;Po\u0142\u0105czenie stali nierdzewnej i wytrzyma\u0142ego tworzywa sztucznego w klasycznej czerni i srebrze nadaje mu nowoczesny, uniwersalny charakter.<\/span><\/p>\n<p style=\"text-align: center;\" class=\"def\"><span style=\"font-size: 14pt;\" class=\"def\">Wyposa\u017cony w cyfrowy wy\u015bwietlacz LED i szereg praktycznych funkcji, gwarantuje wygod\u0119 u\u017cytkowania i idealnie przyrumienione tosty \u2013 tak, jak lubisz.<\/span><\/p>\n<p style=\"text-align: center;\" class=\"def\"><span style=\"font-size: 14pt;\" class=\"def\"><img fetchpriority=\"high\" decoding=\"async\" src=\"https:\/\/berlingerhaus.com.pl\/images\/tn107\/6000-7000\/Cyfrowy-toster-BerlingerHaus-Matte-Black-Collection-BH-9660_[6131]_696.jpg\" alt=\"\" width=\"786\" height=\"786\" class=\"def\"><\/span><\/p>\n<h2 style=\"text-align: center;\" class=\"def\"><span style=\"font-size: 18pt;\" class=\"def\"><strong class=\"def\"><strong class=\"def\">Najwa\u017cniejsze cechy:<\/strong><\/strong><\/span><\/h2>\n<p style=\"text-align: center;\" class=\"def\"><span style=\"font-size: 14pt;\" class=\"def\"><strong class=\"def\">Cyfrowy wy\u015bwietlacz LED<\/strong><\/span><br class=\"def\"><br \/>\n <span style=\"font-size: 14pt;\" class=\"def\">Intuicyjny ekran cyfrowy umo\u017cliwia \u0142atwe kontrolowanie ustawie\u0144 i poziomu opiekania.<\/span><\/p>\n<p style=\"text-align: center;\" class=\"def\"><span style=\"font-size: 14pt;\" class=\"def\"><strong class=\"def\">Funkcja szybkiego nagrzewania<\/strong><\/span><br class=\"def\"><br \/>\n <span style=\"font-size: 14pt;\" class=\"def\">Skraca czas przygotowania tost\u00f3w \u2013 idealne rozwi\u0105zanie, gdy si\u0119 spieszysz.<\/span><\/p>\n<p style=\"text-align: center;\" class=\"def\"><span style=\"font-size: 14pt;\" class=\"def\"><strong class=\"def\">Wielofunkcyjno\u015b\u0107 \u2013 anuluj, rozmra\u017caj, podgrzewaj<\/strong><\/span><br class=\"def\"><br \/>\n <span style=\"font-size: 14pt;\" class=\"def\">Wybierz jedn\u0105 z trzech funkcji, kt\u00f3re pozwalaj\u0105 dopasowa\u0107 dzia\u0142anie tostera do Twoich potrzeb \u2013 anuluj proces, rozmra\u017caj pieczywo lub delikatnie je podgrzej.<\/span><\/p>\n<p style=\"text-align: center;\" class=\"def\"><span style=\"font-size: 14pt;\" class=\"def\"><strong class=\"def\">7 poziom\u00f3w opiekania<\/strong><\/span><br class=\"def\"><br \/>\n <span style=\"font-size: 14pt;\" class=\"def\">Precyzyjna regulacja pozwala dostosowa\u0107 stopie\u0144 zrumienienia tost\u00f3w do indywidualnych preferencji.<\/span><\/p>\n<p style=\"text-align: center;\" class=\"def\"><span style=\"font-size: 14pt;\" class=\"def\"><strong class=\"def\">Antypo\u015blizgowa podstawa<\/strong><\/span><br class=\"def\"><br \/>\n <span style=\"font-size: 14pt;\" class=\"def\">Zapewnia stabilno\u015b\u0107 urz\u0105dzenia podczas pracy \u2013 nawet na \u015bliskiej powierzchni blatu.<\/span><\/p>\n<p style=\"text-align: center;\" class=\"def\"><span style=\"font-size: 14pt;\" class=\"def\"><strong class=\"def\">Wyjmowana tacka na okruchy<\/strong><\/span><br class=\"def\"><br \/>\n <span style=\"font-size: 14pt;\" class=\"def\">U\u0142atwia czyszczenie i pomaga utrzyma\u0107 porz\u0105dek w kuchni.<\/span><\/p>\n<p style=\"text-align: center;\" class=\"def\"><span style=\"font-size: 14pt;\" class=\"def\"><strong class=\"def\">Wbudowany schowek na przew\u00f3d<\/strong><\/span><br class=\"def\"><br \/>\n <span style=\"font-size: 14pt;\" class=\"def\">Praktyczne rozwi\u0105zanie pozwalaj\u0105ce zachowa\u0107 porz\u0105dek i oszcz\u0119dno\u015b\u0107 miejsca na blacie.<\/span><\/p>\n<p style=\"text-align: center;\" class=\"def\"><span style=\"font-size: 14pt;\" class=\"def\"><img decoding=\"async\" src=\"https:\/\/berlingerhaus.com.pl\/images\/tn107\/6000-7000\/Cyfrowy-toster-BerlingerHaus-Matte-Black-Collection-BH-9660_[6130]_696.jpg\" width=\"590\" height=\"590\" alt=\"\" class=\"def\"><\/span><\/p>\n<p style=\"text-align: center;\" class=\"def\"><span style=\"font-size: 18pt;\" class=\"def\"><strong class=\"def\">Specyfikacja techniczna:<\/strong><\/span><\/p>\n<p style=\"text-align: center;\" class=\"def\"><span style=\"font-size: 14pt;\" class=\"def\"><strong class=\"def\">Materia\u0142:<\/strong> Stal nierdzewna z obudow\u0105 z tworzywa sztucznego<\/span><\/p>\n<p style=\"text-align: center;\" class=\"def\"><span style=\"font-size: 14pt;\" class=\"def\"><strong class=\"def\">Moc:<\/strong> 870 W<\/span><\/p>\n<p style=\"text-align: center;\" class=\"def\"><span style=\"font-size: 14pt;\" class=\"def\"><strong class=\"def\">Napi\u0119cie:<\/strong> 220-240V, 50\/60 Hz<\/span><\/p>\n<p style=\"text-align: center;\" class=\"def\"><span style=\"font-size: 14pt;\" class=\"def\"><strong class=\"def\">Kolor:<\/strong> Czarny mat&nbsp; z elementami srebra&nbsp;<\/span><span style=\"font-size: 14pt;\" class=\"def\"><\/span><span style=\"font-size: 14pt;\" class=\"def\"><\/span><\/p>\n<p style=\"text-align: center;\" class=\"def\"><span style=\"font-size: 14pt;\" class=\"def\"><img decoding=\"async\" src=\"https:\/\/berlingerhaus.com.pl\/images\/tn107\/6000-7000\/Cyfrowy-toster-BerlingerHaus-Matte-Black-Collection-BH-9660_[6133]_696.jpg\" width=\"555\" height=\"555\" alt=\"\" style=\"float: left;\" class=\"def\"><img loading=\"lazy\" decoding=\"async\" src=\"https:\/\/berlingerhaus.com.pl\/images\/tn107\/6000-7000\/Cyfrowy-toster-BerlingerHaus-Matte-Black-Collection-BH-9660_[6132]_696.jpg\" width=\"514\" height=\"514\" alt=\"\" style=\"float: right;\" class=\"def\"><\/span><\/p>\n","protected":false},"excerpt":{"rendered":"<p>Materia\u0142: Stal nierdzewna z obudow\u0105 z tworzywa sztucznego<br \/>\nMoc: 870 W<br \/>\nNapi\u0119cie: 220-240V, 50\/60 Hz<br \/>\nKolor: Czarny mat\u00a0 z elementami srebra\u00a0<\/p>\n","protected":false},"featured_media":0,"comment_status":"open","ping_status":"closed","template":"","meta":{"ocean_post_layout":"","ocean_both_sidebars_style":"","ocean_both_sidebars_content_width":0,"ocean_both_sidebars_sidebars_width":0,"ocean_sidebar":"","ocean_second_sidebar":"","ocean_disable_margins":"enable","ocean_add_body_class":"","ocean_shortcode_before_top_bar":"","ocean_shortcode_after_top_bar":"","ocean_shortcode_before_header":"","ocean_shortcode_after_header":"","ocean_has_shortcode":"","ocean_shortcode_after_title":"","ocean_shortcode_before_footer_widgets":"","ocean_shortcode_after_footer_widgets":"","ocean_shortcode_before_footer_bottom":"","ocean_shortcode_after_footer_bottom":"","ocean_display_top_bar":"default","ocean_display_header":"default","ocean_header_style":"","ocean_center_header_left_menu":"","ocean_custom_header_template":"","ocean_custom_logo":0,"ocean_custom_retina_logo":0,"ocean_custom_logo_max_width":0,"ocean_custom_logo_tablet_max_width":0,"ocean_custom_logo_mobile_max_width":0,"ocean_custom_logo_max_height":0,"ocean_custom_logo_tablet_max_height":0,"ocean_custom_logo_mobile_max_height":0,"ocean_header_custom_menu":"","ocean_menu_typo_font_family":"","ocean_menu_typo_font_subset":"","ocean_menu_typo_font_size":0,"ocean_menu_typo_font_size_tablet":0,"ocean_menu_typo_font_size_mobile":0,"ocean_menu_typo_font_size_unit":"px","ocean_menu_typo_font_weight":"","ocean_menu_typo_font_weight_tablet":"","ocean_menu_typo_font_weight_mobile":"","ocean_menu_typo_transform":"","ocean_menu_typo_transform_tablet":"","ocean_menu_typo_transform_mobile":"","ocean_menu_typo_line_height":0,"ocean_menu_typo_line_height_tablet":0,"ocean_menu_typo_line_height_mobile":0,"ocean_menu_typo_line_height_unit":"","ocean_menu_typo_spacing":0,"ocean_menu_typo_spacing_tablet":0,"ocean_menu_typo_spacing_mobile":0,"ocean_menu_typo_spacing_unit":"","ocean_menu_link_color":"","ocean_menu_link_color_hover":"","ocean_menu_link_color_active":"","ocean_menu_link_background":"","ocean_menu_link_hover_background":"","ocean_menu_link_active_background":"","ocean_menu_social_links_bg":"","ocean_menu_social_hover_links_bg":"","ocean_menu_social_links_color":"","ocean_menu_social_hover_links_color":"","ocean_disable_title":"default","ocean_disable_heading":"default","ocean_post_title":"","ocean_post_subheading":"","ocean_post_title_style":"","ocean_post_title_background_color":"","ocean_post_title_background":0,"ocean_post_title_bg_image_position":"","ocean_post_title_bg_image_attachment":"","ocean_post_title_bg_image_repeat":"","ocean_post_title_bg_image_size":"","ocean_post_title_height":0,"ocean_post_title_bg_overlay":0.5,"ocean_post_title_bg_overlay_color":"","ocean_disable_breadcrumbs":"default","ocean_breadcrumbs_color":"","ocean_breadcrumbs_separator_color":"","ocean_breadcrumbs_links_color":"","ocean_breadcrumbs_links_hover_color":"","ocean_display_footer_widgets":"default","ocean_display_footer_bottom":"default","ocean_custom_footer_template":""},"product_brand":[],"product_cat":[15],"product_tag":[3954,3898,3897,3957],"class_list":{"0":"post-6382","1":"product","2":"type-product","3":"status-publish","5":"product_cat-wszystkie-produkty","6":"product_tag-3954","7":"product_tag-3898","8":"product_tag-berlinger-haus","9":"product_tag-bh-9660","11":"entry","13":"first","14":"instock","15":"shipping-taxable","16":"product-type-simple","17":"has-product-nav","18":"col","19":"span_1_of_4","20":"owp-content-center","21":"owp-thumbs-layout-horizontal","22":"owp-btn-normal","23":"owp-tabs-layout-horizontal","24":"has-no-thumbnails"},"jetpack_sharing_enabled":true,"_links":{"self":[{"href":"https:\/\/domigoo.pl\/index.php\/wp-json\/wp\/v2\/product\/6382","targetHints":{"allow":["GET"]}}],"collection":[{"href":"https:\/\/domigoo.pl\/index.php\/wp-json\/wp\/v2\/product"}],"about":[{"href":"https:\/\/domigoo.pl\/index.php\/wp-json\/wp\/v2\/types\/product"}],"replies":[{"embeddable":true,"href":"https:\/\/domigoo.pl\/index.php\/wp-json\/wp\/v2\/comments?post=6382"}],"wp:attachment":[{"href":"https:\/\/domigoo.pl\/index.php\/wp-json\/wp\/v2\/media?parent=6382"}],"wp:term":[{"taxonomy":"product_brand","embeddable":true,"href":"https:\/\/domigoo.pl\/index.php\/wp-json\/wp\/v2\/product_brand?post=6382"},{"taxonomy":"product_cat","embeddable":true,"href":"https:\/\/domigoo.pl\/index.php\/wp-json\/wp\/v2\/product_cat?post=6382"},{"taxonomy":"product_tag","embeddable":true,"href":"https:\/\/domigoo.pl\/index.php\/wp-json\/wp\/v2\/product_tag?post=6382"}],"curies":[{"name":"wp","href":"https:\/\/api.w.org\/{rel}","templated":true}]}}