{"id":6385,"date":"2025-09-12T10:07:36","date_gmt":"2025-09-12T08:07:36","guid":{"rendered":"https:\/\/domigoo.pl\/index.php\/produkt\/czajniczek-szklany-1l-z-zaparzaczem-berlinger-haus-bh-7828\/"},"modified":"2025-12-14T08:34:04","modified_gmt":"2025-12-14T07:34:04","slug":"czajniczek-szklany-1l-z-zaparzaczem-berlinger-haus-bh-7828","status":"publish","type":"product","link":"https:\/\/domigoo.pl\/index.php\/produkt\/czajniczek-szklany-1l-z-zaparzaczem-berlinger-haus-bh-7828\/","title":{"rendered":"Czajniczek szklany 1L z zaparzaczem Berlinger Haus BH-7828"},"content":{"rendered":"<h1 style=\"line-height: 1.2em; text-align: center;\" data-mce-style=\"text-align: center;\" class=\"def\">Czajniczek szklany Berlinger Haus<\/h1>\n<p style=\"line-height: 1.2em; font-size: 14px; text-align: center;\" data-mce-style=\"text-align: center;\" class=\"def\"><span style=\"font-size: 18pt;\" data-mce-style=\"font-size: 18pt;\" class=\"def\"><strong class=\"def\">Kolekcja Black Silver<\/strong><\/span><\/p>\n<h1 style=\"line-height: 1.2em; text-align: center;\" data-mce-style=\"text-align: center;\" class=\"def\">BH-7828<\/h1>\n<p style=\"line-height: 1.2em; font-size: 14px; text-align: center;\" data-mce-style=\"text-align: center;\" class=\"def\"><img fetchpriority=\"high\" decoding=\"async\" height=\"463\" width=\"695\" src=\"https:\/\/berlingerhaus.com.pl\/images\/tn107\/2000-3000\/Czajniczek-szklany-1L-z-zaparzaczem-Berlinger-Haus-BH-7828_[2546]_695.jpg\" alt=\"image\" class=\"def\"><\/p>\n<p style=\"line-height: 1.2em; font-size: 14px; text-align: center;\" data-mce-style=\"text-align: center;\" class=\"def\">Jest to pi\u0119kny szklany czajniczek Berlinger Haus o klasycznym wzornictwie z innowacyjnym akcentem.<\/p>\n<p style=\"line-height: 1.2em; font-size: 14px; text-align: center;\" data-mce-style=\"text-align: center;\" class=\"def\">Mo\u017cesz teraz obserwowa\u0107, jak Twoja ulubiona herbata zaparza si\u0119 do uzyskania idealnego odcienia.<\/p>\n<p style=\"line-height: 1.2em; font-size: 14px; text-align: center;\" data-mce-style=\"text-align: center;\" class=\"def\">Czajniczek&nbsp;wykonany jest ze szk\u0142a borokrzemowego, kt\u00f3re jest odporne na temperatur\u0119 do 150\u00b0C.<\/p>\n<p style=\"line-height: 1.2em; font-size: 14px; text-align: center;\" data-mce-style=\"text-align: center;\" class=\"def\">&nbsp;<\/p>\n<p style=\"line-height: 1.2em; font-size: 14px; text-align: center;\" data-mce-style=\"text-align: center;\" class=\"def\">Mo\u017cesz zapomnie\u0107 o sitku.<\/p>\n<p style=\"line-height: 1.2em; font-size: 14px; text-align: center;\" data-mce-style=\"text-align: center;\" class=\"def\">Teraz wszystko jest w jednym prostym, \u0142atwym rozwi\u0105zaniu.<\/p>\n<p style=\"line-height: 1.2em; font-size: 14px; text-align: center;\" data-mce-style=\"text-align: center;\" class=\"def\">Po prostu w\u0142\u00f3\u017c swoje ulubione torebki herbaty lub li\u015bcie herbaty do filtra, dodaj wrz\u0105c\u0105 wod\u0119, zrelaksuj si\u0119 i obserwuj, jak si\u0119 parzy!<\/p>\n<p style=\"line-height: 1.2em; font-size: 14px; text-align: center;\" data-mce-style=\"text-align: center;\" class=\"def\"><img decoding=\"async\" height=\"592\" width=\"695\" src=\"https:\/\/berlingerhaus.com.pl\/images\/tn107\/2000-3000\/Czajniczek-szklany-1L-z-zaparzaczem-Berlinger-Haus-BH-7828_[2549]_695.jpg\" alt=\"image\" class=\"def\"><\/p>\n<p style=\"line-height: 1.2em; font-size: 14px; text-align: center;\" data-mce-style=\"text-align: center;\" class=\"def\"><br class=\"def\"><br \/>\nDu\u017cy i wygodny uchwyt w kszta\u0142cie litery D jest zintegrowany dla \u0142atwego i bezpiecznego nalewania.<\/p>\n<p style=\"line-height: 1.2em; font-size: 14px; text-align: center;\" data-mce-style=\"text-align: center;\" class=\"def\">Pojemno\u015b\u0107 czajnika wynosi 1 L i jest idealna na 4 fili\u017canki herbaty, aby cieszy\u0107 si\u0119 z go\u015b\u0107mi.<\/p>\n<p style=\"line-height: 1.2em; font-size: 14px; text-align: center;\" data-mce-style=\"text-align: center;\" class=\"def\">&nbsp;<\/p>\n<p style=\"line-height: 1.2em; font-size: 14px; text-align: center;\" data-mce-style=\"text-align: center;\" class=\"def\"><img decoding=\"async\" height=\"695\" width=\"695\" src=\"https:\/\/berlingerhaus.com.pl\/images\/tn107\/2000-3000\/Czajniczek-szklany-1L-z-zaparzaczem-Berlinger-Haus-BH-7828_[2548]_695.jpg\" alt=\"image\" class=\"def\"><\/p>\n","protected":false},"excerpt":{"rendered":"<p>Czajniczek szklany 1L z zaparzaczem Berlinger Haus BH-7828<\/p>\n","protected":false},"featured_media":0,"comment_status":"open","ping_status":"closed","template":"","meta":{"ocean_post_layout":"","ocean_both_sidebars_style":"","ocean_both_sidebars_content_width":0,"ocean_both_sidebars_sidebars_width":0,"ocean_sidebar":"","ocean_second_sidebar":"","ocean_disable_margins":"enable","ocean_add_body_class":"","ocean_shortcode_before_top_bar":"","ocean_shortcode_after_top_bar":"","ocean_shortcode_before_header":"","ocean_shortcode_after_header":"","ocean_has_shortcode":"","ocean_shortcode_after_title":"","ocean_shortcode_before_footer_widgets":"","ocean_shortcode_after_footer_widgets":"","ocean_shortcode_before_footer_bottom":"","ocean_shortcode_after_footer_bottom":"","ocean_display_top_bar":"default","ocean_display_header":"default","ocean_header_style":"","ocean_center_header_left_menu":"","ocean_custom_header_template":"","ocean_custom_logo":0,"ocean_custom_retina_logo":0,"ocean_custom_logo_max_width":0,"ocean_custom_logo_tablet_max_width":0,"ocean_custom_logo_mobile_max_width":0,"ocean_custom_logo_max_height":0,"ocean_custom_logo_tablet_max_height":0,"ocean_custom_logo_mobile_max_height":0,"ocean_header_custom_menu":"","ocean_menu_typo_font_family":"","ocean_menu_typo_font_subset":"","ocean_menu_typo_font_size":0,"ocean_menu_typo_font_size_tablet":0,"ocean_menu_typo_font_size_mobile":0,"ocean_menu_typo_font_size_unit":"px","ocean_menu_typo_font_weight":"","ocean_menu_typo_font_weight_tablet":"","ocean_menu_typo_font_weight_mobile":"","ocean_menu_typo_transform":"","ocean_menu_typo_transform_tablet":"","ocean_menu_typo_transform_mobile":"","ocean_menu_typo_line_height":0,"ocean_menu_typo_line_height_tablet":0,"ocean_menu_typo_line_height_mobile":0,"ocean_menu_typo_line_height_unit":"","ocean_menu_typo_spacing":0,"ocean_menu_typo_spacing_tablet":0,"ocean_menu_typo_spacing_mobile":0,"ocean_menu_typo_spacing_unit":"","ocean_menu_link_color":"","ocean_menu_link_color_hover":"","ocean_menu_link_color_active":"","ocean_menu_link_background":"","ocean_menu_link_hover_background":"","ocean_menu_link_active_background":"","ocean_menu_social_links_bg":"","ocean_menu_social_hover_links_bg":"","ocean_menu_social_links_color":"","ocean_menu_social_hover_links_color":"","ocean_disable_title":"default","ocean_disable_heading":"default","ocean_post_title":"","ocean_post_subheading":"","ocean_post_title_style":"","ocean_post_title_background_color":"","ocean_post_title_background":0,"ocean_post_title_bg_image_position":"","ocean_post_title_bg_image_attachment":"","ocean_post_title_bg_image_repeat":"","ocean_post_title_bg_image_size":"","ocean_post_title_height":0,"ocean_post_title_bg_overlay":0.5,"ocean_post_title_bg_overlay_color":"","ocean_disable_breadcrumbs":"default","ocean_breadcrumbs_color":"","ocean_breadcrumbs_separator_color":"","ocean_breadcrumbs_links_color":"","ocean_breadcrumbs_links_hover_color":"","ocean_display_footer_widgets":"default","ocean_display_footer_bottom":"default","ocean_custom_footer_template":""},"product_brand":[],"product_cat":[15],"product_tag":[3930,3898,3897,3960],"class_list":{"0":"post-6385","1":"product","2":"type-product","3":"status-publish","5":"product_cat-wszystkie-produkty","6":"product_tag-3930","7":"product_tag-3898","8":"product_tag-berlinger-haus","9":"product_tag-bh-7828","11":"entry","13":"first","14":"outofstock","15":"shipping-taxable","16":"product-type-simple","17":"has-product-nav","18":"col","19":"span_1_of_4","20":"owp-content-center","21":"owp-thumbs-layout-horizontal","22":"owp-btn-normal","23":"owp-tabs-layout-horizontal","24":"has-no-thumbnails"},"jetpack_sharing_enabled":true,"_links":{"self":[{"href":"https:\/\/domigoo.pl\/index.php\/wp-json\/wp\/v2\/product\/6385","targetHints":{"allow":["GET"]}}],"collection":[{"href":"https:\/\/domigoo.pl\/index.php\/wp-json\/wp\/v2\/product"}],"about":[{"href":"https:\/\/domigoo.pl\/index.php\/wp-json\/wp\/v2\/types\/product"}],"replies":[{"embeddable":true,"href":"https:\/\/domigoo.pl\/index.php\/wp-json\/wp\/v2\/comments?post=6385"}],"wp:attachment":[{"href":"https:\/\/domigoo.pl\/index.php\/wp-json\/wp\/v2\/media?parent=6385"}],"wp:term":[{"taxonomy":"product_brand","embeddable":true,"href":"https:\/\/domigoo.pl\/index.php\/wp-json\/wp\/v2\/product_brand?post=6385"},{"taxonomy":"product_cat","embeddable":true,"href":"https:\/\/domigoo.pl\/index.php\/wp-json\/wp\/v2\/product_cat?post=6385"},{"taxonomy":"product_tag","embeddable":true,"href":"https:\/\/domigoo.pl\/index.php\/wp-json\/wp\/v2\/product_tag?post=6385"}],"curies":[{"name":"wp","href":"https:\/\/api.w.org\/{rel}","templated":true}]}}