{"id":6393,"date":"2025-09-12T10:07:40","date_gmt":"2025-09-12T08:07:40","guid":{"rendered":"https:\/\/domigoo.pl\/index.php\/produkt\/czajnik-elektryczny-led-berlingerhaus-bh-9119\/"},"modified":"2026-04-06T11:17:32","modified_gmt":"2026-04-06T09:17:32","slug":"czajnik-elektryczny-led-berlingerhaus-bh-9119","status":"publish","type":"product","link":"https:\/\/domigoo.pl\/index.php\/produkt\/czajnik-elektryczny-led-berlingerhaus-bh-9119\/","title":{"rendered":"Czajnik elektryczny LED BerlingerHaus BH-9119"},"content":{"rendered":"<h2 style=\"line-height: 1.2em; text-align: center;\" data-mce-style=\"text-align: center;\" class=\"def\"><span style=\"font-size: 24pt;\" data-mce-style=\"font-size: 24pt;\" class=\"def\">Elektryczny czajnik szklany LED 1,7 L<\/span><\/h2>\n<h3 style=\"line-height: 1.2em; text-align: center;\" data-mce-style=\"text-align: center;\" class=\"def\"><span style=\"font-size: 18pt;\" data-mce-style=\"font-size: 18pt;\" class=\"def\">BerlingerHaus BH-9119<\/span><\/h3>\n<h3 style=\"line-height: 1.2em; text-align: center;\" data-mce-style=\"text-align: center;\" class=\"def\"><strong class=\"def\">Black Silver Collection<\/strong><\/h3>\n<p class=\"def\"><strong class=\"def\"><img fetchpriority=\"high\" decoding=\"async\" style=\"display: block; margin-left: auto; margin-right: auto;\" height=\"463\" width=\"695\" src=\"https:\/\/berlingerhaus.com.pl\/images\/tn107\/1000-2000\/Czajnik-elektryczny-LED-miedziany-Berlinger-Haus-BH-9119_[1978]_695.jpg\" alt=\"image\" class=\"def\"><\/strong><\/p>\n<p style=\"line-height: 1.2em; font-size: 14px; text-align: center;\" data-mce-style=\"text-align: center;\" class=\"def\"><span style=\"font-size: 12pt;\" data-mce-style=\"font-size: 12pt;\" class=\"def\"><span style=\"font-size: 14pt;\" data-mce-style=\"font-size: 14pt;\" class=\"def\"><strong class=\"def\">Czajnik elektryczny<\/strong>&nbsp;marki&nbsp;<strong class=\"def\">Berlinger Haus<\/strong>&nbsp;z kolekcji&nbsp;<strong class=\"def\">Black Silver<\/strong>&nbsp;o wyj\u0105tkowym designie.<\/span><\/span><\/p>\n<p style=\"line-height: 1.2em; font-size: 14px; text-align: center;\" data-mce-style=\"text-align: center;\" class=\"def\"><span style=\"font-size: 14pt;\" data-mce-style=\"font-size: 14pt;\" class=\"def\">Zbiornik o pojemno\u015b\u0107&nbsp;<strong class=\"def\">1,7 litr\u00f3w<\/strong>&nbsp;wykonany zosta\u0142 ze&nbsp;<strong class=\"def\">szk\u0142a borokrzemowego<\/strong>. W po\u0142\u0105czeniu z&nbsp;<strong class=\"def\">wysokiej jako\u015bci<\/strong>&nbsp;komponentami ze stali nierdzewnej stanowi gwarancj\u0119 wytrzyma\u0142o\u015bci. Wyko\u0144czenie w&nbsp;kolorze&nbsp;<strong class=\"def\">po\u0142yskuj\u0105cego srebra&nbsp;<\/strong>w stylu retro&nbsp;sprawi, \u017ce czajnik \u015bwietnie wkomponuje si\u0119 we wn\u0119trze Twojej kuchni.<\/span><\/p>\n<p style=\"line-height: 1.2em; font-size: 14px; text-align: center;\" data-mce-style=\"text-align: center;\" class=\"def\"><span style=\"font-size: 14pt;\" data-mce-style=\"font-size: 14pt;\" class=\"def\">Zbiornik na wod\u0119&nbsp;posiada funkcj\u0119 niebieskiego&nbsp;<strong class=\"def\">pod\u015bwietlenia LED<\/strong>&nbsp;oraz praktyczn\u0105&nbsp;<strong class=\"def\">skal\u0119 pomiarow\u0105<\/strong>.<\/span><\/p>\n<p style=\"line-height: 1.2em; font-size: 14px; text-align: center;\" data-mce-style=\"text-align: center;\" class=\"def\"><span style=\"font-size: 14pt;\" data-mce-style=\"font-size: 14pt;\" class=\"def\">Czajnik&nbsp;ma&nbsp;<strong class=\"def\">wbudowany filtr<\/strong>,<strong class=\"def\">&nbsp;obrotow\u0105 podstawk\u0119 360\u00b0<\/strong>&nbsp;oraz&nbsp;<strong class=\"def\">system automatycznego wy\u0142\u0105czania<\/strong>. Moc do&nbsp;<strong class=\"def\">2200 W<\/strong>&nbsp;znacznie skraca czas gotowania wody, dzi\u0119ki czemu&nbsp;zaparzymy porann\u0105 kaw\u0119 b\u0105d\u017a herbat\u0119 jeszcze szybciej.<\/span><\/p>\n<p style=\"line-height: 1.2em; font-size: 14px; text-align: center;\" data-mce-style=\"text-align: center;\" class=\"def\">&nbsp;<\/p>\n<p style=\"line-height: 1.2em; font-size: 14px; text-align: center;\" data-mce-style=\"text-align: center;\" class=\"def\"><span style=\"font-size: 14pt;\" data-mce-style=\"font-size: 14pt;\" class=\"def\"><img decoding=\"async\" height=\"695\" width=\"695\" src=\"https:\/\/berlingerhaus.com.pl\/images\/tn107\/1000-2000\/Czajnik-elektryczny-LED-miedziany-Berlinger-Haus-BH-9119_[1982]_695.jpg\" alt=\"image\" class=\"def\"><\/span><\/p>\n<p style=\"line-height: 1.2em; font-size: 14px; text-align: center;\" data-mce-style=\"text-align: center;\" class=\"def\"><span style=\"font-size: 18pt;\" data-mce-style=\"font-size: 18pt;\" class=\"def\"><strong class=\"def\">Specyfikacja produktu&nbsp;<\/strong><\/span><\/p>\n<p style=\"line-height: 1.2em; font-size: 14px; text-align: center;\" data-mce-style=\"text-align: center;\" class=\"def\"><span style=\"font-size: 14pt;\" data-mce-style=\"font-size: 14pt;\" class=\"def\">Moc :&nbsp;<strong class=\"def\">1850 &#8211; 2200 W<\/strong><\/span><\/p>\n<p style=\"line-height: 1.2em; font-size: 14px; text-align: center;\" data-mce-style=\"text-align: center;\" class=\"def\"><span style=\"font-size: 14pt;\" data-mce-style=\"font-size: 14pt;\" class=\"def\">Pojemno\u015b\u0107:&nbsp;<strong class=\"def\">1,7 L<\/strong><\/span><\/p>\n<p style=\"line-height: 1.2em; font-size: 14px; text-align: center;\" data-mce-style=\"text-align: center;\" class=\"def\"><span style=\"font-size: 14pt;\" data-mce-style=\"font-size: 14pt;\" class=\"def\">Kolor:&nbsp;<strong class=\"def\">Srebrny<\/strong><\/span><\/p>\n<p style=\"line-height: 1.2em; font-size: 14px; text-align: center;\" data-mce-style=\"text-align: center;\" class=\"def\"><span style=\"font-size: 14pt;\" data-mce-style=\"font-size: 14pt;\" class=\"def\">Producent:&nbsp;<strong class=\"def\">Berlinger Haus<\/strong><\/span><\/p>\n<p style=\"line-height: 1.2em; font-size: 14px; text-align: center;\" data-mce-style=\"text-align: center;\" class=\"def\"><span style=\"font-size: 14pt;\" data-mce-style=\"font-size: 14pt;\" class=\"def\">Kolekcja:&nbsp;<strong class=\"def\">Black Silver<\/strong><\/span><\/p>\n<p style=\"line-height: 1.2em; font-size: 14px; text-align: center;\" data-mce-style=\"text-align: center;\" class=\"def\"><span style=\"font-size: 14pt;\" data-mce-style=\"font-size: 14pt;\" class=\"def\">&nbsp;<\/span><\/p>\n<p style=\"line-height: 1.2em; font-size: 14px; text-align: center;\" data-mce-style=\"text-align: center;\" class=\"def\"><span style=\"font-size: 14pt;\" data-mce-style=\"font-size: 14pt;\" class=\"def\">Model:&nbsp;<strong class=\"def\">BH-9119<\/strong><\/span><\/p>\n<p style=\"line-height: 1.2em; font-size: 14px; text-align: center;\" data-mce-style=\"text-align: center;\" class=\"def\"><span style=\"font-size: 14pt;\" data-mce-style=\"font-size: 14pt;\" class=\"def\"><strong class=\"def\"><img decoding=\"async\" height=\"695\" width=\"695\" src=\"https:\/\/berlingerhaus.com.pl\/images\/tn107\/1000-2000\/Czajnik-elektryczny-LED-miedziany-Berlinger-Haus-BH-9119_[1981]_695.jpg\" alt=\"image\" class=\"def\"><br class=\"def\"><br \/>\n <\/strong><\/span><\/p>\n","protected":false},"excerpt":{"rendered":"<p>Czajnik elektryczny 1.7L o mocy 2200W szklany z elementami srebrnymi. Czajnik posiada wbudowany filtr i obrotow\u0105a podstawk\u0119. Dodatkowym atutem jest pod\u015bwietlenie LED oraz praktyczna skala pomiarowa.<\/p>\n","protected":false},"featured_media":0,"comment_status":"open","ping_status":"closed","template":"","meta":{"ocean_post_layout":"","ocean_both_sidebars_style":"","ocean_both_sidebars_content_width":0,"ocean_both_sidebars_sidebars_width":0,"ocean_sidebar":"","ocean_second_sidebar":"","ocean_disable_margins":"enable","ocean_add_body_class":"","ocean_shortcode_before_top_bar":"","ocean_shortcode_after_top_bar":"","ocean_shortcode_before_header":"","ocean_shortcode_after_header":"","ocean_has_shortcode":"","ocean_shortcode_after_title":"","ocean_shortcode_before_footer_widgets":"","ocean_shortcode_after_footer_widgets":"","ocean_shortcode_before_footer_bottom":"","ocean_shortcode_after_footer_bottom":"","ocean_display_top_bar":"default","ocean_display_header":"default","ocean_header_style":"","ocean_center_header_left_menu":"","ocean_custom_header_template":"","ocean_custom_logo":0,"ocean_custom_retina_logo":0,"ocean_custom_logo_max_width":0,"ocean_custom_logo_tablet_max_width":0,"ocean_custom_logo_mobile_max_width":0,"ocean_custom_logo_max_height":0,"ocean_custom_logo_tablet_max_height":0,"ocean_custom_logo_mobile_max_height":0,"ocean_header_custom_menu":"","ocean_menu_typo_font_family":"","ocean_menu_typo_font_subset":"","ocean_menu_typo_font_size":0,"ocean_menu_typo_font_size_tablet":0,"ocean_menu_typo_font_size_mobile":0,"ocean_menu_typo_font_size_unit":"px","ocean_menu_typo_font_weight":"","ocean_menu_typo_font_weight_tablet":"","ocean_menu_typo_font_weight_mobile":"","ocean_menu_typo_transform":"","ocean_menu_typo_transform_tablet":"","ocean_menu_typo_transform_mobile":"","ocean_menu_typo_line_height":0,"ocean_menu_typo_line_height_tablet":0,"ocean_menu_typo_line_height_mobile":0,"ocean_menu_typo_line_height_unit":"","ocean_menu_typo_spacing":0,"ocean_menu_typo_spacing_tablet":0,"ocean_menu_typo_spacing_mobile":0,"ocean_menu_typo_spacing_unit":"","ocean_menu_link_color":"","ocean_menu_link_color_hover":"","ocean_menu_link_color_active":"","ocean_menu_link_background":"","ocean_menu_link_hover_background":"","ocean_menu_link_active_background":"","ocean_menu_social_links_bg":"","ocean_menu_social_hover_links_bg":"","ocean_menu_social_links_color":"","ocean_menu_social_hover_links_color":"","ocean_disable_title":"default","ocean_disable_heading":"default","ocean_post_title":"","ocean_post_subheading":"","ocean_post_title_style":"","ocean_post_title_background_color":"","ocean_post_title_background":0,"ocean_post_title_bg_image_position":"","ocean_post_title_bg_image_attachment":"","ocean_post_title_bg_image_repeat":"","ocean_post_title_bg_image_size":"","ocean_post_title_height":0,"ocean_post_title_bg_overlay":0.5,"ocean_post_title_bg_overlay_color":"","ocean_disable_breadcrumbs":"default","ocean_breadcrumbs_color":"","ocean_breadcrumbs_separator_color":"","ocean_breadcrumbs_links_color":"","ocean_breadcrumbs_links_hover_color":"","ocean_display_footer_widgets":"default","ocean_display_footer_bottom":"default","ocean_custom_footer_template":""},"product_brand":[],"product_cat":[15],"product_tag":[3954,3898,3897,3969],"class_list":{"0":"post-6393","1":"product","2":"type-product","3":"status-publish","5":"product_cat-wszystkie-produkty","6":"product_tag-3954","7":"product_tag-3898","8":"product_tag-berlinger-haus","9":"product_tag-bh-9119","11":"entry","13":"first","14":"instock","15":"shipping-taxable","16":"product-type-simple","17":"has-product-nav","18":"col","19":"span_1_of_4","20":"owp-content-center","21":"owp-thumbs-layout-horizontal","22":"owp-btn-normal","23":"owp-tabs-layout-horizontal","24":"has-no-thumbnails"},"jetpack_sharing_enabled":true,"_links":{"self":[{"href":"https:\/\/domigoo.pl\/index.php\/wp-json\/wp\/v2\/product\/6393","targetHints":{"allow":["GET"]}}],"collection":[{"href":"https:\/\/domigoo.pl\/index.php\/wp-json\/wp\/v2\/product"}],"about":[{"href":"https:\/\/domigoo.pl\/index.php\/wp-json\/wp\/v2\/types\/product"}],"replies":[{"embeddable":true,"href":"https:\/\/domigoo.pl\/index.php\/wp-json\/wp\/v2\/comments?post=6393"}],"wp:attachment":[{"href":"https:\/\/domigoo.pl\/index.php\/wp-json\/wp\/v2\/media?parent=6393"}],"wp:term":[{"taxonomy":"product_brand","embeddable":true,"href":"https:\/\/domigoo.pl\/index.php\/wp-json\/wp\/v2\/product_brand?post=6393"},{"taxonomy":"product_cat","embeddable":true,"href":"https:\/\/domigoo.pl\/index.php\/wp-json\/wp\/v2\/product_cat?post=6393"},{"taxonomy":"product_tag","embeddable":true,"href":"https:\/\/domigoo.pl\/index.php\/wp-json\/wp\/v2\/product_tag?post=6393"}],"curies":[{"name":"wp","href":"https:\/\/api.w.org\/{rel}","templated":true}]}}