{"id":6396,"date":"2025-09-12T10:07:41","date_gmt":"2025-09-12T08:07:41","guid":{"rendered":"https:\/\/domigoo.pl\/index.php\/produkt\/czajnik-elektryczny-z-termometrem-berlingerhaus-bh-9513\/"},"modified":"2026-04-13T13:14:34","modified_gmt":"2026-04-13T11:14:34","slug":"czajnik-elektryczny-z-termometrem-berlingerhaus-bh-9513","status":"publish","type":"product","link":"https:\/\/domigoo.pl\/index.php\/produkt\/czajnik-elektryczny-z-termometrem-berlingerhaus-bh-9513\/","title":{"rendered":"Czajnik elektryczny z termometrem BerlingerHaus BH-9513"},"content":{"rendered":"<h2 style=\"text-align: center;\" class=\"def\"><span style=\"font-size: 18pt;\" class=\"def\">Czajnik elektryczny z termometrem BerlingerHaus BH-9513<\/span><\/h2>\n<p style=\"text-align: center;\" class=\"def\"><span style=\"font-size: 18pt;\" class=\"def\"><img fetchpriority=\"high\" decoding=\"async\" src=\"https:\/\/berlingerhaus.com.pl\/images\/tn107\/3000-4000\/Czajnik-elektryczny-z-termometrem-BerlingerHaus-BH-9513_[3441]_696.jpg\" width=\"696\" height=\"463\" alt=\"\" class=\"def\"><\/span><\/p>\n<p style=\"text-align: center;\" class=\"def\">&nbsp;<\/p>\n<p style=\"text-align: center;\" class=\"def\"><span style=\"font-size: 12pt;\" class=\"def\">Zbiornik o pojemno\u015b\u0107&nbsp;<strong class=\"def\">1,7 litr\u00f3w<\/strong>.&nbsp;Wyko\u0144czenie w&nbsp;kolorze&nbsp;matowej czerni&nbsp;sprawi, \u017ce czajnik \u015bwietnie wkomponuje si\u0119 we wn\u0119trze Twojej kuchni.<\/span><\/p>\n<p style=\"text-align: center;\" class=\"def\"><span style=\"font-size: 12pt;\" class=\"def\">Czajnik&nbsp;ma&nbsp;<strong class=\"def\">wyjmowany filtr<\/strong>,<strong class=\"def\">&nbsp;obrotow\u0105 podstawk\u0119 360\u00b0<\/strong>&nbsp;oraz&nbsp;<strong class=\"def\">system automatycznego wy\u0142\u0105czania<\/strong>.<\/span><\/p>\n<p style=\"text-align: center;\" class=\"def\"><span style=\"font-size: 12pt;\" class=\"def\"><br class=\"def\"><br \/>\nMoc do&nbsp;<strong class=\"def\">2200 W<\/strong>&nbsp;znacznie skraca czas gotowania wody, dzi\u0119ki czemu&nbsp;zaparzymy porann\u0105 kaw\u0119 b\u0105d\u017a herbat\u0119 jeszcze szybciej.<\/span><\/p>\n<p style=\"text-align: center;\" class=\"def\"><span style=\"font-size: 12pt;\" class=\"def\"><\/span><\/p>\n<p style=\"text-align: center;\" class=\"def\"><span style=\"font-size: 12pt;\" class=\"def\"><img decoding=\"async\" src=\"https:\/\/berlingerhaus.com.pl\/images\/tn107\/3000-4000\/Czajnik-elektryczny-z-termometrem-BerlingerHaus-BH-9513_[3148]_696.jpg\" width=\"610\" height=\"666\" alt=\"\" class=\"def\"><\/span><\/p>\n<p style=\"text-align: center;\" class=\"def\"><span style=\"font-family: verdana, geneva, sans-serif; font-size: 14pt;\" class=\"def\">Cechy produktu:<\/span><\/p>\n<p style=\"text-align: center;\" class=\"def\"><span style=\"font-family: verdana, geneva, sans-serif; font-size: 12pt;\" class=\"def\"><strong class=\"def\">&nbsp;Materia\u0142:<\/strong><span class=\"def\">&nbsp;<\/span>wew. stal nierdzewna, zew. tworzywo sztuczne<br class=\"def\"><br \/>\n<\/span><br class=\"def\"><br \/>\n<span style=\"font-family: verdana, geneva, sans-serif; font-size: 12pt;\" class=\"def\"><strong class=\"def\">Pojemno\u015b\u0107:<\/strong><span class=\"def\">&nbsp;<\/span>1,7 l<br class=\"def\"><br \/>\n<\/span><br class=\"def\"><br \/>\n<span style=\"font-family: verdana, geneva, sans-serif; font-size: 12pt;\" class=\"def\"><strong class=\"def\">Napi\u0119cie:<\/strong><span class=\"def\">&nbsp;<\/span>220-240 V, 50\/60 Hz<br class=\"def\"><br \/>\n<\/span><br class=\"def\"><br \/>\n<span style=\"font-family: verdana, geneva, sans-serif; font-size: 12pt;\" class=\"def\"><strong class=\"def\">Moc:<\/strong><span class=\"def\">&nbsp;<\/span>1850-2200W<br class=\"def\"><br \/>\n<\/span><br class=\"def\"><br \/>\n<span style=\"font-family: verdana, geneva, sans-serif; font-size: 12pt;\" class=\"def\"><strong class=\"def\">Kolor:<\/strong>&nbsp;czarny matowy<br class=\"def\"><br \/>\n<\/span><br class=\"def\"><br \/>\n<span style=\"font-family: verdana, geneva, sans-serif; font-size: 12pt;\" class=\"def\"><strong class=\"def\">Kolekcja:<\/strong>&nbsp; Black Rose Collection<\/span><span style=\"font-family: verdana, geneva, sans-serif; font-size: 12pt;\" class=\"def\"><br class=\"def\"><br \/>\n<\/span><br class=\"def\"><br \/>\n<span style=\"font-family: verdana, geneva, sans-serif; font-size: 12pt;\" class=\"def\">Ukryty element grzejny ze stali nierdzewnej<br class=\"def\"><br \/>\n<\/span><br class=\"def\"><br \/>\n<span style=\"font-family: verdana, geneva, sans-serif; font-size: 12pt;\" class=\"def\">Ochrona przed gotowaniem na sucho<br class=\"def\"><br \/>\n<\/span><br class=\"def\"><br \/>\n<span style=\"font-family: verdana, geneva, sans-serif; font-size: 12pt;\" class=\"def\">Automatycznie wy\u0142\u0105cza si\u0119 po zagotowaniu wody<\/span><br class=\"def\"><br \/>\n<br class=\"def\">\n<\/p>\n<p style=\"text-align: center;\" class=\"def\">&nbsp;<\/p>\n","protected":false},"excerpt":{"rendered":"<p>Materia\u0142: wew. stal nierdzewna, zew. tworzywo sztuczne<br \/>\nPojemno\u015b\u0107: 1,7 l<br \/>\nNapi\u0119cie: 220-240 V, 50\/60 Hz<br \/>\nMoc: 1850-2200W<br \/>\nKolor: czarny matowy<br \/>\nKolekcja: Collection<br \/>\nObrotowa podstawka 360<\/p>\n","protected":false},"featured_media":0,"comment_status":"open","ping_status":"closed","template":"","meta":{"ocean_post_layout":"","ocean_both_sidebars_style":"","ocean_both_sidebars_content_width":0,"ocean_both_sidebars_sidebars_width":0,"ocean_sidebar":"","ocean_second_sidebar":"","ocean_disable_margins":"enable","ocean_add_body_class":"","ocean_shortcode_before_top_bar":"","ocean_shortcode_after_top_bar":"","ocean_shortcode_before_header":"","ocean_shortcode_after_header":"","ocean_has_shortcode":"","ocean_shortcode_after_title":"","ocean_shortcode_before_footer_widgets":"","ocean_shortcode_after_footer_widgets":"","ocean_shortcode_before_footer_bottom":"","ocean_shortcode_after_footer_bottom":"","ocean_display_top_bar":"default","ocean_display_header":"default","ocean_header_style":"","ocean_center_header_left_menu":"","ocean_custom_header_template":"","ocean_custom_logo":0,"ocean_custom_retina_logo":0,"ocean_custom_logo_max_width":0,"ocean_custom_logo_tablet_max_width":0,"ocean_custom_logo_mobile_max_width":0,"ocean_custom_logo_max_height":0,"ocean_custom_logo_tablet_max_height":0,"ocean_custom_logo_mobile_max_height":0,"ocean_header_custom_menu":"","ocean_menu_typo_font_family":"","ocean_menu_typo_font_subset":"","ocean_menu_typo_font_size":0,"ocean_menu_typo_font_size_tablet":0,"ocean_menu_typo_font_size_mobile":0,"ocean_menu_typo_font_size_unit":"px","ocean_menu_typo_font_weight":"","ocean_menu_typo_font_weight_tablet":"","ocean_menu_typo_font_weight_mobile":"","ocean_menu_typo_transform":"","ocean_menu_typo_transform_tablet":"","ocean_menu_typo_transform_mobile":"","ocean_menu_typo_line_height":0,"ocean_menu_typo_line_height_tablet":0,"ocean_menu_typo_line_height_mobile":0,"ocean_menu_typo_line_height_unit":"","ocean_menu_typo_spacing":0,"ocean_menu_typo_spacing_tablet":0,"ocean_menu_typo_spacing_mobile":0,"ocean_menu_typo_spacing_unit":"","ocean_menu_link_color":"","ocean_menu_link_color_hover":"","ocean_menu_link_color_active":"","ocean_menu_link_background":"","ocean_menu_link_hover_background":"","ocean_menu_link_active_background":"","ocean_menu_social_links_bg":"","ocean_menu_social_hover_links_bg":"","ocean_menu_social_links_color":"","ocean_menu_social_hover_links_color":"","ocean_disable_title":"default","ocean_disable_heading":"default","ocean_post_title":"","ocean_post_subheading":"","ocean_post_title_style":"","ocean_post_title_background_color":"","ocean_post_title_background":0,"ocean_post_title_bg_image_position":"","ocean_post_title_bg_image_attachment":"","ocean_post_title_bg_image_repeat":"","ocean_post_title_bg_image_size":"","ocean_post_title_height":0,"ocean_post_title_bg_overlay":0.5,"ocean_post_title_bg_overlay_color":"","ocean_disable_breadcrumbs":"default","ocean_breadcrumbs_color":"","ocean_breadcrumbs_separator_color":"","ocean_breadcrumbs_links_color":"","ocean_breadcrumbs_links_hover_color":"","ocean_display_footer_widgets":"default","ocean_display_footer_bottom":"default","ocean_custom_footer_template":""},"product_brand":[],"product_cat":[15],"product_tag":[3954,3898,3897,3972],"class_list":{"0":"post-6396","1":"product","2":"type-product","3":"status-publish","5":"product_cat-wszystkie-produkty","6":"product_tag-3954","7":"product_tag-3898","8":"product_tag-berlinger-haus","9":"product_tag-bh-9513","11":"entry","13":"first","14":"instock","15":"shipping-taxable","16":"product-type-simple","17":"has-product-nav","18":"col","19":"span_1_of_4","20":"owp-content-center","21":"owp-thumbs-layout-horizontal","22":"owp-btn-normal","23":"owp-tabs-layout-horizontal","24":"has-no-thumbnails"},"jetpack_sharing_enabled":true,"_links":{"self":[{"href":"https:\/\/domigoo.pl\/index.php\/wp-json\/wp\/v2\/product\/6396","targetHints":{"allow":["GET"]}}],"collection":[{"href":"https:\/\/domigoo.pl\/index.php\/wp-json\/wp\/v2\/product"}],"about":[{"href":"https:\/\/domigoo.pl\/index.php\/wp-json\/wp\/v2\/types\/product"}],"replies":[{"embeddable":true,"href":"https:\/\/domigoo.pl\/index.php\/wp-json\/wp\/v2\/comments?post=6396"}],"wp:attachment":[{"href":"https:\/\/domigoo.pl\/index.php\/wp-json\/wp\/v2\/media?parent=6396"}],"wp:term":[{"taxonomy":"product_brand","embeddable":true,"href":"https:\/\/domigoo.pl\/index.php\/wp-json\/wp\/v2\/product_brand?post=6396"},{"taxonomy":"product_cat","embeddable":true,"href":"https:\/\/domigoo.pl\/index.php\/wp-json\/wp\/v2\/product_cat?post=6396"},{"taxonomy":"product_tag","embeddable":true,"href":"https:\/\/domigoo.pl\/index.php\/wp-json\/wp\/v2\/product_tag?post=6396"}],"curies":[{"name":"wp","href":"https:\/\/api.w.org\/{rel}","templated":true}]}}