{"id":6400,"date":"2025-09-12T10:07:41","date_gmt":"2025-09-12T08:07:41","guid":{"rendered":"https:\/\/domigoo.pl\/index.php\/produkt\/czajnik-z-regulacja-temperatury-berlingerhaus-black-rose-monaco-bh-9473\/"},"modified":"2026-01-18T18:55:40","modified_gmt":"2026-01-18T17:55:40","slug":"czajnik-z-regulacja-temperatury-berlingerhaus-black-rose-monaco-bh-9473","status":"publish","type":"product","link":"https:\/\/domigoo.pl\/index.php\/produkt\/czajnik-z-regulacja-temperatury-berlingerhaus-black-rose-monaco-bh-9473\/","title":{"rendered":"Czajnik z regulacj\u0105 temperatury BerlingerHaus Black Rose \/ Monaco BH-9473"},"content":{"rendered":"<p style=\"text-align: center;\" class=\"def\"><strong class=\"def\"><span style=\"font-family: verdana, geneva, sans-serif; font-size: 18pt;\" class=\"def\">Czajnik z regulacj\u0105 temperatury \u2013 kolekcja Black Rose&nbsp;<\/span><\/strong><\/p>\n<p style=\"text-align: center;\" class=\"def\"><span style=\"font-size: 14pt;\" class=\"def\"><strong class=\"def\"><span style=\"font-family: verdana, geneva, sans-serif;\" class=\"def\">BerlingerHaus BH 9473<\/span><\/strong><\/span><\/p>\n<pre dir=\"ltr\" style=\"text-align: center;\" class=\"def\"><\/pre>\n<p class=\"def\"><img fetchpriority=\"high\" decoding=\"async\" src=\"https:\/\/berlingerhaus.com.pl\/images\/tn107\/3000-4000\/Czajnik-z-regulacja-temperatury-Berlinger-Haus-Black-Rose-Monaco-BH-9473_[3351]_696.jpg\" width=\"553\" height=\"553\" alt=\"\" class=\"def\"><\/p>\n<p style=\"text-align: center;\" class=\"def\"><span style=\"font-family: verdana, geneva, sans-serif; font-size: 14pt;\" class=\"def\">Wyobra\u017a sobie, \u017ce zaczynasz dzie\u0144 od czajnika, kt\u00f3ry nie tylko zaparzy idealn\u0105 fili\u017cank\u0119, ale tak\u017ce wniesie odrobin\u0119 luksusu do Twojej kuchni.<\/span><br class=\"def\"><span style=\"font-family: verdana, geneva, sans-serif; font-size: 14pt;\" class=\"def\">Berlinger Haus BH-9473 zosta\u0142 zaprojektowany tak, aby ka\u017cde u\u017cytkowanie by\u0142o przyjemno\u015bci\u0105.<\/span><br class=\"def\"><span style=\"font-family: verdana, geneva, sans-serif; font-size: 14pt;\" class=\"def\">Satysfakcja z posiadanie idealnej temperatury napoju, \u0142atwo\u015b\u0107 u\u017cycia i funkcje bezpiecze\u0144stwa \u0142\u0105cz\u0105 si\u0119, aby zapewni\u0107 p\u0142ynne i przyjemne do\u015bwiadczenie.<\/span><\/p>\n<pre style=\"text-align: center;\" class=\"def\">&nbsp;<\/pre>\n<pre style=\"text-align: center;\" class=\"def\"><\/pre>\n<p class=\"def\"><img decoding=\"async\" src=\"https:\/\/berlingerhaus.com.pl\/images\/tn107\/3000-4000\/Czajnik-z-regulacja-temperatury-Berlinger-Haus-Black-Rose-Monaco-BH-9473_[3349]_696.jpg\" width=\"599\" height=\"578\" alt=\"\" style=\"float: right;\" class=\"def\"><\/p>\n<p style=\"text-align: center;\" class=\"def\"><span style=\"font-family: verdana, geneva, sans-serif;\" class=\"def\"><span style=\"font-size: 14pt;\" class=\"def\"><strong class=\"def\">Cechy techniczne:<br class=\"def\"><\/strong><\/span><br class=\"def\"><span style=\"font-size: 12pt;\" class=\"def\"><strong class=\"def\">Wysoka wydajno\u015b\u0107<\/strong>: Dzi\u0119ki mocy 1850\u20132200 W czajnik szybko i wydajnie gotuje wod\u0119, oszcz\u0119dzaj\u0105c czas i energi\u0119.<\/span><\/span><br class=\"def\"><br class=\"def\"><span style=\"font-family: verdana, geneva, sans-serif; font-size: 12pt;\" class=\"def\"><strong class=\"def\">Obrotowa podstawa 360\u00b0<\/strong>: Zaprojektowana z my\u015bl\u0105 o wygodzie, obrotowa podstawa czajnika 360\u00b0 sprawia, \u017ce jest \u0142atwy w u\u017cyciu, niezale\u017cnie od tego, jak jest umieszczony na podstawie.<\/span><br class=\"def\"><br class=\"def\"><span style=\"font-family: verdana, geneva, sans-serif; font-size: 12pt;\" class=\"def\"><strong class=\"def\">Ochrona przed gotowaniem na sucho<\/strong>: Bezpiecze\u0144stwo jest najwa\u017cniejsze, dlatego ten czajnik jest wyposa\u017cony w zabezpieczenie przed gotowaniem na sucho, aby zapobiec wypadkom i uszkodzeniom urz\u0105dzenia.<\/span><br class=\"def\"><br class=\"def\"><span style=\"font-family: verdana, geneva, sans-serif; font-size: 12pt;\" class=\"def\"><strong class=\"def\">Wy\u015bwietlacz LCD<\/strong>: Temperatura wy\u015bwietlana w czasie rzeczywistym na czytelnym wy\u015bwietlaczu LCD, zapewnia idealn\u0105 temperatur\u0119 za ka\u017cdym razem.<\/span><br class=\"def\"><br class=\"def\"><span style=\"font-family: verdana, geneva, sans-serif; font-size: 12pt;\" class=\"def\"><strong class=\"def\">Konstrukcja z podw\u00f3jnymi \u015bciankami<\/strong>: Konstrukcja z podw\u00f3jnymi \u015bciankami nie tylko zwi\u0119ksza trwa\u0142o\u015b\u0107, ale tak\u017ce zapewnia, \u017ce powierzchnia zewn\u0119trzna pozostaje ch\u0142odna w<\/span><\/p>\n<p style=\"text-align: center;\" class=\"def\"><span style=\"font-family: verdana, geneva, sans-serif; font-size: 12pt;\" class=\"def\">&nbsp;dotyku.<\/span><br class=\"def\"><br class=\"def\"><span style=\"font-family: verdana, geneva, sans-serif; font-size: 12pt;\" class=\"def\"><strong class=\"def\">Regulowana temperatura<\/strong>: Dostosuj swoje do\u015bwiadczenie parzenia dzi\u0119ki 5 r\u00f3\u017cnym ustawieniom temperatury (40\/60\/80\/90\/100 \u00b0C), idealnych do r\u00f3\u017cnych herbat i kaw.<\/span><\/p>\n<p style=\"text-align: center;\" class=\"def\"><img decoding=\"async\" src=\"https:\/\/berlingerhaus.com.pl\/images\/tn107\/3000-4000\/Czajnik-z-regulacja-temperatury-Berlinger-Haus-Black-Rose-Monaco-BH-9473_[3350]_696.jpg\" width=\"560\" height=\"560\" alt=\"\" class=\"def\">&nbsp;<\/p>\n<p style=\"text-align: center;\" class=\"def\">&#8211;<span style=\"font-size: 12pt; font-family: Verdana, sans-serif; color: #000000;\" class=\"def\">&nbsp;Obrotowa podstawa czajnika 360\u00b0<br class=\"def\">&#8211; Wy\u015bwietlacz LCD<br class=\"def\">&#8211; Regulowana temperatura&nbsp;(40\/60\/80\/90\/100 \u00b0C)<br class=\"def\">&#8211; Materia\u0142: stal nierdzewna, tworzywo sztuczne<br class=\"def\">&#8211; Pojemno\u015b\u0107: 1,7L<br class=\"def\">&#8211; Napi\u0119cie: 220-240 V, 50\/60 Hz<br class=\"def\">&#8211; Moc: 1850-2200W<br class=\"def\">&#8211; Kolor: czarno-r\u00f3\u017cowe z\u0142oto<\/span><\/p>\n<p style=\"text-align: center;\" class=\"def\">&nbsp;<\/p>\n<pre dir=\"ltr\" class=\"def\">&nbsp;<\/pre>\n<pre dir=\"ltr\" id=\"user_tw-target-text\" class=\"def\"> <\/pre>\n","protected":false},"excerpt":{"rendered":"<p>Obrotowa podstawa czajnika 360\u00b0<br \/>\nWy\u015bwietlacz LCD<br \/>\nRegulowana temperatura (40\/60\/80\/90\/100 \u00b0C)<br \/>\nMateria\u0142: stal nierdzewna, tworzywo sztuczne<br \/>\nPojemno\u015b\u0107: 1,7L<br \/>\nNapi\u0119cie: 220-240 V, 50\/60 Hz<br \/>\nMoc: 1850-2200W<br \/>\nKolor: czarno-r\u00f3\u017cowe z\u0142oto<\/p>\n","protected":false},"featured_media":0,"comment_status":"open","ping_status":"closed","template":"","meta":{"ocean_post_layout":"","ocean_both_sidebars_style":"","ocean_both_sidebars_content_width":0,"ocean_both_sidebars_sidebars_width":0,"ocean_sidebar":"","ocean_second_sidebar":"","ocean_disable_margins":"enable","ocean_add_body_class":"","ocean_shortcode_before_top_bar":"","ocean_shortcode_after_top_bar":"","ocean_shortcode_before_header":"","ocean_shortcode_after_header":"","ocean_has_shortcode":"","ocean_shortcode_after_title":"","ocean_shortcode_before_footer_widgets":"","ocean_shortcode_after_footer_widgets":"","ocean_shortcode_before_footer_bottom":"","ocean_shortcode_after_footer_bottom":"","ocean_display_top_bar":"default","ocean_display_header":"default","ocean_header_style":"","ocean_center_header_left_menu":"","ocean_custom_header_template":"","ocean_custom_logo":0,"ocean_custom_retina_logo":0,"ocean_custom_logo_max_width":0,"ocean_custom_logo_tablet_max_width":0,"ocean_custom_logo_mobile_max_width":0,"ocean_custom_logo_max_height":0,"ocean_custom_logo_tablet_max_height":0,"ocean_custom_logo_mobile_max_height":0,"ocean_header_custom_menu":"","ocean_menu_typo_font_family":"","ocean_menu_typo_font_subset":"","ocean_menu_typo_font_size":0,"ocean_menu_typo_font_size_tablet":0,"ocean_menu_typo_font_size_mobile":0,"ocean_menu_typo_font_size_unit":"px","ocean_menu_typo_font_weight":"","ocean_menu_typo_font_weight_tablet":"","ocean_menu_typo_font_weight_mobile":"","ocean_menu_typo_transform":"","ocean_menu_typo_transform_tablet":"","ocean_menu_typo_transform_mobile":"","ocean_menu_typo_line_height":0,"ocean_menu_typo_line_height_tablet":0,"ocean_menu_typo_line_height_mobile":0,"ocean_menu_typo_line_height_unit":"","ocean_menu_typo_spacing":0,"ocean_menu_typo_spacing_tablet":0,"ocean_menu_typo_spacing_mobile":0,"ocean_menu_typo_spacing_unit":"","ocean_menu_link_color":"","ocean_menu_link_color_hover":"","ocean_menu_link_color_active":"","ocean_menu_link_background":"","ocean_menu_link_hover_background":"","ocean_menu_link_active_background":"","ocean_menu_social_links_bg":"","ocean_menu_social_hover_links_bg":"","ocean_menu_social_links_color":"","ocean_menu_social_hover_links_color":"","ocean_disable_title":"default","ocean_disable_heading":"default","ocean_post_title":"","ocean_post_subheading":"","ocean_post_title_style":"","ocean_post_title_background_color":"","ocean_post_title_background":0,"ocean_post_title_bg_image_position":"","ocean_post_title_bg_image_attachment":"","ocean_post_title_bg_image_repeat":"","ocean_post_title_bg_image_size":"","ocean_post_title_height":0,"ocean_post_title_bg_overlay":0.5,"ocean_post_title_bg_overlay_color":"","ocean_disable_breadcrumbs":"default","ocean_breadcrumbs_color":"","ocean_breadcrumbs_separator_color":"","ocean_breadcrumbs_links_color":"","ocean_breadcrumbs_links_hover_color":"","ocean_display_footer_widgets":"default","ocean_display_footer_bottom":"default","ocean_custom_footer_template":""},"product_brand":[],"product_cat":[15],"product_tag":[3954,3898,3897,3976],"class_list":{"0":"post-6400","1":"product","2":"type-product","3":"status-publish","5":"product_cat-wszystkie-produkty","6":"product_tag-3954","7":"product_tag-3898","8":"product_tag-berlinger-haus","9":"product_tag-bh-9473","11":"entry","13":"first","14":"outofstock","15":"shipping-taxable","16":"product-type-simple","17":"has-product-nav","18":"col","19":"span_1_of_4","20":"owp-content-center","21":"owp-thumbs-layout-horizontal","22":"owp-btn-normal","23":"owp-tabs-layout-horizontal","24":"has-no-thumbnails"},"jetpack_sharing_enabled":true,"_links":{"self":[{"href":"https:\/\/domigoo.pl\/index.php\/wp-json\/wp\/v2\/product\/6400","targetHints":{"allow":["GET"]}}],"collection":[{"href":"https:\/\/domigoo.pl\/index.php\/wp-json\/wp\/v2\/product"}],"about":[{"href":"https:\/\/domigoo.pl\/index.php\/wp-json\/wp\/v2\/types\/product"}],"replies":[{"embeddable":true,"href":"https:\/\/domigoo.pl\/index.php\/wp-json\/wp\/v2\/comments?post=6400"}],"wp:attachment":[{"href":"https:\/\/domigoo.pl\/index.php\/wp-json\/wp\/v2\/media?parent=6400"}],"wp:term":[{"taxonomy":"product_brand","embeddable":true,"href":"https:\/\/domigoo.pl\/index.php\/wp-json\/wp\/v2\/product_brand?post=6400"},{"taxonomy":"product_cat","embeddable":true,"href":"https:\/\/domigoo.pl\/index.php\/wp-json\/wp\/v2\/product_cat?post=6400"},{"taxonomy":"product_tag","embeddable":true,"href":"https:\/\/domigoo.pl\/index.php\/wp-json\/wp\/v2\/product_tag?post=6400"}],"curies":[{"name":"wp","href":"https:\/\/api.w.org\/{rel}","templated":true}]}}