{"id":6401,"date":"2025-09-12T10:07:41","date_gmt":"2025-09-12T08:07:41","guid":{"rendered":"https:\/\/domigoo.pl\/index.php\/produkt\/dodatkowa-odpinana-raczka-do-zestawu-garnkow-berlingerhaus-sahara-collection-bh-8898\/"},"modified":"2025-12-21T10:25:47","modified_gmt":"2025-12-21T09:25:47","slug":"dodatkowa-odpinana-raczka-do-zestawu-garnkow-berlingerhaus-sahara-collection-bh-8898","status":"publish","type":"product","link":"https:\/\/domigoo.pl\/index.php\/produkt\/dodatkowa-odpinana-raczka-do-zestawu-garnkow-berlingerhaus-sahara-collection-bh-8898\/","title":{"rendered":"Dodatkowa odpinana r\u0105czka do zestawu garnk\u00f3w BerlingerHaus Sahara Collection BH-8898"},"content":{"rendered":"<h1 style=\"text-align: center;\" class=\"def\"><span style=\"font-size: 24pt;\" class=\"def\"><strong class=\"def\">Dodatkowa odpinana r\u0105czka do zestawu garnk\u00f3w<\/strong><\/span><\/h1>\n<h1 style=\"text-align: center;\" class=\"def\"><span style=\"font-size: 24pt;\" class=\"def\"><strong class=\"def\">&nbsp;BerlingerHaus Sahara Collection BH-8898<\/strong><\/span><\/h1>\n<hr class=\"def\">\n<p class=\"def\">\n<p style=\"text-align: center;\" class=\"def\"><span style=\"font-size: 14pt;\" class=\"def\">Ergonomiczna i praktyczna r\u0105czka pasuj\u0105ca kolorystycznie do garnk\u00f3w i patelni z kolekcji <strong data-start=\"416\" data-end=\"458\" class=\"def\">BerlingerHaus Sahara&nbsp; Collection.<\/strong><\/span><\/p>\n<p style=\"text-align: center;\" class=\"def\"><span style=\"font-size: 14pt;\" class=\"def\">&nbsp;Dzi\u0119ki systemowi <strong data-start=\"477\" data-end=\"489\" class=\"def\">Click It<\/strong> mo\u017cna j\u0105 \u0142atwo i szybko zamontowa\u0107 lub odczepi\u0107, co zwi\u0119ksza wygod\u0119 u\u017cytkowania i umo\u017cliwia bezpieczne u\u017cywanie naczy\u0144 w piekarniku.<\/span><\/p>\n<p style=\"text-align: center;\" class=\"def\"><span style=\"font-size: 14pt;\" class=\"def\"><img fetchpriority=\"high\" decoding=\"async\" src=\"https:\/\/berlingerhaus.com.pl\/images\/tn107\/6000-7000\/Dodatkowa-odpinana-raczka-do-zestawu-garnkow-BerlingerHaus-Sahara-Collection-BH-8898_[6311]_696.jpg\" width=\"696\" height=\"696\" alt=\"\" class=\"def\"><\/span><\/p>\n<h2 style=\"text-align: center;\" class=\"def\"><span style=\"font-size: 18pt;\" class=\"def\"><strong data-start=\"628\" data-end=\"647\" class=\"def\"><strong class=\"def\">Cechy produktu:<\/strong><\/strong><\/span><\/h2>\n<p data-start=\"652\" data-end=\"715\" style=\"text-align: center;\" class=\"def\"><span style=\"font-size: 14pt;\" class=\"def\">Kompatybilna z garnkami i patelniami BerlingerHaus<\/span><\/p>\n<p data-start=\"718\" data-end=\"800\" style=\"text-align: center;\" class=\"def\"><span style=\"font-size: 14pt;\" class=\"def\"><strong data-start=\"718\" data-end=\"752\" class=\"def\">Ergonomiczny uchwyt Soft Touch<\/strong> \u2013 przyjemny w dotyku i odporny na nagrzewanie<\/span><\/p>\n<p data-start=\"803\" data-end=\"853\" style=\"text-align: center;\" class=\"def\"><span style=\"font-size: 14pt;\" class=\"def\">Stabilne mocowanie dzi\u0119ki systemowi <strong data-start=\"839\" data-end=\"851\" class=\"def\">Click It<\/strong><\/span><\/p>\n<p data-start=\"856\" data-end=\"908\" style=\"text-align: center;\" class=\"def\"><span style=\"font-size: 14pt;\" class=\"def\">Bezpieczne u\u017cytkowanie \u2013 mocny mechanizm blokuj\u0105cy<\/span><\/p>\n<p data-start=\"911\" data-end=\"971\" style=\"text-align: center;\" class=\"def\"><span style=\"font-size: 14pt;\" class=\"def\">Kolorystyka dopasowana do kolekcji \u2013 <strong data-start=\"948\" data-end=\"969\" class=\"def\">Sahara&nbsp;<\/strong><\/span><\/p>\n<p data-start=\"911\" data-end=\"971\" style=\"text-align: center;\" class=\"def\"><span style=\"font-size: 14pt;\" class=\"def\"><strong data-start=\"948\" data-end=\"969\" class=\"def\"><img decoding=\"async\" src=\"https:\/\/berlingerhaus.com.pl\/images\/tn107\/6000-7000\/Dodatkowa-odpinana-raczka-do-zestawu-garnkow-BerlingerHaus-Sahara-Collection-BH-8898_[6312]_696.jpg\" width=\"414\" height=\"414\" alt=\"\" class=\"def\"><img decoding=\"async\" src=\"https:\/\/berlingerhaus.com.pl\/images\/tn107\/6000-7000\/Dodatkowa-odpinana-raczka-do-zestawu-garnkow-BerlingerHaus-Sahara-Collection-BH-8898_[6313]_696.jpg\" alt=\"\" width=\"545\" height=\"545\" style=\"float: right;\" class=\"def\"><\/strong><\/span><\/p>\n","protected":false},"excerpt":{"rendered":"<p>Kompatybilna z garnkami i patelniami BerlingerHaus<br \/>\nErgonomiczny uchwyt Soft Touch \u2013 przyjemny w dotyku i odporny na nagrzewanie<br \/>\nStabilne mocowanie dzi\u0119ki systemowi Click It<br \/>\nBezpieczne u\u017cytkowanie \u2013 mocny mechanizm blokuj\u0105cy<br \/>\nKolorystyka dopasowana do kolekcji \u2013 Sahara\u00a0<\/p>\n","protected":false},"featured_media":0,"comment_status":"open","ping_status":"closed","template":"","meta":{"ocean_post_layout":"","ocean_both_sidebars_style":"","ocean_both_sidebars_content_width":0,"ocean_both_sidebars_sidebars_width":0,"ocean_sidebar":"","ocean_second_sidebar":"","ocean_disable_margins":"enable","ocean_add_body_class":"","ocean_shortcode_before_top_bar":"","ocean_shortcode_after_top_bar":"","ocean_shortcode_before_header":"","ocean_shortcode_after_header":"","ocean_has_shortcode":"","ocean_shortcode_after_title":"","ocean_shortcode_before_footer_widgets":"","ocean_shortcode_after_footer_widgets":"","ocean_shortcode_before_footer_bottom":"","ocean_shortcode_after_footer_bottom":"","ocean_display_top_bar":"default","ocean_display_header":"default","ocean_header_style":"","ocean_center_header_left_menu":"","ocean_custom_header_template":"","ocean_custom_logo":0,"ocean_custom_retina_logo":0,"ocean_custom_logo_max_width":0,"ocean_custom_logo_tablet_max_width":0,"ocean_custom_logo_mobile_max_width":0,"ocean_custom_logo_max_height":0,"ocean_custom_logo_tablet_max_height":0,"ocean_custom_logo_mobile_max_height":0,"ocean_header_custom_menu":"","ocean_menu_typo_font_family":"","ocean_menu_typo_font_subset":"","ocean_menu_typo_font_size":0,"ocean_menu_typo_font_size_tablet":0,"ocean_menu_typo_font_size_mobile":0,"ocean_menu_typo_font_size_unit":"px","ocean_menu_typo_font_weight":"","ocean_menu_typo_font_weight_tablet":"","ocean_menu_typo_font_weight_mobile":"","ocean_menu_typo_transform":"","ocean_menu_typo_transform_tablet":"","ocean_menu_typo_transform_mobile":"","ocean_menu_typo_line_height":0,"ocean_menu_typo_line_height_tablet":0,"ocean_menu_typo_line_height_mobile":0,"ocean_menu_typo_line_height_unit":"","ocean_menu_typo_spacing":0,"ocean_menu_typo_spacing_tablet":0,"ocean_menu_typo_spacing_mobile":0,"ocean_menu_typo_spacing_unit":"","ocean_menu_link_color":"","ocean_menu_link_color_hover":"","ocean_menu_link_color_active":"","ocean_menu_link_background":"","ocean_menu_link_hover_background":"","ocean_menu_link_active_background":"","ocean_menu_social_links_bg":"","ocean_menu_social_hover_links_bg":"","ocean_menu_social_links_color":"","ocean_menu_social_hover_links_color":"","ocean_disable_title":"default","ocean_disable_heading":"default","ocean_post_title":"","ocean_post_subheading":"","ocean_post_title_style":"","ocean_post_title_background_color":"","ocean_post_title_background":0,"ocean_post_title_bg_image_position":"","ocean_post_title_bg_image_attachment":"","ocean_post_title_bg_image_repeat":"","ocean_post_title_bg_image_size":"","ocean_post_title_height":0,"ocean_post_title_bg_overlay":0.5,"ocean_post_title_bg_overlay_color":"","ocean_disable_breadcrumbs":"default","ocean_breadcrumbs_color":"","ocean_breadcrumbs_separator_color":"","ocean_breadcrumbs_links_color":"","ocean_breadcrumbs_links_hover_color":"","ocean_display_footer_widgets":"default","ocean_display_footer_bottom":"default","ocean_custom_footer_template":""},"product_brand":[],"product_cat":[15],"product_tag":[3896,3898,3897,3977],"class_list":{"0":"post-6401","1":"product","2":"type-product","3":"status-publish","5":"product_cat-wszystkie-produkty","6":"product_tag-3896","7":"product_tag-3898","8":"product_tag-berlinger-haus","9":"product_tag-bh-8898","11":"entry","13":"first","14":"outofstock","15":"shipping-taxable","16":"product-type-simple","17":"has-product-nav","18":"col","19":"span_1_of_4","20":"owp-content-center","21":"owp-thumbs-layout-horizontal","22":"owp-btn-normal","23":"owp-tabs-layout-horizontal","24":"has-no-thumbnails"},"jetpack_sharing_enabled":true,"_links":{"self":[{"href":"https:\/\/domigoo.pl\/index.php\/wp-json\/wp\/v2\/product\/6401","targetHints":{"allow":["GET"]}}],"collection":[{"href":"https:\/\/domigoo.pl\/index.php\/wp-json\/wp\/v2\/product"}],"about":[{"href":"https:\/\/domigoo.pl\/index.php\/wp-json\/wp\/v2\/types\/product"}],"replies":[{"embeddable":true,"href":"https:\/\/domigoo.pl\/index.php\/wp-json\/wp\/v2\/comments?post=6401"}],"wp:attachment":[{"href":"https:\/\/domigoo.pl\/index.php\/wp-json\/wp\/v2\/media?parent=6401"}],"wp:term":[{"taxonomy":"product_brand","embeddable":true,"href":"https:\/\/domigoo.pl\/index.php\/wp-json\/wp\/v2\/product_brand?post=6401"},{"taxonomy":"product_cat","embeddable":true,"href":"https:\/\/domigoo.pl\/index.php\/wp-json\/wp\/v2\/product_cat?post=6401"},{"taxonomy":"product_tag","embeddable":true,"href":"https:\/\/domigoo.pl\/index.php\/wp-json\/wp\/v2\/product_tag?post=6401"}],"curies":[{"name":"wp","href":"https:\/\/api.w.org\/{rel}","templated":true}]}}