{"id":6402,"date":"2025-09-12T10:07:41","date_gmt":"2025-09-12T08:07:41","guid":{"rendered":"https:\/\/domigoo.pl\/index.php\/produkt\/dotykowy-czajnik-elektryczny-berlingerhaus-black-rose-collection-bh-9477\/"},"modified":"2025-10-25T08:36:34","modified_gmt":"2025-10-25T06:36:34","slug":"dotykowy-czajnik-elektryczny-berlingerhaus-black-rose-collection-bh-9477","status":"publish","type":"product","link":"https:\/\/domigoo.pl\/index.php\/produkt\/dotykowy-czajnik-elektryczny-berlingerhaus-black-rose-collection-bh-9477\/","title":{"rendered":"Dotykowy czajnik elektryczny BerlingerHaus Black Rose Collection BH-9477"},"content":{"rendered":"<h2 style=\"text-align: center;\" class=\"def\"><span style=\"font-size: 24pt;\" class=\"def\">Dotykowy czajnik elektryczny BerlingerHaus<\/span><\/h2>\n<h2 style=\"text-align: center;\" class=\"def\"><span style=\"font-size: 24pt;\" class=\"def\">&nbsp;Black Rose Collection BH-9477<\/span><\/h2>\n<hr class=\"def\">\n<p style=\"text-align: center;\" class=\"def\"><span style=\"font-size: 14pt;\" class=\"def\">Odkryj elegancj\u0119 i funkcjonalno\u015b\u0107 z dotykowym czajnikiem elektrycznym BerlingerHaus<\/span><\/p>\n<p style=\"text-align: center;\" class=\"def\"><span style=\"font-size: 14pt;\" class=\"def\">&nbsp;Black Rose Collection BH-9477.<\/span><\/p>\n<p style=\"text-align: center;\" class=\"def\"><span style=\"font-size: 14pt;\" class=\"def\">&nbsp;Ten wyj\u0105tkowy czajnik \u0142\u0105czy w sobie nowoczesny design i zaawansowan\u0105 technologi\u0119, sprawiaj\u0105c, \u017ce ka\u017cda fili\u017canka herbaty stanie si\u0119 prawdziw\u0105 przyjemno\u015bci\u0105.<\/span><\/p>\n<p class=\"def\"><img fetchpriority=\"high\" decoding=\"async\" src=\"https:\/\/berlingerhaus.com.pl\/images\/tn107\/4000-5000\/Dotykowy-czajnik-elektryczny-BerlingerHaus-Black-Rose-Collection-BH-9477_[4673]_696.jpg\" width=\"566\" height=\"566\" alt=\"\" style=\"display: block; margin-left: auto; margin-right: auto;\" class=\"def\"><\/p>\n<h2 style=\"text-align: center;\" class=\"def\"><span style=\"font-size: 14pt;\" class=\"def\">Kluczowe cechy:<\/span><\/h2>\n<p style=\"text-align: center;\" class=\"def\"><span style=\"font-size: 14pt;\" class=\"def\"><strong class=\"def\">Materia\u0142<\/strong>: Wykonany z borokrzemowego szk\u0142a i wysokiej jako\u015bci plastiku, czajnik charakteryzuje si\u0119 trwa\u0142o\u015bci\u0105 i odporno\u015bci\u0105 na plamy, co zapewnia d\u0142ugotrwa\u0142e u\u017cytkowanie.<\/span><\/p>\n<p style=\"text-align: center;\" class=\"def\"><span style=\"font-size: 14pt;\" class=\"def\"><strong class=\"def\">Pojemno\u015b\u0107<\/strong>: Imponuj\u0105ca pojemno\u015b\u0107 1,7 litra.<\/span><\/p>\n<p style=\"text-align: center;\" class=\"def\"><span style=\"font-size: 14pt;\" class=\"def\"><strong class=\"def\">Moc<\/strong>: O mocy 2200W, szybko zagotuje wod\u0119, oszcz\u0119dzaj\u0105c Tw\u00f3j czas.<\/span><\/p>\n<p style=\"text-align: center;\" class=\"def\"><span style=\"font-size: 14pt;\" class=\"def\"><strong class=\"def\">Napi\u0119cie<\/strong>: Pracuje w zakresie napi\u0119cia 220-240 V przy cz\u0119stotliwo\u015bci 50\/60 Hz, co czyni go odpowiednim do u\u017cycia w r\u00f3\u017cnych warunkach.<\/span><\/p>\n<p style=\"text-align: center;\" class=\"def\"><span style=\"font-size: 14pt;\" class=\"def\"><img decoding=\"async\" src=\"https:\/\/berlingerhaus.com.pl\/images\/tn107\/4000-5000\/Dotykowy-czajnik-elektryczny-BerlingerHaus-Black-Rose-Collection-BH-9477_[4676]_696.jpg\" width=\"535\" height=\"535\" alt=\"\" style=\"float: right;\" class=\"def\"><\/span><\/p>\n<h2 style=\"text-align: center;\" class=\"def\"><span style=\"font-size: 14pt;\" class=\"def\">Wyj\u0105tkowe funkcje:<\/span><\/h2>\n<p style=\"text-align: center;\" class=\"def\"><span style=\"font-size: 14pt;\" class=\"def\"><strong class=\"def\">Cyfrowy ekran<\/strong>: Intuicyjny wy\u015bwietlacz z bia\u0142ymi przyciskami umo\u017cliwia \u0142atwe ustawienie jednej z czterech temperatur:<\/span><\/p>\n<p style=\"text-align: center;\" class=\"def\"><span style=\"font-size: 14pt;\" class=\"def\">&nbsp;40, 60, 80 lub 100\u00b0C.<\/span><\/p>\n<p style=\"text-align: center;\" class=\"def\"><span style=\"font-size: 14pt;\" class=\"def\"><strong class=\"def\">Obrotowa podstawa<\/strong>: Umo\u017cliwia swobodne manewrowanie czajnikiem w 360\u00b0.<\/span><\/p>\n<p style=\"text-align: center;\" class=\"def\"><span style=\"font-size: 14pt;\" class=\"def\"><strong class=\"def\">Ukryty element grzejny<\/strong>: Wykonany ze stali nierdzewnej, zapewnia efektywne gotowanie bez nieestetycznych widocznych element\u00f3w grzewczych.<\/span><\/p>\n<p style=\"text-align: center;\" class=\"def\"><span style=\"font-size: 14pt;\" class=\"def\"><strong class=\"def\">Funkcja utrzymywania ciep\u0142a<\/strong>: Dzi\u0119ki tej opcji, mo\u017cesz cieszy\u0107 si\u0119 gor\u0105c\u0105 wod\u0105 przez d\u0142u\u017cszy czas.<\/span><\/p>\n<p style=\"text-align: center;\" class=\"def\"><span style=\"font-size: 14pt;\" class=\"def\"><strong class=\"def\">Bezpiecze\u0144stwo u\u017cytkowania<\/strong>: Czajnik posiada zabezpieczenia przed <strong class=\"def\">gotowaniem wody na&nbsp; sucho<\/strong>, a tak\u017ce <strong class=\"def\">automatyczne wy\u0142\u0105czanie po zagotowaniu,<\/strong> co gwarantuje bezpieczne u\u017cytkowanie.<\/span><\/p>\n<p style=\"text-align: center;\" class=\"def\"><span style=\"font-size: 14pt;\" class=\"def\"><\/span><\/p>\n<p style=\"text-align: center;\" class=\"def\"><span style=\"font-size: 14pt;\" class=\"def\"><\/span><\/p>\n<p style=\"text-align: center;\" class=\"def\"><span style=\"font-size: 14pt;\" class=\"def\"><\/span><\/p>\n<p style=\"text-align: center;\" class=\"def\"><span style=\"font-size: 14pt;\" class=\"def\"><\/span><\/p>\n<p style=\"text-align: center;\" class=\"def\"><strong class=\"def\"><span style=\"font-size: 14pt;\" class=\"def\"><span style=\"font-size: 18pt;\" class=\"def\">Czajnik BerlingerHaus Black Rose Collection BH-9477 to doskona\u0142e po\u0142\u0105czenie stylu i innowacji, kt\u00f3re wprowadzi elegancj\u0119 do Twojej kuchni, a jego praktyczne funkcje uczyni\u0105 codzienne parzenie napoj\u00f3w jeszcze prostszym i przyjemniejszym.<\/span><\/span><\/strong><\/p>\n<p style=\"text-align: center;\" class=\"def\"><strong class=\"def\"><span style=\"font-size: 14pt;\" class=\"def\"><span style=\"font-size: 18pt;\" class=\"def\"><img decoding=\"async\" src=\"https:\/\/berlingerhaus.com.pl\/images\/tn107\/4000-5000\/Dotykowy-czajnik-elektryczny-BerlingerHaus-Black-Rose-Collection-BH-9477_[4674]_696.jpg\" width=\"696\" height=\"696\" alt=\"\" class=\"def\"><\/span><\/span><\/strong><\/p>\n","protected":false},"excerpt":{"rendered":"<p>Materia\u0142: szk\u0142o borokrzemowe i plastik<br \/>\nPojemno\u015b\u0107: 1,7 L<br \/>\nNapi\u0119cie: 220-240 V, 50\/60 Hz<br \/>\nMoc: 2200 W<br \/>\nKolor: czarno-r\u00f3\u017cowy<\/p>\n","protected":false},"featured_media":0,"comment_status":"open","ping_status":"closed","template":"","meta":{"ocean_post_layout":"","ocean_both_sidebars_style":"","ocean_both_sidebars_content_width":0,"ocean_both_sidebars_sidebars_width":0,"ocean_sidebar":"","ocean_second_sidebar":"","ocean_disable_margins":"enable","ocean_add_body_class":"","ocean_shortcode_before_top_bar":"","ocean_shortcode_after_top_bar":"","ocean_shortcode_before_header":"","ocean_shortcode_after_header":"","ocean_has_shortcode":"","ocean_shortcode_after_title":"","ocean_shortcode_before_footer_widgets":"","ocean_shortcode_after_footer_widgets":"","ocean_shortcode_before_footer_bottom":"","ocean_shortcode_after_footer_bottom":"","ocean_display_top_bar":"default","ocean_display_header":"default","ocean_header_style":"","ocean_center_header_left_menu":"","ocean_custom_header_template":"","ocean_custom_logo":0,"ocean_custom_retina_logo":0,"ocean_custom_logo_max_width":0,"ocean_custom_logo_tablet_max_width":0,"ocean_custom_logo_mobile_max_width":0,"ocean_custom_logo_max_height":0,"ocean_custom_logo_tablet_max_height":0,"ocean_custom_logo_mobile_max_height":0,"ocean_header_custom_menu":"","ocean_menu_typo_font_family":"","ocean_menu_typo_font_subset":"","ocean_menu_typo_font_size":0,"ocean_menu_typo_font_size_tablet":0,"ocean_menu_typo_font_size_mobile":0,"ocean_menu_typo_font_size_unit":"px","ocean_menu_typo_font_weight":"","ocean_menu_typo_font_weight_tablet":"","ocean_menu_typo_font_weight_mobile":"","ocean_menu_typo_transform":"","ocean_menu_typo_transform_tablet":"","ocean_menu_typo_transform_mobile":"","ocean_menu_typo_line_height":0,"ocean_menu_typo_line_height_tablet":0,"ocean_menu_typo_line_height_mobile":0,"ocean_menu_typo_line_height_unit":"","ocean_menu_typo_spacing":0,"ocean_menu_typo_spacing_tablet":0,"ocean_menu_typo_spacing_mobile":0,"ocean_menu_typo_spacing_unit":"","ocean_menu_link_color":"","ocean_menu_link_color_hover":"","ocean_menu_link_color_active":"","ocean_menu_link_background":"","ocean_menu_link_hover_background":"","ocean_menu_link_active_background":"","ocean_menu_social_links_bg":"","ocean_menu_social_hover_links_bg":"","ocean_menu_social_links_color":"","ocean_menu_social_hover_links_color":"","ocean_disable_title":"default","ocean_disable_heading":"default","ocean_post_title":"","ocean_post_subheading":"","ocean_post_title_style":"","ocean_post_title_background_color":"","ocean_post_title_background":0,"ocean_post_title_bg_image_position":"","ocean_post_title_bg_image_attachment":"","ocean_post_title_bg_image_repeat":"","ocean_post_title_bg_image_size":"","ocean_post_title_height":0,"ocean_post_title_bg_overlay":0.5,"ocean_post_title_bg_overlay_color":"","ocean_disable_breadcrumbs":"default","ocean_breadcrumbs_color":"","ocean_breadcrumbs_separator_color":"","ocean_breadcrumbs_links_color":"","ocean_breadcrumbs_links_hover_color":"","ocean_display_footer_widgets":"default","ocean_display_footer_bottom":"default","ocean_custom_footer_template":""},"product_brand":[],"product_cat":[15],"product_tag":[3896,3898,3897,3978],"class_list":{"0":"post-6402","1":"product","2":"type-product","3":"status-publish","5":"product_cat-wszystkie-produkty","6":"product_tag-3896","7":"product_tag-3898","8":"product_tag-berlinger-haus","9":"product_tag-bh-9477","11":"entry","13":"first","14":"outofstock","15":"shipping-taxable","16":"product-type-simple","17":"has-product-nav","18":"col","19":"span_1_of_4","20":"owp-content-center","21":"owp-thumbs-layout-horizontal","22":"owp-btn-normal","23":"owp-tabs-layout-horizontal","24":"has-no-thumbnails"},"jetpack_sharing_enabled":true,"_links":{"self":[{"href":"https:\/\/domigoo.pl\/index.php\/wp-json\/wp\/v2\/product\/6402","targetHints":{"allow":["GET"]}}],"collection":[{"href":"https:\/\/domigoo.pl\/index.php\/wp-json\/wp\/v2\/product"}],"about":[{"href":"https:\/\/domigoo.pl\/index.php\/wp-json\/wp\/v2\/types\/product"}],"replies":[{"embeddable":true,"href":"https:\/\/domigoo.pl\/index.php\/wp-json\/wp\/v2\/comments?post=6402"}],"wp:attachment":[{"href":"https:\/\/domigoo.pl\/index.php\/wp-json\/wp\/v2\/media?parent=6402"}],"wp:term":[{"taxonomy":"product_brand","embeddable":true,"href":"https:\/\/domigoo.pl\/index.php\/wp-json\/wp\/v2\/product_brand?post=6402"},{"taxonomy":"product_cat","embeddable":true,"href":"https:\/\/domigoo.pl\/index.php\/wp-json\/wp\/v2\/product_cat?post=6402"},{"taxonomy":"product_tag","embeddable":true,"href":"https:\/\/domigoo.pl\/index.php\/wp-json\/wp\/v2\/product_tag?post=6402"}],"curies":[{"name":"wp","href":"https:\/\/api.w.org\/{rel}","templated":true}]}}