{"id":6405,"date":"2025-09-12T10:07:42","date_gmt":"2025-09-12T08:07:42","guid":{"rendered":"https:\/\/domigoo.pl\/index.php\/produkt\/ekspres-kolbowy-berlingerhaus-sahara-collection-bh-9624\/"},"modified":"2025-12-28T11:36:10","modified_gmt":"2025-12-28T10:36:10","slug":"ekspres-kolbowy-berlingerhaus-sahara-collection-bh-9624","status":"publish","type":"product","link":"https:\/\/domigoo.pl\/index.php\/produkt\/ekspres-kolbowy-berlingerhaus-sahara-collection-bh-9624\/","title":{"rendered":"Ekspres kolbowy BerlingerHaus Sahara Collection BH-9624"},"content":{"rendered":"<h2 style=\"text-align: center;\" class=\"def\"><span style=\"font-size: 24pt;\" class=\"def\">Ekspres kolbowy BerlingerHaus <\/span><\/h2>\n<h2 style=\"text-align: center;\" class=\"def\"><span style=\"font-size: 24pt;\" class=\"def\">&nbsp;Sahara Collection BH-9624<\/span><\/h2>\n<p style=\"text-align: center;\" class=\"def\"><span style=\"font-size: 24pt;\" class=\"def\"><img fetchpriority=\"high\" decoding=\"async\" src=\"https:\/\/berlingerhaus.com.pl\/images\/tn107\/5000-6000\/Ekspres-kolbowy-BerlingerHaus-Sahara-Collection-BH-9624_[5114]_696.jpg\" width=\"592\" height=\"592\" alt=\"\" style=\"display: block; margin-left: auto; margin-right: auto;\" class=\"def\"><span style=\"font-size: 14pt; font-family: verdana, geneva, sans-serif;\" class=\"def\">Ekspres kolbowy BerlingerHaus to idealne rozwi\u0105zanie dla prawdziwych mi\u0142o\u015bnik\u00f3w kawy, kt\u00f3rzy ceni\u0105 sobie zar\u00f3wno smak, jak i elegancki design. Dzi\u0119ki nowoczesnym funkcjom oraz wysokiej jako\u015bci materia\u0142om, przygotowanie espresso w domowym zaciszu staje si\u0119 \u0142atwe i przyjemne.<\/span><\/span><\/p>\n<p style=\"text-align: center;\" class=\"def\"><span style=\"font-size: 24pt;\" class=\"def\"><span style=\"font-size: 14pt; font-family: verdana, geneva, sans-serif;\" class=\"def\"><span style=\"font-size: 18pt;\" class=\"def\"><strong class=\"def\"><span style=\"font-size: 14pt; color: rgb(224, 62, 45);\" class=\"def\">UWAGA: <\/span><\/strong><span style=\"font-size: 14pt; color: rgb(224, 62, 45);\" class=\"def\">Uprzejmie zaznaczamy, \u017ce kolor&nbsp;<\/span><span style=\"font-size: 14pt; color: rgb(224, 62, 45);\" class=\"def\"><em data-start=\"534\" data-end=\"542\" class=\"def\">Sahara<\/em> mo\u017ce w rzeczywisto\u015bci wygl\u0105da\u0107 nieco ciemniej ni\u017c na zdj\u0119ciach, co wynika z r\u00f3\u017cnic w odwzorowaniu barw przy fotografii studyjnej. Prosimy mie\u0107 to na uwadze przy planowaniu zakupu.<\/span><\/span><\/span><\/span><\/p>\n<p style=\"text-align: center;\" class=\"def\"><span style=\"font-size: 24pt;\" class=\"def\"><img decoding=\"async\" src=\"https:\/\/berlingerhaus.com.pl\/images\/tn107\/5000-6000\/Ekspres-kolbowy-BerlingerHaus-Sahara-Collection-BH-9624_[5115]_696.jpg\" width=\"607\" height=\"607\" alt=\"\" class=\"def\"><br class=\"def\"><br \/>\n<\/span><\/p>\n<p style=\"text-align: center;\" class=\"def\"><span style=\"font-size: 18pt;\" class=\"def\"><strong class=\"def\">Najwa\u017cniejsze cechy<\/strong><\/span><\/p>\n<p style=\"text-align: center;\" class=\"def\">\n<p style=\"text-align: center;\" class=\"def\"><span style=\"font-size: 14pt;\" class=\"def\"><strong class=\"def\">Wysoka moc i wydajno\u015b\u0107<\/strong><span class=\"def\">&nbsp;<\/span>\u2013 Moc <strong class=\"def\">1350 W<\/strong> oraz system pompy wysokoci\u015bnieniowej (20 bar) zapewniaj\u0105 szybkie podgrzewanie i doskona\u0142\u0105 ekstrakcj\u0119 kawy, aby ka\u017cda fili\u017canka by\u0142a pe\u0142na smaku i aromatu.<\/span><\/p>\n<p style=\"text-align: center;\" class=\"def\"><span style=\"font-size: 14pt;\" class=\"def\"><strong class=\"def\">Profesjonalny dysza do spieniania mleka<\/strong><span class=\"def\">&nbsp;<\/span>\u2013 Dzi\u0119ki wbudowanej dyszy do spieniania mleka stworzysz perfekcyjn\u0105 piank\u0119, idealn\u0105 do cappuccino czy latte.<\/span><\/p>\n<p style=\"text-align: center;\" class=\"def\"><span style=\"font-size: 14pt;\" class=\"def\"><strong class=\"def\">Cyfrowy wy\u015bwietlacz LED z ekranem dotykowym<\/strong><span class=\"def\">&nbsp;<\/span>\u2013 Intuicyjny panel sterowania umo\u017cliwia \u0142atwe ustawienie wszystkich parametr\u00f3w przygotowywania kawy, oferuj\u0105c pe\u0142n\u0105 kontrol\u0119 nad procesem.<\/span><\/p>\n<p style=\"text-align: center;\" class=\"def\"><span style=\"font-size: 14pt;\" class=\"def\"><strong class=\"def\">Wysokiej jako\u015bci materia\u0142y<\/strong><span class=\"def\">&nbsp;<\/span>\u2013 T\u0142ok wykonany z odpornej stali nierdzewnej 18\/10<\/span><\/p>\n<p style=\"text-align: center;\" class=\"def\"><span style=\"font-size: 14pt;\" class=\"def\"><strong class=\"def\">Szeroka funkcjonalno\u015b\u0107<\/strong><span class=\"def\">&nbsp;<\/span>\u2013 Ekspres posiada funkcje czyszczenia i odkamieniania, co zapewnia d\u0142ugowieczno\u015b\u0107 urz\u0105dzenia i utrzymanie doskona\u0142ej jako\u015bci napoj\u00f3w.<\/span><\/p>\n<p style=\"text-align: center;\" class=\"def\">\n<p style=\"text-align: center;\" class=\"def\"><span style=\"font-size: 24pt;\" class=\"def\"><span style=\"font-size: 14pt; font-family: verdana, geneva, sans-serif;\" class=\"def\"><img decoding=\"async\" src=\"https:\/\/berlingerhaus.com.pl\/images\/tn107\/5000-6000\/Ekspres-kolbowy-BerlingerHaus-Sahara-Collection-BH-9624_[5116]_696.jpg\" width=\"696\" height=\"696\" alt=\"\" class=\"def\"><\/span><\/span><\/p>\n<p class=\"def\"><span style=\"font-size: 24pt;\" class=\"def\"><\/span><\/p>\n","protected":false},"excerpt":{"rendered":"<p>Materia\u0142: Stal nierdzewna<br \/>\nMoc: 1350 W<br \/>\nNapi\u0119cie: 220-240 V 50-60 Hz<br \/>\nPojemno\u015b\u0107 zbiornika na wod\u0119: 1,2 L<br \/>\nFiltr na 1 i 2 fili\u017canki<br \/>\n\u0141y\u017cka 2 w 1 z t\u0142okiem z tworzywa sztucznego<br \/>\nT\u0142ok wykonany z wysokiej jako\u015bci stali nierdzewnej 18\/10<br \/>\nCyfrowy wy\u015bwietlacz LED + ekran dotykowy<\/p>\n","protected":false},"featured_media":0,"comment_status":"open","ping_status":"closed","template":"","meta":{"ocean_post_layout":"","ocean_both_sidebars_style":"","ocean_both_sidebars_content_width":0,"ocean_both_sidebars_sidebars_width":0,"ocean_sidebar":"","ocean_second_sidebar":"","ocean_disable_margins":"enable","ocean_add_body_class":"","ocean_shortcode_before_top_bar":"","ocean_shortcode_after_top_bar":"","ocean_shortcode_before_header":"","ocean_shortcode_after_header":"","ocean_has_shortcode":"","ocean_shortcode_after_title":"","ocean_shortcode_before_footer_widgets":"","ocean_shortcode_after_footer_widgets":"","ocean_shortcode_before_footer_bottom":"","ocean_shortcode_after_footer_bottom":"","ocean_display_top_bar":"default","ocean_display_header":"default","ocean_header_style":"","ocean_center_header_left_menu":"","ocean_custom_header_template":"","ocean_custom_logo":0,"ocean_custom_retina_logo":0,"ocean_custom_logo_max_width":0,"ocean_custom_logo_tablet_max_width":0,"ocean_custom_logo_mobile_max_width":0,"ocean_custom_logo_max_height":0,"ocean_custom_logo_tablet_max_height":0,"ocean_custom_logo_mobile_max_height":0,"ocean_header_custom_menu":"","ocean_menu_typo_font_family":"","ocean_menu_typo_font_subset":"","ocean_menu_typo_font_size":0,"ocean_menu_typo_font_size_tablet":0,"ocean_menu_typo_font_size_mobile":0,"ocean_menu_typo_font_size_unit":"px","ocean_menu_typo_font_weight":"","ocean_menu_typo_font_weight_tablet":"","ocean_menu_typo_font_weight_mobile":"","ocean_menu_typo_transform":"","ocean_menu_typo_transform_tablet":"","ocean_menu_typo_transform_mobile":"","ocean_menu_typo_line_height":0,"ocean_menu_typo_line_height_tablet":0,"ocean_menu_typo_line_height_mobile":0,"ocean_menu_typo_line_height_unit":"","ocean_menu_typo_spacing":0,"ocean_menu_typo_spacing_tablet":0,"ocean_menu_typo_spacing_mobile":0,"ocean_menu_typo_spacing_unit":"","ocean_menu_link_color":"","ocean_menu_link_color_hover":"","ocean_menu_link_color_active":"","ocean_menu_link_background":"","ocean_menu_link_hover_background":"","ocean_menu_link_active_background":"","ocean_menu_social_links_bg":"","ocean_menu_social_hover_links_bg":"","ocean_menu_social_links_color":"","ocean_menu_social_hover_links_color":"","ocean_disable_title":"default","ocean_disable_heading":"default","ocean_post_title":"","ocean_post_subheading":"","ocean_post_title_style":"","ocean_post_title_background_color":"","ocean_post_title_background":0,"ocean_post_title_bg_image_position":"","ocean_post_title_bg_image_attachment":"","ocean_post_title_bg_image_repeat":"","ocean_post_title_bg_image_size":"","ocean_post_title_height":0,"ocean_post_title_bg_overlay":0.5,"ocean_post_title_bg_overlay_color":"","ocean_disable_breadcrumbs":"default","ocean_breadcrumbs_color":"","ocean_breadcrumbs_separator_color":"","ocean_breadcrumbs_links_color":"","ocean_breadcrumbs_links_hover_color":"","ocean_display_footer_widgets":"default","ocean_display_footer_bottom":"default","ocean_custom_footer_template":""},"product_brand":[],"product_cat":[15],"product_tag":[3896,3898,3897,3982],"class_list":{"0":"post-6405","1":"product","2":"type-product","3":"status-publish","5":"product_cat-wszystkie-produkty","6":"product_tag-3896","7":"product_tag-3898","8":"product_tag-berlinger-haus","9":"product_tag-bh-9624","11":"entry","13":"first","14":"outofstock","15":"shipping-taxable","16":"product-type-simple","17":"has-product-nav","18":"col","19":"span_1_of_4","20":"owp-content-center","21":"owp-thumbs-layout-horizontal","22":"owp-btn-normal","23":"owp-tabs-layout-horizontal","24":"has-no-thumbnails"},"jetpack_sharing_enabled":true,"_links":{"self":[{"href":"https:\/\/domigoo.pl\/index.php\/wp-json\/wp\/v2\/product\/6405","targetHints":{"allow":["GET"]}}],"collection":[{"href":"https:\/\/domigoo.pl\/index.php\/wp-json\/wp\/v2\/product"}],"about":[{"href":"https:\/\/domigoo.pl\/index.php\/wp-json\/wp\/v2\/types\/product"}],"replies":[{"embeddable":true,"href":"https:\/\/domigoo.pl\/index.php\/wp-json\/wp\/v2\/comments?post=6405"}],"wp:attachment":[{"href":"https:\/\/domigoo.pl\/index.php\/wp-json\/wp\/v2\/media?parent=6405"}],"wp:term":[{"taxonomy":"product_brand","embeddable":true,"href":"https:\/\/domigoo.pl\/index.php\/wp-json\/wp\/v2\/product_brand?post=6405"},{"taxonomy":"product_cat","embeddable":true,"href":"https:\/\/domigoo.pl\/index.php\/wp-json\/wp\/v2\/product_cat?post=6405"},{"taxonomy":"product_tag","embeddable":true,"href":"https:\/\/domigoo.pl\/index.php\/wp-json\/wp\/v2\/product_tag?post=6405"}],"curies":[{"name":"wp","href":"https:\/\/api.w.org\/{rel}","templated":true}]}}