{"id":6406,"date":"2025-09-12T10:07:42","date_gmt":"2025-09-12T08:07:42","guid":{"rendered":"https:\/\/domigoo.pl\/index.php\/produkt\/elektroniczna-waga-berlinger-haus-black-rose-collection-bh-9431\/"},"modified":"2025-11-29T23:35:44","modified_gmt":"2025-11-29T22:35:44","slug":"elektroniczna-waga-berlinger-haus-black-rose-collection-bh-9431","status":"publish","type":"product","link":"https:\/\/domigoo.pl\/index.php\/produkt\/elektroniczna-waga-berlinger-haus-black-rose-collection-bh-9431\/","title":{"rendered":"Elektroniczna waga Berlinger Haus Black Rose Collection BH-9431"},"content":{"rendered":"<p style=\"text-align: center;\" class=\"def\"><span style=\"font-size: 18pt; font-family: verdana, geneva, sans-serif;\" class=\"def\"><strong class=\"def\">Elektoroniczna waga Berlinger Haus <\/strong><\/span><\/p>\n<p style=\"text-align: center;\" class=\"def\"><span style=\"font-size: 18pt; font-family: verdana, geneva, sans-serif;\" class=\"def\"><strong class=\"def\">Black Rose Collection&nbsp;<\/strong><\/span><\/p>\n<p style=\"text-align: center;\" class=\"def\">BH-9431<\/p>\n<p style=\"text-align: center;\" class=\"def\"><img fetchpriority=\"high\" decoding=\"async\" height=\"561\" width=\"500\" src=\"https:\/\/berlingerhaus.com.pl\/images\/tn107\/2000-3000\/Elektroniczna-waga-Berlinger-Haus-BH-9431_[2740]_695.jpg\" alt=\"image\" class=\"def\"><\/p>\n<p style=\"text-align: center;\" class=\"def\"><strong class=\"def\"><br class=\"def\"><br \/>\n<span style=\"font-size: 14pt;\" class=\"def\">Super p\u0142aska waga kuchenna BERLINGER HAUS<\/span><\/strong><span style=\"font-size: 14pt;\" class=\"def\">&nbsp;. Praktyczna i estetyczna w kolorystyce linii Black Rose, wykonana ze szk\u0142a<\/span><\/p>\n<p style=\"text-align: center;\" class=\"def\"><span style=\"font-size: 14pt;\" class=\"def\">hartowanego. Czu\u0142o\u015b\u0107 wagi to 1g, a maksymalny wa\u017cony ci\u0119\u017car to 5kg. Wskazania wy\u015bwietlane s\u0105 na du\u017cym ciek\u0142okrystalicznym<\/span><\/p>\n<p style=\"text-align: center;\" class=\"def\"><span style=\"font-size: 14pt;\" class=\"def\"><span style=\"text-decoration: underline;\" class=\"def\">wy\u015bwietlaczu LCD<\/span>. Posiada bardzo wygodn\u0105 funkcj\u0119 automatycznego zerowania oraz funkcj\u0119 TARY. Oznacza to, \u017ce sk\u0142adniki mo\u017cna<\/span><\/p>\n<p style=\"text-align: center;\" class=\"def\"><span style=\"font-size: 14pt;\" class=\"def\">wk\u0142ada\u0107 do miski i odwa\u017ca\u0107 po trochu bez wyjmowania poprzednich, kt\u00f3re si\u0119 tam znajduj\u0105. Model ten cechuje estetyczne wykonanie z<\/span><\/p>\n<p style=\"text-align: center;\" class=\"def\"><span style=\"font-size: 14pt;\" class=\"def\">wysokiej jako\u015bci materia\u0142\u00f3w. Wag\u0119 mo\u017cna u\u017cywa\u0107 z dowolnym naczyniem lub bez. Kolorystyka dopasowana jest do linii naczy\u0144 Black Rose.<\/span><\/p>\n<p style=\"text-align: center;\" class=\"def\">&nbsp;<\/p>\n<p style=\"text-align: center;\" class=\"def\">&nbsp;<img decoding=\"async\" src=\"https:\/\/berlingerhaus.com.pl\/images\/tn107\/2000-3000\/Elektroniczna-waga-Berlinger-Haus-BH-9431_[2743]_696.jpg\" width=\"557\" height=\"371\" alt=\"\" class=\"def\"><\/p>\n<p style=\"text-align: center;\" class=\"def\"><strong class=\"def\"><span style=\"font-size: 14pt; font-family: verdana, geneva, sans-serif;\" class=\"def\">Cechy:<\/span><\/strong><\/p>\n<p style=\"text-align: center;\" class=\"def\"><span style=\"font-size: 14pt; font-family: verdana, geneva, sans-serif;\" class=\"def\">Czu\u0142o\u015b\u0107 wagi: 1g<br class=\"def\"><br \/>\n<br class=\"def\"><br \/>\nWy\u015bwietlacz LCD<br class=\"def\"><br \/>\n<br class=\"def\"><br \/>\nZasilanie bateryjne 2 x AAA<br class=\"def\"><br \/>\n<br class=\"def\"><br \/>\nKolor:&nbsp;czarny\/z\u0142oty<br class=\"def\"><br \/>\n<br class=\"def\"><br \/>\nWymiary wagi: \u2300 19cm x 2cm<\/span><\/p>\n<p style=\"text-align: center;\" class=\"def\"><span style=\"font-size: 14pt; font-family: verdana, geneva, sans-serif;\" class=\"def\"><img decoding=\"async\" height=\"400\" width=\"600\" src=\"https:\/\/berlingerhaus.com.pl\/images\/tn107\/2000-3000\/Elektroniczna-waga-Berlinger-Haus-BH-9431_[2741]_695.jpg\" alt=\"image\" class=\"def\"><br class=\"def\"><br \/>\n<\/span><\/p>\n","protected":false},"excerpt":{"rendered":"<p>Czu\u0142o\u015b\u0107 wagi: 1g<br \/>\nWy\u015bwietlacz LCD<br \/>\nZasilanie bateryjne 2 x AAA<br \/>\nKolor: czarny\/z\u0142oty<br \/>\nWymiary wagi: \u2300 19cm x 2cm<\/p>\n","protected":false},"featured_media":0,"comment_status":"open","ping_status":"closed","template":"","meta":{"ocean_post_layout":"","ocean_both_sidebars_style":"","ocean_both_sidebars_content_width":0,"ocean_both_sidebars_sidebars_width":0,"ocean_sidebar":"","ocean_second_sidebar":"","ocean_disable_margins":"enable","ocean_add_body_class":"","ocean_shortcode_before_top_bar":"","ocean_shortcode_after_top_bar":"","ocean_shortcode_before_header":"","ocean_shortcode_after_header":"","ocean_has_shortcode":"","ocean_shortcode_after_title":"","ocean_shortcode_before_footer_widgets":"","ocean_shortcode_after_footer_widgets":"","ocean_shortcode_before_footer_bottom":"","ocean_shortcode_after_footer_bottom":"","ocean_display_top_bar":"default","ocean_display_header":"default","ocean_header_style":"","ocean_center_header_left_menu":"","ocean_custom_header_template":"","ocean_custom_logo":0,"ocean_custom_retina_logo":0,"ocean_custom_logo_max_width":0,"ocean_custom_logo_tablet_max_width":0,"ocean_custom_logo_mobile_max_width":0,"ocean_custom_logo_max_height":0,"ocean_custom_logo_tablet_max_height":0,"ocean_custom_logo_mobile_max_height":0,"ocean_header_custom_menu":"","ocean_menu_typo_font_family":"","ocean_menu_typo_font_subset":"","ocean_menu_typo_font_size":0,"ocean_menu_typo_font_size_tablet":0,"ocean_menu_typo_font_size_mobile":0,"ocean_menu_typo_font_size_unit":"px","ocean_menu_typo_font_weight":"","ocean_menu_typo_font_weight_tablet":"","ocean_menu_typo_font_weight_mobile":"","ocean_menu_typo_transform":"","ocean_menu_typo_transform_tablet":"","ocean_menu_typo_transform_mobile":"","ocean_menu_typo_line_height":0,"ocean_menu_typo_line_height_tablet":0,"ocean_menu_typo_line_height_mobile":0,"ocean_menu_typo_line_height_unit":"","ocean_menu_typo_spacing":0,"ocean_menu_typo_spacing_tablet":0,"ocean_menu_typo_spacing_mobile":0,"ocean_menu_typo_spacing_unit":"","ocean_menu_link_color":"","ocean_menu_link_color_hover":"","ocean_menu_link_color_active":"","ocean_menu_link_background":"","ocean_menu_link_hover_background":"","ocean_menu_link_active_background":"","ocean_menu_social_links_bg":"","ocean_menu_social_hover_links_bg":"","ocean_menu_social_links_color":"","ocean_menu_social_hover_links_color":"","ocean_disable_title":"default","ocean_disable_heading":"default","ocean_post_title":"","ocean_post_subheading":"","ocean_post_title_style":"","ocean_post_title_background_color":"","ocean_post_title_background":0,"ocean_post_title_bg_image_position":"","ocean_post_title_bg_image_attachment":"","ocean_post_title_bg_image_repeat":"","ocean_post_title_bg_image_size":"","ocean_post_title_height":0,"ocean_post_title_bg_overlay":0.5,"ocean_post_title_bg_overlay_color":"","ocean_disable_breadcrumbs":"default","ocean_breadcrumbs_color":"","ocean_breadcrumbs_separator_color":"","ocean_breadcrumbs_links_color":"","ocean_breadcrumbs_links_hover_color":"","ocean_display_footer_widgets":"default","ocean_display_footer_bottom":"default","ocean_custom_footer_template":""},"product_brand":[],"product_cat":[15],"product_tag":[3962,3898,3897,3983],"class_list":{"0":"post-6406","1":"product","2":"type-product","3":"status-publish","5":"product_cat-wszystkie-produkty","6":"product_tag-3962","7":"product_tag-3898","8":"product_tag-berlinger-haus","9":"product_tag-bh-9431","11":"entry","13":"first","14":"instock","15":"shipping-taxable","16":"product-type-simple","17":"has-product-nav","18":"col","19":"span_1_of_4","20":"owp-content-center","21":"owp-thumbs-layout-horizontal","22":"owp-btn-normal","23":"owp-tabs-layout-horizontal","24":"has-no-thumbnails"},"jetpack_sharing_enabled":true,"_links":{"self":[{"href":"https:\/\/domigoo.pl\/index.php\/wp-json\/wp\/v2\/product\/6406","targetHints":{"allow":["GET"]}}],"collection":[{"href":"https:\/\/domigoo.pl\/index.php\/wp-json\/wp\/v2\/product"}],"about":[{"href":"https:\/\/domigoo.pl\/index.php\/wp-json\/wp\/v2\/types\/product"}],"replies":[{"embeddable":true,"href":"https:\/\/domigoo.pl\/index.php\/wp-json\/wp\/v2\/comments?post=6406"}],"wp:attachment":[{"href":"https:\/\/domigoo.pl\/index.php\/wp-json\/wp\/v2\/media?parent=6406"}],"wp:term":[{"taxonomy":"product_brand","embeddable":true,"href":"https:\/\/domigoo.pl\/index.php\/wp-json\/wp\/v2\/product_brand?post=6406"},{"taxonomy":"product_cat","embeddable":true,"href":"https:\/\/domigoo.pl\/index.php\/wp-json\/wp\/v2\/product_cat?post=6406"},{"taxonomy":"product_tag","embeddable":true,"href":"https:\/\/domigoo.pl\/index.php\/wp-json\/wp\/v2\/product_tag?post=6406"}],"curies":[{"name":"wp","href":"https:\/\/api.w.org\/{rel}","templated":true}]}}