{"id":6410,"date":"2025-09-12T10:07:42","date_gmt":"2025-09-12T08:07:42","guid":{"rendered":"https:\/\/domigoo.pl\/index.php\/produkt\/elektryczna-maszynka-do-miesa-berlingerhaus-bh-9727-black-rose\/"},"modified":"2026-02-23T02:47:53","modified_gmt":"2026-02-23T01:47:53","slug":"elektryczna-maszynka-do-miesa-berlingerhaus-bh-9727-black-rose","status":"publish","type":"product","link":"https:\/\/domigoo.pl\/index.php\/produkt\/elektryczna-maszynka-do-miesa-berlingerhaus-bh-9727-black-rose\/","title":{"rendered":"Elektryczna maszynka do mi\u0119sa BerlingerHaus BH-9727 Black Rose"},"content":{"rendered":"<h2 style=\"text-align: center;\" class=\"def\"><span style=\"font-size: 24pt;\" class=\"def\">Elektryczna maszynka do mi\u0119sa<\/span><\/h2>\n<h2 style=\"text-align: center;\" class=\"def\"><span style=\"font-size: 24pt;\" class=\"def\">&nbsp;BerlingerHaus Black Rose&nbsp;BH-9727&nbsp;<\/span><\/h2>\n<hr class=\"def\">\n<p class=\"def\"><img fetchpriority=\"high\" decoding=\"async\" src=\"https:\/\/berlingerhaus.com.pl\/images\/tn107\/4000-5000\/Elektryczna-maszynka-do-miesa-BerlingerHaus-BH-9727-Black-Rose_[4563]_696.jpg\" width=\"696\" height=\"696\" alt=\"\" style=\"display: block; margin-left: auto; margin-right: auto;\" class=\"def\"><\/p>\n<p class=\"def\">\n<p style=\"text-align: center;\" class=\"def\"><span style=\"font-size: 12pt; font-family: verdana, geneva, sans-serif;\" class=\"def\">Odkryj zaawansowane urz\u0105dzenie do mielenia mi\u0119sa, wykonane z trwa\u0142ego aluminium i zaprojektowane w eleganckim kolorze czarno-r\u00f3\u017cowego z\u0142ota.<\/span><\/p>\n<p style=\"text-align: center;\" class=\"def\"><span style=\"font-size: 12pt; font-family: verdana, geneva, sans-serif;\" class=\"def\">&nbsp;Dzi\u0119ki <strong class=\"def\">mocy 1000 W <\/strong>oraz <strong class=\"def\">dw\u00f3m rozmiarom \u017celaznych tarcz (5,5 i 7 mm)<\/strong>, urz\u0105dzenie zapewnia precyzyjne mielenie mi\u0119sa, a dodatkowe akcesoria, takie jak ko\u0144c\u00f3wka do nadziewania kie\u0142bas i przystawki do kebbe, czyni\u0105 je niezwykle wszechstronnym.<\/span><\/p>\n<p style=\"text-align: center;\" class=\"def\"><span style=\"font-size: 12pt; font-family: verdana, geneva, sans-serif;\" class=\"def\">Wygodna tacka na mi\u0119so oraz funkcja cofania upraszczaj\u0105 codzienn\u0105 prac\u0119, a antypo\u015blizgowe gumowe n\u00f3\u017cki gwarantuj\u0105 stabilno\u015b\u0107 urz\u0105dzenia.<\/span><\/p>\n<p style=\"text-align: center;\" class=\"def\"><span style=\"font-size: 12pt; font-family: verdana, geneva, sans-serif;\" class=\"def\">&nbsp;Bezpiecze\u0144stwo zapewnia wbudowany termostat z ochron\u0105 przed przegrzaniem, co sprawia, \u017ce sprz\u0119t ten jest nie tylko funkcjonalny, ale i bezpieczny w u\u017cytkowaniu.<\/span><\/p>\n<p style=\"text-align: center;\" class=\"def\"><img decoding=\"async\" src=\"https:\/\/berlingerhaus.com.pl\/images\/tn107\/4000-5000\/Elektryczna-maszynka-do-miesa-BerlingerHaus-BH-9727-Black-Rose_[4562]_696.jpg\" width=\"696\" height=\"696\" alt=\"\" class=\"def\">&nbsp;<\/p>\n<p style=\"text-align: center;\" class=\"def\"><span style=\"font-size: 18pt;\" class=\"def\"><strong class=\"def\"><span style=\"font-family: verdana, geneva, sans-serif;\" class=\"def\">Cechy Produktu:<\/span><\/strong><\/span><\/p>\n<div style=\"text-align: center;\" class=\"def\">\n<p class=\"def\"><span style=\"font-size: 18pt;\" class=\"def\">Materia\u0142: Aluminium<\/span><\/p>\n<p class=\"def\"><span style=\"font-size: 18pt;\" class=\"def\">100 &#8211; 240V, 50\/60Hz, 1000W<\/span><\/p>\n<p class=\"def\"><span style=\"font-size: 18pt;\" class=\"def\">Akcesoria:<\/span><\/p>\n<p class=\"def\"><span style=\"font-size: 18pt;\" class=\"def\">2 rozmiary okr\u0105g\u0142ych \u017celaznych tarcz do mielenia i n\u00f3\u017c krzy\u017cowy (5,5 i 7 mm)<\/span><\/p>\n<p class=\"def\"><span style=\"font-size: 18pt;\" class=\"def\">Ko\u0144c\u00f3wka do nadziewania kie\u0142bas<\/span><br class=\"def\"><br \/>\n <br class=\"def\"><br \/>\n <span style=\"font-size: 18pt;\" class=\"def\">Tacka na mi\u0119so<\/span><\/p>\n<p class=\"def\"><span style=\"font-size: 18pt;\" class=\"def\">Kolor: czarno-r\u00f3\u017cowe z\u0142oto<\/span><\/p>\n<p class=\"def\"><span style=\"font-size: 18pt;\" class=\"def\">Kolekcja: Black Rose<\/span><\/p>\n<\/p><\/div>\n","protected":false},"excerpt":{"rendered":"<p>Materia\u0142: Aluminium<br \/>\n100 &#8211; 240V, 50\/60Hz, 1000W<br \/>\nAkcesoria:<br \/>\n2 rozmiary okr\u0105g\u0142ych \u017celaznych tarcz do mielenia i n\u00f3\u017c krzy\u017cowy (5,5 i 7 mm)<br \/>\nKo\u0144c\u00f3wka do nadziewania kie\u0142bas<br \/>\nTacka na mi\u0119so<br \/>\nKolor: czarno-r\u00f3\u017cowe z\u0142oto<br \/>\nKolekcja: Black Rose<\/p>\n","protected":false},"featured_media":0,"comment_status":"open","ping_status":"closed","template":"","meta":{"ocean_post_layout":"","ocean_both_sidebars_style":"","ocean_both_sidebars_content_width":0,"ocean_both_sidebars_sidebars_width":0,"ocean_sidebar":"","ocean_second_sidebar":"","ocean_disable_margins":"enable","ocean_add_body_class":"","ocean_shortcode_before_top_bar":"","ocean_shortcode_after_top_bar":"","ocean_shortcode_before_header":"","ocean_shortcode_after_header":"","ocean_has_shortcode":"","ocean_shortcode_after_title":"","ocean_shortcode_before_footer_widgets":"","ocean_shortcode_after_footer_widgets":"","ocean_shortcode_before_footer_bottom":"","ocean_shortcode_after_footer_bottom":"","ocean_display_top_bar":"default","ocean_display_header":"default","ocean_header_style":"","ocean_center_header_left_menu":"","ocean_custom_header_template":"","ocean_custom_logo":0,"ocean_custom_retina_logo":0,"ocean_custom_logo_max_width":0,"ocean_custom_logo_tablet_max_width":0,"ocean_custom_logo_mobile_max_width":0,"ocean_custom_logo_max_height":0,"ocean_custom_logo_tablet_max_height":0,"ocean_custom_logo_mobile_max_height":0,"ocean_header_custom_menu":"","ocean_menu_typo_font_family":"","ocean_menu_typo_font_subset":"","ocean_menu_typo_font_size":0,"ocean_menu_typo_font_size_tablet":0,"ocean_menu_typo_font_size_mobile":0,"ocean_menu_typo_font_size_unit":"px","ocean_menu_typo_font_weight":"","ocean_menu_typo_font_weight_tablet":"","ocean_menu_typo_font_weight_mobile":"","ocean_menu_typo_transform":"","ocean_menu_typo_transform_tablet":"","ocean_menu_typo_transform_mobile":"","ocean_menu_typo_line_height":0,"ocean_menu_typo_line_height_tablet":0,"ocean_menu_typo_line_height_mobile":0,"ocean_menu_typo_line_height_unit":"","ocean_menu_typo_spacing":0,"ocean_menu_typo_spacing_tablet":0,"ocean_menu_typo_spacing_mobile":0,"ocean_menu_typo_spacing_unit":"","ocean_menu_link_color":"","ocean_menu_link_color_hover":"","ocean_menu_link_color_active":"","ocean_menu_link_background":"","ocean_menu_link_hover_background":"","ocean_menu_link_active_background":"","ocean_menu_social_links_bg":"","ocean_menu_social_hover_links_bg":"","ocean_menu_social_links_color":"","ocean_menu_social_hover_links_color":"","ocean_disable_title":"default","ocean_disable_heading":"default","ocean_post_title":"","ocean_post_subheading":"","ocean_post_title_style":"","ocean_post_title_background_color":"","ocean_post_title_background":0,"ocean_post_title_bg_image_position":"","ocean_post_title_bg_image_attachment":"","ocean_post_title_bg_image_repeat":"","ocean_post_title_bg_image_size":"","ocean_post_title_height":0,"ocean_post_title_bg_overlay":0.5,"ocean_post_title_bg_overlay_color":"","ocean_disable_breadcrumbs":"default","ocean_breadcrumbs_color":"","ocean_breadcrumbs_separator_color":"","ocean_breadcrumbs_links_color":"","ocean_breadcrumbs_links_hover_color":"","ocean_display_footer_widgets":"default","ocean_display_footer_bottom":"default","ocean_custom_footer_template":""},"product_brand":[],"product_cat":[15],"product_tag":[3898,4053,3897,3987],"class_list":{"0":"post-6410","1":"product","2":"type-product","3":"status-publish","5":"product_cat-wszystkie-produkty","6":"product_tag-3898","7":"product_tag-4053","8":"product_tag-berlinger-haus","9":"product_tag-bh-9727","11":"entry","13":"first","14":"instock","15":"shipping-taxable","16":"product-type-simple","17":"has-product-nav","18":"col","19":"span_1_of_4","20":"owp-content-center","21":"owp-thumbs-layout-horizontal","22":"owp-btn-normal","23":"owp-tabs-layout-horizontal","24":"has-no-thumbnails"},"jetpack_sharing_enabled":true,"_links":{"self":[{"href":"https:\/\/domigoo.pl\/index.php\/wp-json\/wp\/v2\/product\/6410","targetHints":{"allow":["GET"]}}],"collection":[{"href":"https:\/\/domigoo.pl\/index.php\/wp-json\/wp\/v2\/product"}],"about":[{"href":"https:\/\/domigoo.pl\/index.php\/wp-json\/wp\/v2\/types\/product"}],"replies":[{"embeddable":true,"href":"https:\/\/domigoo.pl\/index.php\/wp-json\/wp\/v2\/comments?post=6410"}],"wp:attachment":[{"href":"https:\/\/domigoo.pl\/index.php\/wp-json\/wp\/v2\/media?parent=6410"}],"wp:term":[{"taxonomy":"product_brand","embeddable":true,"href":"https:\/\/domigoo.pl\/index.php\/wp-json\/wp\/v2\/product_brand?post=6410"},{"taxonomy":"product_cat","embeddable":true,"href":"https:\/\/domigoo.pl\/index.php\/wp-json\/wp\/v2\/product_cat?post=6410"},{"taxonomy":"product_tag","embeddable":true,"href":"https:\/\/domigoo.pl\/index.php\/wp-json\/wp\/v2\/product_tag?post=6410"}],"curies":[{"name":"wp","href":"https:\/\/api.w.org\/{rel}","templated":true}]}}