{"id":6411,"date":"2025-09-12T10:07:43","date_gmt":"2025-09-12T08:07:43","guid":{"rendered":"https:\/\/domigoo.pl\/index.php\/produkt\/elektryczna-nalesnikarka-berlinger-haus-matte-black-collection-bh-9655\/"},"modified":"2025-12-28T11:36:11","modified_gmt":"2025-12-28T10:36:11","slug":"elektryczna-nalesnikarka-berlinger-haus-matte-black-collection-bh-9655","status":"publish","type":"product","link":"https:\/\/domigoo.pl\/index.php\/produkt\/elektryczna-nalesnikarka-berlinger-haus-matte-black-collection-bh-9655\/","title":{"rendered":"Elektryczna nale\u015bnikarka Berlinger Haus &#8211; Matte Black Collection BH- 9655"},"content":{"rendered":"<h1 style=\"text-align: center;\" class=\"def\"><span style=\"font-size: 24pt;\" class=\"def\"><strong class=\"def\">Elektryczna nale\u015bnikarka Berlinger Haus<\/strong><\/span><\/h1>\n<h1 style=\"text-align: center;\" class=\"def\"><span style=\"font-size: 24pt;\" class=\"def\"><strong class=\"def\">&nbsp;&#8211; Matte Black Collection BH- 9655<\/strong><\/span><\/h1>\n<hr class=\"def\">\n<p style=\"text-align: center;\" class=\"def\"><span style=\"font-size: 14pt;\" class=\"def\"><strong class=\"def\">Elektryczna nale\u015bnikarka Berlinger Haus \u2013 kolekcja Matte Black<\/strong><\/span><\/p>\n<p style=\"text-align: center;\" class=\"def\"><span style=\"font-size: 14pt;\" class=\"def\">Nowoczesna forma, wygoda u\u017cytkowania i elegancki design \u2013 elektryczna nale\u015bnikarka z kolekcji Matte Black to idealne urz\u0105dzenie dla mi\u0142o\u015bnik\u00f3w cienkich, idealnie wypieczonych nale\u015bnik\u00f3w i plack\u00f3w. Jej minimalistyczne, matowe wyko\u0144czenie w kolorze g\u0142\u0119bokiej czerni doskonale komponuje si\u0119 z nowoczesnymi wn\u0119trzami kuchennymi.<\/span><\/p>\n<p style=\"text-align: center;\" class=\"def\"><span style=\"font-size: 14pt;\" class=\"def\">Zaprojektowana z my\u015bl\u0105 o codziennym komforcie i bezpiecze\u0144stwie, nale\u015bnikarka BH-9655 \u0142\u0105czy funkcjonalno\u015b\u0107 z kompaktow\u0105 form\u0105. Dzi\u0119ki automatycznej kontroli temperatury oraz pow\u0142oce nieprzywieraj\u0105cej przygotowywanie nale\u015bnik\u00f3w staje si\u0119 szybkie, \u0142atwe i bezproblemowe.<\/span><\/p>\n<p style=\"text-align: center;\" class=\"def\"><span style=\"font-size: 14pt;\" class=\"def\"><img fetchpriority=\"high\" decoding=\"async\" src=\"https:\/\/berlingerhaus.com.pl\/images\/tn107\/6000-7000\/Elektryczna-nalesnikarka-Berlinger-Haus-Matte-Black-Collection-BH-9655_[6127]_696.jpg\" width=\"747\" height=\"747\" alt=\"\" class=\"def\"><\/span><\/p>\n<h2 style=\"text-align: center;\" class=\"def\"><span style=\"font-size: 18pt;\" class=\"def\"><strong class=\"def\"><strong class=\"def\">Najwa\u017cniejsze cechy:<\/strong><\/strong><\/span><\/h2>\n<p style=\"text-align: center;\" class=\"def\"><span style=\"font-size: 14pt;\" class=\"def\"><strong class=\"def\">Nieprzywieraj\u0105ca pow\u0142oka<\/strong><\/span><br class=\"def\"><br \/>\n <span style=\"font-size: 14pt;\" class=\"def\">Aluminiowa p\u0142yta pokryta jest trwa\u0142\u0105 pow\u0142ok\u0105 zapobiegaj\u0105c\u0105 przywieraniu \u2013 dzi\u0119ki czemu sma\u017cenie nale\u015bnik\u00f3w odbywa si\u0119 bez u\u017cycia du\u017cej ilo\u015bci t\u0142uszczu, a czyszczenie urz\u0105dzenia jest wyj\u0105tkowo \u0142atwe.<\/span><\/p>\n<p style=\"text-align: center;\" class=\"def\"><span style=\"font-size: 14pt;\" class=\"def\"><strong class=\"def\">Automatyczna kontrola temperatury<\/strong><\/span><br class=\"def\"><br \/>\n <span style=\"font-size: 14pt;\" class=\"def\">Wbudowany termostat samoczynnie reguluje poziom nagrzania, zapewniaj\u0105c idealne rezultaty sma\u017cenia bez przypale\u0144.<\/span><\/p>\n<p style=\"text-align: center;\" class=\"def\"><span style=\"font-size: 14pt;\" class=\"def\"><strong class=\"def\">Wska\u017anik zasilania<\/strong><\/span><br class=\"def\"><br \/>\n <span style=\"font-size: 14pt;\" class=\"def\">Praktyczna lampka kontrolna sygnalizuje moment gotowo\u015bci urz\u0105dzenia do pracy oraz jego wy\u0142\u0105czenie.<\/span><\/p>\n<p style=\"text-align: center;\" class=\"def\"><span style=\"font-size: 14pt;\" class=\"def\"><strong class=\"def\">Ochrona przed przegrzaniem<\/strong><\/span><br class=\"def\"><br \/>\n <span style=\"font-size: 14pt;\" class=\"def\">Zintegrowany bezpiecznik gwarantuje bezpieczne u\u017cytkowanie, chroni\u0105c urz\u0105dzenie przed przegrzaniem.<\/span><\/p>\n<p style=\"text-align: center;\" class=\"def\"><span style=\"font-size: 14pt;\" class=\"def\"><strong class=\"def\">Por\u0119czne akcesorium<\/strong><\/span><br class=\"def\"><br \/>\n <span style=\"font-size: 14pt;\" class=\"def\">Do zestawu do\u0142\u0105czono bia\u0142y plastikowy talerzyk, kt\u00f3ry u\u0142atwia przygotowanie i serwowanie nale\u015bnik\u00f3w.<\/span><\/p>\n<p style=\"text-align: center;\" class=\"def\"><span style=\"font-size: 14pt;\" class=\"def\"><img decoding=\"async\" src=\"https:\/\/berlingerhaus.com.pl\/images\/tn107\/6000-7000\/Elektryczna-nalesnikarka-Berlinger-Haus-Matte-Black-Collection-BH-9655_[6125]_696.jpg\" width=\"522\" height=\"522\" alt=\"\" class=\"def\"><img decoding=\"async\" src=\"https:\/\/berlingerhaus.com.pl\/images\/tn107\/6000-7000\/Elektryczna-nalesnikarka-Berlinger-Haus-Matte-Black-Collection-BH-9655_[6126]_696.jpg\" alt=\"\" width=\"525\" height=\"525\" class=\"def\"><\/span><\/p>\n<p style=\"text-align: center;\" class=\"def\"><span style=\"font-size: 14pt;\" class=\"def\"><strong class=\"def\"><strong class=\"def\"><span style=\"font-size: 18pt;\" class=\"def\">Specyfikacja techniczna:<\/span><br class=\"def\"><br \/>\n <\/strong><\/strong><\/span><br class=\"def\"><br \/>\n <span style=\"font-size: 14pt;\" class=\"def\"><strong class=\"def\">&nbsp;Typ:<\/strong> Elektryczna nale\u015bnikarka<\/span><br class=\"def\"><br \/>\n <span style=\"font-size: 14pt;\" class=\"def\"><strong class=\"def\">&nbsp;\u015arednica p\u0142yty:<\/strong> 20 cm<\/span><br class=\"def\"><br \/>\n <span style=\"font-size: 14pt;\" class=\"def\"><strong class=\"def\">&nbsp;Materia\u0142:<\/strong> Aluminium z pow\u0142ok\u0105 nieprzywieraj\u0105c\u0105<\/span><br class=\"def\"><br \/>\n <span style=\"font-size: 14pt;\" class=\"def\">&nbsp;<strong class=\"def\">Zasilanie: <\/strong>220\u2013240 V, 50\/60 Hz<\/span><br class=\"def\"><br \/>\n <span style=\"font-size: 14pt;\" class=\"def\"><strong class=\"def\">&nbsp;Moc:<\/strong> 600 W<\/span><br class=\"def\"><br \/>\n <span style=\"font-size: 14pt;\" class=\"def\"><strong class=\"def\">&nbsp;Kolor: <\/strong>Matowa czer\u0144<\/span><br class=\"def\"><br \/>\n <span style=\"font-size: 14pt;\" class=\"def\"><strong class=\"def\">&nbsp;Akcesorium: <\/strong>Plastikowy talerzyk (bia\u0142y)<\/span><br class=\"def\"><br \/>\n <span style=\"font-size: 14pt;\" class=\"def\"><strong class=\"def\">&nbsp;Termostat: <\/strong>Automatyczna regulacja temperatury<\/span><br class=\"def\"><br \/>\n <span style=\"font-size: 14pt;\" class=\"def\">&nbsp;<strong class=\"def\">Kontrolka zasilania:<\/strong> Tak<\/span><br class=\"def\"><br \/>\n <span style=\"font-size: 14pt;\" class=\"def\"><strong class=\"def\">&nbsp;Zabezpieczenie:<\/strong> Bezpiecznik przeciw przegrzaniu<\/span><br class=\"def\"><br \/>\n <span style=\"font-size: 14pt;\" class=\"def\"><strong class=\"def\">Kolekcja:<\/strong> Matte Black<\/span><\/p>\n<p class=\"def\"><span style=\"font-size: 14pt;\" class=\"def\"><img loading=\"lazy\" decoding=\"async\" src=\"https:\/\/berlingerhaus.com.pl\/images\/tn107\/6000-7000\/Elektryczna-nalesnikarka-Berlinger-Haus-Matte-Black-Collection-BH-9655_[6128]_696.jpg\" alt=\"\" width=\"483\" height=\"483\" style=\"float: left;\" class=\"def\"><\/span><img loading=\"lazy\" decoding=\"async\" src=\"https:\/\/berlingerhaus.com.pl\/images\/tn107\/6000-7000\/Elektryczna-nalesnikarka-Berlinger-Haus-Matte-Black-Collection-BH-9655_[6129]_696.jpg\" width=\"546\" height=\"546\" alt=\"\" class=\"def\"><\/p>\n","protected":false},"excerpt":{"rendered":"<p>\u00a0Typ: Elektryczna nale\u015bnikarka<br \/>\n\u00a0\u015arednica p\u0142yty: 20 cm<br \/>\n\u00a0Materia\u0142: Aluminium z pow\u0142ok\u0105 nieprzywieraj\u0105c\u0105<br \/>\n\u00a0Zasilanie: 220\u2013240 V, 50\/60 Hz<br \/>\n\u00a0Moc: 600 W<br \/>\n\u00a0Kolor: Matowa czer\u0144<br \/>\n\u00a0Akcesorium: Plastikowy talerzyk (bia\u0142y)<br \/>\n\u00a0Termostat: Automatyczna regulacja temperatury<br \/>\n\u00a0Kontrolka zasilania: Tak<br \/>\n\u00a0Zabezpieczenie: Bezpiecznik przeciw przegrzaniu<br \/>\nKolekcja: Matte Black<\/p>\n","protected":false},"featured_media":0,"comment_status":"open","ping_status":"closed","template":"","meta":{"ocean_post_layout":"","ocean_both_sidebars_style":"","ocean_both_sidebars_content_width":0,"ocean_both_sidebars_sidebars_width":0,"ocean_sidebar":"","ocean_second_sidebar":"","ocean_disable_margins":"enable","ocean_add_body_class":"","ocean_shortcode_before_top_bar":"","ocean_shortcode_after_top_bar":"","ocean_shortcode_before_header":"","ocean_shortcode_after_header":"","ocean_has_shortcode":"","ocean_shortcode_after_title":"","ocean_shortcode_before_footer_widgets":"","ocean_shortcode_after_footer_widgets":"","ocean_shortcode_before_footer_bottom":"","ocean_shortcode_after_footer_bottom":"","ocean_display_top_bar":"default","ocean_display_header":"default","ocean_header_style":"","ocean_center_header_left_menu":"","ocean_custom_header_template":"","ocean_custom_logo":0,"ocean_custom_retina_logo":0,"ocean_custom_logo_max_width":0,"ocean_custom_logo_tablet_max_width":0,"ocean_custom_logo_mobile_max_width":0,"ocean_custom_logo_max_height":0,"ocean_custom_logo_tablet_max_height":0,"ocean_custom_logo_mobile_max_height":0,"ocean_header_custom_menu":"","ocean_menu_typo_font_family":"","ocean_menu_typo_font_subset":"","ocean_menu_typo_font_size":0,"ocean_menu_typo_font_size_tablet":0,"ocean_menu_typo_font_size_mobile":0,"ocean_menu_typo_font_size_unit":"px","ocean_menu_typo_font_weight":"","ocean_menu_typo_font_weight_tablet":"","ocean_menu_typo_font_weight_mobile":"","ocean_menu_typo_transform":"","ocean_menu_typo_transform_tablet":"","ocean_menu_typo_transform_mobile":"","ocean_menu_typo_line_height":0,"ocean_menu_typo_line_height_tablet":0,"ocean_menu_typo_line_height_mobile":0,"ocean_menu_typo_line_height_unit":"","ocean_menu_typo_spacing":0,"ocean_menu_typo_spacing_tablet":0,"ocean_menu_typo_spacing_mobile":0,"ocean_menu_typo_spacing_unit":"","ocean_menu_link_color":"","ocean_menu_link_color_hover":"","ocean_menu_link_color_active":"","ocean_menu_link_background":"","ocean_menu_link_hover_background":"","ocean_menu_link_active_background":"","ocean_menu_social_links_bg":"","ocean_menu_social_hover_links_bg":"","ocean_menu_social_links_color":"","ocean_menu_social_hover_links_color":"","ocean_disable_title":"default","ocean_disable_heading":"default","ocean_post_title":"","ocean_post_subheading":"","ocean_post_title_style":"","ocean_post_title_background_color":"","ocean_post_title_background":0,"ocean_post_title_bg_image_position":"","ocean_post_title_bg_image_attachment":"","ocean_post_title_bg_image_repeat":"","ocean_post_title_bg_image_size":"","ocean_post_title_height":0,"ocean_post_title_bg_overlay":0.5,"ocean_post_title_bg_overlay_color":"","ocean_disable_breadcrumbs":"default","ocean_breadcrumbs_color":"","ocean_breadcrumbs_separator_color":"","ocean_breadcrumbs_links_color":"","ocean_breadcrumbs_links_hover_color":"","ocean_display_footer_widgets":"default","ocean_display_footer_bottom":"default","ocean_custom_footer_template":""},"product_brand":[],"product_cat":[15],"product_tag":[3896,3898,3897,3988],"class_list":{"0":"post-6411","1":"product","2":"type-product","3":"status-publish","5":"product_cat-wszystkie-produkty","6":"product_tag-3896","7":"product_tag-3898","8":"product_tag-berlinger-haus","9":"product_tag-bh-9655","11":"entry","13":"first","14":"outofstock","15":"shipping-taxable","16":"product-type-simple","17":"has-product-nav","18":"col","19":"span_1_of_4","20":"owp-content-center","21":"owp-thumbs-layout-horizontal","22":"owp-btn-normal","23":"owp-tabs-layout-horizontal","24":"has-no-thumbnails"},"jetpack_sharing_enabled":true,"_links":{"self":[{"href":"https:\/\/domigoo.pl\/index.php\/wp-json\/wp\/v2\/product\/6411","targetHints":{"allow":["GET"]}}],"collection":[{"href":"https:\/\/domigoo.pl\/index.php\/wp-json\/wp\/v2\/product"}],"about":[{"href":"https:\/\/domigoo.pl\/index.php\/wp-json\/wp\/v2\/types\/product"}],"replies":[{"embeddable":true,"href":"https:\/\/domigoo.pl\/index.php\/wp-json\/wp\/v2\/comments?post=6411"}],"wp:attachment":[{"href":"https:\/\/domigoo.pl\/index.php\/wp-json\/wp\/v2\/media?parent=6411"}],"wp:term":[{"taxonomy":"product_brand","embeddable":true,"href":"https:\/\/domigoo.pl\/index.php\/wp-json\/wp\/v2\/product_brand?post=6411"},{"taxonomy":"product_cat","embeddable":true,"href":"https:\/\/domigoo.pl\/index.php\/wp-json\/wp\/v2\/product_cat?post=6411"},{"taxonomy":"product_tag","embeddable":true,"href":"https:\/\/domigoo.pl\/index.php\/wp-json\/wp\/v2\/product_tag?post=6411"}],"curies":[{"name":"wp","href":"https:\/\/api.w.org\/{rel}","templated":true}]}}