{"id":6412,"date":"2025-09-12T10:07:43","date_gmt":"2025-09-12T08:07:43","guid":{"rendered":"https:\/\/domigoo.pl\/index.php\/produkt\/elektryczne-mlynki-2-szt-do-pieprzu-i-soli-berlingerhaus-black-rose-bh-9499\/"},"modified":"2026-04-06T11:17:48","modified_gmt":"2026-04-06T09:17:48","slug":"elektryczne-mlynki-2-szt-do-pieprzu-i-soli-berlingerhaus-black-rose-bh-9499","status":"publish","type":"product","link":"https:\/\/domigoo.pl\/index.php\/produkt\/elektryczne-mlynki-2-szt-do-pieprzu-i-soli-berlingerhaus-black-rose-bh-9499\/","title":{"rendered":"Elektryczne m\u0142ynki 2 szt do pieprzu i soli BerlingerHaus Black Rose BH-9499"},"content":{"rendered":"<p style=\"text-align: center;\" class=\"def\"><span style=\"font-size: 18pt;\" class=\"def\"><strong class=\"def\">Elektryczne m\u0142ynki 2 szt do pieprzu i soli BerlingerHaus&nbsp;Black Rose<\/strong><\/span><\/p>\n<p style=\"text-align: center;\" class=\"def\"><span style=\"font-size: 18pt;\" class=\"def\"><strong class=\"def\">BH-9555<\/strong><\/span><\/p>\n<p style=\"text-align: center;\" class=\"def\">&nbsp;<img fetchpriority=\"high\" decoding=\"async\" src=\"https:\/\/berlingerhaus.com.pl\/images\/tn107\/3000-4000\/Elektryczne-mlynki-2-szt-do-pieprzu-i-soli-BerlingerHaus-Black-Rose-BH-9499_[3448]_696.jpg\" width=\"696\" height=\"463\" alt=\"\" class=\"def\"><\/p>\n<p style=\"text-align: center;\" class=\"def\"><span style=\"font-size: 12pt;\" class=\"def\">Zestaw BH-9545 z najnowszej kolekcji&nbsp;<strong class=\"def\">Black Rose<\/strong>&nbsp;sk\u0142ada si\u0119 z dw\u00f3ch m\u0142ynk\u00f3w elektrycznych.<\/span><\/p>\n<p style=\"text-align: center;\" class=\"def\"><span style=\"font-size: 12pt;\" class=\"def\">Wyposa\u017cone w ceramiczne ostrza zapewniaj\u0105 pewn\u0105 i d\u0142ug\u0105 prac\u0119, a tak\u017ce wytrzyma\u0142o\u015b\u0107.<\/span><\/p>\n<p style=\"text-align: center;\" class=\"def\"><span style=\"font-size: 12pt;\" class=\"def\">M\u0142ynki s\u0105 w kolorze czarnym matowym.<\/span><\/p>\n<p style=\"text-align: center;\" class=\"def\">&nbsp;<\/p>\n<p style=\"text-align: center;\" class=\"def\">&nbsp;<img decoding=\"async\" src=\"https:\/\/berlingerhaus.com.pl\/images\/tn107\/3000-4000\/Elektryczne-mlynki-2-szt-do-pieprzu-i-soli-BerlingerHaus-Black-Rose-BH-9499_[3267]_696.jpg\" width=\"336\" height=\"336\" alt=\"\" class=\"def\"><img decoding=\"async\" src=\"https:\/\/berlingerhaus.com.pl\/images\/tn107\/3000-4000\/Elektryczne-mlynki-2-szt-do-pieprzu-i-soli-BerlingerHaus-Black-Rose-BH-9499_[3269]_696.jpg\" width=\"506\" height=\"284\" alt=\"\" class=\"def\"><\/p>\n<p style=\"text-align: center;\" class=\"def\"><span style=\"font-size: 14pt;\" class=\"def\"><strong class=\"def\"><span class=\"def\">Cechy produktu:<\/span><\/strong><\/span><\/p>\n<p style=\"text-align: center;\" class=\"def\"><span style=\"font-size: 12pt;\" class=\"def\"><strong class=\"def\">Materia\u0142<\/strong>: Najwy\u017cszej jako\u015bci stal nierdzewna<br class=\"def\"><br \/>\n<br class=\"def\"><br \/>\nElektryczne<br class=\"def\"><br \/>\n<br class=\"def\"><br \/>\n<strong class=\"def\">Baterie:<\/strong>&nbsp;4 szt. AA (brak w zestawie)<br class=\"def\"><br \/>\n<br class=\"def\"><br \/>\n<strong class=\"def\">Kolor:<\/strong>&nbsp;czarny, ze z\u0142otymi zdobieniami<\/span><\/p>\n<p style=\"text-align: center;\" class=\"def\"><span style=\"font-size: 12pt;\" class=\"def\"><strong class=\"def\">Kolekcja:&nbsp;<\/strong>Black Rose Collection<br class=\"def\"><br \/>\n<br class=\"def\"><br \/>\nZestaw 2 szt<\/span><\/p>\n","protected":false},"excerpt":{"rendered":"<p>Materia\u0142: Najwy\u017cszej jako\u015bci stal nierdzewna<br \/>\nElektryczne<br \/>\nBaterie: 4 szt. AA (brak w zestawie)<br \/>\nKolor: czarny, ze z\u0142otymi zdobieniami<br \/>\nZestaw 2 szt<\/p>\n","protected":false},"featured_media":0,"comment_status":"open","ping_status":"closed","template":"","meta":{"ocean_post_layout":"","ocean_both_sidebars_style":"","ocean_both_sidebars_content_width":0,"ocean_both_sidebars_sidebars_width":0,"ocean_sidebar":"","ocean_second_sidebar":"","ocean_disable_margins":"enable","ocean_add_body_class":"","ocean_shortcode_before_top_bar":"","ocean_shortcode_after_top_bar":"","ocean_shortcode_before_header":"","ocean_shortcode_after_header":"","ocean_has_shortcode":"","ocean_shortcode_after_title":"","ocean_shortcode_before_footer_widgets":"","ocean_shortcode_after_footer_widgets":"","ocean_shortcode_before_footer_bottom":"","ocean_shortcode_after_footer_bottom":"","ocean_display_top_bar":"default","ocean_display_header":"default","ocean_header_style":"","ocean_center_header_left_menu":"","ocean_custom_header_template":"","ocean_custom_logo":0,"ocean_custom_retina_logo":0,"ocean_custom_logo_max_width":0,"ocean_custom_logo_tablet_max_width":0,"ocean_custom_logo_mobile_max_width":0,"ocean_custom_logo_max_height":0,"ocean_custom_logo_tablet_max_height":0,"ocean_custom_logo_mobile_max_height":0,"ocean_header_custom_menu":"","ocean_menu_typo_font_family":"","ocean_menu_typo_font_subset":"","ocean_menu_typo_font_size":0,"ocean_menu_typo_font_size_tablet":0,"ocean_menu_typo_font_size_mobile":0,"ocean_menu_typo_font_size_unit":"px","ocean_menu_typo_font_weight":"","ocean_menu_typo_font_weight_tablet":"","ocean_menu_typo_font_weight_mobile":"","ocean_menu_typo_transform":"","ocean_menu_typo_transform_tablet":"","ocean_menu_typo_transform_mobile":"","ocean_menu_typo_line_height":0,"ocean_menu_typo_line_height_tablet":0,"ocean_menu_typo_line_height_mobile":0,"ocean_menu_typo_line_height_unit":"","ocean_menu_typo_spacing":0,"ocean_menu_typo_spacing_tablet":0,"ocean_menu_typo_spacing_mobile":0,"ocean_menu_typo_spacing_unit":"","ocean_menu_link_color":"","ocean_menu_link_color_hover":"","ocean_menu_link_color_active":"","ocean_menu_link_background":"","ocean_menu_link_hover_background":"","ocean_menu_link_active_background":"","ocean_menu_social_links_bg":"","ocean_menu_social_hover_links_bg":"","ocean_menu_social_links_color":"","ocean_menu_social_hover_links_color":"","ocean_disable_title":"default","ocean_disable_heading":"default","ocean_post_title":"","ocean_post_subheading":"","ocean_post_title_style":"","ocean_post_title_background_color":"","ocean_post_title_background":0,"ocean_post_title_bg_image_position":"","ocean_post_title_bg_image_attachment":"","ocean_post_title_bg_image_repeat":"","ocean_post_title_bg_image_size":"","ocean_post_title_height":0,"ocean_post_title_bg_overlay":0.5,"ocean_post_title_bg_overlay_color":"","ocean_disable_breadcrumbs":"default","ocean_breadcrumbs_color":"","ocean_breadcrumbs_separator_color":"","ocean_breadcrumbs_links_color":"","ocean_breadcrumbs_links_hover_color":"","ocean_display_footer_widgets":"default","ocean_display_footer_bottom":"default","ocean_custom_footer_template":""},"product_brand":[],"product_cat":[15],"product_tag":[3962,3898,3897,3989],"class_list":{"0":"post-6412","1":"product","2":"type-product","3":"status-publish","5":"product_cat-wszystkie-produkty","6":"product_tag-3962","7":"product_tag-3898","8":"product_tag-berlinger-haus","9":"product_tag-bh-9499","11":"entry","13":"first","14":"instock","15":"shipping-taxable","16":"product-type-simple","17":"has-product-nav","18":"col","19":"span_1_of_4","20":"owp-content-center","21":"owp-thumbs-layout-horizontal","22":"owp-btn-normal","23":"owp-tabs-layout-horizontal","24":"has-no-thumbnails"},"jetpack_sharing_enabled":true,"_links":{"self":[{"href":"https:\/\/domigoo.pl\/index.php\/wp-json\/wp\/v2\/product\/6412","targetHints":{"allow":["GET"]}}],"collection":[{"href":"https:\/\/domigoo.pl\/index.php\/wp-json\/wp\/v2\/product"}],"about":[{"href":"https:\/\/domigoo.pl\/index.php\/wp-json\/wp\/v2\/types\/product"}],"replies":[{"embeddable":true,"href":"https:\/\/domigoo.pl\/index.php\/wp-json\/wp\/v2\/comments?post=6412"}],"wp:attachment":[{"href":"https:\/\/domigoo.pl\/index.php\/wp-json\/wp\/v2\/media?parent=6412"}],"wp:term":[{"taxonomy":"product_brand","embeddable":true,"href":"https:\/\/domigoo.pl\/index.php\/wp-json\/wp\/v2\/product_brand?post=6412"},{"taxonomy":"product_cat","embeddable":true,"href":"https:\/\/domigoo.pl\/index.php\/wp-json\/wp\/v2\/product_cat?post=6412"},{"taxonomy":"product_tag","embeddable":true,"href":"https:\/\/domigoo.pl\/index.php\/wp-json\/wp\/v2\/product_tag?post=6412"}],"curies":[{"name":"wp","href":"https:\/\/api.w.org\/{rel}","templated":true}]}}