{"id":6418,"date":"2025-09-12T10:07:43","date_gmt":"2025-09-12T08:07:43","guid":{"rendered":"https:\/\/domigoo.pl\/index.php\/produkt\/elektryczny-mlynek-1-szt-do-pieprzu-i-soli-berlingerhaus-black-rose-bh-9499-outlet\/"},"modified":"2025-09-26T19:53:52","modified_gmt":"2025-09-26T17:53:52","slug":"elektryczny-mlynek-1-szt-do-pieprzu-i-soli-berlingerhaus-black-rose-bh-9499-outlet","status":"publish","type":"product","link":"https:\/\/domigoo.pl\/index.php\/produkt\/elektryczny-mlynek-1-szt-do-pieprzu-i-soli-berlingerhaus-black-rose-bh-9499-outlet\/","title":{"rendered":"Elektryczny m\u0142ynek 1 szt do pieprzu i soli BerlingerHaus Black Rose BH-9499 | OUTLET"},"content":{"rendered":"<h1 style=\"text-align: center;\" class=\"def\"><strong class=\"def\">Elektryczny m\u0142ynek 1 szt do pieprzu i soli BerlingerHaus<\/strong><\/h1>\n<h1 style=\"text-align: center;\" class=\"def\"><strong class=\"def\">&nbsp;Black Rose BH-9499 | OUTLET<\/strong><\/h1>\n<p style=\"text-align: center;\" class=\"def\"><span style=\"font-size: 24pt; color: rgb(255, 0, 0); font-family: 'book antiqua', palatino, serif;\" class=\"def\"><strong class=\"def\">OUTLET<\/strong><\/span><\/p>\n<p style=\"text-align: center;\" class=\"def\"><span style=\"font-family: 'book antiqua', palatino, serif; font-size: 24pt;\" class=\"def\"><em class=\"def\"><span style=\"color: #ff0000;\" class=\"def\">Produkt pochodzi z oferty&nbsp;<strong class=\"def\">OUTLET\u00d3W<\/strong><\/span><\/em><\/span><span style=\"font-family: 'book antiqua', palatino, serif; font-size: 24pt;\" class=\"def\"><\/span><\/p>\n<p style=\"text-align: center;\" class=\"def\"><span style=\"font-size: 14pt;\" class=\"def\">Oferujemy jedn\u0105 sztuk\u0119 m\u0142ynka.&nbsp;<\/span><span style=\"font-size: 14pt;\" class=\"def\"><\/span><\/p>\n<p style=\"text-align: center;\" class=\"def\"><span style=\"font-size: 14pt;\" class=\"def\">Brak jakichkolwiek wad.&nbsp;<\/span><\/p>\n<p style=\"text-align: center;\" class=\"def\"><span style=\"font-size: 14pt;\" class=\"def\"><img fetchpriority=\"high\" decoding=\"async\" src=\"https:\/\/berlingerhaus.com.pl\/images\/tn107\/6000-7000\/Elektryczny-mlynek-1-szt-do-pieprzu-i-soli-BerlingerHaus-Black-Rose-BH-9499-OUTLET_[6168]_696.jpg\" width=\"696\" height=\"696\" alt=\"\" class=\"def\"><\/span><\/p>\n<h2 style=\"text-align: center;\" class=\"def\"><span style=\"font-size: 18pt;\" class=\"def\"><strong class=\"def\"><span class=\"def\"><strong class=\"def\">Cechy produktu<\/strong><\/span><\/strong><\/span><span style=\"font-size: 14pt;\" class=\"def\">&nbsp;<\/span><\/h2>\n<p style=\"text-align: center;\" class=\"def\"><span style=\"font-size: 14pt;\" class=\"def\"><span class=\"def\">Materia\u0142:&nbsp;Najwy\u017cszej jako\u015bci stal nierdzewna<br class=\"def\"><br \/>\n<\/span><\/span><\/p>\n<p style=\"text-align: center;\" class=\"def\"><span style=\"font-size: 14pt;\" class=\"def\"><span class=\"def\">Elektryczne<br class=\"def\"><br \/>\n<\/span><\/span><\/p>\n<p style=\"text-align: center;\" class=\"def\"><span style=\"font-size: 14pt;\" class=\"def\"><span class=\"def\">Baterie: 4 szt. AA (brak w zestawie)<br class=\"def\"><br \/>\n<\/span><\/span><\/p>\n<p style=\"text-align: center;\" class=\"def\"><span style=\"font-size: 14pt;\" class=\"def\"><span class=\"def\">Zestaw 1 szt.<br class=\"def\"><br \/>\n<\/span><\/span><\/p>\n<p style=\"text-align: center;\" class=\"def\"><span style=\"font-size: 14pt;\" class=\"def\"><span class=\"def\">Kolor:&nbsp;Czarny, ze z\u0142oto-r\u00f3\u017cowymi akcentami<br class=\"def\"><br \/>\n<\/span><\/span><\/p>\n<p style=\"text-align: center;\" class=\"def\"><span style=\"font-size: 14pt;\" class=\"def\"><strong class=\"def\"><span class=\"def\">Kolekcja:&nbsp;Black Rose Collection<\/span><\/strong><\/span><\/p>\n<p style=\"text-align: center;\" class=\"def\"><span style=\"font-size: 14pt;\" class=\"def\">&nbsp;<\/span><\/p>\n","protected":false},"excerpt":{"rendered":"<p>Oferujemy jedn\u0105 sztuk\u0119 m\u0142ynka.\u00a0<br \/>\nBrak jakichkolwiek wad.\u00a0<br \/>\nCechy produktu\u00a0<br \/>\nMateria\u0142:\u00a0Najwy\u017cszej jako\u015bci stal nierdzewna<br \/>\nElektryczne<br \/>\nBaterie: 4 szt. AA (brak w zestawie)<br \/>\nZestaw 1 szt.<br \/>\nKolor:\u00a0Czarny, ze z\u0142oto-r\u00f3\u017cowymi akcentami<br \/>\nKolekcja:\u00a0Black Rose Collection<\/p>\n","protected":false},"featured_media":0,"comment_status":"open","ping_status":"closed","template":"","meta":{"ocean_post_layout":"","ocean_both_sidebars_style":"","ocean_both_sidebars_content_width":0,"ocean_both_sidebars_sidebars_width":0,"ocean_sidebar":"","ocean_second_sidebar":"","ocean_disable_margins":"enable","ocean_add_body_class":"","ocean_shortcode_before_top_bar":"","ocean_shortcode_after_top_bar":"","ocean_shortcode_before_header":"","ocean_shortcode_after_header":"","ocean_has_shortcode":"","ocean_shortcode_after_title":"","ocean_shortcode_before_footer_widgets":"","ocean_shortcode_after_footer_widgets":"","ocean_shortcode_before_footer_bottom":"","ocean_shortcode_after_footer_bottom":"","ocean_display_top_bar":"default","ocean_display_header":"default","ocean_header_style":"","ocean_center_header_left_menu":"","ocean_custom_header_template":"","ocean_custom_logo":0,"ocean_custom_retina_logo":0,"ocean_custom_logo_max_width":0,"ocean_custom_logo_tablet_max_width":0,"ocean_custom_logo_mobile_max_width":0,"ocean_custom_logo_max_height":0,"ocean_custom_logo_tablet_max_height":0,"ocean_custom_logo_mobile_max_height":0,"ocean_header_custom_menu":"","ocean_menu_typo_font_family":"","ocean_menu_typo_font_subset":"","ocean_menu_typo_font_size":0,"ocean_menu_typo_font_size_tablet":0,"ocean_menu_typo_font_size_mobile":0,"ocean_menu_typo_font_size_unit":"px","ocean_menu_typo_font_weight":"","ocean_menu_typo_font_weight_tablet":"","ocean_menu_typo_font_weight_mobile":"","ocean_menu_typo_transform":"","ocean_menu_typo_transform_tablet":"","ocean_menu_typo_transform_mobile":"","ocean_menu_typo_line_height":0,"ocean_menu_typo_line_height_tablet":0,"ocean_menu_typo_line_height_mobile":0,"ocean_menu_typo_line_height_unit":"","ocean_menu_typo_spacing":0,"ocean_menu_typo_spacing_tablet":0,"ocean_menu_typo_spacing_mobile":0,"ocean_menu_typo_spacing_unit":"","ocean_menu_link_color":"","ocean_menu_link_color_hover":"","ocean_menu_link_color_active":"","ocean_menu_link_background":"","ocean_menu_link_hover_background":"","ocean_menu_link_active_background":"","ocean_menu_social_links_bg":"","ocean_menu_social_hover_links_bg":"","ocean_menu_social_links_color":"","ocean_menu_social_hover_links_color":"","ocean_disable_title":"default","ocean_disable_heading":"default","ocean_post_title":"","ocean_post_subheading":"","ocean_post_title_style":"","ocean_post_title_background_color":"","ocean_post_title_background":0,"ocean_post_title_bg_image_position":"","ocean_post_title_bg_image_attachment":"","ocean_post_title_bg_image_repeat":"","ocean_post_title_bg_image_size":"","ocean_post_title_height":0,"ocean_post_title_bg_overlay":0.5,"ocean_post_title_bg_overlay_color":"","ocean_disable_breadcrumbs":"default","ocean_breadcrumbs_color":"","ocean_breadcrumbs_separator_color":"","ocean_breadcrumbs_links_color":"","ocean_breadcrumbs_links_hover_color":"","ocean_display_footer_widgets":"default","ocean_display_footer_bottom":"default","ocean_custom_footer_template":""},"product_brand":[],"product_cat":[15],"product_tag":[3896,3898,3897,3996],"class_list":{"0":"post-6418","1":"product","2":"type-product","3":"status-publish","5":"product_cat-wszystkie-produkty","6":"product_tag-3896","7":"product_tag-3898","8":"product_tag-berlinger-haus","9":"product_tag-bh-9499o","11":"entry","13":"first","14":"instock","15":"shipping-taxable","16":"product-type-simple","17":"has-product-nav","18":"col","19":"span_1_of_4","20":"owp-content-center","21":"owp-thumbs-layout-horizontal","22":"owp-btn-normal","23":"owp-tabs-layout-horizontal","24":"has-no-thumbnails"},"jetpack_sharing_enabled":true,"_links":{"self":[{"href":"https:\/\/domigoo.pl\/index.php\/wp-json\/wp\/v2\/product\/6418","targetHints":{"allow":["GET"]}}],"collection":[{"href":"https:\/\/domigoo.pl\/index.php\/wp-json\/wp\/v2\/product"}],"about":[{"href":"https:\/\/domigoo.pl\/index.php\/wp-json\/wp\/v2\/types\/product"}],"replies":[{"embeddable":true,"href":"https:\/\/domigoo.pl\/index.php\/wp-json\/wp\/v2\/comments?post=6418"}],"wp:attachment":[{"href":"https:\/\/domigoo.pl\/index.php\/wp-json\/wp\/v2\/media?parent=6418"}],"wp:term":[{"taxonomy":"product_brand","embeddable":true,"href":"https:\/\/domigoo.pl\/index.php\/wp-json\/wp\/v2\/product_brand?post=6418"},{"taxonomy":"product_cat","embeddable":true,"href":"https:\/\/domigoo.pl\/index.php\/wp-json\/wp\/v2\/product_cat?post=6418"},{"taxonomy":"product_tag","embeddable":true,"href":"https:\/\/domigoo.pl\/index.php\/wp-json\/wp\/v2\/product_tag?post=6418"}],"curies":[{"name":"wp","href":"https:\/\/api.w.org\/{rel}","templated":true}]}}