{"id":6434,"date":"2025-09-12T10:10:20","date_gmt":"2025-09-12T08:10:20","guid":{"rendered":"https:\/\/domigoo.pl\/index.php\/produkt\/forma-do-ciasta-do-tart-28cm-berlingerhaus-bh-8634-aspen-collection\/"},"modified":"2026-04-06T11:18:42","modified_gmt":"2026-04-06T09:18:42","slug":"forma-do-ciasta-do-tart-28cm-berlingerhaus-bh-8634-aspen-collection","status":"publish","type":"product","link":"https:\/\/domigoo.pl\/index.php\/produkt\/forma-do-ciasta-do-tart-28cm-berlingerhaus-bh-8634-aspen-collection\/","title":{"rendered":"Forma do ciasta | do tart 28cm BerlingerHaus BH-8634 Aspen Collection"},"content":{"rendered":"<h1 style=\"text-align: center;\" class=\"def\"><strong class=\"def\">Forma do ciasta | do tart 28cm BerlingerHaus<\/strong><\/h1>\n<h1 style=\"text-align: center;\" class=\"def\"><strong class=\"def\">&nbsp;BH-8634<\/strong><strong class=\"def\">&nbsp;Aspen Collection<\/strong><\/h1>\n<hr class=\"def\">\n<p style=\"text-align: center;\" class=\"def\"><span style=\"font-size: 14pt;\" class=\"def\"><strong data-start=\"293\" data-end=\"372\" class=\"def\">Stylowa forma do pieczenia, kt\u00f3ra \u0142\u0105czy jako\u015b\u0107, funkcjonalno\u015b\u0107 i elegancj\u0119.<\/strong><\/span><br data-start=\"372\" data-end=\"375\" class=\"def\"><br \/>\n <span style=\"font-size: 14pt;\" class=\"def\">Wybierz form\u0119 do ciasta <strong data-start=\"399\" data-end=\"424\" class=\"def\">BerlingerHaus BH-8634<\/strong> z ekskluzywnej linii <em data-start=\"446\" data-end=\"464\" class=\"def\">Aspen Collection<\/em> \u2013 idealn\u0105 do pieczenia tart, sernik\u00f3w i wielu innych wypiek\u00f3w.<\/span><\/p>\n<p style=\"text-align: center;\" class=\"def\"><span style=\"font-size: 14pt;\" class=\"def\">&nbsp;Wykonana z wysokiej klasy stali w\u0119glowej i pokryta nowoczesn\u0105 pow\u0142ok\u0105 titanPro, zapewnia r\u00f3wnomierne pieczenie i \u0142atwe wyjmowanie ciasta.<\/span><\/p>\n<p class=\"def\"><img fetchpriority=\"high\" decoding=\"async\" src=\"https:\/\/berlingerhaus.com.pl\/images\/tn107\/5000-6000\/Forma-do-ciasta-do-tart-28cm-BerlingerHaus-BH-8634-Aspen-Collection_[5639]_696.jpg\" width=\"696\" height=\"696\" alt=\"\" style=\"display: block; margin-left: auto; margin-right: auto;\" class=\"def\"><\/p>\n<h2 style=\"text-align: center;\" class=\"def\"><strong data-start=\"684\" data-end=\"712\" class=\"def\"><strong class=\"def\">Specyfikacja techniczna:<\/strong><\/strong><\/h2>\n<p data-start=\"716\" data-end=\"736\" style=\"text-align: center;\" class=\"def\"><span style=\"font-size: 14pt;\" class=\"def\"><strong data-start=\"716\" data-end=\"726\" class=\"def\">Model:<\/strong> BH-8634<\/span><\/p>\n<p data-start=\"739\" data-end=\"790\" style=\"text-align: center;\" class=\"def\"><span style=\"font-size: 14pt;\" class=\"def\"><strong data-start=\"739\" data-end=\"747\" class=\"def\">Typ:<\/strong> forma do tarty \/ forma do ciasta okr\u0105g\u0142a<\/span><\/p>\n<p data-start=\"793\" data-end=\"814\" style=\"text-align: center;\" class=\"def\"><span style=\"font-size: 14pt;\" class=\"def\"><strong data-start=\"793\" data-end=\"806\" class=\"def\">\u015arednica:<\/strong> 28 cm<\/span><\/p>\n<p data-start=\"817\" data-end=\"839\" style=\"text-align: center;\" class=\"def\"><span style=\"font-size: 14pt;\" class=\"def\"><strong data-start=\"817\" data-end=\"830\" class=\"def\">Wysoko\u015b\u0107:<\/strong> 3,5 cm<\/span><\/p>\n<p data-start=\"842\" data-end=\"901\" style=\"text-align: center;\" class=\"def\"><span style=\"font-size: 14pt;\" class=\"def\"><strong data-start=\"842\" data-end=\"855\" class=\"def\">Materia\u0142:<\/strong> wysokogatunkowa stal w\u0119glowa (carbon steel)<\/span><\/p>\n<p data-start=\"904\" data-end=\"960\" style=\"text-align: center;\" class=\"def\"><span style=\"font-size: 14pt;\" class=\"def\"><strong data-start=\"904\" data-end=\"916\" class=\"def\">Pow\u0142oka:<\/strong> tr\u00f3jwarstwowa titanPro \u2013 nieprzywieraj\u0105ca<\/span><\/p>\n<p data-start=\"963\" data-end=\"1002\" style=\"text-align: center;\" class=\"def\"><span style=\"font-size: 14pt;\" class=\"def\"><strong data-start=\"963\" data-end=\"973\" class=\"def\">Kolor:<\/strong> matowa szaro\u015b\u0107 (matt grey)<\/span><\/p>\n<p data-start=\"963\" data-end=\"1002\" style=\"text-align: center;\" class=\"def\"><span style=\"font-size: 14pt;\" class=\"def\"><img decoding=\"async\" src=\"https:\/\/berlingerhaus.com.pl\/images\/tn107\/5000-6000\/Forma-do-ciasta-do-tart-28cm-BerlingerHaus-BH-8634-Aspen-Collection_[5640]_696.jpg\" width=\"696\" height=\"696\" alt=\"\" class=\"def\"><\/span><\/p>\n","protected":false},"excerpt":{"rendered":"<p>Specyfikacja techniczna:<br \/>\nModel: BH-8634<br \/>\nTyp: forma do tarty \/ forma do ciasta okr\u0105g\u0142a<br \/>\n\u015arednica: 28 cm<br \/>\nWysoko\u015b\u0107: 3,5 cm<\/p>\n","protected":false},"featured_media":0,"comment_status":"open","ping_status":"closed","template":"","meta":{"ocean_post_layout":"","ocean_both_sidebars_style":"","ocean_both_sidebars_content_width":0,"ocean_both_sidebars_sidebars_width":0,"ocean_sidebar":"","ocean_second_sidebar":"","ocean_disable_margins":"enable","ocean_add_body_class":"","ocean_shortcode_before_top_bar":"","ocean_shortcode_after_top_bar":"","ocean_shortcode_before_header":"","ocean_shortcode_after_header":"","ocean_has_shortcode":"","ocean_shortcode_after_title":"","ocean_shortcode_before_footer_widgets":"","ocean_shortcode_after_footer_widgets":"","ocean_shortcode_before_footer_bottom":"","ocean_shortcode_after_footer_bottom":"","ocean_display_top_bar":"default","ocean_display_header":"default","ocean_header_style":"","ocean_center_header_left_menu":"","ocean_custom_header_template":"","ocean_custom_logo":0,"ocean_custom_retina_logo":0,"ocean_custom_logo_max_width":0,"ocean_custom_logo_tablet_max_width":0,"ocean_custom_logo_mobile_max_width":0,"ocean_custom_logo_max_height":0,"ocean_custom_logo_tablet_max_height":0,"ocean_custom_logo_mobile_max_height":0,"ocean_header_custom_menu":"","ocean_menu_typo_font_family":"","ocean_menu_typo_font_subset":"","ocean_menu_typo_font_size":0,"ocean_menu_typo_font_size_tablet":0,"ocean_menu_typo_font_size_mobile":0,"ocean_menu_typo_font_size_unit":"px","ocean_menu_typo_font_weight":"","ocean_menu_typo_font_weight_tablet":"","ocean_menu_typo_font_weight_mobile":"","ocean_menu_typo_transform":"","ocean_menu_typo_transform_tablet":"","ocean_menu_typo_transform_mobile":"","ocean_menu_typo_line_height":0,"ocean_menu_typo_line_height_tablet":0,"ocean_menu_typo_line_height_mobile":0,"ocean_menu_typo_line_height_unit":"","ocean_menu_typo_spacing":0,"ocean_menu_typo_spacing_tablet":0,"ocean_menu_typo_spacing_mobile":0,"ocean_menu_typo_spacing_unit":"","ocean_menu_link_color":"","ocean_menu_link_color_hover":"","ocean_menu_link_color_active":"","ocean_menu_link_background":"","ocean_menu_link_hover_background":"","ocean_menu_link_active_background":"","ocean_menu_social_links_bg":"","ocean_menu_social_hover_links_bg":"","ocean_menu_social_links_color":"","ocean_menu_social_hover_links_color":"","ocean_disable_title":"default","ocean_disable_heading":"default","ocean_post_title":"","ocean_post_subheading":"","ocean_post_title_style":"","ocean_post_title_background_color":"","ocean_post_title_background":0,"ocean_post_title_bg_image_position":"","ocean_post_title_bg_image_attachment":"","ocean_post_title_bg_image_repeat":"","ocean_post_title_bg_image_size":"","ocean_post_title_height":0,"ocean_post_title_bg_overlay":0.5,"ocean_post_title_bg_overlay_color":"","ocean_disable_breadcrumbs":"default","ocean_breadcrumbs_color":"","ocean_breadcrumbs_separator_color":"","ocean_breadcrumbs_links_color":"","ocean_breadcrumbs_links_hover_color":"","ocean_display_footer_widgets":"default","ocean_display_footer_bottom":"default","ocean_custom_footer_template":""},"product_brand":[],"product_cat":[15],"product_tag":[3930,3898,3897,4012],"class_list":{"0":"post-6434","1":"product","2":"type-product","3":"status-publish","5":"product_cat-wszystkie-produkty","6":"product_tag-3930","7":"product_tag-3898","8":"product_tag-berlinger-haus","9":"product_tag-bh-8634","11":"entry","13":"first","14":"instock","15":"shipping-taxable","16":"product-type-simple","17":"has-product-nav","18":"col","19":"span_1_of_4","20":"owp-content-center","21":"owp-thumbs-layout-horizontal","22":"owp-btn-normal","23":"owp-tabs-layout-horizontal","24":"has-no-thumbnails"},"jetpack_sharing_enabled":true,"_links":{"self":[{"href":"https:\/\/domigoo.pl\/index.php\/wp-json\/wp\/v2\/product\/6434","targetHints":{"allow":["GET"]}}],"collection":[{"href":"https:\/\/domigoo.pl\/index.php\/wp-json\/wp\/v2\/product"}],"about":[{"href":"https:\/\/domigoo.pl\/index.php\/wp-json\/wp\/v2\/types\/product"}],"replies":[{"embeddable":true,"href":"https:\/\/domigoo.pl\/index.php\/wp-json\/wp\/v2\/comments?post=6434"}],"wp:attachment":[{"href":"https:\/\/domigoo.pl\/index.php\/wp-json\/wp\/v2\/media?parent=6434"}],"wp:term":[{"taxonomy":"product_brand","embeddable":true,"href":"https:\/\/domigoo.pl\/index.php\/wp-json\/wp\/v2\/product_brand?post=6434"},{"taxonomy":"product_cat","embeddable":true,"href":"https:\/\/domigoo.pl\/index.php\/wp-json\/wp\/v2\/product_cat?post=6434"},{"taxonomy":"product_tag","embeddable":true,"href":"https:\/\/domigoo.pl\/index.php\/wp-json\/wp\/v2\/product_tag?post=6434"}],"curies":[{"name":"wp","href":"https:\/\/api.w.org\/{rel}","templated":true}]}}