{"id":6444,"date":"2025-09-12T10:10:22","date_gmt":"2025-09-12T08:10:22","guid":{"rendered":"https:\/\/domigoo.pl\/index.php\/produkt\/forma-do-pieczenia-30cm-berlingerhaus-bh-7916-matte-black-collection\/"},"modified":"2026-04-06T11:18:44","modified_gmt":"2026-04-06T09:18:44","slug":"forma-do-pieczenia-30cm-berlingerhaus-bh-7916-matte-black-collection","status":"publish","type":"product","link":"https:\/\/domigoo.pl\/index.php\/produkt\/forma-do-pieczenia-30cm-berlingerhaus-bh-7916-matte-black-collection\/","title":{"rendered":"Forma do pieczenia 35 x 27 x6,5 cm BerlingerHaus BH-7916 Matte Black Collection"},"content":{"rendered":"<p class=\"def\"><strong class=\"def\"><\/strong><\/p>\n<h1 style=\"text-align: center;\" class=\"def\"><strong class=\"def\"><span style=\"font-size: 24pt;\" class=\"def\">Forma do pieczenia 35 x 27 x6,5 cm BerlingerHaus<\/span><\/strong><\/h1>\n<h1 style=\"text-align: center;\" class=\"def\"><strong class=\"def\"><span style=\"font-size: 24pt;\" class=\"def\">&nbsp;BH-7916 Matte Black Collection<\/span><\/strong><\/h1>\n<hr class=\"def\">\n<p class=\"def\"><strong class=\"def\"><img fetchpriority=\"high\" decoding=\"async\" src=\"https:\/\/berlingerhaus.com.pl\/images\/tn107\/4000-5000\/Forma-do-pieczenia-30cm-BerlingerHaus-BH-7916-Matte-Black-Collection_[4702]_696.jpg\" width=\"555\" height=\"555\" alt=\"\" style=\"display: block; margin-left: auto; margin-right: auto;\" class=\"def\"><\/strong><\/p>\n<p class=\"def\"><strong class=\"def\">&nbsp;<\/strong><\/p>\n<p style=\"text-align: center;\" class=\"def\"><strong class=\"def\"><span style=\"font-size: 14pt;\" class=\"def\"><strong class=\"def\">Brytfanna 35&#215;27 cm z pow\u0142ok\u0105 TitanPro \u2013 niezawodna trwa\u0142o\u015b\u0107 i nowoczesny design<\/strong><\/span><\/strong><\/p>\n<p style=\"text-align: center;\" class=\"def\"><strong class=\"def\"><span style=\"font-size: 14pt;\" class=\"def\">Odkryj wygod\u0119 pieczenia na najwy\u017cszym poziomie dzi\u0119ki <strong class=\"def\">brytfannie<\/strong> o wymiarach <strong class=\"def\">35x27x6,5 cm<\/strong>, wykonanej z <strong class=\"def\">wysokiej jako\u015bci stali w\u0119glowej<\/strong>. <\/span><\/strong><\/p>\n<p style=\"text-align: center;\" class=\"def\"><strong class=\"def\"><span style=\"font-size: 14pt;\" class=\"def\">Jej elegancki,&nbsp;<strong class=\"def\">czarny matowy kolor<\/strong> doskonale uzupe\u0142ni nowoczesn\u0105 kuchni\u0119, a zaawansowana <strong class=\"def\">nieprzywieraj\u0105ca pow\u0142oka TitanPro<\/strong> gwarantuje idealne efekty kulinarne.<\/span><\/strong><\/p>\n<h2 style=\"text-align: center;\" class=\"def\"><strong class=\"def\">&nbsp;<\/strong><\/h2>\n<h2 style=\"text-align: center;\" class=\"def\"><strong class=\"def\"><span style=\"font-size: 14pt;\" class=\"def\"><\/span><br class=\"def\"><br \/>\n <\/strong><\/h2>\n<h2 style=\"text-align: center;\" class=\"def\"><strong class=\"def\"><span style=\"font-size: 14pt;\" class=\"def\"><\/span><br class=\"def\"><br \/>\n <\/strong><\/h2>\n<h2 style=\"text-align: center;\" class=\"def\"><strong class=\"def\"><span style=\"font-size: 14pt;\" class=\"def\">Specyfikacja :&nbsp;<\/span><\/strong><\/h2>\n<p style=\"text-align: center;\" class=\"def\"><strong class=\"def\"><strong class=\"def\">3x wzmocniona pow\u0142oka TitanPro<\/strong>: Trwa\u0142a i odporna na zarysowania, zapewnia bezproblemowe pieczenie bez przywierania potraw.<\/strong><\/p>\n<p style=\"text-align: center;\" class=\"def\"><strong class=\"def\"><strong class=\"def\">Gruba stal w\u0119glowa<\/strong>: Doskona\u0142e rozprowadzanie ciep\u0142a sprawia, \u017ce potrawy s\u0105 pieczone r\u00f3wnomiernie, zachowuj\u0105c idealny smak i tekstur\u0119.<\/strong><\/p>\n<p style=\"text-align: center;\" class=\"def\"><strong class=\"def\"><strong class=\"def\">Stylowy design<\/strong>: Matowa czer\u0144 nadaje brytfannie nowoczesny i elegancki wygl\u0105d, kt\u00f3ry idealnie komponuje si\u0119 w ka\u017cdej kuchni.<\/strong><\/p>\n<p style=\"text-align: center;\" class=\"def\"><strong class=\"def\"><strong class=\"def\">\u0141atwo\u015b\u0107 czyszczenia<\/strong>: Dzi\u0119ki nieprzywieraj\u0105cej pow\u0142oce mycie staje si\u0119 szybkie i bezproblemowe, pozwalaj\u0105c Ci cieszy\u0107 si\u0119 gotowaniem bez stresu.<\/strong><\/p>\n<p style=\"text-align: center;\" class=\"def\"><strong class=\"def\"><strong class=\"def\">Przyjazna dla \u015brodowiska<\/strong>: Wolna od szkodliwych substancji, takich jak PFOA, o\u0142\u00f3w i kadm, co sprawia, \u017ce jest bezpieczna dla zdrowia i planety.<\/strong><\/p>\n<p style=\"text-align: center;\" class=\"def\"><strong class=\"def\">&nbsp;<\/strong><\/p>\n<p style=\"text-align: center;\" class=\"def\"><strong class=\"def\"><img decoding=\"async\" src=\"https:\/\/berlingerhaus.com.pl\/images\/tn107\/4000-5000\/Forma-do-pieczenia-30cm-BerlingerHaus-BH-7916-Matte-Black-Collection_[4703]_696.jpg\" width=\"696\" height=\"696\" alt=\"\" class=\"def\"><\/strong><\/p>\n<p class=\"def\">\n","protected":false},"excerpt":{"rendered":"<p>Materia\u0142: stal w\u0119glowa z pow\u0142ok\u0105 nieprzywieraj\u0105c\u0105 TitanPro<br \/>\n\u2022 Rozmiar: 35*27*6,5 cm<br \/>\n\u2022 Kolor: czarny mat<\/p>\n","protected":false},"featured_media":0,"comment_status":"open","ping_status":"closed","template":"","meta":{"ocean_post_layout":"","ocean_both_sidebars_style":"","ocean_both_sidebars_content_width":0,"ocean_both_sidebars_sidebars_width":0,"ocean_sidebar":"","ocean_second_sidebar":"","ocean_disable_margins":"enable","ocean_add_body_class":"","ocean_shortcode_before_top_bar":"","ocean_shortcode_after_top_bar":"","ocean_shortcode_before_header":"","ocean_shortcode_after_header":"","ocean_has_shortcode":"","ocean_shortcode_after_title":"","ocean_shortcode_before_footer_widgets":"","ocean_shortcode_after_footer_widgets":"","ocean_shortcode_before_footer_bottom":"","ocean_shortcode_after_footer_bottom":"","ocean_display_top_bar":"default","ocean_display_header":"default","ocean_header_style":"","ocean_center_header_left_menu":"","ocean_custom_header_template":"","ocean_custom_logo":0,"ocean_custom_retina_logo":0,"ocean_custom_logo_max_width":0,"ocean_custom_logo_tablet_max_width":0,"ocean_custom_logo_mobile_max_width":0,"ocean_custom_logo_max_height":0,"ocean_custom_logo_tablet_max_height":0,"ocean_custom_logo_mobile_max_height":0,"ocean_header_custom_menu":"","ocean_menu_typo_font_family":"","ocean_menu_typo_font_subset":"","ocean_menu_typo_font_size":0,"ocean_menu_typo_font_size_tablet":0,"ocean_menu_typo_font_size_mobile":0,"ocean_menu_typo_font_size_unit":"px","ocean_menu_typo_font_weight":"","ocean_menu_typo_font_weight_tablet":"","ocean_menu_typo_font_weight_mobile":"","ocean_menu_typo_transform":"","ocean_menu_typo_transform_tablet":"","ocean_menu_typo_transform_mobile":"","ocean_menu_typo_line_height":0,"ocean_menu_typo_line_height_tablet":0,"ocean_menu_typo_line_height_mobile":0,"ocean_menu_typo_line_height_unit":"","ocean_menu_typo_spacing":0,"ocean_menu_typo_spacing_tablet":0,"ocean_menu_typo_spacing_mobile":0,"ocean_menu_typo_spacing_unit":"","ocean_menu_link_color":"","ocean_menu_link_color_hover":"","ocean_menu_link_color_active":"","ocean_menu_link_background":"","ocean_menu_link_hover_background":"","ocean_menu_link_active_background":"","ocean_menu_social_links_bg":"","ocean_menu_social_hover_links_bg":"","ocean_menu_social_links_color":"","ocean_menu_social_hover_links_color":"","ocean_disable_title":"default","ocean_disable_heading":"default","ocean_post_title":"","ocean_post_subheading":"","ocean_post_title_style":"","ocean_post_title_background_color":"","ocean_post_title_background":0,"ocean_post_title_bg_image_position":"","ocean_post_title_bg_image_attachment":"","ocean_post_title_bg_image_repeat":"","ocean_post_title_bg_image_size":"","ocean_post_title_height":0,"ocean_post_title_bg_overlay":0.5,"ocean_post_title_bg_overlay_color":"","ocean_disable_breadcrumbs":"default","ocean_breadcrumbs_color":"","ocean_breadcrumbs_separator_color":"","ocean_breadcrumbs_links_color":"","ocean_breadcrumbs_links_hover_color":"","ocean_display_footer_widgets":"default","ocean_display_footer_bottom":"default","ocean_custom_footer_template":""},"product_brand":[],"product_cat":[15],"product_tag":[3930,3898,3897,4022],"class_list":{"0":"post-6444","1":"product","2":"type-product","3":"status-publish","5":"product_cat-wszystkie-produkty","6":"product_tag-3930","7":"product_tag-3898","8":"product_tag-berlinger-haus","9":"product_tag-bh-7916","11":"entry","13":"first","14":"instock","15":"shipping-taxable","16":"product-type-simple","17":"has-product-nav","18":"col","19":"span_1_of_4","20":"owp-content-center","21":"owp-thumbs-layout-horizontal","22":"owp-btn-normal","23":"owp-tabs-layout-horizontal","24":"has-no-thumbnails"},"jetpack_sharing_enabled":true,"_links":{"self":[{"href":"https:\/\/domigoo.pl\/index.php\/wp-json\/wp\/v2\/product\/6444","targetHints":{"allow":["GET"]}}],"collection":[{"href":"https:\/\/domigoo.pl\/index.php\/wp-json\/wp\/v2\/product"}],"about":[{"href":"https:\/\/domigoo.pl\/index.php\/wp-json\/wp\/v2\/types\/product"}],"replies":[{"embeddable":true,"href":"https:\/\/domigoo.pl\/index.php\/wp-json\/wp\/v2\/comments?post=6444"}],"wp:attachment":[{"href":"https:\/\/domigoo.pl\/index.php\/wp-json\/wp\/v2\/media?parent=6444"}],"wp:term":[{"taxonomy":"product_brand","embeddable":true,"href":"https:\/\/domigoo.pl\/index.php\/wp-json\/wp\/v2\/product_brand?post=6444"},{"taxonomy":"product_cat","embeddable":true,"href":"https:\/\/domigoo.pl\/index.php\/wp-json\/wp\/v2\/product_cat?post=6444"},{"taxonomy":"product_tag","embeddable":true,"href":"https:\/\/domigoo.pl\/index.php\/wp-json\/wp\/v2\/product_tag?post=6444"}],"curies":[{"name":"wp","href":"https:\/\/api.w.org\/{rel}","templated":true}]}}