{"id":6445,"date":"2025-09-12T10:10:22","date_gmt":"2025-09-12T08:10:22","guid":{"rendered":"https:\/\/domigoo.pl\/index.php\/produkt\/forma-do-pieczenia-365cm-z-pokrywa-berlinger-haus-emerald-collection-bh-7843\/"},"modified":"2026-04-06T11:18:45","modified_gmt":"2026-04-06T09:18:45","slug":"forma-do-pieczenia-365cm-z-pokrywa-berlinger-haus-emerald-collection-bh-7843","status":"publish","type":"product","link":"https:\/\/domigoo.pl\/index.php\/produkt\/forma-do-pieczenia-365cm-z-pokrywa-berlinger-haus-emerald-collection-bh-7843\/","title":{"rendered":"Forma do pieczenia 36,5cm z pokryw\u0105 Berlinger Haus Emerald Collection BH-7843"},"content":{"rendered":"<h1 style=\"text-align: center;\" class=\"def\"><strong class=\"def\"><span style=\"font-size: 24pt;\" class=\"def\">Brytfanna 36,5cm z pokrywk\u0105&nbsp; <\/span><span style=\"font-size: 24pt;\" class=\"def\">BerlingerHaus BH-7843 <\/span><\/strong><strong class=\"def\"><span style=\"font-size: 24pt;\" class=\"def\">&nbsp;<span class=\"def\">Emerald Collection.<\/span><\/span><\/strong><\/h1>\n<hr class=\"def\">\n<p class=\"def\"><strong class=\"def\"><em class=\"def\"><img fetchpriority=\"high\" decoding=\"async\" style=\"display: block; margin-left: auto; margin-right: auto;\" height=\"695\" width=\"695\" src=\"https:\/\/berlingerhaus.com.pl\/images\/tn107\/1000-2000\/Forma-do-pieczenia-36-5cm-z-pokrywa-Berlinger-Haus-BH-7843_[1956]_695.jpg\" alt=\"image\" class=\"def\"><\/em><\/strong><\/p>\n<p style=\"text-align: center;\" class=\"def\"><span style=\"font-size: 18pt;\" class=\"def\"><strong class=\"def\">Specyfikacja :<\/strong><\/span><\/p>\n<p style=\"text-align: center;\" class=\"def\"><span style=\"font-size: 14pt;\" class=\"def\"><strong class=\"def\">Kolor:<\/strong> Ciemno zielony&nbsp;<\/span><\/p>\n<p style=\"text-align: center;\" class=\"def\"><span style=\"font-size: 14pt;\" class=\"def\">Kolor w rzeczywisto\u015bci mo\u017ce by\u0107 ciemniejszy ni\u017c na zdj\u0119ciu.<\/span><\/p>\n<p style=\"text-align: center;\" class=\"def\"><span style=\"font-size: 14pt;\" class=\"def\"><strong class=\"def\">Materia\u0142:<\/strong>&nbsp;Stal w\u0119glowa<\/span><\/p>\n<p style=\"text-align: center;\" class=\"def\"><span style=\"font-size: 14pt;\" class=\"def\"><strong class=\"def\">Pokrywka<\/strong>:&nbsp;Tworzywo sztuczne<\/span><\/p>\n<p style=\"text-align: center;\" class=\"def\"><span style=\"font-size: 14pt;\" class=\"def\"><strong class=\"def\">Pow\u0142oka wewn\u0119trzna:<\/strong>&nbsp;Tytanowa<\/span><br class=\"def\"><br \/>\n <span style=\"font-size: 14pt;\" class=\"def\"><em class=\"def\">nie przywiera, odporna na uszkodzenia, \u0142atwa w czyszczeniu<\/em><\/span><\/p>\n<p style=\"text-align: center;\" class=\"def\"><span style=\"font-size: 14pt;\" class=\"def\">Optymalna &#8211; bezpieczna temperatura u\u017cytkowania:&nbsp;220\u00b0C<\/span><\/p>\n<p style=\"text-align: center;\" class=\"def\"><span style=\"font-size: 14pt;\" class=\"def\"><strong class=\"def\">Wymiary:&nbsp;<\/strong>36,5&nbsp;x&nbsp;24,5 x 5,5cm&nbsp;<\/span><\/p>\n<p style=\"text-align: center;\" class=\"def\"><strong class=\"def\"><span style=\"font-size: 14pt;\" class=\"def\">UWAGA! Mycie w zmywarce (nie stosuj\u0105c si\u0119 do zapis\u00f3w instrukcji obs\u0142ugi ) mo\u017ce spowodowa\u0107 uszkodzenia pow\u0142oki!<\/span><\/strong><\/p>\n<p style=\"text-align: center;\" class=\"def\"><span style=\"font-size: 12pt;\" class=\"def\"><strong class=\"def\"><img decoding=\"async\" height=\"695\" width=\"695\" src=\"https:\/\/berlingerhaus.com.pl\/images\/tn107\/1000-2000\/Forma-do-pieczenia-36-5cm-z-pokrywa-Berlinger-Haus-BH-7843_[1957]_695.jpg\" alt=\"image\" class=\"def\"><br class=\"def\"><br \/>\n <\/strong><\/span><\/p>\n<p class=\"def\">\n","protected":false},"excerpt":{"rendered":"<p>Prostok\u0105tna forma do pieczenia ze stali w\u0119glowej o d\u0142ugo\u015bci 36,5cm z pokrywk\u0105 zapobiegaj\u0105c\u0105 wysychaniu ciast i u\u0142atwiaj\u0105c\u0105 ich przechowywanie oraz transport. Posiada tytanow\u0105 pow\u0142ok\u0119 wewn\u0119trzn\u0105, dzi\u0119ki czemu blacha zyskuje dodatkow\u0105 odporno\u015b\u0107. Wymiary zewn\u0119trzne: 36.5 x 24.5 x 5.5 cm.<\/p>\n","protected":false},"featured_media":0,"comment_status":"open","ping_status":"closed","template":"","meta":{"ocean_post_layout":"","ocean_both_sidebars_style":"","ocean_both_sidebars_content_width":0,"ocean_both_sidebars_sidebars_width":0,"ocean_sidebar":"","ocean_second_sidebar":"","ocean_disable_margins":"enable","ocean_add_body_class":"","ocean_shortcode_before_top_bar":"","ocean_shortcode_after_top_bar":"","ocean_shortcode_before_header":"","ocean_shortcode_after_header":"","ocean_has_shortcode":"","ocean_shortcode_after_title":"","ocean_shortcode_before_footer_widgets":"","ocean_shortcode_after_footer_widgets":"","ocean_shortcode_before_footer_bottom":"","ocean_shortcode_after_footer_bottom":"","ocean_display_top_bar":"default","ocean_display_header":"default","ocean_header_style":"","ocean_center_header_left_menu":"","ocean_custom_header_template":"","ocean_custom_logo":0,"ocean_custom_retina_logo":0,"ocean_custom_logo_max_width":0,"ocean_custom_logo_tablet_max_width":0,"ocean_custom_logo_mobile_max_width":0,"ocean_custom_logo_max_height":0,"ocean_custom_logo_tablet_max_height":0,"ocean_custom_logo_mobile_max_height":0,"ocean_header_custom_menu":"","ocean_menu_typo_font_family":"","ocean_menu_typo_font_subset":"","ocean_menu_typo_font_size":0,"ocean_menu_typo_font_size_tablet":0,"ocean_menu_typo_font_size_mobile":0,"ocean_menu_typo_font_size_unit":"px","ocean_menu_typo_font_weight":"","ocean_menu_typo_font_weight_tablet":"","ocean_menu_typo_font_weight_mobile":"","ocean_menu_typo_transform":"","ocean_menu_typo_transform_tablet":"","ocean_menu_typo_transform_mobile":"","ocean_menu_typo_line_height":0,"ocean_menu_typo_line_height_tablet":0,"ocean_menu_typo_line_height_mobile":0,"ocean_menu_typo_line_height_unit":"","ocean_menu_typo_spacing":0,"ocean_menu_typo_spacing_tablet":0,"ocean_menu_typo_spacing_mobile":0,"ocean_menu_typo_spacing_unit":"","ocean_menu_link_color":"","ocean_menu_link_color_hover":"","ocean_menu_link_color_active":"","ocean_menu_link_background":"","ocean_menu_link_hover_background":"","ocean_menu_link_active_background":"","ocean_menu_social_links_bg":"","ocean_menu_social_hover_links_bg":"","ocean_menu_social_links_color":"","ocean_menu_social_hover_links_color":"","ocean_disable_title":"default","ocean_disable_heading":"default","ocean_post_title":"","ocean_post_subheading":"","ocean_post_title_style":"","ocean_post_title_background_color":"","ocean_post_title_background":0,"ocean_post_title_bg_image_position":"","ocean_post_title_bg_image_attachment":"","ocean_post_title_bg_image_repeat":"","ocean_post_title_bg_image_size":"","ocean_post_title_height":0,"ocean_post_title_bg_overlay":0.5,"ocean_post_title_bg_overlay_color":"","ocean_disable_breadcrumbs":"default","ocean_breadcrumbs_color":"","ocean_breadcrumbs_separator_color":"","ocean_breadcrumbs_links_color":"","ocean_breadcrumbs_links_hover_color":"","ocean_display_footer_widgets":"default","ocean_display_footer_bottom":"default","ocean_custom_footer_template":""},"product_brand":[],"product_cat":[15],"product_tag":[3930,3898,3897,4023],"class_list":{"0":"post-6445","1":"product","2":"type-product","3":"status-publish","5":"product_cat-wszystkie-produkty","6":"product_tag-3930","7":"product_tag-3898","8":"product_tag-berlinger-haus","9":"product_tag-bh-7843","11":"entry","13":"first","14":"instock","15":"shipping-taxable","16":"product-type-simple","17":"has-product-nav","18":"col","19":"span_1_of_4","20":"owp-content-center","21":"owp-thumbs-layout-horizontal","22":"owp-btn-normal","23":"owp-tabs-layout-horizontal","24":"has-no-thumbnails"},"jetpack_sharing_enabled":true,"_links":{"self":[{"href":"https:\/\/domigoo.pl\/index.php\/wp-json\/wp\/v2\/product\/6445","targetHints":{"allow":["GET"]}}],"collection":[{"href":"https:\/\/domigoo.pl\/index.php\/wp-json\/wp\/v2\/product"}],"about":[{"href":"https:\/\/domigoo.pl\/index.php\/wp-json\/wp\/v2\/types\/product"}],"replies":[{"embeddable":true,"href":"https:\/\/domigoo.pl\/index.php\/wp-json\/wp\/v2\/comments?post=6445"}],"wp:attachment":[{"href":"https:\/\/domigoo.pl\/index.php\/wp-json\/wp\/v2\/media?parent=6445"}],"wp:term":[{"taxonomy":"product_brand","embeddable":true,"href":"https:\/\/domigoo.pl\/index.php\/wp-json\/wp\/v2\/product_brand?post=6445"},{"taxonomy":"product_cat","embeddable":true,"href":"https:\/\/domigoo.pl\/index.php\/wp-json\/wp\/v2\/product_cat?post=6445"},{"taxonomy":"product_tag","embeddable":true,"href":"https:\/\/domigoo.pl\/index.php\/wp-json\/wp\/v2\/product_tag?post=6445"}],"curies":[{"name":"wp","href":"https:\/\/api.w.org\/{rel}","templated":true}]}}