{"id":6454,"date":"2025-09-12T10:17:36","date_gmt":"2025-09-12T08:17:36","guid":{"rendered":"https:\/\/domigoo.pl\/index.php\/produkt\/forma-do-pieczenia-babki-25cm-z-tuleja-berlinger-haus-bh-6459-emerald-collection\/"},"modified":"2026-04-06T11:18:46","modified_gmt":"2026-04-06T09:18:46","slug":"forma-do-pieczenia-babki-25cm-z-tuleja-berlinger-haus-bh-6459-emerald-collection","status":"publish","type":"product","link":"https:\/\/domigoo.pl\/index.php\/produkt\/forma-do-pieczenia-babki-25cm-z-tuleja-berlinger-haus-bh-6459-emerald-collection\/","title":{"rendered":"Forma do pieczenia babki 25cm z tulej\u0105 Berlinger Haus BH-6459 Emerald Collection"},"content":{"rendered":"<h2 style=\"text-align: center;\" class=\"def\"><span style=\"font-size: x-large;\" class=\"def\">Forma do pieczenia babki 25cm&nbsp;<\/span><\/h2>\n<h3 style=\"text-align: center;\" class=\"def\"><span style=\"font-size: medium;\" class=\"def\">Berlinger Haus BH-6459 Emerald<\/span><\/h3>\n<p style=\"text-align: center;\" class=\"def\">&nbsp;<\/p>\n<p style=\"text-align: center;\" class=\"def\"><img fetchpriority=\"high\" decoding=\"async\" src=\"https:\/\/berlingerhaus.com.pl\/images\/tn107\/0-1000\/Forma-do-pieczenia-babki-25cm-z-tuleja-BerlingerHaus-BH-6459-Zielona_[392]_696.jpg\" width=\"686\" height=\"686\" alt=\"\" class=\"def\"><\/p>\n<p style=\"text-align: center;\" class=\"def\">&nbsp;<\/p>\n<p style=\"text-align: center;\" class=\"def\"><span style=\"font-size: 12pt;\" class=\"def\">Kolor:<strong class=\"def\">&nbsp;<\/strong><\/span><strong class=\"def\"><span style=\"font-family: verdana, geneva;\" class=\"def\"><span style=\"background: transparent; font-size: 12pt; color: #101112; margin: 0px; padding: 0px; border: 0px; outline: none 0px;\" class=\"def\">Ciemno<\/span><span style=\"background-color: transparent; font-size: 12pt; color: #101112;\" class=\"def\">&nbsp;z<\/span><span style=\"background: transparent; font-size: 12pt; color: #101112; margin: 0px; padding: 0px; border: 0px; outline: none 0px;\" class=\"def\">ielony&nbsp;\/ Czarny<\/span><\/span><\/strong><\/p>\n<p style=\"margin: 1em 0px; padding: 0px; border: 0px; outline: none 0px; font-size: 14px; background-image: initial; background-position: initial; background-size: initial; background-repeat: initial; background-attachment: initial; background-origin: initial; background-clip: initial; color: #101112; font-family: 'Exo 2', sans-serif; text-align: center;\" class=\"def\"><strong class=\"def\"><span style=\"margin: 0px; padding: 0px; border: 0px; outline: none 0px; font-size: 12pt; background: transparent; font-family: verdana, geneva;\" class=\"def\"><span style=\"margin: 0px; padding: 0px; border: 0px; outline: none 0px; background: transparent;\" class=\"def\">Kolor w rzeczywisto\u015bci mo\u017ce by\u0107 ciemniejszy ni\u017c na zdj\u0119ciu.<\/span><\/span><\/strong><\/p>\n<p style=\"text-align: center;\" class=\"def\"><span style=\"font-size: 12pt;\" class=\"def\">Materia\u0142:&nbsp;<strong class=\"def\">Stal w\u0119glowa<\/strong><\/span><\/p>\n<p style=\"text-align: center;\" class=\"def\"><span style=\"font-size: 12pt;\" class=\"def\">Pow\u0142oka wewn\u0119trzna:&nbsp;<strong class=\"def\">Tytanowa<\/strong><\/span><br class=\"def\"><br \/>\n<em class=\"def\">nie przywiera, odporna na uszkodzenia, \u0142atwa w czyszczeniu<\/em><\/p>\n<p style=\"text-align: center;\" class=\"def\"><span style=\"font-size: 12pt;\" class=\"def\">Mo\u017cliwo\u015b\u0107 mycia w zmywarce:&nbsp;<strong class=\"def\">Tak<\/strong><\/span><\/p>\n<p style=\"text-align: center;\" class=\"def\"><span style=\"font-size: 12pt; font-family: verdana, geneva;\" class=\"def\"><strong class=\"def\"><span style=\"margin: 0px; padding: 0px; border: 0px; outline: none 0px; background-image: initial; background-position: initial; background-size: initial; background-repeat: initial; background-attachment: initial; background-origin: initial; background-clip: initial; color: #101112;\" class=\"def\">UWAGA! Mycie w zmywarce (nie stosuj\u0105c si\u0119 do zapis\u00f3w instrukcji obs\u0142ugi ) mo\u017ce spowodowa\u0107 uszkodzenia pow\u0142oki!<\/span><\/strong><\/span><\/p>\n<p style=\"text-align: center;\" class=\"def\"><span style=\"font-size: 12pt;\" class=\"def\">Optymalna &#8211; bezpieczna temperatura u\u017cytkowania:&nbsp;<strong class=\"def\">220\u00b0C<\/strong><\/span><\/p>\n<p style=\"text-align: center;\" class=\"def\"><span style=\"font-size: 12pt;\" class=\"def\">Wymiary:&nbsp;<strong class=\"def\">25cm x&nbsp;10.5cm<\/strong><\/span><\/p>\n<p style=\"text-align: center;\" class=\"def\"><span style=\"font-size: 12pt;\" class=\"def\"><strong class=\"def\"><\/strong><\/span><\/p>\n<p style=\"text-align: center;\" class=\"def\"><span style=\"font-size: 12pt;\" class=\"def\"><strong class=\"def\"><img decoding=\"async\" src=\"https:\/\/berlingerhaus.com.pl\/images\/tn107\/4000-5000\/Forma-do-pieczenia-babki-25cm-z-tuleja-Berlinger-Haus-BH-6459-Emerald-Collection_[4180]_696.jpg\" width=\"476\" height=\"476\" alt=\"\" class=\"def\"><\/strong><\/span><\/p>\n","protected":false},"excerpt":{"rendered":"<p>Forma do babki ze stali w\u0119glowej o \u015brednicy 25cm i wysoko\u015bci 10.5cm. Tytanowa pow\u0142oka wewn\u0119trzna zapewnia zwi\u0119kszon\u0105 odporno\u015b\u0107 na uszkodzenia oraz nie przywiera. Forma w kolorzeciemno-zielonym z kolekcji BerlingerHaus Emerald.<\/p>\n","protected":false},"featured_media":0,"comment_status":"open","ping_status":"closed","template":"","meta":{"ocean_post_layout":"","ocean_both_sidebars_style":"","ocean_both_sidebars_content_width":0,"ocean_both_sidebars_sidebars_width":0,"ocean_sidebar":"","ocean_second_sidebar":"","ocean_disable_margins":"enable","ocean_add_body_class":"","ocean_shortcode_before_top_bar":"","ocean_shortcode_after_top_bar":"","ocean_shortcode_before_header":"","ocean_shortcode_after_header":"","ocean_has_shortcode":"","ocean_shortcode_after_title":"","ocean_shortcode_before_footer_widgets":"","ocean_shortcode_after_footer_widgets":"","ocean_shortcode_before_footer_bottom":"","ocean_shortcode_after_footer_bottom":"","ocean_display_top_bar":"default","ocean_display_header":"default","ocean_header_style":"","ocean_center_header_left_menu":"","ocean_custom_header_template":"","ocean_custom_logo":0,"ocean_custom_retina_logo":0,"ocean_custom_logo_max_width":0,"ocean_custom_logo_tablet_max_width":0,"ocean_custom_logo_mobile_max_width":0,"ocean_custom_logo_max_height":0,"ocean_custom_logo_tablet_max_height":0,"ocean_custom_logo_mobile_max_height":0,"ocean_header_custom_menu":"","ocean_menu_typo_font_family":"","ocean_menu_typo_font_subset":"","ocean_menu_typo_font_size":0,"ocean_menu_typo_font_size_tablet":0,"ocean_menu_typo_font_size_mobile":0,"ocean_menu_typo_font_size_unit":"px","ocean_menu_typo_font_weight":"","ocean_menu_typo_font_weight_tablet":"","ocean_menu_typo_font_weight_mobile":"","ocean_menu_typo_transform":"","ocean_menu_typo_transform_tablet":"","ocean_menu_typo_transform_mobile":"","ocean_menu_typo_line_height":0,"ocean_menu_typo_line_height_tablet":0,"ocean_menu_typo_line_height_mobile":0,"ocean_menu_typo_line_height_unit":"","ocean_menu_typo_spacing":0,"ocean_menu_typo_spacing_tablet":0,"ocean_menu_typo_spacing_mobile":0,"ocean_menu_typo_spacing_unit":"","ocean_menu_link_color":"","ocean_menu_link_color_hover":"","ocean_menu_link_color_active":"","ocean_menu_link_background":"","ocean_menu_link_hover_background":"","ocean_menu_link_active_background":"","ocean_menu_social_links_bg":"","ocean_menu_social_hover_links_bg":"","ocean_menu_social_links_color":"","ocean_menu_social_hover_links_color":"","ocean_disable_title":"default","ocean_disable_heading":"default","ocean_post_title":"","ocean_post_subheading":"","ocean_post_title_style":"","ocean_post_title_background_color":"","ocean_post_title_background":0,"ocean_post_title_bg_image_position":"","ocean_post_title_bg_image_attachment":"","ocean_post_title_bg_image_repeat":"","ocean_post_title_bg_image_size":"","ocean_post_title_height":0,"ocean_post_title_bg_overlay":0.5,"ocean_post_title_bg_overlay_color":"","ocean_disable_breadcrumbs":"default","ocean_breadcrumbs_color":"","ocean_breadcrumbs_separator_color":"","ocean_breadcrumbs_links_color":"","ocean_breadcrumbs_links_hover_color":"","ocean_display_footer_widgets":"default","ocean_display_footer_bottom":"default","ocean_custom_footer_template":""},"product_brand":[],"product_cat":[15],"product_tag":[3930,3898,3897,4032],"class_list":{"0":"post-6454","1":"product","2":"type-product","3":"status-publish","5":"product_cat-wszystkie-produkty","6":"product_tag-3930","7":"product_tag-3898","8":"product_tag-berlinger-haus","9":"product_tag-bh-6459","11":"entry","13":"first","14":"instock","15":"shipping-taxable","16":"product-type-simple","17":"has-product-nav","18":"col","19":"span_1_of_4","20":"owp-content-center","21":"owp-thumbs-layout-horizontal","22":"owp-btn-normal","23":"owp-tabs-layout-horizontal","24":"has-no-thumbnails"},"jetpack_sharing_enabled":true,"_links":{"self":[{"href":"https:\/\/domigoo.pl\/index.php\/wp-json\/wp\/v2\/product\/6454","targetHints":{"allow":["GET"]}}],"collection":[{"href":"https:\/\/domigoo.pl\/index.php\/wp-json\/wp\/v2\/product"}],"about":[{"href":"https:\/\/domigoo.pl\/index.php\/wp-json\/wp\/v2\/types\/product"}],"replies":[{"embeddable":true,"href":"https:\/\/domigoo.pl\/index.php\/wp-json\/wp\/v2\/comments?post=6454"}],"wp:attachment":[{"href":"https:\/\/domigoo.pl\/index.php\/wp-json\/wp\/v2\/media?parent=6454"}],"wp:term":[{"taxonomy":"product_brand","embeddable":true,"href":"https:\/\/domigoo.pl\/index.php\/wp-json\/wp\/v2\/product_brand?post=6454"},{"taxonomy":"product_cat","embeddable":true,"href":"https:\/\/domigoo.pl\/index.php\/wp-json\/wp\/v2\/product_cat?post=6454"},{"taxonomy":"product_tag","embeddable":true,"href":"https:\/\/domigoo.pl\/index.php\/wp-json\/wp\/v2\/product_tag?post=6454"}],"curies":[{"name":"wp","href":"https:\/\/api.w.org\/{rel}","templated":true}]}}