{"id":6466,"date":"2025-09-12T10:17:38","date_gmt":"2025-09-12T08:17:38","guid":{"rendered":"https:\/\/domigoo.pl\/index.php\/produkt\/forma-do-pieczenia-z-pokrywa-berlingerhaus-sahara-collection-bh-8639\/"},"modified":"2026-04-06T11:18:47","modified_gmt":"2026-04-06T09:18:47","slug":"forma-do-pieczenia-z-pokrywa-berlingerhaus-sahara-collection-bh-8639","status":"publish","type":"product","link":"https:\/\/domigoo.pl\/index.php\/produkt\/forma-do-pieczenia-z-pokrywa-berlingerhaus-sahara-collection-bh-8639\/","title":{"rendered":"Forma do pieczenia z pokryw\u0105 BerlingerHaus Sahara Collection BH-8639"},"content":{"rendered":"<h2 style=\"text-align: center;\" class=\"def\">Forma do pieczenia z pokryw\u0105 BerlingerHaus<\/h2>\n<h2 style=\"text-align: center;\" class=\"def\">&nbsp;Sahara Collection BH-8639<\/h2>\n<p class=\"def\"><img fetchpriority=\"high\" decoding=\"async\" src=\"https:\/\/berlingerhaus.com.pl\/images\/tn107\/4000-5000\/Forma-do-pieczenia-z-pokrywa-BerlingerHaus-Sahara-Collection-BH-8639_[4970]_696.jpg\" width=\"760\" height=\"760\" alt=\"\" style=\"display: block; margin-left: auto; margin-right: auto;\" class=\"def\"><\/p>\n<p style=\"text-align: center;\" class=\"def\"><span style=\"font-size: 14pt;\" class=\"def\">Forma do pieczenia o wymiarach <strong class=\"def\">36,5 x 24,5 x 5,5<\/strong> cm to niezast\u0105piony pomocnik w ka\u017cdej kuchni.<\/span><\/p>\n<p style=\"text-align: center;\" class=\"def\"><span style=\"font-size: 14pt;\" class=\"def\">&nbsp;Wykonana z trwa\u0142ej stali w\u0119glowej z innowacyjn\u0105 pow\u0142ok\u0105 TitanPro, zapobiegaj\u0105c\u0105 przywieraniu, gwarantuje \u0142atwe pieczenie i szybkie czyszczenie.<\/span><\/p>\n<p style=\"text-align: center;\" class=\"def\"><span style=\"font-size: 14pt;\" class=\"def\">&nbsp;Matowy kremowy kolor nadaje jej elegancki i nowoczesny wygl\u0105d, kt\u00f3ry idealnie wkomponuje si\u0119 w ka\u017cd\u0105 kuchni\u0119.<\/span><span style=\"font-size: 14pt;\" class=\"def\"><\/span><\/p>\n<p style=\"text-align: center;\" class=\"def\"><span style=\"font-size: 14pt;\" class=\"def\"><img decoding=\"async\" src=\"https:\/\/berlingerhaus.com.pl\/images\/tn107\/4000-5000\/Forma-do-pieczenia-z-pokrywa-BerlingerHaus-Sahara-Collection-BH-8639_[4972]_696.jpg\" width=\"616\" height=\"616\" alt=\"\" style=\"float: left;\" class=\"def\"><\/span><\/p>\n<p style=\"text-align: center;\" class=\"def\"><span style=\"font-size: 18pt;\" class=\"def\"><strong class=\"def\"><\/strong><\/span><\/p>\n<p style=\"text-align: center;\" class=\"def\"><span style=\"font-size: 18pt;\" class=\"def\"><strong class=\"def\">Cechy produktu:<\/strong><\/span><span style=\"font-size: 18pt;\" class=\"def\"><strong class=\"def\"><\/strong><\/span><span style=\"font-size: 18pt;\" class=\"def\"><strong class=\"def\"><\/strong><\/span><span style=\"font-size: 18pt;\" class=\"def\"><strong class=\"def\"><\/strong><\/span><span style=\"font-size: 18pt;\" class=\"def\"><strong class=\"def\"><\/strong><\/span><\/p>\n<p style=\"text-align: center;\" class=\"def\"><span style=\"font-size: 14pt;\" class=\"def\"><strong class=\"def\">Materia\u0142<\/strong>: Stal w\u0119glowa z wytrzyma\u0142\u0105 pow\u0142ok\u0105 TitanPro, woln\u0105 od PFOA, o\u0142owiu i kadmu.<\/span><\/p>\n<p style=\"text-align: center;\" class=\"def\"><span style=\"font-size: 14pt;\" class=\"def\"><strong class=\"def\">Rozmiar<\/strong>: <strong class=\"def\">36,5 x 24,5 x 5,5 cm<\/strong> \u2013 idealny do pieczenia r\u00f3\u017cnorodnych potraw.<\/span><\/p>\n<p style=\"text-align: center;\" class=\"def\"><span style=\"font-size: 14pt;\" class=\"def\"><strong class=\"def\">Odporno\u015b\u0107 na temperatur\u0119<\/strong>:&nbsp; do 220\u00b0C.<\/span><\/p>\n<p style=\"text-align: center;\" class=\"def\"><span style=\"font-size: 14pt;\" class=\"def\"><strong class=\"def\">Dodatki<\/strong>: Plastikowa pokrywka na wynos, kt\u00f3ra u\u0142atwia przechowywanie i transport przygotowanych potraw.<\/span><\/p>\n<p style=\"text-align: center;\" class=\"def\"><span style=\"font-size: 14pt;\" class=\"def\"><strong class=\"def\">Przyjazne dla \u015brodowiska<\/strong>: Produkt bezpieczny dla zdrowia i \u015brodowiska.<\/span><\/p>\n<p style=\"text-align: center;\" class=\"def\"><span style=\"font-size: 14pt;\" class=\"def\"><\/span><\/p>\n","protected":false},"excerpt":{"rendered":"<p>Materia\u0142: Stal w\u0119glowa z pow\u0142ok\u0105 TitanPro zapobiegaj\u0105c\u0105 przywieraniu<br \/>\nRozmiar: 36,5 x 24,5 x 5,5 cm<br \/>\nKolor: Matowy krem<br \/>\nTemperatura u\u017cytkowania: Do 220\u00b0C<br \/>\nPokrywka: Plastikowa, u\u0142atwiaj\u0105ca transport i przechowywanie<br \/>\nCechy ekologiczne: Bez PFOA, o\u0142owiu i kadmu<\/p>\n","protected":false},"featured_media":0,"comment_status":"open","ping_status":"closed","template":"","meta":{"ocean_post_layout":"","ocean_both_sidebars_style":"","ocean_both_sidebars_content_width":0,"ocean_both_sidebars_sidebars_width":0,"ocean_sidebar":"","ocean_second_sidebar":"","ocean_disable_margins":"enable","ocean_add_body_class":"","ocean_shortcode_before_top_bar":"","ocean_shortcode_after_top_bar":"","ocean_shortcode_before_header":"","ocean_shortcode_after_header":"","ocean_has_shortcode":"","ocean_shortcode_after_title":"","ocean_shortcode_before_footer_widgets":"","ocean_shortcode_after_footer_widgets":"","ocean_shortcode_before_footer_bottom":"","ocean_shortcode_after_footer_bottom":"","ocean_display_top_bar":"default","ocean_display_header":"default","ocean_header_style":"","ocean_center_header_left_menu":"","ocean_custom_header_template":"","ocean_custom_logo":0,"ocean_custom_retina_logo":0,"ocean_custom_logo_max_width":0,"ocean_custom_logo_tablet_max_width":0,"ocean_custom_logo_mobile_max_width":0,"ocean_custom_logo_max_height":0,"ocean_custom_logo_tablet_max_height":0,"ocean_custom_logo_mobile_max_height":0,"ocean_header_custom_menu":"","ocean_menu_typo_font_family":"","ocean_menu_typo_font_subset":"","ocean_menu_typo_font_size":0,"ocean_menu_typo_font_size_tablet":0,"ocean_menu_typo_font_size_mobile":0,"ocean_menu_typo_font_size_unit":"px","ocean_menu_typo_font_weight":"","ocean_menu_typo_font_weight_tablet":"","ocean_menu_typo_font_weight_mobile":"","ocean_menu_typo_transform":"","ocean_menu_typo_transform_tablet":"","ocean_menu_typo_transform_mobile":"","ocean_menu_typo_line_height":0,"ocean_menu_typo_line_height_tablet":0,"ocean_menu_typo_line_height_mobile":0,"ocean_menu_typo_line_height_unit":"","ocean_menu_typo_spacing":0,"ocean_menu_typo_spacing_tablet":0,"ocean_menu_typo_spacing_mobile":0,"ocean_menu_typo_spacing_unit":"","ocean_menu_link_color":"","ocean_menu_link_color_hover":"","ocean_menu_link_color_active":"","ocean_menu_link_background":"","ocean_menu_link_hover_background":"","ocean_menu_link_active_background":"","ocean_menu_social_links_bg":"","ocean_menu_social_hover_links_bg":"","ocean_menu_social_links_color":"","ocean_menu_social_hover_links_color":"","ocean_disable_title":"default","ocean_disable_heading":"default","ocean_post_title":"","ocean_post_subheading":"","ocean_post_title_style":"","ocean_post_title_background_color":"","ocean_post_title_background":0,"ocean_post_title_bg_image_position":"","ocean_post_title_bg_image_attachment":"","ocean_post_title_bg_image_repeat":"","ocean_post_title_bg_image_size":"","ocean_post_title_height":0,"ocean_post_title_bg_overlay":0.5,"ocean_post_title_bg_overlay_color":"","ocean_disable_breadcrumbs":"default","ocean_breadcrumbs_color":"","ocean_breadcrumbs_separator_color":"","ocean_breadcrumbs_links_color":"","ocean_breadcrumbs_links_hover_color":"","ocean_display_footer_widgets":"default","ocean_display_footer_bottom":"default","ocean_custom_footer_template":""},"product_brand":[],"product_cat":[15],"product_tag":[3930,3898,3897,4044],"class_list":{"0":"post-6466","1":"product","2":"type-product","3":"status-publish","5":"product_cat-wszystkie-produkty","6":"product_tag-3930","7":"product_tag-3898","8":"product_tag-berlinger-haus","9":"product_tag-bh-8639","11":"entry","13":"first","14":"instock","15":"shipping-taxable","16":"product-type-simple","17":"has-product-nav","18":"col","19":"span_1_of_4","20":"owp-content-center","21":"owp-thumbs-layout-horizontal","22":"owp-btn-normal","23":"owp-tabs-layout-horizontal","24":"has-no-thumbnails"},"jetpack_sharing_enabled":true,"_links":{"self":[{"href":"https:\/\/domigoo.pl\/index.php\/wp-json\/wp\/v2\/product\/6466","targetHints":{"allow":["GET"]}}],"collection":[{"href":"https:\/\/domigoo.pl\/index.php\/wp-json\/wp\/v2\/product"}],"about":[{"href":"https:\/\/domigoo.pl\/index.php\/wp-json\/wp\/v2\/types\/product"}],"replies":[{"embeddable":true,"href":"https:\/\/domigoo.pl\/index.php\/wp-json\/wp\/v2\/comments?post=6466"}],"wp:attachment":[{"href":"https:\/\/domigoo.pl\/index.php\/wp-json\/wp\/v2\/media?parent=6466"}],"wp:term":[{"taxonomy":"product_brand","embeddable":true,"href":"https:\/\/domigoo.pl\/index.php\/wp-json\/wp\/v2\/product_brand?post=6466"},{"taxonomy":"product_cat","embeddable":true,"href":"https:\/\/domigoo.pl\/index.php\/wp-json\/wp\/v2\/product_cat?post=6466"},{"taxonomy":"product_tag","embeddable":true,"href":"https:\/\/domigoo.pl\/index.php\/wp-json\/wp\/v2\/product_tag?post=6466"}],"curies":[{"name":"wp","href":"https:\/\/api.w.org\/{rel}","templated":true}]}}