{"id":6470,"date":"2025-09-12T10:17:39","date_gmt":"2025-09-12T08:17:39","guid":{"rendered":"https:\/\/domigoo.pl\/index.php\/produkt\/forma-do-pieczenie-z-pokrywa-berlingerhaus-bh-7840\/"},"modified":"2026-04-13T13:22:30","modified_gmt":"2026-04-13T11:22:30","slug":"forma-do-pieczenie-z-pokrywa-berlingerhaus-bh-7840","status":"publish","type":"product","link":"https:\/\/domigoo.pl\/index.php\/produkt\/forma-do-pieczenie-z-pokrywa-berlingerhaus-bh-7840\/","title":{"rendered":"Forma do pieczenie z pokryw\u0105 Shiny Black BerlingerHaus BH-7840"},"content":{"rendered":"<h1 style=\"text-align: center;\" class=\"def\"><span style=\"font-size: 24pt; font-family: Montserrat;\" class=\"def\"><strong class=\"def\"><span class=\"def\"><strong class=\"def\">Forma do pieczenie z pokryw\u0105 36,5 x 24,5 x 5.5 cm Shiny Black<\/strong><\/span><\/strong><\/span><\/h1>\n<h1 style=\"text-align: center;\" class=\"def\"><span style=\"font-size: 24pt; font-family: Montserrat;\" class=\"def\"><strong class=\"def\"><span class=\"def\"><strong class=\"def\">&nbsp;BerlingerHaus BH-7840<\/strong><\/span><\/strong><\/span><\/h1>\n<p style=\"text-align: center;\" class=\"def\">&nbsp;<\/p>\n<hr class=\"def\">\n<p data-start=\"199\" data-end=\"454\" style=\"text-align: center;\" class=\"def\"><span style=\"font-size: 14pt;\" class=\"def\">Elegancka forma do pieczenia&nbsp;<strong data-start=\"228\" data-end=\"254\" class=\"def\">Berlinger Haus BH-7840<\/strong> to po\u0142\u0105czenie nowoczesnego designu i codziennej funkcjonalno\u015bci. Wykonana z trwa\u0142ej stali w\u0119glowej z tytanow\u0105 pow\u0142ok\u0105 nieprzywieraj\u0105c\u0105, zapewnia komfort pieczenia i doskona\u0142e efekty bez przywierania.<\/span><\/p>\n<p data-start=\"456\" data-end=\"636\" style=\"text-align: center;\" class=\"def\"><span style=\"font-size: 14pt;\" class=\"def\">Do\u0142\u0105czona <strong data-start=\"466\" data-end=\"488\" class=\"def\">pokrywa z uchwytem<\/strong> chroni gotowe potrawy przed wysychaniem oraz u\u0142atwia ich przenoszenie i przechowywanie. Idealna zar\u00f3wno do domowych wypiek\u00f3w, jak i da\u0144 wytrawnych.<\/span><\/p>\n<p data-start=\"456\" data-end=\"636\" style=\"text-align: center;\" class=\"def\"><span style=\"font-size: 14pt;\" class=\"def\"><img fetchpriority=\"high\" decoding=\"async\" src=\"https:\/\/berlingerhaus.com.pl\/images\/tn107\/4000-5000\/Forma-do-pieczenie-z-pokrywa-BerlingerHaus-BH-7840_[4443]_696.jpg\" width=\"696\" height=\"696\" alt=\"\" class=\"def\"><\/span><\/p>\n<h3 style=\"text-align: center;\" class=\"def\"><span style=\"font-size: 18pt;\" class=\"def\"><strong class=\"def\">Specyfikacja:<\/strong><\/span><\/h3>\n<p data-start=\"1044\" data-end=\"1077\" style=\"text-align: center;\" class=\"def\"><span style=\"font-size: 14pt;\" class=\"def\"><strong class=\"def\">Wymiary:<\/strong> 36,5 \u00d7 24,5 \u00d7 5,5 cm<\/span><\/p>\n<p data-start=\"1080\" data-end=\"1142\" style=\"text-align: center;\" class=\"def\"><span style=\"font-size: 14pt;\" class=\"def\"><strong class=\"def\">Materia\u0142:<\/strong> stal w\u0119glowa z tytanow\u0105 pow\u0142ok\u0105 nieprzywieraj\u0105c\u0105<\/span><\/p>\n<p data-start=\"1145\" data-end=\"1205\" style=\"text-align: center;\" class=\"def\"><span style=\"font-size: 14pt;\" class=\"def\"><strong class=\"def\">Pow\u0142oka<\/strong>: trwa\u0142a, odporna na zarysowania, \u0142atwa w czyszczeniu<\/span><\/p>\n<p data-start=\"1208\" data-end=\"1249\" style=\"text-align: center;\" class=\"def\"><span style=\"font-size: 14pt;\" class=\"def\"><strong class=\"def\">Pokrywa:<\/strong> tworzywo sztuczne z uchwytem<\/span><\/p>\n<p data-start=\"1252\" data-end=\"1280\" style=\"text-align: center;\" class=\"def\"><span style=\"font-size: 14pt;\" class=\"def\"><strong class=\"def\">Kolor:<\/strong> metaliczny czarny<\/span><\/p>\n<p data-start=\"1252\" data-end=\"1280\" style=\"text-align: center;\" class=\"def\"><span style=\"font-size: 14pt;\" class=\"def\"><img decoding=\"async\" src=\"https:\/\/berlingerhaus.com.pl\/images\/tn107\/2000-3000\/Forma-do-pieczenie-z-pokrywa-BerlingerHaus-BH-7840_[2834]_696.jpg\" width=\"488\" height=\"488\" alt=\"\" style=\"float: left;\" class=\"def\"><img decoding=\"async\" src=\"https:\/\/berlingerhaus.com.pl\/images\/tn107\/2000-3000\/Forma-do-pieczenie-z-pokrywa-BerlingerHaus-BH-7840_[2835]_696.jpg\" width=\"556\" height=\"556\" alt=\"\" style=\"font-family: verdana, geneva, sans-serif; font-size: 18.6667px;\" class=\"def\"><\/span><\/p>\n<p style=\"text-align: center;\" class=\"def\"><span style=\"font-size: 14pt; font-family: verdana, geneva, sans-serif;\" class=\"def\">&nbsp;<\/span><\/p>\n","protected":false},"excerpt":{"rendered":"<p>Rozmiar: 36,5 x 24,5 x 5.5 cm<br \/>\nKolor: czarny opalizuj\u0105cy<br \/>\nPotr\u00f3jna pow\u0142oka nieprzywieraj\u0105ca w kolorze czarnym<br \/>\nMateria\u0142: wysokiej jako\u015bci prasowanego aluminium pokryta z zewn\u0105trz \u017caroodpornym lakierem o charakterystycznym metalicznym po\u0142ysku.<\/p>\n","protected":false},"featured_media":0,"comment_status":"open","ping_status":"closed","template":"","meta":{"ocean_post_layout":"","ocean_both_sidebars_style":"","ocean_both_sidebars_content_width":0,"ocean_both_sidebars_sidebars_width":0,"ocean_sidebar":"","ocean_second_sidebar":"","ocean_disable_margins":"enable","ocean_add_body_class":"","ocean_shortcode_before_top_bar":"","ocean_shortcode_after_top_bar":"","ocean_shortcode_before_header":"","ocean_shortcode_after_header":"","ocean_has_shortcode":"","ocean_shortcode_after_title":"","ocean_shortcode_before_footer_widgets":"","ocean_shortcode_after_footer_widgets":"","ocean_shortcode_before_footer_bottom":"","ocean_shortcode_after_footer_bottom":"","ocean_display_top_bar":"default","ocean_display_header":"default","ocean_header_style":"","ocean_center_header_left_menu":"","ocean_custom_header_template":"","ocean_custom_logo":0,"ocean_custom_retina_logo":0,"ocean_custom_logo_max_width":0,"ocean_custom_logo_tablet_max_width":0,"ocean_custom_logo_mobile_max_width":0,"ocean_custom_logo_max_height":0,"ocean_custom_logo_tablet_max_height":0,"ocean_custom_logo_mobile_max_height":0,"ocean_header_custom_menu":"","ocean_menu_typo_font_family":"","ocean_menu_typo_font_subset":"","ocean_menu_typo_font_size":0,"ocean_menu_typo_font_size_tablet":0,"ocean_menu_typo_font_size_mobile":0,"ocean_menu_typo_font_size_unit":"px","ocean_menu_typo_font_weight":"","ocean_menu_typo_font_weight_tablet":"","ocean_menu_typo_font_weight_mobile":"","ocean_menu_typo_transform":"","ocean_menu_typo_transform_tablet":"","ocean_menu_typo_transform_mobile":"","ocean_menu_typo_line_height":0,"ocean_menu_typo_line_height_tablet":0,"ocean_menu_typo_line_height_mobile":0,"ocean_menu_typo_line_height_unit":"","ocean_menu_typo_spacing":0,"ocean_menu_typo_spacing_tablet":0,"ocean_menu_typo_spacing_mobile":0,"ocean_menu_typo_spacing_unit":"","ocean_menu_link_color":"","ocean_menu_link_color_hover":"","ocean_menu_link_color_active":"","ocean_menu_link_background":"","ocean_menu_link_hover_background":"","ocean_menu_link_active_background":"","ocean_menu_social_links_bg":"","ocean_menu_social_hover_links_bg":"","ocean_menu_social_links_color":"","ocean_menu_social_hover_links_color":"","ocean_disable_title":"default","ocean_disable_heading":"default","ocean_post_title":"","ocean_post_subheading":"","ocean_post_title_style":"","ocean_post_title_background_color":"","ocean_post_title_background":0,"ocean_post_title_bg_image_position":"","ocean_post_title_bg_image_attachment":"","ocean_post_title_bg_image_repeat":"","ocean_post_title_bg_image_size":"","ocean_post_title_height":0,"ocean_post_title_bg_overlay":0.5,"ocean_post_title_bg_overlay_color":"","ocean_disable_breadcrumbs":"default","ocean_breadcrumbs_color":"","ocean_breadcrumbs_separator_color":"","ocean_breadcrumbs_links_color":"","ocean_breadcrumbs_links_hover_color":"","ocean_display_footer_widgets":"default","ocean_display_footer_bottom":"default","ocean_custom_footer_template":""},"product_brand":[],"product_cat":[15],"product_tag":[3930,3898,3897,4048],"class_list":{"0":"post-6470","1":"product","2":"type-product","3":"status-publish","5":"product_cat-wszystkie-produkty","6":"product_tag-3930","7":"product_tag-3898","8":"product_tag-berlinger-haus","9":"product_tag-bh-7840","11":"entry","13":"first","14":"instock","15":"shipping-taxable","16":"product-type-simple","17":"has-product-nav","18":"col","19":"span_1_of_4","20":"owp-content-center","21":"owp-thumbs-layout-horizontal","22":"owp-btn-normal","23":"owp-tabs-layout-horizontal","24":"has-no-thumbnails"},"jetpack_sharing_enabled":true,"_links":{"self":[{"href":"https:\/\/domigoo.pl\/index.php\/wp-json\/wp\/v2\/product\/6470","targetHints":{"allow":["GET"]}}],"collection":[{"href":"https:\/\/domigoo.pl\/index.php\/wp-json\/wp\/v2\/product"}],"about":[{"href":"https:\/\/domigoo.pl\/index.php\/wp-json\/wp\/v2\/types\/product"}],"replies":[{"embeddable":true,"href":"https:\/\/domigoo.pl\/index.php\/wp-json\/wp\/v2\/comments?post=6470"}],"wp:attachment":[{"href":"https:\/\/domigoo.pl\/index.php\/wp-json\/wp\/v2\/media?parent=6470"}],"wp:term":[{"taxonomy":"product_brand","embeddable":true,"href":"https:\/\/domigoo.pl\/index.php\/wp-json\/wp\/v2\/product_brand?post=6470"},{"taxonomy":"product_cat","embeddable":true,"href":"https:\/\/domigoo.pl\/index.php\/wp-json\/wp\/v2\/product_cat?post=6470"},{"taxonomy":"product_tag","embeddable":true,"href":"https:\/\/domigoo.pl\/index.php\/wp-json\/wp\/v2\/product_tag?post=6470"}],"curies":[{"name":"wp","href":"https:\/\/api.w.org\/{rel}","templated":true}]}}