{"id":6474,"date":"2025-09-12T10:17:39","date_gmt":"2025-09-12T08:17:39","guid":{"rendered":"https:\/\/domigoo.pl\/index.php\/produkt\/frytkownica-beztluszczowa-air-fryer-berlinger-haus-bh-9171-czarna\/"},"modified":"2026-01-25T20:39:33","modified_gmt":"2026-01-25T19:39:33","slug":"frytkownica-beztluszczowa-air-fryer-berlinger-haus-bh-9171-czarna","status":"publish","type":"product","link":"https:\/\/domigoo.pl\/index.php\/produkt\/frytkownica-beztluszczowa-air-fryer-berlinger-haus-bh-9171-czarna\/","title":{"rendered":"Frytkownica bezt\u0142uszczowa Air Fryer Berlinger Haus BH-9171 Czarna"},"content":{"rendered":"<h2 style=\"text-align: center;\" class=\"def\">&nbsp;<\/h2>\n<h2 style=\"text-align: center;\" class=\"def\"><span style=\"font-size: x-large;\" class=\"def\">Frytkownica bezt\u0142uszczowa Air Fryer 1350 W<\/span><\/h2>\n<h3 style=\"text-align: center;\" class=\"def\"><span style=\"font-size: medium;\" class=\"def\">Berlinger Haus BH-9171 Black Silver<\/span><\/h3>\n<p class=\"def\">&nbsp;<\/p>\n<p style=\"text-align: center;\" class=\"def\"><img fetchpriority=\"high\" decoding=\"async\" src=\"https:\/\/berlingerhaus.com.pl\/images\/tn107\/0-1000\/Frytkownica-beztluszczowa-BerlingerHaus-Czarna-BH-9171-Black-Silver_[420]_696.jpg\" width=\"776\" height=\"517\" alt=\"\" class=\"def\"><\/p>\n<p style=\"text-align: center;\" class=\"def\">&nbsp;<\/p>\n<p style=\"text-align: center;\" class=\"def\"><span style=\"font-size: medium;\" class=\"def\">Dzi\u0119ki&nbsp;<strong class=\"def\">frytkownicy bezt\u0142uszczowej<\/strong>&nbsp;BerlingerHaus BH-9171 mo\u017cesz przygotowywa\u0107 zdrowe posi\u0142ki zawieraj\u0105ce&nbsp;<strong class=\"def\">80% mniej t\u0142uszczu<\/strong>.<\/span><\/p>\n<p style=\"text-align: center;\" class=\"def\">&nbsp;<\/p>\n<p style=\"text-align: center;\" class=\"def\"><span style=\"font-size: medium;\" class=\"def\">Urz\u0105dzenie&nbsp;<strong class=\"def\">dzia\u0142a na zasadzie cyrkulacji gor\u0105cego powietrza<\/strong>, kt\u00f3rego<strong class=\"def\">&nbsp;temperatur\u0119 mo\u017cna regulowa\u0107<\/strong>.<\/span><\/p>\n<p style=\"text-align: center;\" class=\"def\">&nbsp;<\/p>\n<p style=\"text-align: center;\" class=\"def\"><span style=\"font-size: medium;\" class=\"def\">Nadaje si\u0119 do sma\u017cenia lub pieczenia r\u00f3\u017cnych warzyw i mi\u0119s&nbsp;<strong class=\"def\">bez szkodliwego t\u0142uszczu,<\/strong>&nbsp;kt\u00f3rego potrzebuj\u0105 standardowe frytkownice.<\/span><\/p>\n<p style=\"text-align: center;\" class=\"def\">&nbsp;<\/p>\n<p style=\"text-align: center;\" class=\"def\"><span style=\"font-size: medium;\" class=\"def\">W celu dodatkowego opiekania&nbsp;<strong class=\"def\">mo\u017cna wyd\u0142u\u017cy\u0107 czas<\/strong>&nbsp;przetwarzania wed\u0142ug w\u0142asnej woli.&nbsp;<\/span><\/p>\n<p style=\"text-align: center;\" class=\"def\">&nbsp;<\/p>\n<p style=\"text-align: center;\" class=\"def\"><span style=\"font-size: medium;\" class=\"def\"><strong class=\"def\">Urz\u0105dzenie jest \u0142atwe w czyszczeniu<\/strong>, idealnie nadaje si\u0119 do codziennego u\u017cytku.<\/span><\/p>\n<p style=\"text-align: center;\" class=\"def\">&nbsp;<\/p>\n<p style=\"text-align: center;\" class=\"def\">&nbsp;<\/p>\n<p style=\"text-align: center;\" class=\"def\">&nbsp;<img decoding=\"async\" src=\"https:\/\/berlingerhaus.com.pl\/images\/tn107\/0-1000\/Frytkownica-beztluszczowa-BerlingerHaus-Czarna-BH-9171-Black-Silver_[421]_696.jpg\" width=\"696\" height=\"696\" alt=\"\" class=\"def\"><\/p>\n<p style=\"text-align: center;\" class=\"def\"><span style=\"text-decoration: underline; font-size: medium;\" class=\"def\"><strong class=\"def\"><span class=\"def\">CECHY DODATKOWE<\/span><\/strong><\/span><\/p>\n<p style=\"text-align: center;\" class=\"def\"><span style=\"font-size: medium;\" class=\"def\">&nbsp;<strong class=\"def\">&#8211; Ochrona przed przegrzaniem<\/strong><\/span><\/p>\n<p style=\"text-align: center;\" class=\"def\"><span style=\"font-size: medium;\" class=\"def\"><strong class=\"def\">&#8211; Dzwonek z funkcj\u0105 Auto-Ready<\/strong><\/span><\/p>\n<p style=\"text-align: center;\" class=\"def\"><span style=\"font-size: medium;\" class=\"def\"><strong class=\"def\">&#8211; Podw\u00f3jne zabezpieczenie<\/strong><\/span><\/p>\n<p style=\"text-align: center;\" class=\"def\"><span style=\"font-size: medium;\" class=\"def\"><strong class=\"def\">&#8211; Regulacja temperatury<\/strong><\/span><\/p>\n<p style=\"text-align: center;\" class=\"def\">&nbsp;<\/p>\n<p style=\"text-align: center;\" class=\"def\">&nbsp;<\/p>\n<p style=\"text-align: center;\" class=\"def\">&nbsp;<img decoding=\"async\" src=\"https:\/\/berlingerhaus.com.pl\/images\/tn107\/0-1000\/Frytkownica-beztluszczowa-BerlingerHaus-Czarna-BH-9171-Black-Silver_[419]_696.jpg\" width=\"608\" height=\"608\" alt=\"\" class=\"def\"><\/p>\n<h2 style=\"text-align: center;\" class=\"def\"><span style=\"font-size: medium;\" class=\"def\">Pieczenie &#8211; Grillowanie &#8211; Sma\u017cenie<\/span><\/h2>\n<p style=\"text-align: center;\" class=\"def\"><span style=\"font-size: medium;\" class=\"def\">Zdrowy spos\u00f3b na przyrz\u0105dzenie potraw bez t\u0142uszczu, b\u0105d\u017a z jego redukcj\u0105 nawet do -80 %.<\/span><\/p>\n<p style=\"text-align: center;\" class=\"def\"><span style=\"font-size: medium;\" class=\"def\">&nbsp;Zdrowe od\u017cywanie w jeszcze prostszej i smaczniejszej ods\u0142onie !<\/span><\/p>\n<p style=\"text-align: center;\" class=\"def\">&nbsp;<\/p>\n<p style=\"text-align: center;\" class=\"def\"><span style=\"font-size: 14pt;\" class=\"def\">&nbsp;<\/span><\/p>\n<p style=\"text-align: center;\" class=\"def\"><span style=\"font-size: medium;\" class=\"def\">Moc:&nbsp;<strong class=\"def\">1350 W<\/strong><\/span><\/p>\n<p style=\"text-align: center;\" class=\"def\"><span style=\"font-size: medium;\" class=\"def\">Pojemno\u015b\u0107 koszyka:<strong class=\"def\">&nbsp;2,6 kg<\/strong><\/span><\/p>\n<p style=\"text-align: center;\" class=\"def\"><span style=\"font-size: medium;\" class=\"def\">Pojemno\u015b\u0107 misy:&nbsp;<strong class=\"def\">3,2 L<\/strong><\/span><\/p>\n<p style=\"text-align: center;\" class=\"def\"><span style=\"font-size: medium;\" class=\"def\">Pow\u0142oka misy:&nbsp;<strong class=\"def\">Nieprzywieraj\u0105ca<\/strong><\/span><\/p>\n<p style=\"text-align: center;\" class=\"def\"><span style=\"font-size: medium;\" class=\"def\">Programator czasowy:&nbsp;<strong class=\"def\">Tak<\/strong><\/span><\/p>\n<p style=\"text-align: center;\" class=\"def\"><span style=\"font-size: medium;\" class=\"def\">Regulacja temperatury:&nbsp;<strong class=\"def\">Tak (80 &#8211; 200 stopni C)<\/strong><\/span><\/p>\n<p style=\"text-align: center;\" class=\"def\"><span style=\"font-size: medium;\" class=\"def\">Sygna\u0142 d\u017awi\u0119kowy:&nbsp;<strong class=\"def\">Tak<\/strong><\/span><\/p>\n<p style=\"text-align: center;\" class=\"def\"><span style=\"font-size: medium;\" class=\"def\">Mo\u017cliwo\u015b\u0107 mycia cz\u0119\u015bci w zmywarce:&nbsp;<strong class=\"def\">Nie<\/strong><\/span><\/p>\n<p style=\"text-align: center;\" class=\"def\"><span style=\"font-size: medium;\" class=\"def\">Kolor:&nbsp;<strong class=\"def\">Czarny<\/strong><\/span><\/p>\n<p style=\"text-align: center;\" class=\"def\"><span style=\"font-size: medium;\" class=\"def\">Wyposa\u017cenie:&nbsp;<strong class=\"def\">Kosz na frytki<\/strong><\/span><\/p>\n<p style=\"text-align: center;\" class=\"def\"><span style=\"font-size: medium;\" class=\"def\">Gwarancja:&nbsp;<strong class=\"def\">24 miesi\u0105ce<\/strong><\/span><\/p>\n","protected":false},"excerpt":{"rendered":"<p>Frytkownica bezt\u0142uszczowa &#8211; Air Fryer o mocy 1350W. Umo\u017cliwia bezt\u0142uszczowe przygotowanie jednej z najpopularniejszych przek\u0105sek na \u015bwiecie &#8211; frytek, a tak\u017ce dziesi\u0105tek innych da\u0144. Zasada dzia\u0142ania urz\u0105dzenia polega na cyrkulacji gor\u0105cego powietrza, kt\u00f3rego temperatur\u0119 mo\u017cna w prosty spos\u00f3b regulowa\u0107. Urz\u0105dzenie zaopatrzone w m.in.: ochron\u0119 przed przegrzaniem oraz sygna\u0142 d\u017awi\u0119kowy. Frytkownica w kolorze czarnym, zdobiona elementami o srebrnej barwie.<\/p>\n","protected":false},"featured_media":0,"comment_status":"open","ping_status":"closed","template":"","meta":{"ocean_post_layout":"","ocean_both_sidebars_style":"","ocean_both_sidebars_content_width":0,"ocean_both_sidebars_sidebars_width":0,"ocean_sidebar":"","ocean_second_sidebar":"","ocean_disable_margins":"enable","ocean_add_body_class":"","ocean_shortcode_before_top_bar":"","ocean_shortcode_after_top_bar":"","ocean_shortcode_before_header":"","ocean_shortcode_after_header":"","ocean_has_shortcode":"","ocean_shortcode_after_title":"","ocean_shortcode_before_footer_widgets":"","ocean_shortcode_after_footer_widgets":"","ocean_shortcode_before_footer_bottom":"","ocean_shortcode_after_footer_bottom":"","ocean_display_top_bar":"default","ocean_display_header":"default","ocean_header_style":"","ocean_center_header_left_menu":"","ocean_custom_header_template":"","ocean_custom_logo":0,"ocean_custom_retina_logo":0,"ocean_custom_logo_max_width":0,"ocean_custom_logo_tablet_max_width":0,"ocean_custom_logo_mobile_max_width":0,"ocean_custom_logo_max_height":0,"ocean_custom_logo_tablet_max_height":0,"ocean_custom_logo_mobile_max_height":0,"ocean_header_custom_menu":"","ocean_menu_typo_font_family":"","ocean_menu_typo_font_subset":"","ocean_menu_typo_font_size":0,"ocean_menu_typo_font_size_tablet":0,"ocean_menu_typo_font_size_mobile":0,"ocean_menu_typo_font_size_unit":"px","ocean_menu_typo_font_weight":"","ocean_menu_typo_font_weight_tablet":"","ocean_menu_typo_font_weight_mobile":"","ocean_menu_typo_transform":"","ocean_menu_typo_transform_tablet":"","ocean_menu_typo_transform_mobile":"","ocean_menu_typo_line_height":0,"ocean_menu_typo_line_height_tablet":0,"ocean_menu_typo_line_height_mobile":0,"ocean_menu_typo_line_height_unit":"","ocean_menu_typo_spacing":0,"ocean_menu_typo_spacing_tablet":0,"ocean_menu_typo_spacing_mobile":0,"ocean_menu_typo_spacing_unit":"","ocean_menu_link_color":"","ocean_menu_link_color_hover":"","ocean_menu_link_color_active":"","ocean_menu_link_background":"","ocean_menu_link_hover_background":"","ocean_menu_link_active_background":"","ocean_menu_social_links_bg":"","ocean_menu_social_hover_links_bg":"","ocean_menu_social_links_color":"","ocean_menu_social_hover_links_color":"","ocean_disable_title":"default","ocean_disable_heading":"default","ocean_post_title":"","ocean_post_subheading":"","ocean_post_title_style":"","ocean_post_title_background_color":"","ocean_post_title_background":0,"ocean_post_title_bg_image_position":"","ocean_post_title_bg_image_attachment":"","ocean_post_title_bg_image_repeat":"","ocean_post_title_bg_image_size":"","ocean_post_title_height":0,"ocean_post_title_bg_overlay":0.5,"ocean_post_title_bg_overlay_color":"","ocean_disable_breadcrumbs":"default","ocean_breadcrumbs_color":"","ocean_breadcrumbs_separator_color":"","ocean_breadcrumbs_links_color":"","ocean_breadcrumbs_links_hover_color":"","ocean_display_footer_widgets":"default","ocean_display_footer_bottom":"default","ocean_custom_footer_template":""},"product_brand":[],"product_cat":[15],"product_tag":[3898,4140,3897,4052],"class_list":{"0":"post-6474","1":"product","2":"type-product","3":"status-publish","5":"product_cat-wszystkie-produkty","6":"product_tag-3898","7":"product_tag-4140","8":"product_tag-berlinger-haus","9":"product_tag-bh-9171","11":"entry","13":"first","14":"outofstock","15":"shipping-taxable","16":"product-type-simple","17":"has-product-nav","18":"col","19":"span_1_of_4","20":"owp-content-center","21":"owp-thumbs-layout-horizontal","22":"owp-btn-normal","23":"owp-tabs-layout-horizontal","24":"has-no-thumbnails"},"jetpack_sharing_enabled":true,"_links":{"self":[{"href":"https:\/\/domigoo.pl\/index.php\/wp-json\/wp\/v2\/product\/6474","targetHints":{"allow":["GET"]}}],"collection":[{"href":"https:\/\/domigoo.pl\/index.php\/wp-json\/wp\/v2\/product"}],"about":[{"href":"https:\/\/domigoo.pl\/index.php\/wp-json\/wp\/v2\/types\/product"}],"replies":[{"embeddable":true,"href":"https:\/\/domigoo.pl\/index.php\/wp-json\/wp\/v2\/comments?post=6474"}],"wp:attachment":[{"href":"https:\/\/domigoo.pl\/index.php\/wp-json\/wp\/v2\/media?parent=6474"}],"wp:term":[{"taxonomy":"product_brand","embeddable":true,"href":"https:\/\/domigoo.pl\/index.php\/wp-json\/wp\/v2\/product_brand?post=6474"},{"taxonomy":"product_cat","embeddable":true,"href":"https:\/\/domigoo.pl\/index.php\/wp-json\/wp\/v2\/product_cat?post=6474"},{"taxonomy":"product_tag","embeddable":true,"href":"https:\/\/domigoo.pl\/index.php\/wp-json\/wp\/v2\/product_tag?post=6474"}],"curies":[{"name":"wp","href":"https:\/\/api.w.org\/{rel}","templated":true}]}}