{"id":6477,"date":"2025-09-12T10:17:40","date_gmt":"2025-09-12T08:17:40","guid":{"rendered":"https:\/\/domigoo.pl\/index.php\/produkt\/frytkownica-beztluszczowa-airfryer-8l-berlingerhaus-bh-9604-black-rose-collection\/"},"modified":"2026-04-06T11:25:30","modified_gmt":"2026-04-06T09:25:30","slug":"frytkownica-beztluszczowa-airfryer-8l-berlingerhaus-bh-9604-black-rose-collection","status":"publish","type":"product","link":"https:\/\/domigoo.pl\/index.php\/produkt\/frytkownica-beztluszczowa-airfryer-8l-berlingerhaus-bh-9604-black-rose-collection\/","title":{"rendered":"Frytkownica Bezt\u0142uszczowa AirFryer 8L BerlingerHaus BH-9604 Black Rose Collection"},"content":{"rendered":"<h1 style=\"text-align: center;\" class=\"def\"><strong class=\"def\">Frytkownica Bezt\u0142uszczowa AirFryer 8L BerlingerHaus <\/strong><\/h1>\n<h1 style=\"text-align: center;\" class=\"def\"><strong class=\"def\">BH-9604&nbsp; <\/strong><strong class=\"def\">Black Rose Collection<\/strong><\/h1>\n<hr class=\"def\">\n<p style=\"text-align: center;\" class=\"def\"><span style=\"font-size: 14pt;\" class=\"def\">Odkryj nowy wymiar zdrowego gotowania z cyfrow\u0105 frytkownic\u0105 bezt\u0142uszczow\u0105 <strong data-start=\"279\" data-end=\"304\" class=\"def\">BerlingerHaus BH-9604<\/strong> w eleganckim kolorze <strong data-start=\"326\" data-end=\"347\" class=\"def\">black &amp; rose gold<\/strong>.<\/span><\/p>\n<p style=\"text-align: center;\" class=\"def\"><span style=\"font-size: 14pt;\" class=\"def\">&nbsp;Dzi\u0119ki ogromnej pojemno\u015bci <strong data-start=\"376\" data-end=\"400\" class=\"def\">8 litr\u00f3w (XXXL Size)<\/strong> i mocy <strong data-start=\"408\" data-end=\"417\" class=\"def\">1650W<\/strong>, to idealne urz\u0105dzenie dla du\u017cej rodziny lub mi\u0142o\u015bnik\u00f3w szybkiego i wygodnego gotowania.<\/span><\/p>\n<p style=\"text-align: center;\" class=\"def\"><span style=\"font-size: 14pt;\" class=\"def\"><img fetchpriority=\"high\" decoding=\"async\" src=\"https:\/\/berlingerhaus.com.pl\/images\/tn107\/6000-7000\/Frytkownica-Beztluszczowa-AirFryer-BerlingerHaus-BH-9604-Black-Rose-Collection_[6162]_696.jpg\" width=\"696\" height=\"696\" alt=\"\" class=\"def\"><\/span><\/p>\n<h2 data-start=\"508\" data-end=\"537\" style=\"text-align: center;\" class=\"def\"><strong data-start=\"513\" data-end=\"537\" class=\"def\"><strong class=\"def\">Najwa\u017cniejsze cechy:<\/strong><\/strong><\/h2>\n<ul data-start=\"538\" data-end=\"1363\" class=\"def\">\n<li data-start=\"538\" data-end=\"620\" class=\"def\">\n<p data-start=\"540\" data-end=\"620\" class=\"def\"><strong data-start=\"540\" data-end=\"574\" class=\"def\">Regulacja temperatury 40\u2013200\u00b0C<\/strong><\/p>\n<\/li>\n<li data-start=\"621\" data-end=\"718\" class=\"def\">\n<p data-start=\"623\" data-end=\"718\" class=\"def\"><strong data-start=\"623\" data-end=\"663\" class=\"def\">8 automatycznych program\u00f3w gotowania<\/strong> \u2013 idealne frytki, mi\u0119so, ryby, ciasta i wiele wi\u0119cej<\/p>\n<\/li>\n<li data-start=\"719\" data-end=\"822\" class=\"def\">\n<p data-start=\"721\" data-end=\"822\" class=\"def\"><strong data-start=\"721\" data-end=\"779\" class=\"def\">Cyfrowy panel sterowania z dotykowym wy\u015bwietlaczem LED<\/strong> \u2013 intuicyjna obs\u0142uga i nowoczesny wygl\u0105d<\/p>\n<\/li>\n<li data-start=\"823\" data-end=\"910\" class=\"def\">\n<p data-start=\"825\" data-end=\"910\" class=\"def\"><strong data-start=\"825\" data-end=\"882\" class=\"def\">Funkcja podtrzymywania ciep\u0142a oraz op\u00f3\u017anionego startu<\/strong> \u2013 maksymalna elastyczno\u015b\u0107<\/p>\n<\/li>\n<li data-start=\"911\" data-end=\"1004\" class=\"def\">\n<p data-start=\"913\" data-end=\"1004\" class=\"def\"><strong data-start=\"913\" data-end=\"971\" class=\"def\">Kosz z pow\u0142ok\u0105 nieprzywieraj\u0105c\u0105 titanPro (3x trwalsz\u0105)<\/strong> \u2013 trwa\u0142o\u015b\u0107 i \u0142atwe czyszczenie<\/p>\n<\/li>\n<li data-start=\"1005\" data-end=\"1084\" class=\"def\">\n<p data-start=\"1007\" data-end=\"1084\" class=\"def\"><strong data-start=\"1007\" data-end=\"1050\" class=\"def\">Cz\u0119\u015bci nadaj\u0105ce si\u0119 do mycia w zmywarce<\/strong> \u2013 szybkie porz\u0105dki po gotowaniu<\/p>\n<\/li>\n<li data-start=\"1085\" data-end=\"1158\" class=\"def\">\n<p data-start=\"1087\" data-end=\"1158\" class=\"def\"><strong data-start=\"1087\" data-end=\"1107\" class=\"def\">Widoczne okienko<\/strong> \u2013 kontroluj proces sma\u017cenia bez otwierania kosza<\/p>\n<\/li>\n<li data-start=\"1159\" data-end=\"1275\" class=\"def\">\n<p data-start=\"1161\" data-end=\"1275\" class=\"def\"><strong data-start=\"1161\" data-end=\"1239\" class=\"def\">Funkcja auto-off przy wyj\u0119ciu kosza oraz zabezpieczenie przed przegrzaniem<\/strong> \u2013 bezpiecze\u0144stwo przede wszystkim<\/p>\n<\/li>\n<li data-start=\"1276\" data-end=\"1363\" class=\"def\">\n<p data-start=\"1278\" data-end=\"1363\" class=\"def\"><strong data-start=\"1278\" data-end=\"1325\" class=\"def\">Timer do 60 minut oraz antypo\u015blizgowe n\u00f3\u017cki<\/strong> \u2013 wygoda i stabilno\u015b\u0107 podczas pracy<\/p>\n<\/li>\n<\/ul>\n<p class=\"def\"><img decoding=\"async\" src=\"https:\/\/berlingerhaus.com.pl\/images\/tn107\/6000-7000\/Frytkownica-Beztluszczowa-AirFryer-BerlingerHaus-BH-9604-Black-Rose-Collection_[6166]_696.jpg\" width=\"511\" height=\"511\" alt=\"\" style=\"float: left;\" class=\"def\"><\/p>\n<h2 data-start=\"82\" data-end=\"110\" style=\"text-align: center;\" class=\"def\"><span style=\"font-size: 18pt;\" class=\"def\"><strong data-start=\"82\" data-end=\"110\" class=\"def\"><strong class=\"def\">Specyfikacja techniczna:<\/strong><\/strong><\/span><\/h2>\n<p data-start=\"113\" data-end=\"125\" style=\"text-align: center;\" class=\"def\"><span style=\"font-size: 14pt;\" class=\"def\"><strong class=\"def\">Moc:<\/strong> 1650W<\/span><\/p>\n<p data-start=\"128\" data-end=\"158\" style=\"text-align: center;\" class=\"def\"><span style=\"font-size: 14pt;\" class=\"def\"><strong class=\"def\">Napi\u0119cie:<\/strong> 220\u2013240V ~ 50\/60Hz<\/span><\/p>\n<p data-start=\"161\" data-end=\"191\" style=\"text-align: center;\" class=\"def\"><span style=\"font-size: 14pt;\" class=\"def\"><strong class=\"def\">Zakres temperatury: <\/strong>40\u2013200\u00b0C<\/span><\/p>\n<p data-start=\"194\" data-end=\"241\" style=\"text-align: center;\" class=\"def\"><span style=\"font-size: 14pt;\" class=\"def\"><strong class=\"def\">Pojemno\u015b\u0107 kosza:<\/strong> 8L (XXXL) z pow\u0142ok\u0105 titanPro<\/span><\/p>\n<p data-start=\"244\" data-end=\"272\" style=\"text-align: center;\" class=\"def\"><span style=\"font-size: 14pt;\" class=\"def\">8 program\u00f3w automatycznych<\/span><\/p>\n<p data-start=\"275\" data-end=\"295\" style=\"text-align: center;\" class=\"def\"><span style=\"font-size: 14pt;\" class=\"def\"><strong class=\"def\">Timer:<\/strong> do 60 minut<\/span><\/p>\n<p data-start=\"298\" data-end=\"357\" style=\"text-align: center;\" class=\"def\"><span style=\"font-size: 14pt;\" class=\"def\"><strong class=\"def\">Funkcje:<\/strong> podtrzymywanie ciep\u0142a, op\u00f3\u017aniony start, auto-off<\/span><\/p>\n<p data-start=\"360\" data-end=\"408\" style=\"text-align: center;\" class=\"def\"><span style=\"font-size: 14pt;\" class=\"def\"><strong class=\"def\">Wy\u015bwietlacz:<\/strong> dotykowy LED z okienkiem podgl\u0105du<\/span><\/p>\n<p data-start=\"455\" data-end=\"487\" style=\"text-align: center;\" class=\"def\"><span style=\"font-size: 14pt;\" class=\"def\"><strong class=\"def\">Kolor:<\/strong> czarny z r\u00f3\u017cowym z\u0142otem<\/span><\/p>\n<p data-start=\"490\" data-end=\"547\" style=\"text-align: center;\" class=\"def\"><span style=\"font-size: 14pt;\" class=\"def\">Zabezpieczenie przed przegrzaniem, antypo\u015blizgowe n\u00f3\u017cki<\/span><\/p>\n","protected":false},"excerpt":{"rendered":"<p>Moc: 1650W<br \/>\nNapi\u0119cie: 220\u2013240V ~ 50\/60Hz<br \/>\nZakres temperatury: 40\u2013200\u00b0C<br \/>\nPojemno\u015b\u0107 kosza: 8L (XXXL) z pow\u0142ok\u0105 titanPro<br \/>\n8 program\u00f3w automatycznych<br \/>\nTimer: do 60 minut<br \/>\nFunkcje: podtrzymywanie ciep\u0142a, op\u00f3\u017aniony start, auto-off<br \/>\nWy\u015bwietlacz: dotykowy LED z okienkiem podgl\u0105du<br \/>\nKolor: czarny z r\u00f3\u017cowym z\u0142otem<br \/>\nZabezpieczenie przed przegrzaniem, antypo\u015blizgowe n\u00f3\u017cki<\/p>\n","protected":false},"featured_media":0,"comment_status":"open","ping_status":"closed","template":"","meta":{"ocean_post_layout":"","ocean_both_sidebars_style":"","ocean_both_sidebars_content_width":0,"ocean_both_sidebars_sidebars_width":0,"ocean_sidebar":"","ocean_second_sidebar":"","ocean_disable_margins":"enable","ocean_add_body_class":"","ocean_shortcode_before_top_bar":"","ocean_shortcode_after_top_bar":"","ocean_shortcode_before_header":"","ocean_shortcode_after_header":"","ocean_has_shortcode":"","ocean_shortcode_after_title":"","ocean_shortcode_before_footer_widgets":"","ocean_shortcode_after_footer_widgets":"","ocean_shortcode_before_footer_bottom":"","ocean_shortcode_after_footer_bottom":"","ocean_display_top_bar":"default","ocean_display_header":"default","ocean_header_style":"","ocean_center_header_left_menu":"","ocean_custom_header_template":"","ocean_custom_logo":0,"ocean_custom_retina_logo":0,"ocean_custom_logo_max_width":0,"ocean_custom_logo_tablet_max_width":0,"ocean_custom_logo_mobile_max_width":0,"ocean_custom_logo_max_height":0,"ocean_custom_logo_tablet_max_height":0,"ocean_custom_logo_mobile_max_height":0,"ocean_header_custom_menu":"","ocean_menu_typo_font_family":"","ocean_menu_typo_font_subset":"","ocean_menu_typo_font_size":0,"ocean_menu_typo_font_size_tablet":0,"ocean_menu_typo_font_size_mobile":0,"ocean_menu_typo_font_size_unit":"px","ocean_menu_typo_font_weight":"","ocean_menu_typo_font_weight_tablet":"","ocean_menu_typo_font_weight_mobile":"","ocean_menu_typo_transform":"","ocean_menu_typo_transform_tablet":"","ocean_menu_typo_transform_mobile":"","ocean_menu_typo_line_height":0,"ocean_menu_typo_line_height_tablet":0,"ocean_menu_typo_line_height_mobile":0,"ocean_menu_typo_line_height_unit":"","ocean_menu_typo_spacing":0,"ocean_menu_typo_spacing_tablet":0,"ocean_menu_typo_spacing_mobile":0,"ocean_menu_typo_spacing_unit":"","ocean_menu_link_color":"","ocean_menu_link_color_hover":"","ocean_menu_link_color_active":"","ocean_menu_link_background":"","ocean_menu_link_hover_background":"","ocean_menu_link_active_background":"","ocean_menu_social_links_bg":"","ocean_menu_social_hover_links_bg":"","ocean_menu_social_links_color":"","ocean_menu_social_hover_links_color":"","ocean_disable_title":"default","ocean_disable_heading":"default","ocean_post_title":"","ocean_post_subheading":"","ocean_post_title_style":"","ocean_post_title_background_color":"","ocean_post_title_background":0,"ocean_post_title_bg_image_position":"","ocean_post_title_bg_image_attachment":"","ocean_post_title_bg_image_repeat":"","ocean_post_title_bg_image_size":"","ocean_post_title_height":0,"ocean_post_title_bg_overlay":0.5,"ocean_post_title_bg_overlay_color":"","ocean_disable_breadcrumbs":"default","ocean_breadcrumbs_color":"","ocean_breadcrumbs_separator_color":"","ocean_breadcrumbs_links_color":"","ocean_breadcrumbs_links_hover_color":"","ocean_display_footer_widgets":"default","ocean_display_footer_bottom":"default","ocean_custom_footer_template":""},"product_brand":[],"product_cat":[15],"product_tag":[3898,4140,3897,4056],"class_list":{"0":"post-6477","1":"product","2":"type-product","3":"status-publish","5":"product_cat-wszystkie-produkty","6":"product_tag-3898","7":"product_tag-4140","8":"product_tag-berlinger-haus","9":"product_tag-bh-9604","11":"entry","13":"first","14":"instock","15":"shipping-taxable","16":"product-type-simple","17":"has-product-nav","18":"col","19":"span_1_of_4","20":"owp-content-center","21":"owp-thumbs-layout-horizontal","22":"owp-btn-normal","23":"owp-tabs-layout-horizontal","24":"has-no-thumbnails"},"jetpack_sharing_enabled":true,"_links":{"self":[{"href":"https:\/\/domigoo.pl\/index.php\/wp-json\/wp\/v2\/product\/6477","targetHints":{"allow":["GET"]}}],"collection":[{"href":"https:\/\/domigoo.pl\/index.php\/wp-json\/wp\/v2\/product"}],"about":[{"href":"https:\/\/domigoo.pl\/index.php\/wp-json\/wp\/v2\/types\/product"}],"replies":[{"embeddable":true,"href":"https:\/\/domigoo.pl\/index.php\/wp-json\/wp\/v2\/comments?post=6477"}],"wp:attachment":[{"href":"https:\/\/domigoo.pl\/index.php\/wp-json\/wp\/v2\/media?parent=6477"}],"wp:term":[{"taxonomy":"product_brand","embeddable":true,"href":"https:\/\/domigoo.pl\/index.php\/wp-json\/wp\/v2\/product_brand?post=6477"},{"taxonomy":"product_cat","embeddable":true,"href":"https:\/\/domigoo.pl\/index.php\/wp-json\/wp\/v2\/product_cat?post=6477"},{"taxonomy":"product_tag","embeddable":true,"href":"https:\/\/domigoo.pl\/index.php\/wp-json\/wp\/v2\/product_tag?post=6477"}],"curies":[{"name":"wp","href":"https:\/\/api.w.org\/{rel}","templated":true}]}}