{"id":6478,"date":"2025-09-12T10:17:40","date_gmt":"2025-09-12T08:17:40","guid":{"rendered":"https:\/\/domigoo.pl\/index.php\/produkt\/garnek-24l-z-pokrywka-20cm-berlinger-haus-bh-6057-emerald\/"},"modified":"2026-04-06T11:25:31","modified_gmt":"2026-04-06T09:25:31","slug":"garnek-24l-z-pokrywka-20cm-berlinger-haus-bh-6057-emerald","status":"publish","type":"product","link":"https:\/\/domigoo.pl\/index.php\/produkt\/garnek-24l-z-pokrywka-20cm-berlinger-haus-bh-6057-emerald\/","title":{"rendered":"Garnek 2,4L z pokrywk\u0105 20cm Berlinger Haus BH-6057 Emerald"},"content":{"rendered":"<p class=\"def\"><strong class=\"def\"><\/strong><\/p>\n<h1 style=\"text-align: center;\" class=\"def\"><strong class=\"def\"><span style=\"font-size: 24pt;\" class=\"def\">Garnek 2.4l z pokrywk\u0105 20cm<\/span><\/strong><\/h1>\n<h1 style=\"text-align: center;\" class=\"def\"><strong class=\"def\"><span style=\"font-size: 24pt;\" class=\"def\"><strong class=\"def\"><span class=\"def\">Berlinger Haus BH-6057&nbsp;<\/span><\/strong>Emerald<\/span><\/strong><\/h1>\n<hr class=\"def\">\n<p style=\"text-align: center;\" class=\"def\"><strong class=\"def\"><img fetchpriority=\"high\" decoding=\"async\" src=\"https:\/\/berlingerhaus.com.pl\/images\/tn107\/3000-4000\/Garnek-2-4L-z-pokrywka-20cm-Berlinger-Haus-BH-6057-Zielony_[3457]_696.jpg\" width=\"495\" height=\"330\" alt=\"\" class=\"def\"><\/strong><\/p>\n<p style=\"text-align: center;\" class=\"def\"><span style=\"font-size: 14pt;\" class=\"def\">Wykonany z&nbsp;wysokiej jako\u015bci kutego aluminium&nbsp;z dnem ferromagnetycznym oraz systemem&nbsp;<em class=\"def\">TURBO INDUCTION<\/em>, kt\u00f3ry zapewnia&nbsp;r\u00f3wnomierne&nbsp;oraz&nbsp;szybsze nagrzewanie, dzi\u0119ki czemu zaoszcz\u0119dzimy nie tylko czas, ale i energi\u0119.<\/span><\/p>\n<p style=\"text-align: center;\" class=\"def\"><span style=\"font-size: 14pt;\" class=\"def\">Zastosowanie&nbsp;pow\u0142oki tytanowej Non-Stick&nbsp;zapobiega przywieraniu. <\/span><\/p>\n<p style=\"text-align: center;\" class=\"def\"><span style=\"font-size: 14pt;\" class=\"def\">Garnek zaopatrzony jest w mi\u0119kki, ergonomiczny&nbsp;uchwyt SOFT TOUCH, dzi\u0119ki kt\u00f3remu unikniemy poparze\u0144, a praca w kuchni stanie si\u0119 jeszcze przyjemniejsza.&nbsp;<\/span><\/p>\n<p style=\"text-align: center;\" class=\"def\"><span style=\"font-size: 14pt;\" class=\"def\">Przystosowany&nbsp;do ka\u017cdego rodzaju kuchenki&nbsp;&#8211; gazowej, indukcyjnej, ceramicznej, elektrycznej czy halogenowej.&nbsp;<\/span><\/p>\n<p style=\"text-align: center;\" class=\"def\"><img decoding=\"async\" height=\"695\" width=\"695\" src=\"https:\/\/berlingerhaus.com.pl\/images\/tn107\/0-1000\/Garnek-2-5L-z-pokrywka-20cm-BerlingerHaus-BH-6057-Zielony_[470]_695.jpg\" alt=\"image\" class=\"def\"><\/p>\n<h2 style=\"margin: 1.33em 0px; padding: 0px; border: 0px; outline: none 0px; font-size: 14px; background-image: initial; background-position: initial; background-size: initial; background-repeat: initial; background-attachment: initial; background-origin: initial; background-clip: initial; font-family: 'Exo 2', sans-serif; line-height: initial; color: #101112; text-align: center;\" class=\"def\"><span style=\"margin: 0px; padding: 0px; border: 0px; outline: none 0px; font-size: 18pt; background: transparent; text-decoration-line: underline; font-family: Montserrat;\" class=\"def\"><span style=\"margin: 0px; padding: 0px; border: 0px; outline: none 0px; background: transparent;\" class=\"def\"><strong class=\"def\">SPECYFIKACJA TECHNICZNA<\/strong><\/span><\/span><\/h2>\n<p style=\"margin: 1em 0px; padding: 0px; border: 0px; outline: none 0px; font-size: 14px; background-image: initial; background-position: initial; background-size: initial; background-repeat: initial; background-attachment: initial; background-origin: initial; background-clip: initial; color: #101112; font-family: 'Exo 2', sans-serif; text-align: center;\" class=\"def\"><span style=\"margin: 0px; padding: 0px; border: 0px; outline: none 0px; font-size: 14pt; background: transparent; font-family: Montserrat;\" class=\"def\">&nbsp;Wykonanie:<span style=\"margin: 0px; padding: 0px; border: 0px; outline: none 0px; background: transparent; font-weight: bold;\" class=\"def\">&nbsp;Wysokiej jako\u015bci kute aluminium<\/span><\/span><\/p>\n<p style=\"margin: 1em 0px; padding: 0px; border: 0px; outline: none 0px; font-size: 14px; background-image: initial; background-position: initial; background-size: initial; background-repeat: initial; background-attachment: initial; background-origin: initial; background-clip: initial; color: #101112; font-family: 'Exo 2', sans-serif; text-align: center;\" class=\"def\"><span style=\"margin: 0px; padding: 0px; border: 0px; outline: none 0px; font-size: 14pt; background: transparent; font-family: Montserrat;\" class=\"def\">Pow\u0142oka wewn\u0119trzna:&nbsp;<span style=\"margin: 0px; padding: 0px; border: 0px; outline: none 0px; background: transparent; font-weight: bold;\" class=\"def\">Tytanowa<\/span><\/span><\/p>\n<p style=\"margin: 1em 0px; padding: 0px; border: 0px; outline: none 0px; font-size: 14px; background-image: initial; background-position: initial; background-size: initial; background-repeat: initial; background-attachment: initial; background-origin: initial; background-clip: initial; color: #101112; font-family: 'Exo 2', sans-serif; text-align: center;\" class=\"def\"><span style=\"margin: 0px; padding: 0px; border: 0px; outline: none 0px; font-size: 14pt; background: transparent; font-family: Montserrat;\" class=\"def\">Kolor:&nbsp;<span style=\"margin: 0px; padding: 0px; border: 0px; outline: none 0px; background: transparent; font-weight: bold;\" class=\"def\">Ciemno zielony<\/span><\/span><\/p>\n<p style=\"margin: 1em 0px; padding: 0px; border: 0px; outline: none 0px; font-size: 14px; background-image: initial; background-position: initial; background-size: initial; background-repeat: initial; background-attachment: initial; background-origin: initial; background-clip: initial; color: #101112; font-family: 'Exo 2', sans-serif; text-align: center;\" class=\"def\"><span style=\"margin: 0px; padding: 0px; border: 0px; outline: none 0px; font-size: 14pt; background: transparent; font-family: Montserrat;\" class=\"def\"><span style=\"margin: 0px; padding: 0px; border: 0px; outline: none 0px; background: transparent; font-weight: bold;\" class=\"def\">Kolor w rzeczywisto\u015bci mo\u017ce by\u0107 ciemniejszy ni\u017c na zdj\u0119ciu.<\/span><\/span><\/p>\n<p style=\"margin: 1em 0px; padding: 0px; border: 0px; outline: none 0px; font-size: 14px; background-image: initial; background-position: initial; background-size: initial; background-repeat: initial; background-attachment: initial; background-origin: initial; background-clip: initial; color: #101112; font-family: 'Exo 2', sans-serif; text-align: center;\" class=\"def\"><span style=\"margin: 0px; padding: 0px; border: 0px; outline: none 0px; font-size: 14pt; background: transparent; font-family: Montserrat;\" class=\"def\">Wymiary:&nbsp;<span style=\"margin: 0px; padding: 0px; border: 0px; outline: none 0px; background: transparent; font-weight: bold;\" class=\"def\">\u00d820 x&nbsp;10,4 cm<\/span><\/span><\/p>\n<p style=\"margin: 1em 0px; padding: 0px; border: 0px; outline: none 0px; font-size: 14px; background-image: initial; background-position: initial; background-size: initial; background-repeat: initial; background-attachment: initial; background-origin: initial; background-clip: initial; color: #101112; font-family: 'Exo 2', sans-serif; text-align: center;\" class=\"def\"><span style=\"margin: 0px; padding: 0px; border: 0px; outline: none 0px; font-size: 14pt; background: transparent; font-family: Montserrat;\" class=\"def\">Pojemno\u015b\u0107:&nbsp;<span style=\"margin: 0px; padding: 0px; border: 0px; outline: none 0px; background: transparent; font-weight: bold;\" class=\"def\">2,5 L<\/span><\/span><\/p>\n<p style=\"margin: 1em 0px; padding: 0px; border: 0px; outline: none 0px; font-size: 14px; background-image: initial; background-position: initial; background-size: initial; background-repeat: initial; background-attachment: initial; background-origin: initial; background-clip: initial; color: #101112; font-family: 'Exo 2', sans-serif; text-align: center;\" class=\"def\"><span style=\"font-family: Montserrat; font-size: 14pt;\" class=\"def\"><strong class=\"def\"><span style=\"margin: 0px; padding: 0px; border: 0px; outline: none 0px; background: transparent;\" class=\"def\">\u0141atwy w czyszczeniu, nie zalecamy mycia w zmywarce, szczeg\u00f3\u0142owe instrukcje i zalecenia producenta odno\u015bnie czyszczenia zawarte w instrukcji obs\u0142ugi.&nbsp;<br class=\"def\"><br \/>\n <\/span><\/strong><\/span><\/p>\n<p style=\"margin: 1em 0px; padding: 0px; border: 0px; outline: none 0px; font-size: 14px; background-image: initial; background-position: initial; background-size: initial; background-repeat: initial; background-attachment: initial; background-origin: initial; background-clip: initial; color: #101112; font-family: 'Exo 2', sans-serif; text-align: center;\" class=\"def\"><span style=\"margin: 0px; padding: 0px; border: 0px; outline: none 0px; font-size: 14pt; background: transparent; font-family: Montserrat;\" class=\"def\">Zastosowanie:<span style=\"margin: 0px; padding: 0px; border: 0px; outline: none 0px; background: transparent; font-weight: bold;\" class=\"def\">&nbsp;Kuchenki ka\u017cdego typu &#8211; gazowe, indukcyjne, elektryczne, ceramiczne, halogenowe<\/span><\/span><\/p>\n<p style=\"text-align: center;\" class=\"def\"><span style=\"font-size: 14pt; font-family: Montserrat;\" class=\"def\"><img decoding=\"async\" src=\"https:\/\/berlingerhaus.com.pl\/images\/tn107\/0-1000\/Garnek-2-5L-z-pokrywka-20cm-BerlingerHaus-BH-6057-Zielony_[468]_696.jpg\" width=\"407\" height=\"407\" alt=\"\" class=\"def\">&nbsp;<\/span><\/p>\n<p style=\"margin: 1em 0px; padding: 0px; border: 0px; outline: none 0px; font-size: 14px; background-image: initial; background-position: initial; background-size: initial; background-repeat: initial; background-attachment: initial; background-origin: initial; background-clip: initial; color: #101112; font-family: 'Exo 2', sans-serif; text-align: center;\" class=\"def\"><span style=\"font-family: Montserrat; font-size: 14pt;\" class=\"def\"><strong class=\"def\"><span style=\"margin: 0px; padding: 0px; border: 0px; outline: none 0px; background: transparent;\" class=\"def\">UWAGA! Mycie w zmywarce (nie stosuj\u0105c si\u0119 do zapis\u00f3w instrukcji obs\u0142ugi ) mo\u017ce spowodowa\u0107 uszkodzenia pow\u0142oki i odbarwi\u0107 uchwyty!<\/span><\/strong><\/span><\/p>\n<p class=\"def\">\n","protected":false},"excerpt":{"rendered":"<p>Garnek o pojemno\u015bci 2.4l z pokrywk\u0105 o \u015brednicy 20cm. Wewn\u0119trzna pow\u0142oka tytanowa zapobiega przywieraniu, a system Turbo Induction pozwala na szybsze i r\u00f3wnomierne nagrzewanie naczynia, dzi\u0119ki czemu gotowanie jest nie tylko szybsze, ale i ta\u0144sze! Garnek dedykowany jest do wszystkich rodzaj\u00f3w kuchenek, w tym indukcyjnych. Wersja w kolorze ciemno-zielonym z kolekcji Emerald.<\/p>\n","protected":false},"featured_media":0,"comment_status":"open","ping_status":"closed","template":"","meta":{"ocean_post_layout":"","ocean_both_sidebars_style":"","ocean_both_sidebars_content_width":0,"ocean_both_sidebars_sidebars_width":0,"ocean_sidebar":"","ocean_second_sidebar":"","ocean_disable_margins":"enable","ocean_add_body_class":"","ocean_shortcode_before_top_bar":"","ocean_shortcode_after_top_bar":"","ocean_shortcode_before_header":"","ocean_shortcode_after_header":"","ocean_has_shortcode":"","ocean_shortcode_after_title":"","ocean_shortcode_before_footer_widgets":"","ocean_shortcode_after_footer_widgets":"","ocean_shortcode_before_footer_bottom":"","ocean_shortcode_after_footer_bottom":"","ocean_display_top_bar":"default","ocean_display_header":"default","ocean_header_style":"","ocean_center_header_left_menu":"","ocean_custom_header_template":"","ocean_custom_logo":0,"ocean_custom_retina_logo":0,"ocean_custom_logo_max_width":0,"ocean_custom_logo_tablet_max_width":0,"ocean_custom_logo_mobile_max_width":0,"ocean_custom_logo_max_height":0,"ocean_custom_logo_tablet_max_height":0,"ocean_custom_logo_mobile_max_height":0,"ocean_header_custom_menu":"","ocean_menu_typo_font_family":"","ocean_menu_typo_font_subset":"","ocean_menu_typo_font_size":0,"ocean_menu_typo_font_size_tablet":0,"ocean_menu_typo_font_size_mobile":0,"ocean_menu_typo_font_size_unit":"px","ocean_menu_typo_font_weight":"","ocean_menu_typo_font_weight_tablet":"","ocean_menu_typo_font_weight_mobile":"","ocean_menu_typo_transform":"","ocean_menu_typo_transform_tablet":"","ocean_menu_typo_transform_mobile":"","ocean_menu_typo_line_height":0,"ocean_menu_typo_line_height_tablet":0,"ocean_menu_typo_line_height_mobile":0,"ocean_menu_typo_line_height_unit":"","ocean_menu_typo_spacing":0,"ocean_menu_typo_spacing_tablet":0,"ocean_menu_typo_spacing_mobile":0,"ocean_menu_typo_spacing_unit":"","ocean_menu_link_color":"","ocean_menu_link_color_hover":"","ocean_menu_link_color_active":"","ocean_menu_link_background":"","ocean_menu_link_hover_background":"","ocean_menu_link_active_background":"","ocean_menu_social_links_bg":"","ocean_menu_social_hover_links_bg":"","ocean_menu_social_links_color":"","ocean_menu_social_hover_links_color":"","ocean_disable_title":"default","ocean_disable_heading":"default","ocean_post_title":"","ocean_post_subheading":"","ocean_post_title_style":"","ocean_post_title_background_color":"","ocean_post_title_background":0,"ocean_post_title_bg_image_position":"","ocean_post_title_bg_image_attachment":"","ocean_post_title_bg_image_repeat":"","ocean_post_title_bg_image_size":"","ocean_post_title_height":0,"ocean_post_title_bg_overlay":0.5,"ocean_post_title_bg_overlay_color":"","ocean_disable_breadcrumbs":"default","ocean_breadcrumbs_color":"","ocean_breadcrumbs_separator_color":"","ocean_breadcrumbs_links_color":"","ocean_breadcrumbs_links_hover_color":"","ocean_display_footer_widgets":"default","ocean_display_footer_bottom":"default","ocean_custom_footer_template":""},"product_brand":[],"product_cat":[15],"product_tag":[3962,3898,3897,4057],"class_list":{"0":"post-6478","1":"product","2":"type-product","3":"status-publish","5":"product_cat-wszystkie-produkty","6":"product_tag-3962","7":"product_tag-3898","8":"product_tag-berlinger-haus","9":"product_tag-bh-6057","11":"entry","13":"first","14":"instock","15":"shipping-taxable","16":"product-type-simple","17":"has-product-nav","18":"col","19":"span_1_of_4","20":"owp-content-center","21":"owp-thumbs-layout-horizontal","22":"owp-btn-normal","23":"owp-tabs-layout-horizontal","24":"has-no-thumbnails"},"jetpack_sharing_enabled":true,"_links":{"self":[{"href":"https:\/\/domigoo.pl\/index.php\/wp-json\/wp\/v2\/product\/6478","targetHints":{"allow":["GET"]}}],"collection":[{"href":"https:\/\/domigoo.pl\/index.php\/wp-json\/wp\/v2\/product"}],"about":[{"href":"https:\/\/domigoo.pl\/index.php\/wp-json\/wp\/v2\/types\/product"}],"replies":[{"embeddable":true,"href":"https:\/\/domigoo.pl\/index.php\/wp-json\/wp\/v2\/comments?post=6478"}],"wp:attachment":[{"href":"https:\/\/domigoo.pl\/index.php\/wp-json\/wp\/v2\/media?parent=6478"}],"wp:term":[{"taxonomy":"product_brand","embeddable":true,"href":"https:\/\/domigoo.pl\/index.php\/wp-json\/wp\/v2\/product_brand?post=6478"},{"taxonomy":"product_cat","embeddable":true,"href":"https:\/\/domigoo.pl\/index.php\/wp-json\/wp\/v2\/product_cat?post=6478"},{"taxonomy":"product_tag","embeddable":true,"href":"https:\/\/domigoo.pl\/index.php\/wp-json\/wp\/v2\/product_tag?post=6478"}],"curies":[{"name":"wp","href":"https:\/\/api.w.org\/{rel}","templated":true}]}}