{"id":6479,"date":"2025-09-12T10:19:06","date_gmt":"2025-09-12T08:19:06","guid":{"rendered":"https:\/\/domigoo.pl\/index.php\/produkt\/garnek-6l-z-pokrywkami-28cm-berlinger-haus-bh-6573-primal-gloss\/"},"modified":"2026-04-06T11:25:31","modified_gmt":"2026-04-06T09:25:31","slug":"garnek-6l-z-pokrywkami-28cm-berlinger-haus-bh-6573-primal-gloss","status":"publish","type":"product","link":"https:\/\/domigoo.pl\/index.php\/produkt\/garnek-6l-z-pokrywkami-28cm-berlinger-haus-bh-6573-primal-gloss\/","title":{"rendered":"Garnek 6L z pokrywkami 28cm Berlinger Haus BH-6573 Primal Gloss"},"content":{"rendered":"<h2 style=\"box-sizing: border-box; outline: none; color: #131313; font-family: Montserrat; text-align: center;\" class=\"def\"><span style=\"box-sizing: border-box; outline: none; font-size: 24pt; font-family: verdana, geneva, sans-serif;\" class=\"def\">Garnek 6L z pokrywkami&nbsp;<span style=\"box-sizing: border-box; outline: none;\" class=\"def\">\u00d8<\/span>28cm<\/span><\/h2>\n<h3 style=\"box-sizing: border-box; outline: none; color: #131313; font-family: Montserrat; text-align: center;\" class=\"def\"><span style=\"box-sizing: border-box; outline: none; font-size: 24pt; font-family: verdana, geneva, sans-serif;\" class=\"def\">Berlinger Haus BH-6573 Primal Gloss<\/span><\/h3>\n<p class=\"def\"><span style=\"box-sizing: border-box; outline: none; font-size: 24pt; font-family: verdana, geneva, sans-serif;\" class=\"def\"><img fetchpriority=\"high\" decoding=\"async\" src=\"https:\/\/berlingerhaus.com.pl\/images\/tn107\/5000-6000\/Garnek-6L-z-pokrywkami-28cm-Berlinger-Haus-BH-6573-Primal-Gloss_[5053]_696.jpg\" width=\"696\" height=\"696\" alt=\"\" style=\"display: block; margin-left: auto; margin-right: auto;\" class=\"def\"><\/span><\/p>\n<p class=\"def\">\n<p style=\"text-align: center;\" class=\"def\"><span style=\"text-decoration: underline; font-family: verdana, geneva, sans-serif;\" class=\"def\"><strong class=\"def\"><span style=\"font-size: 14pt;\" class=\"def\">Wysokiej jako\u015bci kute aluminium<\/span><\/strong><\/span><\/p>\n<p style=\"text-align: center;\" class=\"def\"><span style=\"font-size: 12pt; font-family: verdana, geneva, sans-serif;\" class=\"def\">Stabilny i wytrzyma\u0142y korpus<\/span><\/p>\n<p style=\"text-align: center;\" class=\"def\"><span style=\"font-family: verdana, geneva, sans-serif;\" class=\"def\">&nbsp;<\/span><\/p>\n<h3 style=\"text-align: center;\" class=\"def\"><span style=\"text-decoration: underline; font-family: verdana, geneva, sans-serif;\" class=\"def\"><span style=\"font-size: 14pt;\" class=\"def\">Pow\u0142oka&nbsp;tytanowa<\/span><\/span><\/h3>\n<p style=\"text-align: center;\" class=\"def\"><span style=\"font-size: 12pt; font-family: verdana, geneva, sans-serif;\" class=\"def\">Odporna na zarysowania, zapobiega przywieraniu.<\/span><\/p>\n<p style=\"text-align: center;\" class=\"def\"><span style=\"font-family: verdana, geneva, sans-serif;\" class=\"def\">&nbsp;<\/span><\/p>\n<h3 style=\"text-align: center;\" class=\"def\"><span style=\"text-decoration: underline; font-family: verdana, geneva, sans-serif;\" class=\"def\"><span style=\"font-size: 14pt;\" class=\"def\">System Turbo Induction<\/span><\/span><\/h3>\n<p style=\"text-align: center;\" class=\"def\"><span style=\"font-size: 12pt; font-family: verdana, geneva, sans-serif;\" class=\"def\">Zapewnia szybsze i r\u00f3wnomierne nagrzewanie pow\u0142oki.<\/span><\/p>\n<p style=\"text-align: center;\" class=\"def\"><span style=\"font-size: 12pt; font-family: verdana, geneva, sans-serif;\" class=\"def\">Oszcz\u0119dno\u015b\u0107 energii oraz czasu.<\/span><\/p>\n<p style=\"text-align: center;\" class=\"def\"><span style=\"font-family: verdana, geneva, sans-serif;\" class=\"def\">&nbsp;<\/span><\/p>\n<p style=\"text-align: center;\" class=\"def\"><span style=\"text-decoration: underline; font-family: verdana, geneva, sans-serif;\" class=\"def\"><strong class=\"def\"><span style=\"font-size: 14pt;\" class=\"def\">Uchwyt Soft Touch<\/span><\/strong><\/span><\/p>\n<p style=\"text-align: center;\" class=\"def\"><span style=\"font-size: 12pt; font-family: verdana, geneva, sans-serif;\" class=\"def\">Ergonomiczny, wygodny i nienagrzewaj\u0105cy si\u0119.<\/span><\/p>\n<p style=\"text-align: center;\" class=\"def\"><span style=\"font-family: verdana, geneva, sans-serif;\" class=\"def\">&nbsp;<\/span><\/p>\n<p style=\"text-align: center;\" class=\"def\"><span style=\"text-decoration: underline; font-size: large; font-family: verdana, geneva, sans-serif;\" class=\"def\"><strong class=\"def\"><span class=\"def\">Dopasowane dno<\/span><\/strong><\/span><\/p>\n<p style=\"text-align: center;\" class=\"def\"><span style=\"font-size: medium; font-family: verdana, geneva, sans-serif;\" class=\"def\">Pasuje do kuchenek gazowych, indukcyjnych, elektrycznych, halogenowych.<\/span><\/p>\n<p style=\"text-align: center;\" class=\"def\"><span style=\"font-family: verdana, geneva, sans-serif;\" class=\"def\">&nbsp;<\/span><\/p>\n<p style=\"box-sizing: border-box; outline: none; color: #131313; font-family: Montserrat; font-size: 14px; text-align: center;\" class=\"def\"><span style=\"box-sizing: border-box; outline: none; font-size: large; font-family: verdana, geneva, sans-serif;\" class=\"def\"><span style=\"box-sizing: border-box; outline: none; font-weight: bold;\" class=\"def\"><span style=\"box-sizing: border-box; outline: none; text-decoration-line: underline;\" class=\"def\">Zastosowanie<\/span><\/span><\/span><\/p>\n<p style=\"box-sizing: border-box; outline: none; color: #131313; font-family: Montserrat; font-size: 14px; text-align: center;\" class=\"def\"><span style=\"box-sizing: border-box; outline: none; font-size: medium; font-family: verdana, geneva, sans-serif;\" class=\"def\"><span style=\"box-sizing: border-box; outline: none; font-weight: bold;\" class=\"def\">Kuchenki ka\u017cdego typu<\/span>&nbsp;&#8211; gazowe, indukcyjne, ceramiczne, elektryczne.<\/span><\/p>\n<p style=\"text-align: center;\" class=\"def\"><span style=\"font-size: 12pt; font-family: verdana, geneva, sans-serif;\" class=\"def\">&nbsp;<img decoding=\"async\" src=\"https:\/\/berlingerhaus.com.pl\/images\/tn107\/5000-6000\/Garnek-6L-z-pokrywkami-28cm-Berlinger-Haus-BH-6573-Primal-Gloss_[5054]_696.jpg\" width=\"696\" height=\"696\" alt=\"\" class=\"def\"><\/span><\/p>\n<p style=\"text-align: center;\" class=\"def\"><span style=\"font-family: verdana, geneva, sans-serif; font-size: 12pt;\" class=\"def\">\u0141atwy w czyszczeniu, <strong class=\"def\">nie zalecamy mycia w zmywarce<\/strong>, szczeg\u00f3\u0142owe instrukcje i zalecenia producenta odno\u015bnie czyszczenia zawarte w instrukcji obs\u0142ugi.&nbsp;<\/span><br class=\"def\"><br \/>\n<span style=\"font-size: 12pt;\" class=\"def\"><span style=\"font-family: verdana, geneva, sans-serif;\" class=\"def\">&nbsp;<\/span><span style=\"font-family: verdana, geneva, sans-serif;\" class=\"def\">&nbsp;<\/span><\/span><\/p>\n<p style=\"text-align: center;\" class=\"def\"><span style=\"color: rgb(19, 19, 19); font-family: verdana, geneva, sans-serif; font-size: 12pt;\" class=\"def\"><strong class=\"def\">UWAGA! Mycie w zmywarce (nie stosuj\u0105c si\u0119 do zapis\u00f3w instrukcji obs\u0142ugi) mo\u017ce spowodowa\u0107 uszkodzenia pow\u0142oki i odbarwi\u0107 uchwyty!<\/strong><\/span><\/p>\n","protected":false},"excerpt":{"rendered":"<p>Garnek o pojemno\u015bci 6l z pow\u0142ok\u0105 tytanow\u0105 zapobiegaj\u0105c\u0105 przywieraniu. W zestawie ze szklan\u0105 oraz plastikow\u0105 pokrywk\u0105 o \u015brednicy 28cm. Naczynie mo\u017cna stosowa\u0107 na ka\u017cdym typie kuchenki. Garnek w kolorze ciemno-br\u0105zowym.<\/p>\n","protected":false},"featured_media":0,"comment_status":"open","ping_status":"closed","template":"","meta":{"ocean_post_layout":"","ocean_both_sidebars_style":"","ocean_both_sidebars_content_width":0,"ocean_both_sidebars_sidebars_width":0,"ocean_sidebar":"","ocean_second_sidebar":"","ocean_disable_margins":"enable","ocean_add_body_class":"","ocean_shortcode_before_top_bar":"","ocean_shortcode_after_top_bar":"","ocean_shortcode_before_header":"","ocean_shortcode_after_header":"","ocean_has_shortcode":"","ocean_shortcode_after_title":"","ocean_shortcode_before_footer_widgets":"","ocean_shortcode_after_footer_widgets":"","ocean_shortcode_before_footer_bottom":"","ocean_shortcode_after_footer_bottom":"","ocean_display_top_bar":"default","ocean_display_header":"default","ocean_header_style":"","ocean_center_header_left_menu":"","ocean_custom_header_template":"","ocean_custom_logo":0,"ocean_custom_retina_logo":0,"ocean_custom_logo_max_width":0,"ocean_custom_logo_tablet_max_width":0,"ocean_custom_logo_mobile_max_width":0,"ocean_custom_logo_max_height":0,"ocean_custom_logo_tablet_max_height":0,"ocean_custom_logo_mobile_max_height":0,"ocean_header_custom_menu":"","ocean_menu_typo_font_family":"","ocean_menu_typo_font_subset":"","ocean_menu_typo_font_size":0,"ocean_menu_typo_font_size_tablet":0,"ocean_menu_typo_font_size_mobile":0,"ocean_menu_typo_font_size_unit":"px","ocean_menu_typo_font_weight":"","ocean_menu_typo_font_weight_tablet":"","ocean_menu_typo_font_weight_mobile":"","ocean_menu_typo_transform":"","ocean_menu_typo_transform_tablet":"","ocean_menu_typo_transform_mobile":"","ocean_menu_typo_line_height":0,"ocean_menu_typo_line_height_tablet":0,"ocean_menu_typo_line_height_mobile":0,"ocean_menu_typo_line_height_unit":"","ocean_menu_typo_spacing":0,"ocean_menu_typo_spacing_tablet":0,"ocean_menu_typo_spacing_mobile":0,"ocean_menu_typo_spacing_unit":"","ocean_menu_link_color":"","ocean_menu_link_color_hover":"","ocean_menu_link_color_active":"","ocean_menu_link_background":"","ocean_menu_link_hover_background":"","ocean_menu_link_active_background":"","ocean_menu_social_links_bg":"","ocean_menu_social_hover_links_bg":"","ocean_menu_social_links_color":"","ocean_menu_social_hover_links_color":"","ocean_disable_title":"default","ocean_disable_heading":"default","ocean_post_title":"","ocean_post_subheading":"","ocean_post_title_style":"","ocean_post_title_background_color":"","ocean_post_title_background":0,"ocean_post_title_bg_image_position":"","ocean_post_title_bg_image_attachment":"","ocean_post_title_bg_image_repeat":"","ocean_post_title_bg_image_size":"","ocean_post_title_height":0,"ocean_post_title_bg_overlay":0.5,"ocean_post_title_bg_overlay_color":"","ocean_disable_breadcrumbs":"default","ocean_breadcrumbs_color":"","ocean_breadcrumbs_separator_color":"","ocean_breadcrumbs_links_color":"","ocean_breadcrumbs_links_hover_color":"","ocean_display_footer_widgets":"default","ocean_display_footer_bottom":"default","ocean_custom_footer_template":""},"product_brand":[],"product_cat":[15],"product_tag":[3962,3898,3897,4058],"class_list":{"0":"post-6479","1":"product","2":"type-product","3":"status-publish","5":"product_cat-wszystkie-produkty","6":"product_tag-3962","7":"product_tag-3898","8":"product_tag-berlinger-haus","9":"product_tag-bh-6573","11":"entry","13":"first","14":"instock","15":"shipping-taxable","16":"product-type-simple","17":"has-product-nav","18":"col","19":"span_1_of_4","20":"owp-content-center","21":"owp-thumbs-layout-horizontal","22":"owp-btn-normal","23":"owp-tabs-layout-horizontal","24":"has-no-thumbnails"},"jetpack_sharing_enabled":true,"_links":{"self":[{"href":"https:\/\/domigoo.pl\/index.php\/wp-json\/wp\/v2\/product\/6479","targetHints":{"allow":["GET"]}}],"collection":[{"href":"https:\/\/domigoo.pl\/index.php\/wp-json\/wp\/v2\/product"}],"about":[{"href":"https:\/\/domigoo.pl\/index.php\/wp-json\/wp\/v2\/types\/product"}],"replies":[{"embeddable":true,"href":"https:\/\/domigoo.pl\/index.php\/wp-json\/wp\/v2\/comments?post=6479"}],"wp:attachment":[{"href":"https:\/\/domigoo.pl\/index.php\/wp-json\/wp\/v2\/media?parent=6479"}],"wp:term":[{"taxonomy":"product_brand","embeddable":true,"href":"https:\/\/domigoo.pl\/index.php\/wp-json\/wp\/v2\/product_brand?post=6479"},{"taxonomy":"product_cat","embeddable":true,"href":"https:\/\/domigoo.pl\/index.php\/wp-json\/wp\/v2\/product_cat?post=6479"},{"taxonomy":"product_tag","embeddable":true,"href":"https:\/\/domigoo.pl\/index.php\/wp-json\/wp\/v2\/product_tag?post=6479"}],"curies":[{"name":"wp","href":"https:\/\/api.w.org\/{rel}","templated":true}]}}