{"id":6480,"date":"2025-09-12T10:19:06","date_gmt":"2025-09-12T08:19:06","guid":{"rendered":"https:\/\/domigoo.pl\/index.php\/produkt\/garnek-6l-z-pokrywka-28cm-berlingerhaus-bh-1931-black-rose\/"},"modified":"2026-04-06T11:25:32","modified_gmt":"2026-04-06T09:25:32","slug":"garnek-6l-z-pokrywka-28cm-berlingerhaus-bh-1931-black-rose","status":"publish","type":"product","link":"https:\/\/domigoo.pl\/index.php\/produkt\/garnek-6l-z-pokrywka-28cm-berlingerhaus-bh-1931-black-rose\/","title":{"rendered":"Garnek 6L z pokrywk\u0105 28cm BerlingerHaus BH-1931 Black Rose"},"content":{"rendered":"<h2 style=\"text-align: center;\" class=\"def\">&nbsp;<span style=\"font-size: x-large;\" class=\"def\">Garnek 6L z pokrywk\u0105&nbsp;<strong class=\"def\">\u00d8<\/strong>28cm<\/span><\/h2>\n<h3 style=\"text-align: center;\" class=\"def\"><span style=\"font-size: medium;\" class=\"def\">Berlinger Haus BH-1931&nbsp;Black Rose<\/span><\/h3>\n<p class=\"def\"><span style=\"font-size: medium;\" class=\"def\"><img fetchpriority=\"high\" decoding=\"async\" src=\"https:\/\/berlingerhaus.com.pl\/images\/tn107\/0-1000\/Garnek-6-1L-z-pokrywka-28cm-Czarny-Black-Rose-BerlingerHaus-BH-1931_[436]_696.jpg\" width=\"523\" height=\"523\" alt=\"\" style=\"float: left;\" class=\"def\"><\/span><\/p>\n<h2 style=\"text-align: center;\" class=\"def\">&nbsp;<span style=\"font-size: 14pt;\" class=\"def\"><strong class=\"def\">Cechy produktu:<\/strong><\/span><\/h2>\n<p style=\"text-align: center;\" class=\"def\"><span style=\"font-family: georgia, palatino, serif; font-size: 12pt;\" class=\"def\">Wykonanie:<span class=\"def\">&nbsp;<\/span><strong class=\"def\">Wysokiej jako\u015bci kute aluminium<\/strong><\/span><\/p>\n<p style=\"text-align: center;\" class=\"def\"><span style=\"font-family: georgia, palatino, serif; font-size: 12pt;\" class=\"def\">Pow\u0142oka wewn\u0119trzna:<span class=\"def\">&nbsp;<\/span><strong class=\"def\">Marmurowa<\/strong><\/span><\/p>\n<p style=\"text-align: center;\" class=\"def\"><span style=\"font-family: georgia, palatino, serif; font-size: 12pt;\" class=\"def\">Pokrywka:<span class=\"def\">&nbsp;<\/span><strong class=\"def\">Szk\u0142o hartowane<\/strong><\/span><\/p>\n<p style=\"text-align: center;\" class=\"def\"><span style=\"font-family: georgia, palatino, serif; font-size: 12pt;\" class=\"def\">Kolor:<span class=\"def\">&nbsp;<\/span><strong class=\"def\">Czarny \/ Rose Gold<\/strong><\/span><\/p>\n<p style=\"text-align: center;\" class=\"def\"><span style=\"font-family: georgia, palatino, serif; font-size: 12pt;\" class=\"def\">Wymiary:<span class=\"def\">&nbsp;<\/span><strong class=\"def\">\u00d828 x 12,4 cm<\/strong><\/span><\/p>\n<p style=\"text-align: center;\" class=\"def\"><span style=\"font-family: georgia, palatino, serif; font-size: 12pt;\" class=\"def\">Pojemno\u015b\u0107:<span class=\"def\">&nbsp;<\/span><strong class=\"def\">6,1 L<\/strong><\/span><\/p>\n<p style=\"text-align: center;\" class=\"def\"><span style=\"font-family: georgia, palatino, serif; font-size: 12pt;\" class=\"def\">Zastosowanie:<span class=\"def\">&nbsp;<\/span><strong class=\"def\">Kuchenki ka\u017cdego typu &#8211; gazowe, indukcyjne, elektryczne, ceramiczne, halogenowe<\/strong><\/span><\/p>\n<p style=\"text-align: center;\" class=\"def\"><span style=\"font-family: georgia, palatino, serif; font-size: 12pt;\" class=\"def\">UWAGA! Mycie w zmywarce mo\u017ce spowodowa\u0107 uszkodzenia pow\u0142oki i odbarwi\u0107 uchwyty!<\/span><\/p>\n<p style=\"text-align: center;\" class=\"def\">&nbsp;<\/p>\n<p style=\"text-align: center;\" class=\"def\"><img decoding=\"async\" height=\"696\" width=\"696\" src=\"https:\/\/berlingerhaus.com.pl\/images\/tn107\/3000-4000\/Garnek-6L-z-pokrywka-28cm-BerlingerHaus-BH-1931-Black-Rose_[3828]_696.jpg\" alt=\"image\" class=\"def\"><\/p>\n<p style=\"text-align: center;\" class=\"def\">&nbsp;<\/p>\n<p style=\"text-align: center;\" class=\"def\"><span style=\"text-decoration: underline; font-size: large;\" class=\"def\"><strong class=\"def\"><span class=\"def\">Wysokiej jako\u015bci kute aluminium<\/span><\/strong><\/span><\/p>\n<p style=\"text-align: center;\" class=\"def\">&nbsp;<\/p>\n<p style=\"text-align: center;\" class=\"def\"><span style=\"text-decoration: underline; font-size: large;\" class=\"def\"><strong class=\"def\"><span class=\"def\">Potr\u00f3jna pow\u0142oka marmurowa<\/span><\/strong><\/span><\/p>\n<p style=\"text-align: center;\" class=\"def\"><span style=\"font-size: medium;\" class=\"def\"><strong class=\"def\">Odporna<\/strong>&nbsp;na uszkodzenia&nbsp;mechaniczne oraz zadrapania.&nbsp;<\/span><\/p>\n<p style=\"text-align: center;\" class=\"def\"><span style=\"font-size: medium;\" class=\"def\">Pow\u0142oki wzmacniane cz\u0105steczkami marmuru nawet po zarysowaniu zachowuj\u0105 ci\u0105g\u0142o\u015b\u0107 nieprzywieraj\u0105cej powierzchni.<\/span><\/p>\n<p style=\"text-align: center;\" class=\"def\">&nbsp;<\/p>\n<p style=\"text-align: center;\" class=\"def\"><span style=\"text-decoration: underline; font-size: medium;\" class=\"def\"><strong class=\"def\"><span class=\"def\">System&nbsp;TURBO INDUCTION<\/span><\/strong><\/span><\/p>\n<p style=\"text-align: center;\" class=\"def\"><span style=\"font-size: medium;\" class=\"def\">Dno ferromagnetyczne zapewniaj\u0105ce&nbsp;<strong class=\"def\">r\u00f3wnomierne<\/strong>&nbsp;i&nbsp;<strong class=\"def\">szybsze nagrzewanie<\/strong>.<\/span><\/p>\n<p style=\"text-align: center;\" class=\"def\"><span style=\"font-size: medium;\" class=\"def\">Oszcz\u0119dno\u015b\u0107 czasu i energii!<\/span><\/p>\n<p style=\"text-align: center;\" class=\"def\">&nbsp;<\/p>\n<p style=\"text-align: center;\" class=\"def\"><span style=\"text-decoration: underline; font-size: large;\" class=\"def\"><strong class=\"def\"><span class=\"def\">Uchwyt&nbsp;SOFT TOUCH<\/span><\/strong><\/span><\/p>\n<p style=\"text-align: center;\" class=\"def\"><span style=\"font-size: medium;\" class=\"def\">Garnek zaopatrzony jest w&nbsp;<strong class=\"def\">mi\u0119kki<\/strong>,&nbsp;<strong class=\"def\">ergonomiczny<\/strong>&nbsp;uchwyt, dzi\u0119ki kt\u00f3remu unikniemy poparze\u0144,<\/span><\/p>\n<p style=\"text-align: center;\" class=\"def\"><span style=\"font-size: medium;\" class=\"def\">a praca w kuchni stanie si\u0119 jeszcze przyjemniejsza.&nbsp;<\/span><\/p>\n<p style=\"text-align: center;\" class=\"def\">&nbsp;<img decoding=\"async\" src=\"https:\/\/berlingerhaus.com.pl\/images\/tn107\/3000-4000\/Garnek-6L-z-pokrywka-28cm-BerlingerHaus-BH-1931-Black-Rose_[3459]_696.jpg\" width=\"526\" height=\"350\" alt=\"\" class=\"def\"><\/p>\n<p style=\"text-align: center;\" class=\"def\"><span style=\"font-size: large;\" class=\"def\"><strong class=\"def\"><span style=\"text-decoration: underline;\" class=\"def\">Zastosowanie<\/span><\/strong><\/span><\/p>\n<p style=\"text-align: center;\" class=\"def\"><span style=\"font-size: medium;\" class=\"def\"><strong class=\"def\">Kuchenki ka\u017cdego typu<\/strong>&nbsp;&#8211; gazowe, indukcyjne, ceramiczne, elektryczne.<\/span><\/p>\n<p style=\"text-align: center;\" class=\"def\"><span style=\"font-size: medium;\" class=\"def\">\u0141atwy w czyszczeniu, nie zalecamy mycia w zmywarce.<\/span><\/p>\n<p style=\"text-align: center;\" class=\"def\">&nbsp;<\/p>\n<p style=\"text-align: center;\" class=\"def\"><strong class=\"def\">UWAGA! Mycie w zmywarce mo\u017ce spowodowa\u0107 uszkodzenia pow\u0142oki i odbarwi\u0107 uchwyty!<\/strong><\/p>\n","protected":false},"excerpt":{"rendered":"<p>Pow\u0142oka wewn\u0119trzna: Marmurowa<br \/>\nPokrywka: Szk\u0142o hartowane<br \/>\nKolor: Czarny \/ Rose Gold<br \/>\nWymiary: \u00d828 x 12.4 cm<br \/>\nPojemno\u015b\u0107: 6.1L<br \/>\nZastosowanie: Kuchenki ka\u017cdego rodzaju &#8211; gazowe, indukcyjne, elektryczne, ceramiczne, halogenowe<br \/>\nKolekcja: Black Rose Collection<\/p>\n","protected":false},"featured_media":0,"comment_status":"open","ping_status":"closed","template":"","meta":{"ocean_post_layout":"","ocean_both_sidebars_style":"","ocean_both_sidebars_content_width":0,"ocean_both_sidebars_sidebars_width":0,"ocean_sidebar":"","ocean_second_sidebar":"","ocean_disable_margins":"enable","ocean_add_body_class":"","ocean_shortcode_before_top_bar":"","ocean_shortcode_after_top_bar":"","ocean_shortcode_before_header":"","ocean_shortcode_after_header":"","ocean_has_shortcode":"","ocean_shortcode_after_title":"","ocean_shortcode_before_footer_widgets":"","ocean_shortcode_after_footer_widgets":"","ocean_shortcode_before_footer_bottom":"","ocean_shortcode_after_footer_bottom":"","ocean_display_top_bar":"default","ocean_display_header":"default","ocean_header_style":"","ocean_center_header_left_menu":"","ocean_custom_header_template":"","ocean_custom_logo":0,"ocean_custom_retina_logo":0,"ocean_custom_logo_max_width":0,"ocean_custom_logo_tablet_max_width":0,"ocean_custom_logo_mobile_max_width":0,"ocean_custom_logo_max_height":0,"ocean_custom_logo_tablet_max_height":0,"ocean_custom_logo_mobile_max_height":0,"ocean_header_custom_menu":"","ocean_menu_typo_font_family":"","ocean_menu_typo_font_subset":"","ocean_menu_typo_font_size":0,"ocean_menu_typo_font_size_tablet":0,"ocean_menu_typo_font_size_mobile":0,"ocean_menu_typo_font_size_unit":"px","ocean_menu_typo_font_weight":"","ocean_menu_typo_font_weight_tablet":"","ocean_menu_typo_font_weight_mobile":"","ocean_menu_typo_transform":"","ocean_menu_typo_transform_tablet":"","ocean_menu_typo_transform_mobile":"","ocean_menu_typo_line_height":0,"ocean_menu_typo_line_height_tablet":0,"ocean_menu_typo_line_height_mobile":0,"ocean_menu_typo_line_height_unit":"","ocean_menu_typo_spacing":0,"ocean_menu_typo_spacing_tablet":0,"ocean_menu_typo_spacing_mobile":0,"ocean_menu_typo_spacing_unit":"","ocean_menu_link_color":"","ocean_menu_link_color_hover":"","ocean_menu_link_color_active":"","ocean_menu_link_background":"","ocean_menu_link_hover_background":"","ocean_menu_link_active_background":"","ocean_menu_social_links_bg":"","ocean_menu_social_hover_links_bg":"","ocean_menu_social_links_color":"","ocean_menu_social_hover_links_color":"","ocean_disable_title":"default","ocean_disable_heading":"default","ocean_post_title":"","ocean_post_subheading":"","ocean_post_title_style":"","ocean_post_title_background_color":"","ocean_post_title_background":0,"ocean_post_title_bg_image_position":"","ocean_post_title_bg_image_attachment":"","ocean_post_title_bg_image_repeat":"","ocean_post_title_bg_image_size":"","ocean_post_title_height":0,"ocean_post_title_bg_overlay":0.5,"ocean_post_title_bg_overlay_color":"","ocean_disable_breadcrumbs":"default","ocean_breadcrumbs_color":"","ocean_breadcrumbs_separator_color":"","ocean_breadcrumbs_links_color":"","ocean_breadcrumbs_links_hover_color":"","ocean_display_footer_widgets":"default","ocean_display_footer_bottom":"default","ocean_custom_footer_template":""},"product_brand":[],"product_cat":[15],"product_tag":[3962,3898,3897,4059],"class_list":{"0":"post-6480","1":"product","2":"type-product","3":"status-publish","5":"product_cat-wszystkie-produkty","6":"product_tag-3962","7":"product_tag-3898","8":"product_tag-berlinger-haus","9":"product_tag-bh-1931","11":"entry","13":"first","14":"outofstock","15":"shipping-taxable","16":"product-type-simple","17":"has-product-nav","18":"col","19":"span_1_of_4","20":"owp-content-center","21":"owp-thumbs-layout-horizontal","22":"owp-btn-normal","23":"owp-tabs-layout-horizontal","24":"has-no-thumbnails"},"jetpack_sharing_enabled":true,"_links":{"self":[{"href":"https:\/\/domigoo.pl\/index.php\/wp-json\/wp\/v2\/product\/6480","targetHints":{"allow":["GET"]}}],"collection":[{"href":"https:\/\/domigoo.pl\/index.php\/wp-json\/wp\/v2\/product"}],"about":[{"href":"https:\/\/domigoo.pl\/index.php\/wp-json\/wp\/v2\/types\/product"}],"replies":[{"embeddable":true,"href":"https:\/\/domigoo.pl\/index.php\/wp-json\/wp\/v2\/comments?post=6480"}],"wp:attachment":[{"href":"https:\/\/domigoo.pl\/index.php\/wp-json\/wp\/v2\/media?parent=6480"}],"wp:term":[{"taxonomy":"product_brand","embeddable":true,"href":"https:\/\/domigoo.pl\/index.php\/wp-json\/wp\/v2\/product_brand?post=6480"},{"taxonomy":"product_cat","embeddable":true,"href":"https:\/\/domigoo.pl\/index.php\/wp-json\/wp\/v2\/product_cat?post=6480"},{"taxonomy":"product_tag","embeddable":true,"href":"https:\/\/domigoo.pl\/index.php\/wp-json\/wp\/v2\/product_tag?post=6480"}],"curies":[{"name":"wp","href":"https:\/\/api.w.org\/{rel}","templated":true}]}}