{"id":6481,"date":"2025-09-12T10:19:06","date_gmt":"2025-09-12T08:19:06","guid":{"rendered":"https:\/\/domigoo.pl\/index.php\/produkt\/garnek-8l-z-pokrywka-30cm-berlingerhaus-bh-6192-burgundy\/"},"modified":"2025-11-30T00:29:54","modified_gmt":"2025-11-29T23:29:54","slug":"garnek-8l-z-pokrywka-30cm-berlingerhaus-bh-6192-burgundy","status":"publish","type":"product","link":"https:\/\/domigoo.pl\/index.php\/produkt\/garnek-8l-z-pokrywka-30cm-berlingerhaus-bh-6192-burgundy\/","title":{"rendered":"Garnek 8L z pokrywk\u0105 30cm BerlingeRHaus BH-6192 Burgundy"},"content":{"rendered":"<p style=\"text-align: center; font-size: 21px; margin: 0.83em auto;\" class=\"def\">&nbsp;<\/p>\n<h2 style=\"text-align: center;\" class=\"def\"><span style=\"font-size: 24pt; font-family: verdana, geneva, sans-serif;\" class=\"def\"><span class=\"def\">Garnek 8L z pokrywk\u0105&nbsp;<\/span>\u00d830cm<\/span><\/h2>\n<h2 style=\"text-align: center;\" class=\"def\"><span style=\"font-size: 24pt; font-family: verdana, geneva, sans-serif;\" class=\"def\">BerlingerHaus BH-6192 BurgundyCollection&nbsp;<\/span><\/h2>\n<hr class=\"def\">\n<p class=\"def\"><span style=\"font-size: medium;\" class=\"def\">&nbsp;<\/span><\/p>\n<p style=\"text-align: center; font-size: 21px; margin: 0.83em auto;\" class=\"def\">&nbsp;<img fetchpriority=\"high\" decoding=\"async\" src=\"https:\/\/berlingerhaus.com.pl\/images\/tn107\/4000-5000\/Garnek-8L-z-pokrywka-30cm-BerlingeRHaus-BH-6192-Burgundy_[4602]_696.jpg\" width=\"594\" height=\"594\" alt=\"\" class=\"def\"><\/p>\n<p style=\"text-align: center; font-size: 21px; margin: 0.83em auto;\" class=\"def\">&nbsp;<\/p>\n<p style=\"box-sizing: border-box; outline: none; color: #131313; font-family: Montserrat; font-size: 14px; text-align: center;\" class=\"def\"><span style=\"box-sizing: border-box; outline: none; text-decoration-line: underline; font-size: 14pt; font-family: verdana, geneva, sans-serif;\" class=\"def\"><span style=\"box-sizing: border-box; outline: none; font-weight: bold;\" class=\"def\">Wysokiej jako\u015bci kute aluminium<\/span><\/span><\/p>\n<p style=\"box-sizing: border-box; outline: none; color: #131313; font-family: Montserrat; font-size: 14px; text-align: center;\" class=\"def\"><span style=\"font-family: verdana, geneva, sans-serif; font-size: 14pt;\" class=\"def\">&nbsp;<\/span><\/p>\n<p style=\"box-sizing: border-box; outline: none; color: #131313; font-family: Montserrat; font-size: 14px; text-align: center;\" class=\"def\"><span style=\"box-sizing: border-box; outline: none; text-decoration-line: underline; font-size: 14pt; font-family: verdana, geneva, sans-serif;\" class=\"def\"><span style=\"box-sizing: border-box; outline: none; font-weight: bold;\" class=\"def\">Potr\u00f3jna pow\u0142oka marmurowa<\/span><\/span><\/p>\n<p style=\"box-sizing: border-box; outline: none; color: #131313; font-family: Montserrat; font-size: 14px; text-align: center;\" class=\"def\"><span style=\"box-sizing: border-box; outline: none; font-size: 14pt; font-family: verdana, geneva, sans-serif;\" class=\"def\"><span style=\"box-sizing: border-box; outline: none; font-weight: bold;\" class=\"def\">Odporna<\/span>&nbsp;na uszkodzenia&nbsp;mechaniczne oraz zadrapania.&nbsp;<\/span><\/p>\n<p style=\"box-sizing: border-box; outline: none; color: #131313; font-family: Montserrat; font-size: 14px; text-align: center;\" class=\"def\"><span style=\"box-sizing: border-box; outline: none; font-size: 14pt; font-family: verdana, geneva, sans-serif;\" class=\"def\">Pow\u0142oki wzmacniane cz\u0105steczkami marmuru nawet po zarysowaniu zachowuj\u0105 ci\u0105g\u0142o\u015b\u0107 nieprzywieraj\u0105cej powierzchni.<\/span><\/p>\n<p style=\"box-sizing: border-box; outline: none; color: #131313; font-family: Montserrat; font-size: 14px; text-align: center;\" class=\"def\"><span style=\"font-family: verdana, geneva, sans-serif; font-size: 14pt;\" class=\"def\">&nbsp;<\/span><\/p>\n<p style=\"box-sizing: border-box; outline: none; color: #131313; font-family: Montserrat; font-size: 14px; text-align: center;\" class=\"def\"><span style=\"box-sizing: border-box; outline: none; text-decoration-line: underline; font-size: 14pt; font-family: verdana, geneva, sans-serif;\" class=\"def\"><span style=\"box-sizing: border-box; outline: none; font-weight: bold;\" class=\"def\">System&nbsp;TURBO INDUCTION<\/span><\/span><\/p>\n<p style=\"box-sizing: border-box; outline: none; color: #131313; font-family: Montserrat; font-size: 14px; text-align: center;\" class=\"def\"><span style=\"box-sizing: border-box; outline: none; font-size: 14pt; font-family: verdana, geneva, sans-serif;\" class=\"def\">Dno ferromagnetyczne zapewniaj\u0105ce&nbsp;<span style=\"box-sizing: border-box; outline: none; font-weight: bold;\" class=\"def\">r\u00f3wnomierne<\/span>&nbsp;i&nbsp;<span style=\"box-sizing: border-box; outline: none; font-weight: bold;\" class=\"def\">szybsze nagrzewanie<\/span>.<\/span><\/p>\n<p style=\"box-sizing: border-box; outline: none; color: #131313; font-family: Montserrat; font-size: 14px; text-align: center;\" class=\"def\"><span style=\"box-sizing: border-box; outline: none; font-size: 14pt; font-family: verdana, geneva, sans-serif;\" class=\"def\">Oszcz\u0119dno\u015b\u0107 czasu i energii!<\/span><\/p>\n<p style=\"box-sizing: border-box; outline: none; color: #131313; font-family: Montserrat; font-size: 14px; text-align: center;\" class=\"def\"><span style=\"font-family: verdana, geneva, sans-serif; font-size: 14pt;\" class=\"def\">&nbsp;<\/span><\/p>\n<p style=\"box-sizing: border-box; outline: none; color: #131313; font-family: Montserrat; font-size: 14px; text-align: center;\" class=\"def\"><span style=\"box-sizing: border-box; outline: none; text-decoration-line: underline; font-size: 14pt; font-family: verdana, geneva, sans-serif;\" class=\"def\"><span style=\"box-sizing: border-box; outline: none; font-weight: bold;\" class=\"def\">Uchwyt&nbsp;SOFT TOUCH<\/span><\/span><\/p>\n<p style=\"box-sizing: border-box; outline: none; color: #131313; font-family: Montserrat; font-size: 14px; text-align: center;\" class=\"def\"><span style=\"box-sizing: border-box; outline: none; font-size: 14pt; font-family: verdana, geneva, sans-serif;\" class=\"def\">Garnek zaopatrzony jest w&nbsp;<span style=\"box-sizing: border-box; outline: none; font-weight: bold;\" class=\"def\">mi\u0119kki<\/span>,&nbsp;<span style=\"box-sizing: border-box; outline: none; font-weight: bold;\" class=\"def\">ergonomiczny<\/span>&nbsp;uchwyt, dzi\u0119ki kt\u00f3remu unikniemy poparze\u0144,<\/span><\/p>\n<p style=\"box-sizing: border-box; outline: none; color: #131313; font-family: Montserrat; font-size: 14px; text-align: center;\" class=\"def\"><span style=\"box-sizing: border-box; outline: none; font-size: 14pt; font-family: verdana, geneva, sans-serif;\" class=\"def\">a praca w kuchni stanie si\u0119 jeszcze przyjemniejsza.&nbsp;<\/span><\/p>\n<p style=\"box-sizing: border-box; outline: none; color: #131313; font-family: Montserrat; font-size: 14px; text-align: center;\" class=\"def\"><span style=\"font-family: verdana, geneva, sans-serif; font-size: 14pt;\" class=\"def\"><img decoding=\"async\" src=\"https:\/\/berlingerhaus.com.pl\/images\/tn107\/0-1000\/Garnek-8L-z-pokrywka-30cm-BerlingerHaus-BH-6192-Burgundy_[503]_696.jpg\" width=\"581\" height=\"581\" alt=\"\" class=\"def\">&nbsp;<\/span><\/p>\n<p style=\"box-sizing: border-box; outline: none; color: #131313; font-family: Montserrat; font-size: 14px; text-align: center;\" class=\"def\"><span style=\"box-sizing: border-box; outline: none; font-size: 18pt; font-family: verdana, geneva, sans-serif;\" class=\"def\"><span style=\"box-sizing: border-box; outline: none; font-weight: bold;\" class=\"def\"><span style=\"box-sizing: border-box; outline: none; text-decoration-line: underline;\" class=\"def\">Zastosowanie<\/span><\/span><\/span><\/p>\n<p style=\"box-sizing: border-box; outline: none; color: #131313; font-family: Montserrat; font-size: 14px; text-align: center;\" class=\"def\"><span style=\"box-sizing: border-box; outline: none; font-size: 14pt; font-family: verdana, geneva, sans-serif;\" class=\"def\"><span style=\"box-sizing: border-box; outline: none; font-weight: bold;\" class=\"def\">Kuchenki ka\u017cdego typu<\/span>&nbsp;&#8211; gazowe, indukcyjne, ceramiczne, elektryczne.<\/span><\/p>\n<p style=\"box-sizing: border-box; outline: none; color: #131313; font-family: Montserrat; font-size: 14px; text-align: center;\" class=\"def\"><span style=\"font-family: verdana, geneva, sans-serif; font-size: 14pt;\" class=\"def\">&nbsp;<\/span><span style=\"font-family: verdana, geneva, sans-serif; font-size: 14pt;\" class=\"def\">&nbsp;<\/span><\/p>\n<p style=\"box-sizing: border-box; outline: none; color: #131313; font-family: Montserrat; font-size: 14px; text-align: center;\" class=\"def\"><span style=\"font-family: verdana, geneva, sans-serif; font-size: 14pt;\" class=\"def\">UWAGA! Mycie w zmywarce mo\u017ce spowodowa\u0107 uszkodzenia pow\u0142oki i odbarwi\u0107 uchwyty!<\/span><\/p>\n","protected":false},"excerpt":{"rendered":"<p>Garnek o pojemno\u015bci 8.l z potr\u00f3jn\u0105 warstw\u0105 pow\u0142oki marmurowej, odpornej na uszkodzenia i zarysowania. W zestawie ze szklan\u0105 pokrywk\u0105 o \u015brednicy 30cm. Naczynie mo\u017cna stosowa\u0107 na ka\u017cdym typie kuchenki. Garnek w kolorze burgundowym.<\/p>\n","protected":false},"featured_media":0,"comment_status":"open","ping_status":"closed","template":"","meta":{"ocean_post_layout":"","ocean_both_sidebars_style":"","ocean_both_sidebars_content_width":0,"ocean_both_sidebars_sidebars_width":0,"ocean_sidebar":"","ocean_second_sidebar":"","ocean_disable_margins":"enable","ocean_add_body_class":"","ocean_shortcode_before_top_bar":"","ocean_shortcode_after_top_bar":"","ocean_shortcode_before_header":"","ocean_shortcode_after_header":"","ocean_has_shortcode":"","ocean_shortcode_after_title":"","ocean_shortcode_before_footer_widgets":"","ocean_shortcode_after_footer_widgets":"","ocean_shortcode_before_footer_bottom":"","ocean_shortcode_after_footer_bottom":"","ocean_display_top_bar":"default","ocean_display_header":"default","ocean_header_style":"","ocean_center_header_left_menu":"","ocean_custom_header_template":"","ocean_custom_logo":0,"ocean_custom_retina_logo":0,"ocean_custom_logo_max_width":0,"ocean_custom_logo_tablet_max_width":0,"ocean_custom_logo_mobile_max_width":0,"ocean_custom_logo_max_height":0,"ocean_custom_logo_tablet_max_height":0,"ocean_custom_logo_mobile_max_height":0,"ocean_header_custom_menu":"","ocean_menu_typo_font_family":"","ocean_menu_typo_font_subset":"","ocean_menu_typo_font_size":0,"ocean_menu_typo_font_size_tablet":0,"ocean_menu_typo_font_size_mobile":0,"ocean_menu_typo_font_size_unit":"px","ocean_menu_typo_font_weight":"","ocean_menu_typo_font_weight_tablet":"","ocean_menu_typo_font_weight_mobile":"","ocean_menu_typo_transform":"","ocean_menu_typo_transform_tablet":"","ocean_menu_typo_transform_mobile":"","ocean_menu_typo_line_height":0,"ocean_menu_typo_line_height_tablet":0,"ocean_menu_typo_line_height_mobile":0,"ocean_menu_typo_line_height_unit":"","ocean_menu_typo_spacing":0,"ocean_menu_typo_spacing_tablet":0,"ocean_menu_typo_spacing_mobile":0,"ocean_menu_typo_spacing_unit":"","ocean_menu_link_color":"","ocean_menu_link_color_hover":"","ocean_menu_link_color_active":"","ocean_menu_link_background":"","ocean_menu_link_hover_background":"","ocean_menu_link_active_background":"","ocean_menu_social_links_bg":"","ocean_menu_social_hover_links_bg":"","ocean_menu_social_links_color":"","ocean_menu_social_hover_links_color":"","ocean_disable_title":"default","ocean_disable_heading":"default","ocean_post_title":"","ocean_post_subheading":"","ocean_post_title_style":"","ocean_post_title_background_color":"","ocean_post_title_background":0,"ocean_post_title_bg_image_position":"","ocean_post_title_bg_image_attachment":"","ocean_post_title_bg_image_repeat":"","ocean_post_title_bg_image_size":"","ocean_post_title_height":0,"ocean_post_title_bg_overlay":0.5,"ocean_post_title_bg_overlay_color":"","ocean_disable_breadcrumbs":"default","ocean_breadcrumbs_color":"","ocean_breadcrumbs_separator_color":"","ocean_breadcrumbs_links_color":"","ocean_breadcrumbs_links_hover_color":"","ocean_display_footer_widgets":"default","ocean_display_footer_bottom":"default","ocean_custom_footer_template":""},"product_brand":[],"product_cat":[15],"product_tag":[3954,3898,3897,4060],"class_list":{"0":"post-6481","1":"product","2":"type-product","3":"status-publish","5":"product_cat-wszystkie-produkty","6":"product_tag-3954","7":"product_tag-3898","8":"product_tag-berlinger-haus","9":"product_tag-bh-6192","11":"entry","13":"first","14":"instock","15":"shipping-taxable","16":"product-type-simple","17":"has-product-nav","18":"col","19":"span_1_of_4","20":"owp-content-center","21":"owp-thumbs-layout-horizontal","22":"owp-btn-normal","23":"owp-tabs-layout-horizontal","24":"has-no-thumbnails"},"jetpack_sharing_enabled":true,"_links":{"self":[{"href":"https:\/\/domigoo.pl\/index.php\/wp-json\/wp\/v2\/product\/6481","targetHints":{"allow":["GET"]}}],"collection":[{"href":"https:\/\/domigoo.pl\/index.php\/wp-json\/wp\/v2\/product"}],"about":[{"href":"https:\/\/domigoo.pl\/index.php\/wp-json\/wp\/v2\/types\/product"}],"replies":[{"embeddable":true,"href":"https:\/\/domigoo.pl\/index.php\/wp-json\/wp\/v2\/comments?post=6481"}],"wp:attachment":[{"href":"https:\/\/domigoo.pl\/index.php\/wp-json\/wp\/v2\/media?parent=6481"}],"wp:term":[{"taxonomy":"product_brand","embeddable":true,"href":"https:\/\/domigoo.pl\/index.php\/wp-json\/wp\/v2\/product_brand?post=6481"},{"taxonomy":"product_cat","embeddable":true,"href":"https:\/\/domigoo.pl\/index.php\/wp-json\/wp\/v2\/product_cat?post=6481"},{"taxonomy":"product_tag","embeddable":true,"href":"https:\/\/domigoo.pl\/index.php\/wp-json\/wp\/v2\/product_tag?post=6481"}],"curies":[{"name":"wp","href":"https:\/\/api.w.org\/{rel}","templated":true}]}}