{"id":6482,"date":"2025-09-12T10:19:06","date_gmt":"2025-09-12T08:19:06","guid":{"rendered":"https:\/\/domigoo.pl\/index.php\/produkt\/garnek-do-mleka-12l-berlingerhaus-sahara-bh-8075\/"},"modified":"2026-01-18T19:07:51","modified_gmt":"2026-01-18T18:07:51","slug":"garnek-do-mleka-12l-berlingerhaus-sahara-bh-8075","status":"publish","type":"product","link":"https:\/\/domigoo.pl\/index.php\/produkt\/garnek-do-mleka-12l-berlingerhaus-sahara-bh-8075\/","title":{"rendered":"Garnek do mleka 1,2l BerlingerHaus Sahara BH-8075"},"content":{"rendered":"<h1 style=\"text-align: center;\" class=\"def\"><span style=\"font-size: 24pt; font-family: Montserrat;\" class=\"def\"><span class=\"def\">Garnek do mleka 1,2L BerlingerHaus<\/span><\/span><\/h1>\n<h1 style=\"text-align: center;\" class=\"def\"><span style=\"font-size: 24pt; font-family: Montserrat;\" class=\"def\"><span class=\"def\">&nbsp;Sahara Collection <\/span><span class=\"def\">BH-8075<\/span><\/span><span style=\"font-size: 24pt; font-family: Montserrat;\" class=\"def\"><span class=\"def\"><\/span><\/span><\/h1>\n<hr class=\"def\">\n<p style=\"text-align: center;\" class=\"def\"><span style=\"font-family: Montserrat; font-size: 14pt;\" class=\"def\"><span class=\"def\">Garnek do mleka <strong class=\"def\">12cm <\/strong>o pojemno\u015bci<strong class=\"def\"> 1,2L <\/strong>z najnowszej kolekcji&nbsp; Sahara&nbsp;<\/span><\/span><\/p>\n<p style=\"text-align: center;\" class=\"def\"><span style=\"font-family: Montserrat; font-size: 14pt;\" class=\"def\"><span class=\"def\">Garnek wykonany jest z wysokiej jako\u015bci kutego aluminium.<\/span><\/span><\/p>\n<p style=\"text-align: center;\" class=\"def\"><span style=\"font-family: Montserrat; font-size: 14pt;\" class=\"def\"><span class=\"def\">Wyposa\u017cony w potr\u00f3jn\u0105 pow\u0142ok\u0119 nieprzywieraj\u0105c\u0105 <strong class=\"def\">TitanPro<\/strong> oraz system&nbsp;<strong class=\"def\">TURBOINDUCTION<\/strong>, kt\u00f3ry zapewnia r\u00f3wnomierne oraz szybsze nagrzewanie, <\/span><span class=\"def\">dzi\u0119ki czemu zaoszcz\u0119dzimy nie tylko czas, ale i energi\u0119.<\/span><\/span><span style=\"font-family: verdana, geneva, sans-serif; font-size: 12pt;\" class=\"def\"><\/span><\/p>\n<p style=\"text-align: center;\" class=\"def\"><strong class=\"def\"><strong class=\"def\"><span style=\"font-size: 18pt; font-family: verdana, geneva, sans-serif;\" class=\"def\"><strong class=\"def\"><img fetchpriority=\"high\" decoding=\"async\" src=\"https:\/\/berlingerhaus.com.pl\/images\/tn107\/3000-4000\/Garnek-do-mleka-1-2l-BerlingerHaus-Sahara-BH-8075_[3564]_696.jpg\" width=\"696\" height=\"696\" alt=\"\" class=\"def\"><\/strong><\/span><\/strong><\/strong><strong class=\"def\"><strong class=\"def\"><span style=\"font-size: 18pt; font-family: verdana, geneva, sans-serif;\" class=\"def\"><strong class=\"def\"><\/strong><\/span><\/strong><\/strong><\/p>\n<p style=\"text-align: left;\" class=\"def\"><strong class=\"def\"><strong class=\"def\"><strong class=\"def\"><span style=\"font-family: verdana, geneva, sans-serif; font-size: 14pt;\" class=\"def\"><img decoding=\"async\" src=\"https:\/\/berlingerhaus.com.pl\/images\/tn107\/7000-8000\/Garnek-do-mleka-1-2l-BerlingerHaus-Sahara-BH-8075_[7031]_696.jpg\" width=\"448\" height=\"448\" alt=\"\" style=\"float: right;\" class=\"def\"><\/span><\/strong><br class=\"def\"><br \/>\n <\/strong><\/strong><\/p>\n<h3 style=\"text-align: center;\" class=\"def\"><span style=\"font-family: Montserrat; font-size: 18pt;\" class=\"def\"><strong class=\"def\"><strong class=\"def\"><strong class=\"def\"><span class=\"def\"><strong class=\"def\">Cechy produktu:<\/strong><\/span><\/strong><\/strong><\/strong><\/span><span style=\"font-family: Montserrat; font-size: 18pt;\" class=\"def\"><strong class=\"def\"><strong class=\"def\"><strong class=\"def\"><span class=\"def\"><strong class=\"def\"><\/strong><\/span><\/strong><\/strong><\/strong><\/span><\/h3>\n<p style=\"text-align: center;\" class=\"def\"><span style=\"font-family: Montserrat; font-size: 14pt;\" class=\"def\"><span class=\"def\">Materia\u0142: kute aluminium<\/span><\/span><\/p>\n<p style=\"text-align: center;\" class=\"def\"><span style=\"font-family: Montserrat; font-size: 14pt;\" class=\"def\"><span class=\"def\"><span style=\"font-size: 14pt;\" class=\"def\"><strong class=\"def\">Nie przystosowane do kuchenek indukcyjnych.&nbsp;<\/strong><\/span><\/span><\/span><\/p>\n<p style=\"text-align: center;\" class=\"def\"><span style=\"font-family: Montserrat; font-size: 14pt;\" class=\"def\"><span class=\"def\">Pow\u0142oka:&nbsp;3x nieprzywieraj\u0105ca TitanPro<\/span><\/span><\/p>\n<p style=\"text-align: center;\" class=\"def\"><span style=\"font-family: Montserrat; font-size: 14pt;\" class=\"def\"><span class=\"def\">Pokrywka: wyko\u0144czona odpornym na ciep\u0142o silikonem<\/span><\/span><\/p>\n<p style=\"text-align: center;\" class=\"def\"><span style=\"font-family: Montserrat; font-size: 14pt;\" class=\"def\"><span class=\"def\">Otw\u00f3r parowy&nbsp;u\u0142atwiaj\u0105cy odcedzanie&nbsp;<\/span><\/span><\/p>\n<p style=\"text-align: center;\" class=\"def\"><span style=\"font-family: Montserrat; font-size: 14pt;\" class=\"def\"><span class=\"def\">Wymiary: 12cm 1,2L<\/span><\/span><\/p>\n<p style=\"text-align: center;\" class=\"def\"><span style=\"font-size: 12pt; font-family: verdana, geneva, sans-serif;\" class=\"def\"><span style=\"font-family: Montserrat; font-size: 14pt;\" class=\"def\">Kolor: matowy be\u017c<\/span>&nbsp;<\/span><\/p>\n<p style=\"text-align: center;\" class=\"def\"><strong class=\"def\"><strong class=\"def\"><span style=\"font-family: verdana, geneva, sans-serif; font-size: 12pt;\" class=\"def\"><img decoding=\"async\" src=\"https:\/\/berlingerhaus.com.pl\/images\/tn107\/3000-4000\/Garnek-do-mleka-1-2l-BerlingerHaus-Sahara-BH-8075_[3565]_696.jpg\" width=\"522\" height=\"522\" alt=\"\" class=\"def\"><\/span><\/strong><\/strong><\/p>\n<p style=\"text-align: center;\" class=\"def\"><strong class=\"def\"><strong class=\"def\"><span style=\"font-family: verdana, geneva, sans-serif; font-size: 12pt;\" class=\"def\"><strong class=\"def\"><span style=\"font-size: 14pt;\" class=\"def\">Uwaga : Garnek do mleka nie jest przystosowany do kuchenki INDUKCYJNEJ<\/span><\/strong><\/span><\/strong><\/strong><\/p>\n<p class=\"def\">\n","protected":false},"excerpt":{"rendered":"<p>Materia\u0142: kute aluminium<br \/>\nPow\u0142oka: nieprzywieraj\u0105ca TitanPro<br \/>\nWymiary: 12cm<br \/>\nPojemno\u015b\u0107: 1,2L<br \/>\nKolor: matowy antracyt<br \/>\nZastosowanie:do rodzaj\u00f3w kuchenek gazowe, elektryczne, ceramiczne, halogenowe<\/p>\n","protected":false},"featured_media":0,"comment_status":"open","ping_status":"closed","template":"","meta":{"ocean_post_layout":"","ocean_both_sidebars_style":"","ocean_both_sidebars_content_width":0,"ocean_both_sidebars_sidebars_width":0,"ocean_sidebar":"","ocean_second_sidebar":"","ocean_disable_margins":"enable","ocean_add_body_class":"","ocean_shortcode_before_top_bar":"","ocean_shortcode_after_top_bar":"","ocean_shortcode_before_header":"","ocean_shortcode_after_header":"","ocean_has_shortcode":"","ocean_shortcode_after_title":"","ocean_shortcode_before_footer_widgets":"","ocean_shortcode_after_footer_widgets":"","ocean_shortcode_before_footer_bottom":"","ocean_shortcode_after_footer_bottom":"","ocean_display_top_bar":"default","ocean_display_header":"default","ocean_header_style":"","ocean_center_header_left_menu":"","ocean_custom_header_template":"","ocean_custom_logo":0,"ocean_custom_retina_logo":0,"ocean_custom_logo_max_width":0,"ocean_custom_logo_tablet_max_width":0,"ocean_custom_logo_mobile_max_width":0,"ocean_custom_logo_max_height":0,"ocean_custom_logo_tablet_max_height":0,"ocean_custom_logo_mobile_max_height":0,"ocean_header_custom_menu":"","ocean_menu_typo_font_family":"","ocean_menu_typo_font_subset":"","ocean_menu_typo_font_size":0,"ocean_menu_typo_font_size_tablet":0,"ocean_menu_typo_font_size_mobile":0,"ocean_menu_typo_font_size_unit":"px","ocean_menu_typo_font_weight":"","ocean_menu_typo_font_weight_tablet":"","ocean_menu_typo_font_weight_mobile":"","ocean_menu_typo_transform":"","ocean_menu_typo_transform_tablet":"","ocean_menu_typo_transform_mobile":"","ocean_menu_typo_line_height":0,"ocean_menu_typo_line_height_tablet":0,"ocean_menu_typo_line_height_mobile":0,"ocean_menu_typo_line_height_unit":"","ocean_menu_typo_spacing":0,"ocean_menu_typo_spacing_tablet":0,"ocean_menu_typo_spacing_mobile":0,"ocean_menu_typo_spacing_unit":"","ocean_menu_link_color":"","ocean_menu_link_color_hover":"","ocean_menu_link_color_active":"","ocean_menu_link_background":"","ocean_menu_link_hover_background":"","ocean_menu_link_active_background":"","ocean_menu_social_links_bg":"","ocean_menu_social_hover_links_bg":"","ocean_menu_social_links_color":"","ocean_menu_social_hover_links_color":"","ocean_disable_title":"default","ocean_disable_heading":"default","ocean_post_title":"","ocean_post_subheading":"","ocean_post_title_style":"","ocean_post_title_background_color":"","ocean_post_title_background":0,"ocean_post_title_bg_image_position":"","ocean_post_title_bg_image_attachment":"","ocean_post_title_bg_image_repeat":"","ocean_post_title_bg_image_size":"","ocean_post_title_height":0,"ocean_post_title_bg_overlay":0.5,"ocean_post_title_bg_overlay_color":"","ocean_disable_breadcrumbs":"default","ocean_breadcrumbs_color":"","ocean_breadcrumbs_separator_color":"","ocean_breadcrumbs_links_color":"","ocean_breadcrumbs_links_hover_color":"","ocean_display_footer_widgets":"default","ocean_display_footer_bottom":"default","ocean_custom_footer_template":""},"product_brand":[],"product_cat":[15],"product_tag":[3962,3898,3897,4061],"class_list":{"0":"post-6482","1":"product","2":"type-product","3":"status-publish","5":"product_cat-wszystkie-produkty","6":"product_tag-3962","7":"product_tag-3898","8":"product_tag-berlinger-haus","9":"product_tag-bh-8075","11":"entry","13":"first","14":"outofstock","15":"shipping-taxable","16":"product-type-simple","17":"has-product-nav","18":"col","19":"span_1_of_4","20":"owp-content-center","21":"owp-thumbs-layout-horizontal","22":"owp-btn-normal","23":"owp-tabs-layout-horizontal","24":"has-no-thumbnails"},"jetpack_sharing_enabled":true,"_links":{"self":[{"href":"https:\/\/domigoo.pl\/index.php\/wp-json\/wp\/v2\/product\/6482","targetHints":{"allow":["GET"]}}],"collection":[{"href":"https:\/\/domigoo.pl\/index.php\/wp-json\/wp\/v2\/product"}],"about":[{"href":"https:\/\/domigoo.pl\/index.php\/wp-json\/wp\/v2\/types\/product"}],"replies":[{"embeddable":true,"href":"https:\/\/domigoo.pl\/index.php\/wp-json\/wp\/v2\/comments?post=6482"}],"wp:attachment":[{"href":"https:\/\/domigoo.pl\/index.php\/wp-json\/wp\/v2\/media?parent=6482"}],"wp:term":[{"taxonomy":"product_brand","embeddable":true,"href":"https:\/\/domigoo.pl\/index.php\/wp-json\/wp\/v2\/product_brand?post=6482"},{"taxonomy":"product_cat","embeddable":true,"href":"https:\/\/domigoo.pl\/index.php\/wp-json\/wp\/v2\/product_cat?post=6482"},{"taxonomy":"product_tag","embeddable":true,"href":"https:\/\/domigoo.pl\/index.php\/wp-json\/wp\/v2\/product_tag?post=6482"}],"curies":[{"name":"wp","href":"https:\/\/api.w.org\/{rel}","templated":true}]}}