{"id":6485,"date":"2025-09-12T10:19:07","date_gmt":"2025-09-12T08:19:07","guid":{"rendered":"https:\/\/domigoo.pl\/index.php\/produkt\/garnek-plytki-38-l-z-pokrywka-28cm-berlinger-haus-sahara-bh-8068\/"},"modified":"2026-02-23T02:49:44","modified_gmt":"2026-02-23T01:49:44","slug":"garnek-plytki-38-l-z-pokrywka-28cm-berlinger-haus-sahara-bh-8068","status":"publish","type":"product","link":"https:\/\/domigoo.pl\/index.php\/produkt\/garnek-plytki-38-l-z-pokrywka-28cm-berlinger-haus-sahara-bh-8068\/","title":{"rendered":"Garnek p\u0142ytki 3,8 L z pokrywk\u0105 28cm Berlinger Haus Sahara BH-8068"},"content":{"rendered":"<h2 style=\"text-align: center;\" class=\"def\">Garnek p\u0142ytki&nbsp; 3,8L z pokrywk\u0105 28cm Berlinger Haus<\/h2>\n<h2 style=\"text-align: center;\" class=\"def\">&nbsp;Sahara BH-8068<\/h2>\n<p class=\"def\">\n<p class=\"def\"><img fetchpriority=\"high\" decoding=\"async\" src=\"https:\/\/berlingerhaus.com.pl\/images\/tn107\/3000-4000\/Garnek-plytki-z-pokrywka-28cm-Berlinger-Haus-BH-8068_[3945]_696.jpg\" width=\"627\" height=\"627\" alt=\"\" style=\"display: block; margin-left: auto; margin-right: auto;\" class=\"def\"><\/p>\n<h2 style=\"text-align: center;\" class=\"def\">Doskona\u0142a jako\u015b\u0107<\/h2>\n<p style=\"text-align: center;\" class=\"def\">Ten garnek Berlinger Haus z p\u0142ytk\u0105 i pokrywk\u0105 to doskona\u0142y wyb\u00f3r dla ka\u017cdej kuchni. Dzi\u0119ki minimalistycznemu stylowi oraz be\u017cowemu kolorowi idealnie wpasuje si\u0119 w ka\u017cde wn\u0119trze. Wykonany z wysokiej jako\u015bci materia\u0142\u00f3w gwarantuje trwa\u0142o\u015b\u0107 i niezawodno\u015b\u0107 przez wiele lat. Ponadto, trwa\u0142a pow\u0142oka <strong class=\"def\">TitanPro <\/strong>sprawia, \u017ce nic nie przywiera do dna ani \u015bcianek garnka, co u\u0142atwia zar\u00f3wno gotowanie, jak i sprz\u0105tanie.<\/p>\n<h2 style=\"text-align: center;\" class=\"def\">Wielofunkcyjny design<\/h2>\n<p style=\"text-align: center;\" class=\"def\">Garnek o <strong class=\"def\">\u015brednicy 28cm<\/strong> pozwala na przygotowywanie r\u00f3\u017cnorodnych da\u0144 dla ca\u0142ej rodziny czy go\u015bci. Dzi\u0119ki praktycznej pokrywce mo\u017cna utrzyma\u0107 odpowiedni\u0105 temperatur\u0119 potrawy oraz zaoszcz\u0119dzi\u0107 energi\u0119 podczas gotowania. Ka\u017cdy element zosta\u0142 starannie zaprojektowany tak, aby u\u0142atwi\u0107 codzienne u\u017cytkowanie oraz sprawi\u0107 przyjemno\u015b\u0107 podczas gotowania ulubionych potraw.<\/p>\n<h2 style=\"text-align: center;\" class=\"def\"><img decoding=\"async\" src=\"https:\/\/berlingerhaus.com.pl\/images\/tn107\/3000-4000\/Garnek-plytki-z-pokrywka-28cm-Berlinger-Haus-BH-8068_[3944]_696.jpg\" width=\"463\" height=\"463\" alt=\"\" style=\"float: left;\" class=\"def\"><\/h2>\n<h2 style=\"text-align: center;\" class=\"def\">Elegancki dodatek<\/h2>\n<p style=\"text-align: center;\" class=\"def\">Klasyczny be\u017cowy kolor garnka Berlinger Haus Sahara BH-8068 nadaje mu elegancji i nowoczesnego charakteru. To nie tylko funkcjonalne naczynie do gotowania, ale r\u00f3wnie\u017c designerski element dekoracyjny kuchni czy jadalni.<\/p>\n<p style=\"text-align: center;\" class=\"def\">&nbsp;Bez wzgl\u0119du na okazj\u0119 &#8211; obiad rodzinny czy uroczysty posi\u0142ek ze znajomymi &#8211; ten garnek z pewno\u015bci\u0105 zachwyci swoim wygl\u0105dem i praktyczno\u015bci\u0105.<\/p>\n<h2 style=\"text-align: center;\" class=\"def\">Przyjemne do\u015bwiadczenie kulinarne<\/h2>\n<p style=\"text-align: center;\" class=\"def\">Dzi\u0119ki garnkowi z kolekcji&nbsp; Sahara Tw\u00f3j czas sp\u0119dzony w kuchni stanie si\u0119 jeszcze bardziej satysfakcjonuj\u0105cy. \u0141atwe czyszczenie, szybkie gotowanie bez ryzyka przypalenia oraz trwa\u0142o\u015b\u0107 wykonania to cechy doceniane przez profesjonalist\u00f3w jak i amator\u00f3w sztuki kulinarnej.<\/p>\n<p style=\"text-align: center;\" class=\"def\">&nbsp;Postaw na jako\u015b\u0107 i funkcjonalno\u015b\u0107 dostarczan\u0105 przez mark\u0119 Berlinger Haus!<\/p>\n<p style=\"text-align: center;\" class=\"def\">\n<p style=\"text-align: center;\" class=\"def\">\n<p style=\"text-align: center;\" class=\"def\"><span style=\"font-size: 14pt;\" class=\"def\"><strong class=\"def\"><\/strong><\/span><\/p>\n<p style=\"text-align: center;\" class=\"def\"><span style=\"font-size: 14pt;\" class=\"def\"><strong class=\"def\">SPECYFIKACJA TECHNICZNA<\/strong><\/span><\/p>\n<p style=\"text-align: center;\" class=\"def\"><span class=\"def\">Wykonanie:<strong class=\"def\">&nbsp;Wysokiej jako\u015bci kute aluminium<\/strong><\/span><\/p>\n<p style=\"text-align: center;\" class=\"def\"><span class=\"def\">Pow\u0142oka wewn\u0119trzna:&nbsp;<strong class=\"def\">Tytanowa&nbsp;&nbsp;<\/strong><\/span><\/p>\n<p style=\"text-align: center;\" class=\"def\"><span class=\"def\">Pokrywka:&nbsp;<strong class=\"def\">Szk\u0142o hartowane<\/strong><\/span><\/p>\n<p style=\"text-align: center;\" class=\"def\"><span class=\"def\">Kolor:&nbsp;<strong class=\"def\">Be\u017cowe<\/strong><\/span><\/p>\n<p style=\"text-align: center;\" class=\"def\"><span class=\"def\">Wymiary:&nbsp;<strong class=\"def\">\u00d828 x 7,5cm<\/strong><\/span><\/p>\n<p style=\"text-align: center;\" class=\"def\"><span class=\"def\">Pojemno\u015b\u0107:&nbsp;<strong class=\"def\">3,8L&nbsp;<\/strong><\/span><\/p>\n<p style=\"text-align: center;\" class=\"def\"><img decoding=\"async\" src=\"https:\/\/berlingerhaus.com.pl\/images\/tn107\/3000-4000\/Garnek-plytki-z-pokrywka-28cm-Berlinger-Haus-BH-8068_[3942]_696.jpg\" width=\"600\" height=\"600\" alt=\"\" style=\"float: right;\" class=\"def\">&nbsp;<\/p>\n<p style=\"text-align: center;\" class=\"def\"><span style=\"color: rgb(0, 0, 0); font-size: 18pt;\" class=\"def\"><strong class=\"def\"><span class=\"def\">UWAGA! Mycie w zmywarce mo\u017ce spowodowa\u0107 uszkodzenia pow\u0142oki i odbarwi\u0107 uchwyty!<\/span><\/strong><\/span><\/p>\n<p style=\"text-align: center;\" class=\"def\"><span style=\"color: rgb(0, 0, 0); font-size: 18pt;\" class=\"def\">&nbsp;<span class=\"def\"><strong class=\"def\">Zastosowanie:<\/strong><strong class=\"def\">&nbsp;Kuchenki ka\u017cdego typu &#8211; gazowe, indukcyjne, elektryczne, ceramiczne, halogenowe<\/strong><\/span><\/span><\/p>\n","protected":false},"excerpt":{"rendered":"<p>Materia\u0142: kute aluminium<br \/>\nPow\u0142oka wewn\u0119trzna: nieprzywieraj\u0105ca TitanPro<br \/>\nWymiary: \u00d828*7,5 cm<br \/>\nPojemno\u015b\u0107: 3,8L<br \/>\nKolor: matowy be\u017c<\/p>\n","protected":false},"featured_media":0,"comment_status":"open","ping_status":"closed","template":"","meta":{"ocean_post_layout":"","ocean_both_sidebars_style":"","ocean_both_sidebars_content_width":0,"ocean_both_sidebars_sidebars_width":0,"ocean_sidebar":"","ocean_second_sidebar":"","ocean_disable_margins":"enable","ocean_add_body_class":"","ocean_shortcode_before_top_bar":"","ocean_shortcode_after_top_bar":"","ocean_shortcode_before_header":"","ocean_shortcode_after_header":"","ocean_has_shortcode":"","ocean_shortcode_after_title":"","ocean_shortcode_before_footer_widgets":"","ocean_shortcode_after_footer_widgets":"","ocean_shortcode_before_footer_bottom":"","ocean_shortcode_after_footer_bottom":"","ocean_display_top_bar":"default","ocean_display_header":"default","ocean_header_style":"","ocean_center_header_left_menu":"","ocean_custom_header_template":"","ocean_custom_logo":0,"ocean_custom_retina_logo":0,"ocean_custom_logo_max_width":0,"ocean_custom_logo_tablet_max_width":0,"ocean_custom_logo_mobile_max_width":0,"ocean_custom_logo_max_height":0,"ocean_custom_logo_tablet_max_height":0,"ocean_custom_logo_mobile_max_height":0,"ocean_header_custom_menu":"","ocean_menu_typo_font_family":"","ocean_menu_typo_font_subset":"","ocean_menu_typo_font_size":0,"ocean_menu_typo_font_size_tablet":0,"ocean_menu_typo_font_size_mobile":0,"ocean_menu_typo_font_size_unit":"px","ocean_menu_typo_font_weight":"","ocean_menu_typo_font_weight_tablet":"","ocean_menu_typo_font_weight_mobile":"","ocean_menu_typo_transform":"","ocean_menu_typo_transform_tablet":"","ocean_menu_typo_transform_mobile":"","ocean_menu_typo_line_height":0,"ocean_menu_typo_line_height_tablet":0,"ocean_menu_typo_line_height_mobile":0,"ocean_menu_typo_line_height_unit":"","ocean_menu_typo_spacing":0,"ocean_menu_typo_spacing_tablet":0,"ocean_menu_typo_spacing_mobile":0,"ocean_menu_typo_spacing_unit":"","ocean_menu_link_color":"","ocean_menu_link_color_hover":"","ocean_menu_link_color_active":"","ocean_menu_link_background":"","ocean_menu_link_hover_background":"","ocean_menu_link_active_background":"","ocean_menu_social_links_bg":"","ocean_menu_social_hover_links_bg":"","ocean_menu_social_links_color":"","ocean_menu_social_hover_links_color":"","ocean_disable_title":"default","ocean_disable_heading":"default","ocean_post_title":"","ocean_post_subheading":"","ocean_post_title_style":"","ocean_post_title_background_color":"","ocean_post_title_background":0,"ocean_post_title_bg_image_position":"","ocean_post_title_bg_image_attachment":"","ocean_post_title_bg_image_repeat":"","ocean_post_title_bg_image_size":"","ocean_post_title_height":0,"ocean_post_title_bg_overlay":0.5,"ocean_post_title_bg_overlay_color":"","ocean_disable_breadcrumbs":"default","ocean_breadcrumbs_color":"","ocean_breadcrumbs_separator_color":"","ocean_breadcrumbs_links_color":"","ocean_breadcrumbs_links_hover_color":"","ocean_display_footer_widgets":"default","ocean_display_footer_bottom":"default","ocean_custom_footer_template":""},"product_brand":[],"product_cat":[15],"product_tag":[3962,3898,3897,4063],"class_list":{"0":"post-6485","1":"product","2":"type-product","3":"status-publish","5":"product_cat-wszystkie-produkty","6":"product_tag-3962","7":"product_tag-3898","8":"product_tag-berlinger-haus","9":"product_tag-bh-8068","11":"entry","13":"first","14":"instock","15":"shipping-taxable","16":"product-type-simple","17":"has-product-nav","18":"col","19":"span_1_of_4","20":"owp-content-center","21":"owp-thumbs-layout-horizontal","22":"owp-btn-normal","23":"owp-tabs-layout-horizontal","24":"has-no-thumbnails"},"jetpack_sharing_enabled":true,"_links":{"self":[{"href":"https:\/\/domigoo.pl\/index.php\/wp-json\/wp\/v2\/product\/6485","targetHints":{"allow":["GET"]}}],"collection":[{"href":"https:\/\/domigoo.pl\/index.php\/wp-json\/wp\/v2\/product"}],"about":[{"href":"https:\/\/domigoo.pl\/index.php\/wp-json\/wp\/v2\/types\/product"}],"replies":[{"embeddable":true,"href":"https:\/\/domigoo.pl\/index.php\/wp-json\/wp\/v2\/comments?post=6485"}],"wp:attachment":[{"href":"https:\/\/domigoo.pl\/index.php\/wp-json\/wp\/v2\/media?parent=6485"}],"wp:term":[{"taxonomy":"product_brand","embeddable":true,"href":"https:\/\/domigoo.pl\/index.php\/wp-json\/wp\/v2\/product_brand?post=6485"},{"taxonomy":"product_cat","embeddable":true,"href":"https:\/\/domigoo.pl\/index.php\/wp-json\/wp\/v2\/product_cat?post=6485"},{"taxonomy":"product_tag","embeddable":true,"href":"https:\/\/domigoo.pl\/index.php\/wp-json\/wp\/v2\/product_tag?post=6485"}],"curies":[{"name":"wp","href":"https:\/\/api.w.org\/{rel}","templated":true}]}}