{"id":6487,"date":"2025-09-12T10:19:07","date_gmt":"2025-09-12T08:19:07","guid":{"rendered":"https:\/\/domigoo.pl\/index.php\/produkt\/garnek-plytki-38-l-z-pokrywka-28cm-berlingerhaus-taupe-bh-8098\/"},"modified":"2026-04-13T13:25:39","modified_gmt":"2026-04-13T11:25:39","slug":"garnek-plytki-38-l-z-pokrywka-28cm-berlingerhaus-taupe-bh-8098","status":"publish","type":"product","link":"https:\/\/domigoo.pl\/index.php\/produkt\/garnek-plytki-38-l-z-pokrywka-28cm-berlingerhaus-taupe-bh-8098\/","title":{"rendered":"Garnek p\u0142ytki 3,8 L z pokrywk\u0105 28cm BerlingerHaus Taupe BH-8098"},"content":{"rendered":"<h1 style=\"text-align: center;\" class=\"def\"><strong class=\"def\">Garnek p\u0142ytki 3,8 L z pokrywk\u0105 28cm <\/strong><\/h1>\n<h1 style=\"text-align: center;\" class=\"def\"><strong class=\"def\">BerlingerHaus Taupe BH-8098<\/strong><\/h1>\n<hr class=\"def\">\n<p data-start=\"275\" data-end=\"566\" style=\"text-align: center;\" class=\"def\"><span style=\"font-size: 14pt;\" class=\"def\">Poznaj elegancki i praktyczny <strong data-start=\"305\" data-end=\"345\" class=\"def\">garnek p\u0142ytki o pojemno\u015bci 3,8 litra<\/strong> z linii <strong data-start=\"354\" data-end=\"374\" class=\"def\">Taupe Collection<\/strong> od Berlinger Haus. Wykonany z <strong data-start=\"405\" data-end=\"425\" class=\"def\">kutego aluminium<\/strong> i pokryty <strong data-start=\"436\" data-end=\"482\" class=\"def\">potr\u00f3jn\u0105 pow\u0142ok\u0105 nieprzywieraj\u0105c\u0105 titanPro<\/strong>, gwarantuje niezawodne gotowanie bez przypalania, a jednocze\u015bnie \u0142atwe czyszczenie.<\/span><\/p>\n<p data-start=\"568\" data-end=\"850\" style=\"text-align: center;\" class=\"def\"><span style=\"font-size: 14pt;\" class=\"def\">Garnek wyposa\u017cony jest w <strong data-start=\"593\" data-end=\"649\" class=\"def\">ergonomiczne, nienagrzewaj\u0105ce si\u0119 uchwyty Soft Touch<\/strong> oraz <strong data-start=\"655\" data-end=\"687\" class=\"def\">pokrywk\u0119 z hartowanego szk\u0142a<\/strong> z silikonowym wyko\u0144czeniem i systemem cichego domykania. <\/span><\/p>\n<p data-start=\"568\" data-end=\"850\" style=\"text-align: center;\" class=\"def\"><span style=\"font-size: 14pt;\" class=\"def\"><strong data-start=\"745\" data-end=\"783\" class=\"def\">Matowe wyko\u0144czenie w kolorze taupe<\/strong> idealnie wpisuje si\u0119 w nowoczesne, minimalistyczne wn\u0119trza kuchni.<\/span><\/p>\n<p data-start=\"568\" data-end=\"850\" style=\"text-align: center;\" class=\"def\"><span style=\"font-size: 14pt;\" class=\"def\"><img fetchpriority=\"high\" decoding=\"async\" src=\"https:\/\/berlingerhaus.com.pl\/images\/tn107\/5000-6000\/Garnek-plytki-3-8-L-z-pokrywka-28cm-BerlingerHaus-Taupe-BH-8098_[5787]_696.jpg\" alt=\"\" width=\"743\" height=\"743\" class=\"def\"><\/span><\/p>\n<p style=\"text-align: center;\" class=\"def\"><span style=\"font-size: 18pt;\" class=\"def\"><strong data-start=\"857\" data-end=\"876\" class=\"def\">Cechy produktu:<\/strong><\/span><\/p>\n<p data-start=\"879\" data-end=\"928\" style=\"text-align: center;\" class=\"def\"><span style=\"font-size: 14pt;\" class=\"def\"><strong data-start=\"879\" data-end=\"892\" class=\"def\">Materia\u0142:<\/strong> kute aluminium z pow\u0142ok\u0105 titanPro<\/span><\/p>\n<p data-start=\"931\" data-end=\"952\" style=\"text-align: center;\" class=\"def\"><span style=\"font-size: 14pt;\" class=\"def\"><strong data-start=\"931\" data-end=\"944\" class=\"def\">\u015arednica:<\/strong> 28 cm<\/span><\/p>\n<p data-start=\"955\" data-end=\"977\" style=\"text-align: center;\" class=\"def\"><span style=\"font-size: 14pt;\" class=\"def\"><strong data-start=\"955\" data-end=\"968\" class=\"def\">Wysoko\u015b\u0107:<\/strong> 7,5 cm<\/span><\/p>\n<p data-start=\"980\" data-end=\"1006\" style=\"text-align: center;\" class=\"def\"><span style=\"font-size: 14pt;\" class=\"def\"><strong data-start=\"980\" data-end=\"994\" class=\"def\">Pojemno\u015b\u0107:<\/strong> 3,8 litra<\/span><\/p>\n<p data-start=\"1009\" data-end=\"1034\" style=\"text-align: center;\" class=\"def\"><span style=\"font-size: 14pt;\" class=\"def\"><strong data-start=\"1009\" data-end=\"1019\" class=\"def\">Kolor:<\/strong> matowy taupe<\/span><\/p>\n<p data-start=\"1037\" data-end=\"1122\" style=\"text-align: center;\" class=\"def\"><span style=\"font-size: 14pt;\" class=\"def\"><strong data-start=\"1037\" data-end=\"1086\" class=\"def\">3-warstwowa pow\u0142oka nieprzywieraj\u0105ca titanPro<\/strong> \u2013 trwa\u0142a i odporna na zarysowania<\/span><\/p>\n<p data-start=\"1125\" data-end=\"1191\" style=\"text-align: center;\" class=\"def\"><span style=\"font-size: 14pt;\" class=\"def\"><strong data-start=\"1125\" data-end=\"1149\" class=\"def\">Turbo Induction Base<\/strong> \u2013 szybkie i energooszcz\u0119dne nagrzewanie<\/span><\/p>\n<p data-start=\"1194\" data-end=\"1278\" style=\"text-align: center;\" class=\"def\"><span style=\"font-size: 14pt;\" class=\"def\"><strong data-start=\"1194\" data-end=\"1226\" class=\"def\">Pokrywka z hartowanego szk\u0142a<\/strong> z otworem na par\u0119 i silikonowym rantem Soft Close<\/span><\/p>\n<p data-start=\"1281\" data-end=\"1344\" style=\"text-align: center;\" class=\"def\"><span style=\"font-size: 14pt;\" class=\"def\"><strong data-start=\"1281\" data-end=\"1303\" class=\"def\">Uchwyty Soft Touch<\/strong> \u2013 ergonomiczne, odporne na nagrzewanie<\/span><\/p>\n<p data-start=\"1347\" data-end=\"1419\" style=\"text-align: center;\" class=\"def\"><span style=\"font-size: 14pt;\" class=\"def\"><strong data-start=\"1347\" data-end=\"1371\" class=\"def\">Styl minimalistyczny<\/strong> \u2013 elegancki wygl\u0105d, pasuj\u0105cy do ka\u017cdej kuchni<\/span><\/p>\n<p data-start=\"1422\" data-end=\"1495\" style=\"text-align: center;\" class=\"def\"><span style=\"font-size: 14pt;\" class=\"def\"><strong data-start=\"1422\" data-end=\"1440\" class=\"def\">Przeznaczenie:<\/strong> do wszystkich rodzaj\u00f3w kuchenek (w tym indukcyjnych)<\/span><\/p>\n<p data-start=\"1498\" data-end=\"1558\" style=\"text-align: center;\" class=\"def\"><span style=\"font-size: 14pt;\" class=\"def\"><strong data-start=\"1498\" data-end=\"1524\" class=\"def\">Bezpieczny dla zdrowia<\/strong> \u2013 wolny od PFOA, o\u0142owiu i kadmu<\/span><\/p>\n<p data-start=\"1561\" data-end=\"1625\" style=\"text-align: center;\" class=\"def\"><span style=\"font-size: 14pt;\" class=\"def\"><strong data-start=\"1561\" data-end=\"1582\" class=\"def\">\u0141atwe czyszczenie<\/strong> \u2013 r\u00f3wnie\u017c dzi\u0119ki nieprzywieraj\u0105cej pow\u0142oce<\/span><\/p>\n<p data-start=\"1561\" data-end=\"1625\" style=\"text-align: center;\" class=\"def\"><span style=\"font-size: 14pt;\" class=\"def\"><img decoding=\"async\" src=\"https:\/\/berlingerhaus.com.pl\/images\/tn107\/5000-6000\/Garnek-plytki-3-8-L-z-pokrywka-28cm-BerlingerHaus-Taupe-BH-8098_[5789]_696.jpg\" width=\"696\" height=\"696\" alt=\"\" class=\"def\"><\/span><\/p>\n<p data-start=\"1561\" data-end=\"1625\" style=\"text-align: center;\" class=\"def\"><span style=\"font-size: 14pt;\" class=\"def\"><strong data-start=\"1632\" data-end=\"1665\" class=\"def\">Garnek Berlinger Haus BH-8098<\/strong> to idealne po\u0142\u0105czenie nowoczesnych technologii, ergonomii i estetyki. \u015awietnie sprawdzi si\u0119 zar\u00f3wno w codziennym gotowaniu, jak i podczas serwowania da\u0144 bezpo\u015brednio na st\u00f3\u0142. <\/span><\/p>\n<p data-start=\"1561\" data-end=\"1625\" style=\"text-align: center;\" class=\"def\"><span style=\"font-size: 14pt;\" class=\"def\">Postaw na&nbsp;<strong data-start=\"1851\" data-end=\"1893\" class=\"def\">jako\u015b\u0107 i design w stylu Berlinger Haus<\/strong>!<\/span><\/p>\n","protected":false},"excerpt":{"rendered":"<p>Materia\u0142: kute aluminium z pow\u0142ok\u0105 titanPro<br \/>\n\u015arednica: 28 cm<br \/>\nWysoko\u015b\u0107: 7,5 cm<br \/>\nPojemno\u015b\u0107: 3,8 litra<br \/>\nKolor: matowy taupe<\/p>\n","protected":false},"featured_media":0,"comment_status":"open","ping_status":"closed","template":"","meta":{"ocean_post_layout":"","ocean_both_sidebars_style":"","ocean_both_sidebars_content_width":0,"ocean_both_sidebars_sidebars_width":0,"ocean_sidebar":"","ocean_second_sidebar":"","ocean_disable_margins":"enable","ocean_add_body_class":"","ocean_shortcode_before_top_bar":"","ocean_shortcode_after_top_bar":"","ocean_shortcode_before_header":"","ocean_shortcode_after_header":"","ocean_has_shortcode":"","ocean_shortcode_after_title":"","ocean_shortcode_before_footer_widgets":"","ocean_shortcode_after_footer_widgets":"","ocean_shortcode_before_footer_bottom":"","ocean_shortcode_after_footer_bottom":"","ocean_display_top_bar":"default","ocean_display_header":"default","ocean_header_style":"","ocean_center_header_left_menu":"","ocean_custom_header_template":"","ocean_custom_logo":0,"ocean_custom_retina_logo":0,"ocean_custom_logo_max_width":0,"ocean_custom_logo_tablet_max_width":0,"ocean_custom_logo_mobile_max_width":0,"ocean_custom_logo_max_height":0,"ocean_custom_logo_tablet_max_height":0,"ocean_custom_logo_mobile_max_height":0,"ocean_header_custom_menu":"","ocean_menu_typo_font_family":"","ocean_menu_typo_font_subset":"","ocean_menu_typo_font_size":0,"ocean_menu_typo_font_size_tablet":0,"ocean_menu_typo_font_size_mobile":0,"ocean_menu_typo_font_size_unit":"px","ocean_menu_typo_font_weight":"","ocean_menu_typo_font_weight_tablet":"","ocean_menu_typo_font_weight_mobile":"","ocean_menu_typo_transform":"","ocean_menu_typo_transform_tablet":"","ocean_menu_typo_transform_mobile":"","ocean_menu_typo_line_height":0,"ocean_menu_typo_line_height_tablet":0,"ocean_menu_typo_line_height_mobile":0,"ocean_menu_typo_line_height_unit":"","ocean_menu_typo_spacing":0,"ocean_menu_typo_spacing_tablet":0,"ocean_menu_typo_spacing_mobile":0,"ocean_menu_typo_spacing_unit":"","ocean_menu_link_color":"","ocean_menu_link_color_hover":"","ocean_menu_link_color_active":"","ocean_menu_link_background":"","ocean_menu_link_hover_background":"","ocean_menu_link_active_background":"","ocean_menu_social_links_bg":"","ocean_menu_social_hover_links_bg":"","ocean_menu_social_links_color":"","ocean_menu_social_hover_links_color":"","ocean_disable_title":"default","ocean_disable_heading":"default","ocean_post_title":"","ocean_post_subheading":"","ocean_post_title_style":"","ocean_post_title_background_color":"","ocean_post_title_background":0,"ocean_post_title_bg_image_position":"","ocean_post_title_bg_image_attachment":"","ocean_post_title_bg_image_repeat":"","ocean_post_title_bg_image_size":"","ocean_post_title_height":0,"ocean_post_title_bg_overlay":0.5,"ocean_post_title_bg_overlay_color":"","ocean_disable_breadcrumbs":"default","ocean_breadcrumbs_color":"","ocean_breadcrumbs_separator_color":"","ocean_breadcrumbs_links_color":"","ocean_breadcrumbs_links_hover_color":"","ocean_display_footer_widgets":"default","ocean_display_footer_bottom":"default","ocean_custom_footer_template":""},"product_brand":[],"product_cat":[15],"product_tag":[3962,3898,3897,4065],"class_list":{"0":"post-6487","1":"product","2":"type-product","3":"status-publish","5":"product_cat-wszystkie-produkty","6":"product_tag-3962","7":"product_tag-3898","8":"product_tag-berlinger-haus","9":"product_tag-bh-8098","11":"entry","13":"first","14":"instock","15":"shipping-taxable","16":"product-type-simple","17":"has-product-nav","18":"col","19":"span_1_of_4","20":"owp-content-center","21":"owp-thumbs-layout-horizontal","22":"owp-btn-normal","23":"owp-tabs-layout-horizontal","24":"has-no-thumbnails"},"jetpack_sharing_enabled":true,"_links":{"self":[{"href":"https:\/\/domigoo.pl\/index.php\/wp-json\/wp\/v2\/product\/6487","targetHints":{"allow":["GET"]}}],"collection":[{"href":"https:\/\/domigoo.pl\/index.php\/wp-json\/wp\/v2\/product"}],"about":[{"href":"https:\/\/domigoo.pl\/index.php\/wp-json\/wp\/v2\/types\/product"}],"replies":[{"embeddable":true,"href":"https:\/\/domigoo.pl\/index.php\/wp-json\/wp\/v2\/comments?post=6487"}],"wp:attachment":[{"href":"https:\/\/domigoo.pl\/index.php\/wp-json\/wp\/v2\/media?parent=6487"}],"wp:term":[{"taxonomy":"product_brand","embeddable":true,"href":"https:\/\/domigoo.pl\/index.php\/wp-json\/wp\/v2\/product_brand?post=6487"},{"taxonomy":"product_cat","embeddable":true,"href":"https:\/\/domigoo.pl\/index.php\/wp-json\/wp\/v2\/product_cat?post=6487"},{"taxonomy":"product_tag","embeddable":true,"href":"https:\/\/domigoo.pl\/index.php\/wp-json\/wp\/v2\/product_tag?post=6487"}],"curies":[{"name":"wp","href":"https:\/\/api.w.org\/{rel}","templated":true}]}}