{"id":6488,"date":"2025-09-12T10:19:08","date_gmt":"2025-09-12T08:19:08","guid":{"rendered":"https:\/\/domigoo.pl\/index.php\/produkt\/garnek-plytki-38l-z-pokrywka-28cm-berlinger-haus-leonardo-collection-bh-8038\/"},"modified":"2026-04-13T13:25:39","modified_gmt":"2026-04-13T11:25:39","slug":"garnek-plytki-38l-z-pokrywka-28cm-berlinger-haus-leonardo-collection-bh-8038","status":"publish","type":"product","link":"https:\/\/domigoo.pl\/index.php\/produkt\/garnek-plytki-38l-z-pokrywka-28cm-berlinger-haus-leonardo-collection-bh-8038\/","title":{"rendered":"Garnek p\u0142ytki 3,8L z pokrywk\u0105 28cm Berlinger Haus Leonardo Collection BH-8038"},"content":{"rendered":"<h2 style=\"text-align: center;\" class=\"def\"><span style=\"font-size: 24pt;\" class=\"def\">Garnek p\u0142ytki 3,8L z pokrywk\u0105 28cm | Berlinger Haus&nbsp;<\/span><\/h2>\n<h2 style=\"text-align: center;\" class=\"def\"><span style=\"font-size: 24pt;\" class=\"def\">&nbsp;Leonardo Collection BH-8038<\/span><\/h2>\n<p class=\"def\"><img fetchpriority=\"high\" decoding=\"async\" src=\"https:\/\/berlingerhaus.com.pl\/images\/tn107\/4000-5000\/Garnek-plytki-3-8L-z-pokrywka-28cm-Berlinger-Haus-Leonardo-Collection-BH-8038_[4247]_696.jpg\" width=\"624\" height=\"624\" alt=\"\" style=\"display: block; margin-left: auto; margin-right: auto;\" class=\"def\"><\/p>\n<h2 style=\"text-align: center;\" class=\"def\">Wyj\u0105tkowa jako\u015b\u0107<\/h2>\n<p style=\"text-align: center;\" class=\"def\"><span style=\"font-size: 14pt;\" class=\"def\">Garnek z kolekcji Leonardo to synonim doskona\u0142ej jako\u015bci wykonania.<\/span><\/p>\n<p style=\"text-align: center;\" class=\"def\"><span style=\"font-size: 14pt;\" class=\"def\">&nbsp;Wykonany jest z kutego aluminium, co gwarantuje trwa\u0142o\u015b\u0107 i odporno\u015b\u0107 na uszkodzenia mechaniczne.<\/span><\/p>\n<p style=\"text-align: center;\" class=\"def\"><span style=\"font-size: 14pt;\" class=\"def\">&nbsp;Dodatkowo pow\u0142oka <strong class=\"def\">wewn\u0119trzna nieprzywieraj\u0105ca<\/strong> <strong class=\"def\">TitanPro<\/strong> sprawia, \u017ce potrawy nie przywieraj\u0105 do dna ani \u015bcianek garnka, co u\u0142atwia jego czyszczenie oraz u\u017cytkowanie.<\/span><\/p>\n<h2 style=\"text-align: center;\" class=\"def\">Funkcjonalno\u015b\u0107 na najwy\u017cszym poziomie<\/h2>\n<p style=\"text-align: center;\" class=\"def\"><span style=\"font-size: 14pt;\" class=\"def\">Dzi\u0119ki wymiarom <strong class=\"def\">\u00d828*7,5 cm<\/strong> oraz pojemno\u015bci <strong class=\"def\">3,8 litra<\/strong> garnek ten idealnie sprawdzi si\u0119 do gotowania wi\u0119kszych ilo\u015bci da\u0144 &#8211; zar\u00f3wno dla rodzinnych obiad\u00f3w, jak i przyj\u0119\u0107 ze znajomymi.<\/span><\/p>\n<p style=\"text-align: center;\" class=\"def\"><span style=\"font-size: 14pt;\" class=\"def\">Kolor bordowy nadaje mu eleganckiego wygl\u0105du, kt\u00f3ry b\u0119dzie ozdob\u0105 ka\u017cdej kuchni. Solidna konstrukcja gwarantuje r\u00f3wnomierne rozprowadzenie ciep\u0142a podczas gotowania.<\/span><\/p>\n<p style=\"text-align: center;\" class=\"def\"><img decoding=\"async\" src=\"https:\/\/berlingerhaus.com.pl\/images\/tn107\/4000-5000\/Garnek-plytki-3-8L-z-pokrywka-28cm-Berlinger-Haus-Leonardo-Collection-BH-8038_[4249]_696.jpg\" width=\"500\" height=\"500\" alt=\"\" style=\"float: left;\" class=\"def\"><\/p>\n<p style=\"text-align: center;\" class=\"def\"><span style=\"font-size: 18pt;\" class=\"def\"><strong class=\"def\">Cechy produktu<\/strong><\/span>&nbsp;<\/p>\n<p style=\"text-align: center;\" class=\"def\"><span style=\"font-size: 14pt;\" class=\"def\"><strong class=\"def\">Materia\u0142:<\/strong>&nbsp;Kute aluminium&nbsp;<\/span><\/p>\n<p style=\"text-align: center;\" class=\"def\"><span style=\"font-size: 14pt;\" class=\"def\"><strong class=\"def\">Pow\u0142oka wewn\u0119trzna: <\/strong>Nieprzywieraj\u0105ca TitanPro<\/span><\/p>\n<p style=\"text-align: center;\" class=\"def\"><span style=\"font-size: 14pt;\" class=\"def\"><strong class=\"def\">Wymiary:<\/strong>&nbsp;<span lang=\"pl\" xml:lang=\"pl\" class=\"def\">\u00d828 x 7,5 cm<\/span><\/span><\/p>\n<p style=\"text-align: center;\" class=\"def\"><span lang=\"pl\" xml:lang=\"pl\" style=\"font-size: 14pt;\" class=\"def\"><strong class=\"def\">Pojemno\u015b\u0107:<\/strong>&nbsp;3,8L<\/span><\/p>\n<p style=\"text-align: center;\" class=\"def\"><span lang=\"pl\" xml:lang=\"pl\" style=\"font-size: 14pt;\" class=\"def\"><strong class=\"def\">Kolor:<\/strong>&nbsp;Matowy&nbsp;bordowy<\/span><\/p>\n<p style=\"text-align: center;\" class=\"def\"><span style=\"font-size: 14pt;\" class=\"def\"><strong class=\"def\"><span lang=\"pl\" xml:lang=\"pl\" class=\"def\">Kolekcja: Leonardo Collection<\/span><\/strong><\/span><\/p>\n<div onclick=\"this.remove()\" class=\"def\">\n<\/div>\n","protected":false},"excerpt":{"rendered":"<p>Materia\u0142: Kute aluminium<br \/>\nPow\u0142oka wewn\u0119trzna: Nieprzywieraj\u0105ca TitanPro<br \/>\nWymiary: \u00d828 x 7,5 cm<br \/>\nPojemno\u015b\u0107: 3,8L<br \/>\nKolor: Matowy bordowy<br \/>\nKolekcja: Leonardo Collection<\/p>\n","protected":false},"featured_media":0,"comment_status":"open","ping_status":"closed","template":"","meta":{"ocean_post_layout":"","ocean_both_sidebars_style":"","ocean_both_sidebars_content_width":0,"ocean_both_sidebars_sidebars_width":0,"ocean_sidebar":"","ocean_second_sidebar":"","ocean_disable_margins":"enable","ocean_add_body_class":"","ocean_shortcode_before_top_bar":"","ocean_shortcode_after_top_bar":"","ocean_shortcode_before_header":"","ocean_shortcode_after_header":"","ocean_has_shortcode":"","ocean_shortcode_after_title":"","ocean_shortcode_before_footer_widgets":"","ocean_shortcode_after_footer_widgets":"","ocean_shortcode_before_footer_bottom":"","ocean_shortcode_after_footer_bottom":"","ocean_display_top_bar":"default","ocean_display_header":"default","ocean_header_style":"","ocean_center_header_left_menu":"","ocean_custom_header_template":"","ocean_custom_logo":0,"ocean_custom_retina_logo":0,"ocean_custom_logo_max_width":0,"ocean_custom_logo_tablet_max_width":0,"ocean_custom_logo_mobile_max_width":0,"ocean_custom_logo_max_height":0,"ocean_custom_logo_tablet_max_height":0,"ocean_custom_logo_mobile_max_height":0,"ocean_header_custom_menu":"","ocean_menu_typo_font_family":"","ocean_menu_typo_font_subset":"","ocean_menu_typo_font_size":0,"ocean_menu_typo_font_size_tablet":0,"ocean_menu_typo_font_size_mobile":0,"ocean_menu_typo_font_size_unit":"px","ocean_menu_typo_font_weight":"","ocean_menu_typo_font_weight_tablet":"","ocean_menu_typo_font_weight_mobile":"","ocean_menu_typo_transform":"","ocean_menu_typo_transform_tablet":"","ocean_menu_typo_transform_mobile":"","ocean_menu_typo_line_height":0,"ocean_menu_typo_line_height_tablet":0,"ocean_menu_typo_line_height_mobile":0,"ocean_menu_typo_line_height_unit":"","ocean_menu_typo_spacing":0,"ocean_menu_typo_spacing_tablet":0,"ocean_menu_typo_spacing_mobile":0,"ocean_menu_typo_spacing_unit":"","ocean_menu_link_color":"","ocean_menu_link_color_hover":"","ocean_menu_link_color_active":"","ocean_menu_link_background":"","ocean_menu_link_hover_background":"","ocean_menu_link_active_background":"","ocean_menu_social_links_bg":"","ocean_menu_social_hover_links_bg":"","ocean_menu_social_links_color":"","ocean_menu_social_hover_links_color":"","ocean_disable_title":"default","ocean_disable_heading":"default","ocean_post_title":"","ocean_post_subheading":"","ocean_post_title_style":"","ocean_post_title_background_color":"","ocean_post_title_background":0,"ocean_post_title_bg_image_position":"","ocean_post_title_bg_image_attachment":"","ocean_post_title_bg_image_repeat":"","ocean_post_title_bg_image_size":"","ocean_post_title_height":0,"ocean_post_title_bg_overlay":0.5,"ocean_post_title_bg_overlay_color":"","ocean_disable_breadcrumbs":"default","ocean_breadcrumbs_color":"","ocean_breadcrumbs_separator_color":"","ocean_breadcrumbs_links_color":"","ocean_breadcrumbs_links_hover_color":"","ocean_display_footer_widgets":"default","ocean_display_footer_bottom":"default","ocean_custom_footer_template":""},"product_brand":[],"product_cat":[15],"product_tag":[3962,3898,3897,4066],"class_list":{"0":"post-6488","1":"product","2":"type-product","3":"status-publish","5":"product_cat-wszystkie-produkty","6":"product_tag-3962","7":"product_tag-3898","8":"product_tag-berlinger-haus","9":"product_tag-bh-8038","11":"entry","13":"first","14":"instock","15":"shipping-taxable","16":"product-type-simple","17":"has-product-nav","18":"col","19":"span_1_of_4","20":"owp-content-center","21":"owp-thumbs-layout-horizontal","22":"owp-btn-normal","23":"owp-tabs-layout-horizontal","24":"has-no-thumbnails"},"jetpack_sharing_enabled":true,"_links":{"self":[{"href":"https:\/\/domigoo.pl\/index.php\/wp-json\/wp\/v2\/product\/6488","targetHints":{"allow":["GET"]}}],"collection":[{"href":"https:\/\/domigoo.pl\/index.php\/wp-json\/wp\/v2\/product"}],"about":[{"href":"https:\/\/domigoo.pl\/index.php\/wp-json\/wp\/v2\/types\/product"}],"replies":[{"embeddable":true,"href":"https:\/\/domigoo.pl\/index.php\/wp-json\/wp\/v2\/comments?post=6488"}],"wp:attachment":[{"href":"https:\/\/domigoo.pl\/index.php\/wp-json\/wp\/v2\/media?parent=6488"}],"wp:term":[{"taxonomy":"product_brand","embeddable":true,"href":"https:\/\/domigoo.pl\/index.php\/wp-json\/wp\/v2\/product_brand?post=6488"},{"taxonomy":"product_cat","embeddable":true,"href":"https:\/\/domigoo.pl\/index.php\/wp-json\/wp\/v2\/product_cat?post=6488"},{"taxonomy":"product_tag","embeddable":true,"href":"https:\/\/domigoo.pl\/index.php\/wp-json\/wp\/v2\/product_tag?post=6488"}],"curies":[{"name":"wp","href":"https:\/\/api.w.org\/{rel}","templated":true}]}}