{"id":6490,"date":"2025-09-12T10:19:08","date_gmt":"2025-09-12T08:19:08","guid":{"rendered":"https:\/\/domigoo.pl\/index.php\/produkt\/garnek-plytki-38l-z-pokrywka-berlingerhaus-antracit-bh-8129\/"},"modified":"2026-04-13T13:25:39","modified_gmt":"2026-04-13T11:25:39","slug":"garnek-plytki-38l-z-pokrywka-berlingerhaus-antracit-bh-8129","status":"publish","type":"product","link":"https:\/\/domigoo.pl\/index.php\/produkt\/garnek-plytki-38l-z-pokrywka-berlingerhaus-antracit-bh-8129\/","title":{"rendered":"Garnek p\u0142ytki 3,8l z pokrywk\u0105 BerlingerHaus Antracit BH-8129"},"content":{"rendered":"<p style=\"text-align: center;\" class=\"def\"><strong class=\"def\"><span style=\"font-family: verdana, geneva, sans-serif; font-size: 18pt;\" class=\"def\">Garnek p\u0142ytki 3,8l z pokrywk\u0105 | BerlingerHaus<\/span><\/strong><\/p>\n<p style=\"text-align: center;\" class=\"def\"><strong class=\"def\"><span style=\"font-family: verdana, geneva, sans-serif; font-size: 18pt;\" class=\"def\">&nbsp;Antracit Collection <\/span><\/strong><strong class=\"def\"><span style=\"font-family: verdana, geneva, sans-serif; font-size: 18pt;\" class=\"def\">BH-8129<\/span><\/strong><\/p>\n<hr class=\"def\">\n<p style=\"text-align: center;\" class=\"def\">&nbsp;<img fetchpriority=\"high\" decoding=\"async\" height=\"378\" width=\"670\" src=\"https:\/\/berlingerhaus.com.pl\/images\/tn107\/2000-3000\/Garnek-plytki-3-8l-z-pokrywka-BerlingerHaus-Antracit-BH-8129_[2989]_695.jpg\" alt=\"image\" class=\"def\"><\/p>\n<p style=\"text-align: center;\" class=\"def\"><span style=\"font-size: 14pt;\" class=\"def\">&nbsp;<span style=\"font-family: verdana, geneva, sans-serif;\" class=\"def\">P\u0142ytki garnek 3.8l BerlingerHaus z najnowszej kolekcji Antracit Collection.&nbsp;<\/span><\/span><br class=\"def\"><br \/>\n <span style=\"font-size: 14pt; font-family: verdana, geneva, sans-serif;\" class=\"def\">&nbsp;<\/span><\/p>\n<p style=\"text-align: center;\" class=\"def\"><span style=\"font-family: verdana, geneva, sans-serif; font-size: 14pt;\" class=\"def\">Garnek&nbsp;wykonany jest z wysokiej jako\u015bci&nbsp;<span style=\"text-decoration: underline;\" class=\"def\">kutego aluminium<\/span>.<\/span><\/p>\n<p style=\"text-align: center;\" class=\"def\"><span style=\"font-family: verdana, geneva, sans-serif; font-size: 14pt;\" class=\"def\">Wyposa\u017cony w pow\u0142ok\u0119 nieprzywieraj\u0105c\u0105 TitanPro oraz system&nbsp;<strong class=\"def\">TURBOINDUCTION<\/strong>,&nbsp;kt\u00f3ry zapewnia r\u00f3wnomierne oraz szybsze nagrzewanie,<\/span><\/p>\n<p style=\"text-align: center;\" class=\"def\"><span style=\"font-size: 14pt; font-family: verdana, geneva, sans-serif;\" class=\"def\"><span class=\"def\">dzi\u0119ki czemu zaoszcz\u0119dzimy nie tylko czas, ale i energi\u0119.<\/span>&nbsp;<\/span><\/p>\n<p style=\"text-align: center;\" class=\"def\"><span style=\"font-size: 14pt; font-family: verdana, geneva, sans-serif;\" class=\"def\"><strong class=\"def\">\u0141atwy w czyszczeniu, nie zalecamy mycia w zmywarce, szczeg\u00f3\u0142owe instrukcje i zalecenia producenta odno\u015bnie czyszczenia zawarte w instrukcji obs\u0142ugi.&nbsp;<\/strong><\/span><\/p>\n<p style=\"text-align: center;\" class=\"def\"><strong class=\"def\">&nbsp;<\/strong><\/p>\n<p style=\"text-align: center;\" class=\"def\"><span style=\"font-family: verdana, geneva, sans-serif; font-size: 14pt;\" class=\"def\"><strong class=\"def\"><span class=\"def\"><span style=\"font-size: 18pt;\" class=\"def\">Cechy produktu:<\/span>&nbsp;<\/span><\/strong><\/span><\/p>\n<p style=\"text-align: center;\" class=\"def\"><span style=\"font-family: verdana, geneva, sans-serif; font-size: 14pt;\" class=\"def\"><strong class=\"def\"><span style=\"text-decoration: underline;\" class=\"def\">Materia\u0142:<\/span>&nbsp;<\/strong>kute aluminium&nbsp;<\/span><\/p>\n<p style=\"text-align: center;\" class=\"def\"><span style=\"font-family: verdana, geneva, sans-serif; font-size: 14pt;\" class=\"def\"><strong class=\"def\"><span style=\"text-decoration: underline;\" class=\"def\">Pow\u0142oka wewn\u0119trzna:<\/span><\/strong>&nbsp;nieprzywieraj\u0105ca TitanPro<\/span><\/p>\n<p style=\"text-align: center;\" class=\"def\"><span style=\"font-family: verdana, geneva, sans-serif; font-size: 14pt;\" class=\"def\"><strong class=\"def\"><span style=\"text-decoration: underline;\" class=\"def\">Wymiary:<\/span><\/strong>&nbsp;<span xml:lang=\"pl\" lang=\"pl\" class=\"def\">\u00d828*7,5 cm<\/span><\/span><\/p>\n<p style=\"text-align: center;\" class=\"def\"><span style=\"font-family: verdana, geneva, sans-serif; font-size: 14pt;\" xml:lang=\"pl\" lang=\"pl\" class=\"def\"><strong class=\"def\"><span style=\"text-decoration: underline;\" class=\"def\">Pojemno\u015b\u0107:<\/span>&nbsp;<\/strong>3,8L<\/span><\/p>\n<p style=\"text-align: center;\" class=\"def\"><span style=\"font-family: verdana, geneva, sans-serif; font-size: 14pt;\" xml:lang=\"pl\" lang=\"pl\" class=\"def\"><strong class=\"def\"><span style=\"text-decoration: underline;\" class=\"def\">Kolor:<\/span><\/strong>&nbsp;matowy antracyt&nbsp;<\/span><\/p>\n<p style=\"text-align: center;\" class=\"def\"><span style=\"font-family: verdana, geneva, sans-serif; font-size: 12pt;\" xml:lang=\"pl\" lang=\"pl\" class=\"def\"><img decoding=\"async\" height=\"449\" width=\"798\" src=\"https:\/\/berlingerhaus.com.pl\/images\/tn107\/2000-3000\/Garnek-plytki-3-8l-z-pokrywka-BerlingerHaus-Antracit-BH-8129_[2991]_695.jpg\" alt=\"image\" class=\"def\"><br class=\"def\"><br \/>\n <\/span><\/p>\n","protected":false},"excerpt":{"rendered":"<p>Materia\u0142: kute aluminium<br \/>\nPow\u0142oka wewn\u0119trzna: nieprzywieraj\u0105ca TitanPro<br \/>\nWymiary: \u00d828*7,5 cm<br \/>\nPojemno\u015b\u0107: 3,8L<br \/>\nKolor: matowy antracyt<\/p>\n","protected":false},"featured_media":0,"comment_status":"open","ping_status":"closed","template":"","meta":{"ocean_post_layout":"","ocean_both_sidebars_style":"","ocean_both_sidebars_content_width":0,"ocean_both_sidebars_sidebars_width":0,"ocean_sidebar":"","ocean_second_sidebar":"","ocean_disable_margins":"enable","ocean_add_body_class":"","ocean_shortcode_before_top_bar":"","ocean_shortcode_after_top_bar":"","ocean_shortcode_before_header":"","ocean_shortcode_after_header":"","ocean_has_shortcode":"","ocean_shortcode_after_title":"","ocean_shortcode_before_footer_widgets":"","ocean_shortcode_after_footer_widgets":"","ocean_shortcode_before_footer_bottom":"","ocean_shortcode_after_footer_bottom":"","ocean_display_top_bar":"default","ocean_display_header":"default","ocean_header_style":"","ocean_center_header_left_menu":"","ocean_custom_header_template":"","ocean_custom_logo":0,"ocean_custom_retina_logo":0,"ocean_custom_logo_max_width":0,"ocean_custom_logo_tablet_max_width":0,"ocean_custom_logo_mobile_max_width":0,"ocean_custom_logo_max_height":0,"ocean_custom_logo_tablet_max_height":0,"ocean_custom_logo_mobile_max_height":0,"ocean_header_custom_menu":"","ocean_menu_typo_font_family":"","ocean_menu_typo_font_subset":"","ocean_menu_typo_font_size":0,"ocean_menu_typo_font_size_tablet":0,"ocean_menu_typo_font_size_mobile":0,"ocean_menu_typo_font_size_unit":"px","ocean_menu_typo_font_weight":"","ocean_menu_typo_font_weight_tablet":"","ocean_menu_typo_font_weight_mobile":"","ocean_menu_typo_transform":"","ocean_menu_typo_transform_tablet":"","ocean_menu_typo_transform_mobile":"","ocean_menu_typo_line_height":0,"ocean_menu_typo_line_height_tablet":0,"ocean_menu_typo_line_height_mobile":0,"ocean_menu_typo_line_height_unit":"","ocean_menu_typo_spacing":0,"ocean_menu_typo_spacing_tablet":0,"ocean_menu_typo_spacing_mobile":0,"ocean_menu_typo_spacing_unit":"","ocean_menu_link_color":"","ocean_menu_link_color_hover":"","ocean_menu_link_color_active":"","ocean_menu_link_background":"","ocean_menu_link_hover_background":"","ocean_menu_link_active_background":"","ocean_menu_social_links_bg":"","ocean_menu_social_hover_links_bg":"","ocean_menu_social_links_color":"","ocean_menu_social_hover_links_color":"","ocean_disable_title":"default","ocean_disable_heading":"default","ocean_post_title":"","ocean_post_subheading":"","ocean_post_title_style":"","ocean_post_title_background_color":"","ocean_post_title_background":0,"ocean_post_title_bg_image_position":"","ocean_post_title_bg_image_attachment":"","ocean_post_title_bg_image_repeat":"","ocean_post_title_bg_image_size":"","ocean_post_title_height":0,"ocean_post_title_bg_overlay":0.5,"ocean_post_title_bg_overlay_color":"","ocean_disable_breadcrumbs":"default","ocean_breadcrumbs_color":"","ocean_breadcrumbs_separator_color":"","ocean_breadcrumbs_links_color":"","ocean_breadcrumbs_links_hover_color":"","ocean_display_footer_widgets":"default","ocean_display_footer_bottom":"default","ocean_custom_footer_template":""},"product_brand":[],"product_cat":[15],"product_tag":[3962,3898,3897,4068],"class_list":{"0":"post-6490","1":"product","2":"type-product","3":"status-publish","5":"product_cat-wszystkie-produkty","6":"product_tag-3962","7":"product_tag-3898","8":"product_tag-berlinger-haus","9":"product_tag-bh-8129","11":"entry","13":"first","14":"instock","15":"shipping-taxable","16":"product-type-simple","17":"has-product-nav","18":"col","19":"span_1_of_4","20":"owp-content-center","21":"owp-thumbs-layout-horizontal","22":"owp-btn-normal","23":"owp-tabs-layout-horizontal","24":"has-no-thumbnails"},"jetpack_sharing_enabled":true,"_links":{"self":[{"href":"https:\/\/domigoo.pl\/index.php\/wp-json\/wp\/v2\/product\/6490","targetHints":{"allow":["GET"]}}],"collection":[{"href":"https:\/\/domigoo.pl\/index.php\/wp-json\/wp\/v2\/product"}],"about":[{"href":"https:\/\/domigoo.pl\/index.php\/wp-json\/wp\/v2\/types\/product"}],"replies":[{"embeddable":true,"href":"https:\/\/domigoo.pl\/index.php\/wp-json\/wp\/v2\/comments?post=6490"}],"wp:attachment":[{"href":"https:\/\/domigoo.pl\/index.php\/wp-json\/wp\/v2\/media?parent=6490"}],"wp:term":[{"taxonomy":"product_brand","embeddable":true,"href":"https:\/\/domigoo.pl\/index.php\/wp-json\/wp\/v2\/product_brand?post=6490"},{"taxonomy":"product_cat","embeddable":true,"href":"https:\/\/domigoo.pl\/index.php\/wp-json\/wp\/v2\/product_cat?post=6490"},{"taxonomy":"product_tag","embeddable":true,"href":"https:\/\/domigoo.pl\/index.php\/wp-json\/wp\/v2\/product_tag?post=6490"}],"curies":[{"name":"wp","href":"https:\/\/api.w.org\/{rel}","templated":true}]}}