{"id":6491,"date":"2025-09-12T10:19:08","date_gmt":"2025-09-12T08:19:08","guid":{"rendered":"https:\/\/domigoo.pl\/index.php\/produkt\/garnek-plytki-30cm-45l-z-pokrywka-berlingerhaus-matte-black-bh-8186\/"},"modified":"2026-03-02T03:27:31","modified_gmt":"2026-03-02T02:27:31","slug":"garnek-plytki-30cm-45l-z-pokrywka-berlingerhaus-matte-black-bh-8186","status":"publish","type":"product","link":"https:\/\/domigoo.pl\/index.php\/produkt\/garnek-plytki-30cm-45l-z-pokrywka-berlingerhaus-matte-black-bh-8186\/","title":{"rendered":"Garnek p\u0142ytki 30cm 4,5l z pokrywk\u0105 BerlingerHaus Matte Black BH-8186"},"content":{"rendered":"<h1 style=\"text-align: center;\" class=\"def\"><strong class=\"def\">Garnek p\u0142ytki 30cm 4,5l z pokrywk\u0105 BerlingerHaus<\/strong><\/h1>\n<h1 style=\"text-align: center;\" class=\"def\"><strong class=\"def\">&nbsp;Matte Black BH-8186<\/strong><\/h1>\n<hr class=\"def\">\n<p class=\"def\"><img fetchpriority=\"high\" decoding=\"async\" src=\"https:\/\/berlingerhaus.com.pl\/images\/tn107\/5000-6000\/Garnek-plytki-30cm-4-5l-z-pokrywka-BerlingerHaus-Matte-Black-BH-8186_[5635]_696.jpg\" width=\"696\" height=\"696\" alt=\"\" style=\"display: block; margin-left: auto; margin-right: auto;\" class=\"def\"><\/p>\n<p style=\"text-align: center;\" class=\"def\"><span style=\"font-size: 14pt;\" class=\"def\">Poznaj elegancj\u0119 i funkcjonalno\u015b\u0107 z garnkiem p\u0142ytkim BerlingerHaus z kolekcji Matte Black.<\/span><\/p>\n<p style=\"text-align: center;\" class=\"def\"><span style=\"font-size: 14pt;\" class=\"def\">Ten stylowy garnek o \u015brednicy <\/span><span style=\"font-size: 14pt;\" class=\"def\">30 cm i pojemno\u015bci 4,5 litra jest idealnym rozwi\u0105zaniem do gotowania i duszenia r\u00f3\u017cnorodnych potraw, \u0142\u0105cz\u0105c w sobie nowoczesny design i najwy\u017csz\u0105 jako\u015b\u0107 wykonania.<\/span><\/p>\n<p style=\"text-align: center;\" class=\"def\"><span style=\"font-size: 14pt;\" class=\"def\">Materia\u0142: Wysokiej jako\u015bci aluminium z 3x trwa\u0142\u0105, nieprzywieraj\u0105c\u0105 pow\u0142ok\u0105 TitanPro<\/span><\/p>\n<p style=\"text-align: center;\" class=\"def\"><span style=\"font-size: 14pt;\" class=\"def\">Pow\u0142oka: TitanPro &#8211; 3x trwa\u0142a, nieprzywieraj\u0105ca<\/span><\/p>\n<p style=\"text-align: center;\" class=\"def\"><span style=\"font-size: 14pt;\" class=\"def\"><img decoding=\"async\" src=\"https:\/\/berlingerhaus.com.pl\/images\/tn107\/5000-6000\/Garnek-plytki-30cm-4-5l-z-pokrywka-BerlingerHaus-Matte-Black-BH-8186_[5636]_696.jpg\" alt=\"\" style=\"float: left;\" class=\"def\"><\/span><\/p>\n<h2 style=\"text-align: center;\" class=\"def\"><span style=\"font-size: 18pt; font-family: Montserrat;\" class=\"def\"><span class=\"def\">Cechy produktu:&nbsp;<\/span><\/span><\/h2>\n<p style=\"text-align: center;\" class=\"def\"><span style=\"font-size: 14pt; font-family: Montserrat;\" class=\"def\"><span class=\"def\"><strong class=\"def\">Materia\u0142<\/strong> : kute aluminium&nbsp;<\/span><\/span><\/p>\n<p style=\"text-align: center;\" class=\"def\"><span style=\"font-size: 14pt; font-family: Montserrat;\" class=\"def\"><span class=\"def\"><strong class=\"def\">Pow\u0142oka <\/strong>: nieprzywieraj\u0105ca TitanPro tytanowa.<\/span><\/span><\/p>\n<p style=\"text-align: center;\" class=\"def\"><span style=\"font-size: 14pt; font-family: Montserrat;\" class=\"def\"><span class=\"def\"><strong class=\"def\">Wymiary<\/strong> : \u00d830*8 cm 4,5L<\/span><\/span><\/p>\n<p style=\"text-align: center;\" class=\"def\"><span style=\"font-size: 14pt; font-family: Montserrat;\" class=\"def\"><span class=\"def\"><strong class=\"def\">Kolor <\/strong>: matowa czer\u0144&nbsp;<\/span><\/span><\/p>\n","protected":false},"excerpt":{"rendered":"<p>Materia\u0142 : kute aluminium\u00a0<br \/>\nPow\u0142oka : nieprzywieraj\u0105ca TitanPro tytanowa.<br \/>\nWymiary : \u00d830*8 cm 4,5L<br \/>\nKolor : matowa czer\u0144\u00a0<\/p>\n","protected":false},"featured_media":0,"comment_status":"open","ping_status":"closed","template":"","meta":{"ocean_post_layout":"","ocean_both_sidebars_style":"","ocean_both_sidebars_content_width":0,"ocean_both_sidebars_sidebars_width":0,"ocean_sidebar":"","ocean_second_sidebar":"","ocean_disable_margins":"enable","ocean_add_body_class":"","ocean_shortcode_before_top_bar":"","ocean_shortcode_after_top_bar":"","ocean_shortcode_before_header":"","ocean_shortcode_after_header":"","ocean_has_shortcode":"","ocean_shortcode_after_title":"","ocean_shortcode_before_footer_widgets":"","ocean_shortcode_after_footer_widgets":"","ocean_shortcode_before_footer_bottom":"","ocean_shortcode_after_footer_bottom":"","ocean_display_top_bar":"default","ocean_display_header":"default","ocean_header_style":"","ocean_center_header_left_menu":"","ocean_custom_header_template":"","ocean_custom_logo":0,"ocean_custom_retina_logo":0,"ocean_custom_logo_max_width":0,"ocean_custom_logo_tablet_max_width":0,"ocean_custom_logo_mobile_max_width":0,"ocean_custom_logo_max_height":0,"ocean_custom_logo_tablet_max_height":0,"ocean_custom_logo_mobile_max_height":0,"ocean_header_custom_menu":"","ocean_menu_typo_font_family":"","ocean_menu_typo_font_subset":"","ocean_menu_typo_font_size":0,"ocean_menu_typo_font_size_tablet":0,"ocean_menu_typo_font_size_mobile":0,"ocean_menu_typo_font_size_unit":"px","ocean_menu_typo_font_weight":"","ocean_menu_typo_font_weight_tablet":"","ocean_menu_typo_font_weight_mobile":"","ocean_menu_typo_transform":"","ocean_menu_typo_transform_tablet":"","ocean_menu_typo_transform_mobile":"","ocean_menu_typo_line_height":0,"ocean_menu_typo_line_height_tablet":0,"ocean_menu_typo_line_height_mobile":0,"ocean_menu_typo_line_height_unit":"","ocean_menu_typo_spacing":0,"ocean_menu_typo_spacing_tablet":0,"ocean_menu_typo_spacing_mobile":0,"ocean_menu_typo_spacing_unit":"","ocean_menu_link_color":"","ocean_menu_link_color_hover":"","ocean_menu_link_color_active":"","ocean_menu_link_background":"","ocean_menu_link_hover_background":"","ocean_menu_link_active_background":"","ocean_menu_social_links_bg":"","ocean_menu_social_hover_links_bg":"","ocean_menu_social_links_color":"","ocean_menu_social_hover_links_color":"","ocean_disable_title":"default","ocean_disable_heading":"default","ocean_post_title":"","ocean_post_subheading":"","ocean_post_title_style":"","ocean_post_title_background_color":"","ocean_post_title_background":0,"ocean_post_title_bg_image_position":"","ocean_post_title_bg_image_attachment":"","ocean_post_title_bg_image_repeat":"","ocean_post_title_bg_image_size":"","ocean_post_title_height":0,"ocean_post_title_bg_overlay":0.5,"ocean_post_title_bg_overlay_color":"","ocean_disable_breadcrumbs":"default","ocean_breadcrumbs_color":"","ocean_breadcrumbs_separator_color":"","ocean_breadcrumbs_links_color":"","ocean_breadcrumbs_links_hover_color":"","ocean_display_footer_widgets":"default","ocean_display_footer_bottom":"default","ocean_custom_footer_template":""},"product_brand":[],"product_cat":[15],"product_tag":[3962,3898,3897,4070],"class_list":{"0":"post-6491","1":"product","2":"type-product","3":"status-publish","5":"product_cat-wszystkie-produkty","6":"product_tag-3962","7":"product_tag-3898","8":"product_tag-berlinger-haus","9":"product_tag-bh-8186","11":"entry","13":"first","14":"outofstock","15":"shipping-taxable","16":"product-type-simple","17":"has-product-nav","18":"col","19":"span_1_of_4","20":"owp-content-center","21":"owp-thumbs-layout-horizontal","22":"owp-btn-normal","23":"owp-tabs-layout-horizontal","24":"has-no-thumbnails"},"jetpack_sharing_enabled":true,"_links":{"self":[{"href":"https:\/\/domigoo.pl\/index.php\/wp-json\/wp\/v2\/product\/6491","targetHints":{"allow":["GET"]}}],"collection":[{"href":"https:\/\/domigoo.pl\/index.php\/wp-json\/wp\/v2\/product"}],"about":[{"href":"https:\/\/domigoo.pl\/index.php\/wp-json\/wp\/v2\/types\/product"}],"replies":[{"embeddable":true,"href":"https:\/\/domigoo.pl\/index.php\/wp-json\/wp\/v2\/comments?post=6491"}],"wp:attachment":[{"href":"https:\/\/domigoo.pl\/index.php\/wp-json\/wp\/v2\/media?parent=6491"}],"wp:term":[{"taxonomy":"product_brand","embeddable":true,"href":"https:\/\/domigoo.pl\/index.php\/wp-json\/wp\/v2\/product_brand?post=6491"},{"taxonomy":"product_cat","embeddable":true,"href":"https:\/\/domigoo.pl\/index.php\/wp-json\/wp\/v2\/product_cat?post=6491"},{"taxonomy":"product_tag","embeddable":true,"href":"https:\/\/domigoo.pl\/index.php\/wp-json\/wp\/v2\/product_tag?post=6491"}],"curies":[{"name":"wp","href":"https:\/\/api.w.org\/{rel}","templated":true}]}}