{"id":6495,"date":"2025-09-12T10:19:09","date_gmt":"2025-09-12T08:19:09","guid":{"rendered":"https:\/\/domigoo.pl\/index.php\/produkt\/garnek-plytki-z-pokrywka-30cm-berlingerhaus-bh-7112\/"},"modified":"2025-11-15T15:43:11","modified_gmt":"2025-11-15T14:43:11","slug":"garnek-plytki-z-pokrywka-30cm-berlingerhaus-bh-7112","status":"publish","type":"product","link":"https:\/\/domigoo.pl\/index.php\/produkt\/garnek-plytki-z-pokrywka-30cm-berlingerhaus-bh-7112\/","title":{"rendered":"Garnek p\u0142ytki z pokrywk\u0105 30cm BerlingerHaus BH-7112"},"content":{"rendered":"<h2 style=\"text-align: center;\" class=\"def\">Garnek z pokrywk\u0105&nbsp;<strong class=\"def\">\u00d830<\/strong>cm w kolorze&nbsp;czarnym<\/h2>\n<h3 style=\"text-align: center;\" class=\"def\">BerlingerHaus BH-7112 Black Rose Collection<\/h3>\n<p style=\"text-align: center;\" class=\"def\"><img fetchpriority=\"high\" decoding=\"async\" src=\"https:\/\/berlingerhaus.com.pl\/images\/tn107\/2000-3000\/Garnek-plytki-z-pokrywka-30cm-Berlinger-Haus-BH-7112_[2165]_696.jpg\" width=\"600\" height=\"399\" alt=\"\" class=\"def\"><\/p>\n<p style=\"text-align: center;\" class=\"def\"><span style=\"text-decoration: underline;\" class=\"def\"><strong class=\"def\"><span style=\"font-size: 14pt;\" class=\"def\">Wysokiej jako\u015bci kute aluminium&nbsp;<\/span><\/strong><\/span><\/p>\n<p style=\"text-align: center;\" class=\"def\">&nbsp;<\/p>\n<p style=\"text-align: center;\" class=\"def\"><span style=\"text-decoration: underline;\" class=\"def\"><strong class=\"def\"><span style=\"font-size: 14pt;\" class=\"def\">Potr\u00f3jna pow\u0142oka marmurowa<\/span><\/strong><\/span><\/p>\n<p style=\"text-align: center;\" class=\"def\"><strong class=\"def\">Odporna<\/strong>&nbsp;na uszkodzenia&nbsp;mechaniczne oraz zadrapania.&nbsp;<\/p>\n<p style=\"text-align: center;\" class=\"def\">Pow\u0142oki wzmacniane cz\u0105steczkami marmuru nawet po zarysowaniu zachowuj\u0105 ci\u0105g\u0142o\u015b\u0107 nieprzywieraj\u0105cej powierzchni.<\/p>\n<p style=\"text-align: center;\" class=\"def\">&nbsp;<\/p>\n<p style=\"text-align: center;\" class=\"def\"><span style=\"text-decoration: underline;\" class=\"def\"><strong class=\"def\"><span style=\"font-size: 14pt;\" class=\"def\">System&nbsp;<em class=\"def\">TURBO INDUCTION<\/em><\/span><\/strong><\/span><\/p>\n<p style=\"text-align: center;\" class=\"def\">Dno ferromagnetyczne zapewniaj\u0105ce&nbsp;<strong class=\"def\">r\u00f3wnomierne<\/strong>&nbsp;i&nbsp;<strong class=\"def\">szybsze nagrzewanie<\/strong>.<\/p>\n<p style=\"text-align: center;\" class=\"def\">Oszcz\u0119dno\u015b\u0107 czasu i energii!<\/p>\n<p style=\"text-align: center;\" class=\"def\">&nbsp;<\/p>\n<p style=\"text-align: center;\" class=\"def\"><span style=\"text-decoration: underline;\" class=\"def\"><strong class=\"def\"><span style=\"font-size: 14pt;\" class=\"def\">Uchwyt&nbsp;<em class=\"def\">SOFT TOUCH<\/em><\/span><\/strong><\/span><\/p>\n<p style=\"text-align: center;\" class=\"def\">Garnek zaopatrzony jest w&nbsp;<strong class=\"def\">mi\u0119kki<\/strong>,&nbsp;<strong class=\"def\">ergonomiczny<\/strong>&nbsp;uchwyt, dzi\u0119ki kt\u00f3remu unikniemy poparze\u0144,<\/p>\n<p style=\"text-align: center;\" class=\"def\">a praca w kuchni stanie si\u0119 jeszcze przyjemniejsza.&nbsp;<\/p>\n<p style=\"text-align: center;\" class=\"def\">&nbsp;<\/p>\n<p style=\"text-align: center;\" class=\"def\"><strong class=\"def\"><span style=\"text-decoration: underline; font-size: 14pt;\" class=\"def\">Zastosowanie<\/span><\/strong><\/p>\n<p style=\"text-align: center;\" class=\"def\"><strong class=\"def\">Kuchenki ka\u017cdego typu<\/strong>&nbsp;&#8211; gazowe, indukcyjne, ceramiczne, elektryczne.<\/p>\n<p style=\"text-align: center;\" class=\"def\"><img decoding=\"async\" src=\"https:\/\/berlingerhaus.com.pl\/images\/tn107\/2000-3000\/Garnek-plytki-z-pokrywka-30cm-Berlinger-Haus-BH-7112_[2167]_696.jpg\" width=\"696\" height=\"696\" alt=\"\" class=\"def\"><strong class=\"def\"><em class=\"def\">&nbsp;<\/em><\/strong><\/p>\n<p style=\"line-height: 1.2em; font-size: 14px;\" class=\"def\">&nbsp;<\/p>\n<p style=\"text-align: center;\" class=\"def\"><span style=\"font-size: 18pt;\" class=\"def\"><strong class=\"def\">SPECYFIKACJA TECHNICZNA<em class=\"def\">&nbsp;<\/em><\/strong><\/span><\/p>\n<p style=\"text-align: center;\" class=\"def\">Wykonanie:<strong class=\"def\">&nbsp;Wysokiej jako\u015bci kute aluminium<\/strong><\/p>\n<p style=\"text-align: center;\" class=\"def\">Pow\u0142oka wewn\u0119trzna:&nbsp;<strong class=\"def\">Marmurowa<\/strong><\/p>\n<p style=\"text-align: center;\" class=\"def\">Pokrywka:&nbsp;<strong class=\"def\">Szk\u0142o hartowane<\/strong><\/p>\n<p style=\"text-align: center;\" class=\"def\">Kolor:&nbsp;<strong class=\"def\">Czarny<\/strong><\/p>\n<p style=\"text-align: center;\" class=\"def\">Wymiary:<span class=\"def\">&nbsp;<\/span><strong class=\"def\">\u00d830 x 8cm<\/strong><\/p>\n<p style=\"text-align: center;\" class=\"def\">Pojemno\u015b\u0107:&nbsp;<strong class=\"def\">4,4L&nbsp;<\/strong><\/p>\n<p style=\"text-align: center;\" class=\"def\">Mo\u017cliwo\u015b\u0107 mycia w zmywarce: Nie<\/p>\n<p style=\"text-align: center;\" class=\"def\"><span style=\"font-size: 12pt;\" class=\"def\">UWAGA! Mycie w zmywarce mo\u017ce spowodowa\u0107 uszkodzenia pow\u0142oki i odbarwi\u0107 uchwyty!<\/span><span style=\"font-size: 12pt;\" class=\"def\">&nbsp;<\/span><\/p>\n<p style=\"text-align: center;\" class=\"def\">Zastosowanie:<strong class=\"def\">&nbsp;Kuchenki ka\u017cdego typu &#8211; gazowe, indukcyjne, elektryczne, ceramiczne, halogenowe<\/strong><\/p>\n","protected":false},"excerpt":{"rendered":"<p>Garnek z wysokiej jako\u015bci kutego aluminium o \u015brednicy 30 cmi pojemno\u015bci 4.4L. Wewn\u0119trzna pow\u0142oka marmurowa zapobiega przywieraniu oraz podnosi odporno\u015bc na uszkodzenia oraz zadrapania. Naczynie nadaje si\u0119 do u\u017cywania na wszelkiego typu kuchenkach w tym r\u00f3wnie\u017c na kuchniach indukcyjnych. Mo\u017cliwo\u015b\u0107 mycia w zmywarce. Garnek w kolorze czarnym w zestawie z pokrywk\u0105 ze szk\u0142a hartowanego.<\/p>\n","protected":false},"featured_media":0,"comment_status":"open","ping_status":"closed","template":"","meta":{"ocean_post_layout":"","ocean_both_sidebars_style":"","ocean_both_sidebars_content_width":0,"ocean_both_sidebars_sidebars_width":0,"ocean_sidebar":"","ocean_second_sidebar":"","ocean_disable_margins":"enable","ocean_add_body_class":"","ocean_shortcode_before_top_bar":"","ocean_shortcode_after_top_bar":"","ocean_shortcode_before_header":"","ocean_shortcode_after_header":"","ocean_has_shortcode":"","ocean_shortcode_after_title":"","ocean_shortcode_before_footer_widgets":"","ocean_shortcode_after_footer_widgets":"","ocean_shortcode_before_footer_bottom":"","ocean_shortcode_after_footer_bottom":"","ocean_display_top_bar":"default","ocean_display_header":"default","ocean_header_style":"","ocean_center_header_left_menu":"","ocean_custom_header_template":"","ocean_custom_logo":0,"ocean_custom_retina_logo":0,"ocean_custom_logo_max_width":0,"ocean_custom_logo_tablet_max_width":0,"ocean_custom_logo_mobile_max_width":0,"ocean_custom_logo_max_height":0,"ocean_custom_logo_tablet_max_height":0,"ocean_custom_logo_mobile_max_height":0,"ocean_header_custom_menu":"","ocean_menu_typo_font_family":"","ocean_menu_typo_font_subset":"","ocean_menu_typo_font_size":0,"ocean_menu_typo_font_size_tablet":0,"ocean_menu_typo_font_size_mobile":0,"ocean_menu_typo_font_size_unit":"px","ocean_menu_typo_font_weight":"","ocean_menu_typo_font_weight_tablet":"","ocean_menu_typo_font_weight_mobile":"","ocean_menu_typo_transform":"","ocean_menu_typo_transform_tablet":"","ocean_menu_typo_transform_mobile":"","ocean_menu_typo_line_height":0,"ocean_menu_typo_line_height_tablet":0,"ocean_menu_typo_line_height_mobile":0,"ocean_menu_typo_line_height_unit":"","ocean_menu_typo_spacing":0,"ocean_menu_typo_spacing_tablet":0,"ocean_menu_typo_spacing_mobile":0,"ocean_menu_typo_spacing_unit":"","ocean_menu_link_color":"","ocean_menu_link_color_hover":"","ocean_menu_link_color_active":"","ocean_menu_link_background":"","ocean_menu_link_hover_background":"","ocean_menu_link_active_background":"","ocean_menu_social_links_bg":"","ocean_menu_social_hover_links_bg":"","ocean_menu_social_links_color":"","ocean_menu_social_hover_links_color":"","ocean_disable_title":"default","ocean_disable_heading":"default","ocean_post_title":"","ocean_post_subheading":"","ocean_post_title_style":"","ocean_post_title_background_color":"","ocean_post_title_background":0,"ocean_post_title_bg_image_position":"","ocean_post_title_bg_image_attachment":"","ocean_post_title_bg_image_repeat":"","ocean_post_title_bg_image_size":"","ocean_post_title_height":0,"ocean_post_title_bg_overlay":0.5,"ocean_post_title_bg_overlay_color":"","ocean_disable_breadcrumbs":"default","ocean_breadcrumbs_color":"","ocean_breadcrumbs_separator_color":"","ocean_breadcrumbs_links_color":"","ocean_breadcrumbs_links_hover_color":"","ocean_display_footer_widgets":"default","ocean_display_footer_bottom":"default","ocean_custom_footer_template":""},"product_brand":[],"product_cat":[15],"product_tag":[3896,3898,3897,4074],"class_list":{"0":"post-6495","1":"product","2":"type-product","3":"status-publish","5":"product_cat-wszystkie-produkty","6":"product_tag-3896","7":"product_tag-3898","8":"product_tag-berlinger-haus","9":"product_tag-bh-7112","11":"entry","13":"first","14":"outofstock","15":"shipping-taxable","16":"product-type-simple","17":"has-product-nav","18":"col","19":"span_1_of_4","20":"owp-content-center","21":"owp-thumbs-layout-horizontal","22":"owp-btn-normal","23":"owp-tabs-layout-horizontal","24":"has-no-thumbnails"},"jetpack_sharing_enabled":true,"_links":{"self":[{"href":"https:\/\/domigoo.pl\/index.php\/wp-json\/wp\/v2\/product\/6495","targetHints":{"allow":["GET"]}}],"collection":[{"href":"https:\/\/domigoo.pl\/index.php\/wp-json\/wp\/v2\/product"}],"about":[{"href":"https:\/\/domigoo.pl\/index.php\/wp-json\/wp\/v2\/types\/product"}],"replies":[{"embeddable":true,"href":"https:\/\/domigoo.pl\/index.php\/wp-json\/wp\/v2\/comments?post=6495"}],"wp:attachment":[{"href":"https:\/\/domigoo.pl\/index.php\/wp-json\/wp\/v2\/media?parent=6495"}],"wp:term":[{"taxonomy":"product_brand","embeddable":true,"href":"https:\/\/domigoo.pl\/index.php\/wp-json\/wp\/v2\/product_brand?post=6495"},{"taxonomy":"product_cat","embeddable":true,"href":"https:\/\/domigoo.pl\/index.php\/wp-json\/wp\/v2\/product_cat?post=6495"},{"taxonomy":"product_tag","embeddable":true,"href":"https:\/\/domigoo.pl\/index.php\/wp-json\/wp\/v2\/product_tag?post=6495"}],"curies":[{"name":"wp","href":"https:\/\/api.w.org\/{rel}","templated":true}]}}